{"id":14065,"date":"2022-07-22T09:18:37","date_gmt":"2022-07-22T07:18:37","guid":{"rendered":"https:\/\/lindegger-optic.ch\/about-us\/our-team\/"},"modified":"2022-11-01T10:57:58","modified_gmt":"2022-11-01T09:57:58","slug":"our-team","status":"publish","type":"page","link":"https:\/\/lindegger-optic.ch\/en\/about-us\/our-team\/","title":{"rendered":"Our team"},"content":{"rendered":"<p>[et_pb_section fb_built=&#8221;1&#8243; admin_label=&#8221;Contact Info&#8221; _builder_version=&#8221;4.16&#8243; background_color=&#8221;RGBA(0,0,0,0)&#8221; background_enable_image=&#8221;off&#8221; custom_padding=&#8221;25px||3px||false|false&#8221; saved_tabs=&#8221;all&#8221; locked=&#8221;off&#8221; global_colors_info=&#8221;{}&#8221;][et_pb_row _builder_version=&#8221;4.16&#8243; custom_padding=&#8221;||0px||false|false&#8221; global_colors_info=&#8221;{}&#8221;][et_pb_column type=&#8221;4_4&#8243; _builder_version=&#8221;4.16&#8243; global_colors_info=&#8221;{}&#8221;][et_pb_text _builder_version=&#8221;4.16&#8243; custom_margin=&#8221;||-3px|||&#8221; global_colors_info=&#8221;{}&#8221;]<\/p>\n<h1 style=\"text-align: center;\">Our team<\/h1>\n<div id=\"gtx-trans\" style=\"position: absolute; left: 333px; top: -0.5625px;\">\n<div class=\"gtx-trans-icon\"><\/div>\n<\/div>\n<p>[\/et_pb_text][\/et_pb_column][\/et_pb_row][et_pb_row _builder_version=&#8221;4.16&#8243; _module_preset=&#8221;default&#8221; global_colors_info=&#8221;{}&#8221;][et_pb_column type=&#8221;4_4&#8243; _builder_version=&#8221;4.16&#8243; _module_preset=&#8221;default&#8221; global_colors_info=&#8221;{}&#8221;][et_pb_text _builder_version=&#8221;4.18.0&#8243; _module_preset=&#8221;default&#8221; hover_enabled=&#8221;0&#8243; global_colors_info=&#8221;{}&#8221; sticky_enabled=&#8221;0&#8243;]<\/p>\n<p style=\"text-align: center;\">Our five opticians and two optometrists and lens specialists are at your service.<\/p>\n<p>[\/et_pb_text][\/et_pb_column][\/et_pb_row][\/et_pb_section][et_pb_section fb_built=&#8221;1&#8243; _builder_version=&#8221;4.16&#8243; _module_preset=&#8221;default&#8221; saved_tabs=&#8221;all&#8221; global_colors_info=&#8221;{}&#8221;][et_pb_row _builder_version=&#8221;4.16&#8243; _module_preset=&#8221;default&#8221; global_colors_info=&#8221;{}&#8221;][et_pb_column type=&#8221;4_4&#8243; _builder_version=&#8221;4.16&#8243; _module_preset=&#8221;default&#8221; global_colors_info=&#8221;{}&#8221;][et_pb_image src=&#8221;https:\/\/lindegger-optic.ch\/wp-content\/uploads\/Lindegger-optique-DSC_7081-min-scaled-e1635323955180.jpg&#8221; alt=&#8221;Lindegger Optique &#8211; team&#8221; title_text=&#8221;Lindegger Optique &#8211; team&#8221; _builder_version=&#8221;4.16&#8243; _module_preset=&#8221;default&#8221; global_colors_info=&#8221;{}&#8221;][\/et_pb_image][\/et_pb_column][\/et_pb_row][et_pb_row column_structure=&#8221;1_4,1_4,1_4,1_4&#8243; _builder_version=&#8221;4.16&#8243; _dynamic_attributes=&#8221;link_option_url&#8221; _module_preset=&#8221;default&#8221; link_option_url=&#8221;@ET-DC@eyJkeW5hbWljIjp0cnVlLCJjb250ZW50IjoicG9zdF9saW5rX3VybF9wYWdlIiwic2V0dGluZ3MiOnsicG9zdF9pZCI6Ijk1NzcifX0=@&#8221; global_colors_info=&#8221;{}&#8221;][et_pb_column type=&#8221;1_4&#8243; _builder_version=&#8221;4.16&#8243; _module_preset=&#8221;default&#8221; global_colors_info=&#8221;{}&#8221;][et_pb_team_member name=&#8221;Marc&#8221; position=&#8221;Vice director and optician&#8221; image_url=&#8221;https:\/\/lindegger-optic.ch\/wp-content\/uploads\/Lindegger-optique-DSC_7228-min-scaled.jpg&#8221; _builder_version=&#8221;4.16&#8243; _module_preset=&#8221;default&#8221; header_level=&#8221;h3&#8243; header_text_color=&#8221;#173949&#8243; position_text_color=&#8221;#173949&#8243; position_line_height=&#8221;1em&#8221; text_orientation=&#8221;center&#8221; child_filter_saturate=&#8221;0%&#8221; animation_style=&#8221;fade&#8221; animation_duration=&#8221;650ms&#8221; animation_starting_opacity=&#8221;34%&#8221; border_radii_image=&#8221;on|500px|500px|500px|500px&#8221; border_width_all_image=&#8221;5px&#8221; border_color_all_image=&#8221;#EFF6FA&#8221; global_colors_info=&#8221;{}&#8221; border_width_all_image__hover_enabled=&#8221;on|hover&#8221; border_color_all_image__hover_enabled=&#8221;on|hover&#8221; border_color_all_image__hover=&#8221;#EFF6FA&#8221; border_width_all_image__hover=&#8221;0px&#8221;][\/et_pb_team_member][\/et_pb_column][et_pb_column type=&#8221;1_4&#8243; _builder_version=&#8221;4.16&#8243; _module_preset=&#8221;default&#8221; global_colors_info=&#8221;{}&#8221;][et_pb_team_member name=&#8221;Valentina&#8221; position=&#8221;Lens specialist&#8221; image_url=&#8221;https:\/\/lindegger-optic.ch\/wp-content\/uploads\/Lindegger-optique-DSC_7142-min-scaled.jpg&#8221; _builder_version=&#8221;4.16&#8243; _module_preset=&#8221;default&#8221; header_level=&#8221;h3&#8243; header_text_color=&#8221;#173949&#8243; position_text_color=&#8221;#173949&#8243; position_line_height=&#8221;1em&#8221; text_orientation=&#8221;center&#8221; child_filter_saturate=&#8221;0%&#8221; animation_style=&#8221;fade&#8221; animation_duration=&#8221;650ms&#8221; animation_starting_opacity=&#8221;34%&#8221; border_radii_image=&#8221;on|500px|500px|500px|500px&#8221; border_width_all_image=&#8221;5px&#8221; border_color_all_image=&#8221;#EFF6FA&#8221; global_colors_info=&#8221;{}&#8221; border_width_all_image__hover_enabled=&#8221;on|hover&#8221; border_color_all_image__hover_enabled=&#8221;on|hover&#8221; border_color_all_image__hover=&#8221;#EFF6FA&#8221; border_width_all_image__hover=&#8221;0px&#8221;][\/et_pb_team_member][\/et_pb_column][et_pb_column type=&#8221;1_4&#8243; _builder_version=&#8221;4.16&#8243; _module_preset=&#8221;default&#8221; global_colors_info=&#8221;{}&#8221;][et_pb_team_member name=&#8221;Olivia  &#8221; position=&#8221;Optician&#8221; image_url=&#8221;https:\/\/lindegger-optic.ch\/wp-content\/uploads\/Lindegger-optique-DSC_7210-min-scaled.jpg&#8221; _builder_version=&#8221;4.16&#8243; _module_preset=&#8221;default&#8221; header_level=&#8221;h3&#8243; header_text_color=&#8221;#173949&#8243; position_text_color=&#8221;#173949&#8243; position_line_height=&#8221;1em&#8221; text_orientation=&#8221;center&#8221; custom_padding=&#8221;0px|||||&#8221; child_filter_saturate=&#8221;0%&#8221; animation_style=&#8221;fade&#8221; animation_duration=&#8221;650ms&#8221; animation_starting_opacity=&#8221;34%&#8221; border_radii_image=&#8221;on|500px|500px|500px|500px&#8221; border_width_all_image=&#8221;5px&#8221; border_color_all_image=&#8221;#EFF6FA&#8221; global_colors_info=&#8221;{}&#8221; border_width_all_image__hover_enabled=&#8221;on|hover&#8221; border_color_all_image__hover_enabled=&#8221;on|hover&#8221; border_color_all_image__hover=&#8221;#EFF6FA&#8221; border_width_all_image__hover=&#8221;0px&#8221;][\/et_pb_team_member][\/et_pb_column][et_pb_column type=&#8221;1_4&#8243; _builder_version=&#8221;4.16&#8243; _module_preset=&#8221;default&#8221; global_colors_info=&#8221;{}&#8221;][et_pb_team_member name=&#8221;Patrick&#8221; position=&#8221;Optician&#8221; image_url=&#8221;https:\/\/lindegger-optic.ch\/wp-content\/uploads\/Lindegger-optique-DSC_7102-scaled.jpg&#8221; _builder_version=&#8221;4.16&#8243; _module_preset=&#8221;default&#8221; header_level=&#8221;h3&#8243; header_text_color=&#8221;#173949&#8243; position_text_color=&#8221;#173949&#8243; position_line_height=&#8221;1em&#8221; text_orientation=&#8221;center&#8221; custom_padding=&#8221;0px|||||&#8221; child_filter_saturate=&#8221;0%&#8221; animation_style=&#8221;fade&#8221; animation_duration=&#8221;650ms&#8221; animation_starting_opacity=&#8221;34%&#8221; border_radii_image=&#8221;on|500px|500px|500px|500px&#8221; border_width_all_image=&#8221;5px&#8221; border_color_all_image=&#8221;#EFF6FA&#8221; global_colors_info=&#8221;{}&#8221; border_width_all_image__hover_enabled=&#8221;on|hover&#8221; border_color_all_image__hover_enabled=&#8221;on|hover&#8221; border_color_all_image__hover=&#8221;#EFF6FA&#8221; border_width_all_image__hover=&#8221;0px&#8221;][\/et_pb_team_member][\/et_pb_column][\/et_pb_row][et_pb_row column_structure=&#8221;1_4,1_4,1_4,1_4&#8243; _builder_version=&#8221;4.16&#8243; _dynamic_attributes=&#8221;link_option_url&#8221; _module_preset=&#8221;default&#8221; link_option_url=&#8221;@ET-DC@eyJkeW5hbWljIjp0cnVlLCJjb250ZW50IjoicG9zdF9saW5rX3VybF9wYWdlIiwic2V0dGluZ3MiOnsicG9zdF9pZCI6Ijk1NzcifX0=@&#8221; global_colors_info=&#8221;{}&#8221;][et_pb_column type=&#8221;1_4&#8243; _builder_version=&#8221;4.16&#8243; _module_preset=&#8221;default&#8221; global_colors_info=&#8221;{}&#8221;][et_pb_team_member name=&#8221;Pascale&#8221; position=&#8221;Optician&#8221; image_url=&#8221;https:\/\/lindegger-optic.ch\/wp-content\/uploads\/Lindegger-optique-DSC_7186-min-scaled.jpg&#8221; _builder_version=&#8221;4.16&#8243; _module_preset=&#8221;default&#8221; header_level=&#8221;h3&#8243; header_text_color=&#8221;#173949&#8243; position_text_color=&#8221;#173949&#8243; position_line_height=&#8221;1em&#8221; text_orientation=&#8221;center&#8221; child_filter_saturate=&#8221;0%&#8221; animation_style=&#8221;fade&#8221; animation_duration=&#8221;650ms&#8221; animation_starting_opacity=&#8221;34%&#8221; border_radii_image=&#8221;on|500px|500px|500px|500px&#8221; border_width_all_image=&#8221;5px&#8221; border_color_all_image=&#8221;#EFF6FA&#8221; global_colors_info=&#8221;{}&#8221; border_width_all_image__hover_enabled=&#8221;on|hover&#8221; border_color_all_image__hover_enabled=&#8221;on|hover&#8221; border_color_all_image__hover=&#8221;#EFF6FA&#8221; border_width_all_image__hover=&#8221;0px&#8221;][\/et_pb_team_member][\/et_pb_column][et_pb_column type=&#8221;1_4&#8243; _builder_version=&#8221;4.16&#8243; _module_preset=&#8221;default&#8221; global_colors_info=&#8221;{}&#8221;][et_pb_team_member name=&#8221;Corinne&#8221; position=&#8221;Optician&#8221; image_url=&#8221;https:\/\/lindegger-optic.ch\/wp-content\/uploads\/Lindegger-optique-DSC_7201-min-scaled.jpg&#8221; _builder_version=&#8221;4.16&#8243; _module_preset=&#8221;default&#8221; header_level=&#8221;h3&#8243; header_text_color=&#8221;#173949&#8243; position_text_color=&#8221;#173949&#8243; position_line_height=&#8221;1em&#8221; text_orientation=&#8221;center&#8221; child_filter_saturate=&#8221;0%&#8221; animation_style=&#8221;fade&#8221; animation_duration=&#8221;650ms&#8221; animation_starting_opacity=&#8221;34%&#8221; border_radii_image=&#8221;on|500px|500px|500px|500px&#8221; border_width_all_image=&#8221;5px&#8221; border_color_all_image=&#8221;#EFF6FA&#8221; global_colors_info=&#8221;{}&#8221; border_width_all_image__hover_enabled=&#8221;on|hover&#8221; border_color_all_image__hover_enabled=&#8221;on|hover&#8221; border_color_all_image__hover=&#8221;#EFF6FA&#8221; border_width_all_image__hover=&#8221;0px&#8221;][\/et_pb_team_member][\/et_pb_column][et_pb_column type=&#8221;1_4&#8243; _builder_version=&#8221;4.16&#8243; _module_preset=&#8221;default&#8221; global_colors_info=&#8221;{}&#8221;][et_pb_team_member name=&#8221;G\u00e9rard&#8221; position=&#8221;Director and lens specialist&#8221; image_url=&#8221;https:\/\/lindegger-optic.ch\/wp-content\/uploads\/Lindegger-optique-DSC_7119-min-scaled.jpg&#8221; _builder_version=&#8221;4.16&#8243; _module_preset=&#8221;default&#8221; header_level=&#8221;h3&#8243; header_text_color=&#8221;#173949&#8243; position_text_color=&#8221;#173949&#8243; position_line_height=&#8221;1em&#8221; text_orientation=&#8221;center&#8221; custom_padding=&#8221;0px|||||&#8221; child_filter_saturate=&#8221;0%&#8221; animation_style=&#8221;fade&#8221; animation_duration=&#8221;650ms&#8221; animation_starting_opacity=&#8221;34%&#8221; border_radii_image=&#8221;on|500px|500px|500px|500px&#8221; border_width_all_image=&#8221;5px&#8221; border_color_all_image=&#8221;#EFF6FA&#8221; global_colors_info=&#8221;{}&#8221; border_width_all_image__hover_enabled=&#8221;on|hover&#8221; border_color_all_image__hover_enabled=&#8221;on|hover&#8221; border_color_all_image__hover=&#8221;#EFF6FA&#8221; border_width_all_image__hover=&#8221;0px&#8221;][\/et_pb_team_member][\/et_pb_column][et_pb_column type=&#8221;1_4&#8243; _builder_version=&#8221;4.16&#8243; _module_preset=&#8221;default&#8221; global_colors_info=&#8221;{}&#8221;][et_pb_team_member name=&#8221;Marie-France&#8221; position=&#8221;Secretary&#8221; image_url=&#8221;https:\/\/lindegger-optic.ch\/wp-content\/uploads\/Lindegger-optique-DSC_7263-min-1-scaled.jpg&#8221; _builder_version=&#8221;4.16&#8243; _module_preset=&#8221;default&#8221; header_level=&#8221;h3&#8243; header_text_color=&#8221;#173949&#8243; position_text_color=&#8221;#173949&#8243; position_line_height=&#8221;1em&#8221; text_orientation=&#8221;center&#8221; custom_padding=&#8221;0px|||||&#8221; child_filter_saturate=&#8221;0%&#8221; animation_style=&#8221;fade&#8221; animation_duration=&#8221;650ms&#8221; animation_starting_opacity=&#8221;34%&#8221; border_radii_image=&#8221;on|500px|500px|500px|500px&#8221; border_width_all_image=&#8221;5px&#8221; border_color_all_image=&#8221;#EFF6FA&#8221; locked=&#8221;off&#8221; global_colors_info=&#8221;{}&#8221; border_width_all_image__hover_enabled=&#8221;on|hover&#8221; border_color_all_image__hover_enabled=&#8221;on|hover&#8221; border_color_all_image__hover=&#8221;#EFF6FA&#8221; border_width_all_image__hover=&#8221;0px&#8221;][\/et_pb_team_member][\/et_pb_column][\/et_pb_row][et_pb_row _builder_version=&#8221;4.16&#8243; _module_preset=&#8221;default&#8221; global_colors_info=&#8221;{}&#8221;][et_pb_column type=&#8221;4_4&#8243; _builder_version=&#8221;4.16&#8243; _module_preset=&#8221;default&#8221; global_colors_info=&#8221;{}&#8221;][et_pb_button button_url=&#8221;@ET-DC@eyJkeW5hbWljIjp0cnVlLCJjb250ZW50IjoicG9zdF9saW5rX3VybF9wYWdlIiwic2V0dGluZ3MiOnsicG9zdF9pZCI6Ijk1NzcifX0=@&#8221; button_text=&#8221;Our expertise&#8221; button_alignment=&#8221;center&#8221; _builder_version=&#8221;4.16&#8243; _dynamic_attributes=&#8221;button_url&#8221; _module_preset=&#8221;default&#8221; global_colors_info=&#8221;{}&#8221;][\/et_pb_button][\/et_pb_column][\/et_pb_row][\/et_pb_section]<\/p>\n","protected":false},"excerpt":{"rendered":"<p>Our team Our five opticians and two optometrists and lens specialists are at your service.<\/p>\n","protected":false},"author":990105,"featured_media":0,"parent":14063,"menu_order":0,"comment_status":"closed","ping_status":"closed","template":"","meta":{"_et_pb_use_builder":"on","_et_pb_old_content":"","_et_gb_content_width":"","footnotes":""},"class_list":["post-14065","page","type-page","status-publish","hentry"],"yoast_head":"<!-- This site is optimized with the Yoast SEO plugin v23.6 - https:\/\/yoast.com\/wordpress\/plugins\/seo\/ -->\n<title>Our team - Lindegger Optic, votre opticien \u00e0 Gen\u00e8ve, la meilleure qualit\u00e9 au service de votre vue<\/title>\n<meta name=\"robots\" content=\"index, follow, max-snippet:-1, max-image-preview:large, max-video-preview:-1\" \/>\n<link rel=\"canonical\" href=\"https:\/\/lindegger-optic.ch\/a-propos\/notre-equipe\/\" \/>\n<meta property=\"og:locale\" content=\"en_US\" \/>\n<meta property=\"og:type\" content=\"article\" \/>\n<meta property=\"og:title\" content=\"Our team - Lindegger Optic, votre opticien \u00e0 Gen\u00e8ve, la meilleure qualit\u00e9 au service de votre vue\" \/>\n<meta property=\"og:description\" content=\"Our team Our five opticians and two optometrists and lens specialists are at your service.\" \/>\n<meta property=\"og:url\" content=\"https:\/\/lindegger-optic.ch\/a-propos\/notre-equipe\/\" \/>\n<meta property=\"og:site_name\" content=\"Lindegger Optic, votre opticien \u00e0 Gen\u00e8ve, la meilleure qualit\u00e9 au service de votre vue\" \/>\n<meta property=\"article:modified_time\" content=\"2022-11-01T09:57:58+00:00\" \/>\n<meta name=\"twitter:card\" content=\"summary_large_image\" \/>\n<meta name=\"twitter:label1\" content=\"Est. reading time\" \/>\n\t<meta name=\"twitter:data1\" content=\"7 minutes\" \/>\n<script type=\"application\/ld+json\" class=\"yoast-schema-graph\">{\"@context\":\"https:\/\/schema.org\",\"@graph\":[{\"@type\":\"WebPage\",\"@id\":\"https:\/\/lindegger-optic.ch\/a-propos\/notre-equipe\/\",\"url\":\"https:\/\/lindegger-optic.ch\/a-propos\/notre-equipe\/\",\"name\":\"Our team - Lindegger Optic, votre opticien \u00e0 Gen\u00e8ve, la meilleure qualit\u00e9 au service de votre vue\",\"isPartOf\":{\"@id\":\"https:\/\/lindegger-optic.ch\/#website\"},\"datePublished\":\"2022-07-22T07:18:37+00:00\",\"dateModified\":\"2022-11-01T09:57:58+00:00\",\"breadcrumb\":{\"@id\":\"https:\/\/lindegger-optic.ch\/a-propos\/notre-equipe\/#breadcrumb\"},\"inLanguage\":\"en-US\",\"potentialAction\":[{\"@type\":\"ReadAction\",\"target\":[\"https:\/\/lindegger-optic.ch\/a-propos\/notre-equipe\/\"]}]},{\"@type\":\"BreadcrumbList\",\"@id\":\"https:\/\/lindegger-optic.ch\/a-propos\/notre-equipe\/#breadcrumb\",\"itemListElement\":[{\"@type\":\"ListItem\",\"position\":1,\"name\":\"Accueil\",\"item\":\"https:\/\/lindegger-optic.ch\/en\/home\/\"},{\"@type\":\"ListItem\",\"position\":2,\"name\":\"About us\",\"item\":\"https:\/\/lindegger-optic.ch\/a-propos\/\"},{\"@type\":\"ListItem\",\"position\":3,\"name\":\"Our team\"}]},{\"@type\":\"WebSite\",\"@id\":\"https:\/\/lindegger-optic.ch\/#website\",\"url\":\"https:\/\/lindegger-optic.ch\/\",\"name\":\"Lindegger Optic, votre opticien \u00e0 Gen\u00e8ve, la meilleure qualit\u00e9 au service de votre vue\",\"description\":\"\",\"potentialAction\":[{\"@type\":\"SearchAction\",\"target\":{\"@type\":\"EntryPoint\",\"urlTemplate\":\"https:\/\/lindegger-optic.ch\/?s={search_term_string}\"},\"query-input\":{\"@type\":\"PropertyValueSpecification\",\"valueRequired\":true,\"valueName\":\"search_term_string\"}}],\"inLanguage\":\"en-US\"}]}<\/script>\n<!-- \/ Yoast SEO plugin. -->","yoast_head_json":{"title":"Our team - Lindegger Optic, votre opticien \u00e0 Gen\u00e8ve, la meilleure qualit\u00e9 au service de votre vue","robots":{"index":"index","follow":"follow","max-snippet":"max-snippet:-1","max-image-preview":"max-image-preview:large","max-video-preview":"max-video-preview:-1"},"canonical":"https:\/\/lindegger-optic.ch\/a-propos\/notre-equipe\/","og_locale":"en_US","og_type":"article","og_title":"Our team - Lindegger Optic, votre opticien \u00e0 Gen\u00e8ve, la meilleure qualit\u00e9 au service de votre vue","og_description":"Our team Our five opticians and two optometrists and lens specialists are at your service.","og_url":"https:\/\/lindegger-optic.ch\/a-propos\/notre-equipe\/","og_site_name":"Lindegger Optic, votre opticien \u00e0 Gen\u00e8ve, la meilleure qualit\u00e9 au service de votre vue","article_modified_time":"2022-11-01T09:57:58+00:00","twitter_card":"summary_large_image","twitter_misc":{"Est. reading time":"7 minutes"},"schema":{"@context":"https:\/\/schema.org","@graph":[{"@type":"WebPage","@id":"https:\/\/lindegger-optic.ch\/a-propos\/notre-equipe\/","url":"https:\/\/lindegger-optic.ch\/a-propos\/notre-equipe\/","name":"Our team - Lindegger Optic, votre opticien \u00e0 Gen\u00e8ve, la meilleure qualit\u00e9 au service de votre vue","isPartOf":{"@id":"https:\/\/lindegger-optic.ch\/#website"},"datePublished":"2022-07-22T07:18:37+00:00","dateModified":"2022-11-01T09:57:58+00:00","breadcrumb":{"@id":"https:\/\/lindegger-optic.ch\/a-propos\/notre-equipe\/#breadcrumb"},"inLanguage":"en-US","potentialAction":[{"@type":"ReadAction","target":["https:\/\/lindegger-optic.ch\/a-propos\/notre-equipe\/"]}]},{"@type":"BreadcrumbList","@id":"https:\/\/lindegger-optic.ch\/a-propos\/notre-equipe\/#breadcrumb","itemListElement":[{"@type":"ListItem","position":1,"name":"Accueil","item":"https:\/\/lindegger-optic.ch\/en\/home\/"},{"@type":"ListItem","position":2,"name":"About us","item":"https:\/\/lindegger-optic.ch\/a-propos\/"},{"@type":"ListItem","position":3,"name":"Our team"}]},{"@type":"WebSite","@id":"https:\/\/lindegger-optic.ch\/#website","url":"https:\/\/lindegger-optic.ch\/","name":"Lindegger Optic, votre opticien \u00e0 Gen\u00e8ve, la meilleure qualit\u00e9 au service de votre vue","description":"","potentialAction":[{"@type":"SearchAction","target":{"@type":"EntryPoint","urlTemplate":"https:\/\/lindegger-optic.ch\/?s={search_term_string}"},"query-input":{"@type":"PropertyValueSpecification","valueRequired":true,"valueName":"search_term_string"}}],"inLanguage":"en-US"}]}},"_links":{"self":[{"href":"https:\/\/lindegger-optic.ch\/en\/wp-json\/wp\/v2\/pages\/14065"}],"collection":[{"href":"https:\/\/lindegger-optic.ch\/en\/wp-json\/wp\/v2\/pages"}],"about":[{"href":"https:\/\/lindegger-optic.ch\/en\/wp-json\/wp\/v2\/types\/page"}],"author":[{"embeddable":true,"href":"https:\/\/lindegger-optic.ch\/en\/wp-json\/wp\/v2\/users\/990105"}],"replies":[{"embeddable":true,"href":"https:\/\/lindegger-optic.ch\/en\/wp-json\/wp\/v2\/comments?post=14065"}],"version-history":[{"count":0,"href":"https:\/\/lindegger-optic.ch\/en\/wp-json\/wp\/v2\/pages\/14065\/revisions"}],"up":[{"embeddable":true,"href":"https:\/\/lindegger-optic.ch\/en\/wp-json\/wp\/v2\/pages\/14063"}],"wp:attachment":[{"href":"https:\/\/lindegger-optic.ch\/en\/wp-json\/wp\/v2\/media?parent=14065"}],"curies":[{"name":"wp","href":"https:\/\/api.w.org\/{rel}","templated":true}]}}