{"id":14114,"date":"2022-07-25T15:24:52","date_gmt":"2022-07-25T13:24:52","guid":{"rendered":"https:\/\/lindegger-optic.ch\/eye-exam\/"},"modified":"2022-07-25T15:24:52","modified_gmt":"2022-07-25T13:24:52","slug":"eye-exam","status":"publish","type":"page","link":"https:\/\/lindegger-optic.ch\/en\/tests\/eye-exam\/","title":{"rendered":"Eye exam"},"content":{"rendered":"<p>[et_pb_section fb_built=&#8221;1&#8243; admin_label=&#8221;Contact Info&#8221; _builder_version=&#8221;4.12.1&#8243; background_color=&#8221;RGBA(0,0,0,0)&#8221; background_enable_image=&#8221;off&#8221; custom_padding=&#8221;25px||3px||false|false&#8221; hover_enabled=&#8221;0&#8243; saved_tabs=&#8221;all&#8221; locked=&#8221;off&#8221; global_colors_info=&#8221;{}&#8221; module_id=&#8221;examenvue&#8221; sticky_enabled=&#8221;0&#8243;][et_pb_row _builder_version=&#8221;4.9.10&#8243; custom_padding=&#8221;||0px||false|false&#8221; global_colors_info=&#8221;{}&#8221;][et_pb_column type=&#8221;4_4&#8243; _builder_version=&#8221;4.4.3&#8243; global_colors_info=&#8221;{}&#8221;][et_pb_text _builder_version=&#8221;4.9.10&#8243; custom_margin=&#8221;||-3px|||&#8221; global_colors_info=&#8221;{}&#8221;]<\/p>\n<h1 style=\"text-align: center;\">Eye exam<\/h1>\n<p>[\/et_pb_text][\/et_pb_column][\/et_pb_row][et_pb_row _builder_version=&#8221;4.9.10&#8243; _module_preset=&#8221;default&#8221; global_colors_info=&#8221;{}&#8221;][et_pb_column type=&#8221;4_4&#8243; _builder_version=&#8221;4.9.10&#8243; _module_preset=&#8221;default&#8221; global_colors_info=&#8221;{}&#8221;][et_pb_image src=&#8221;https:\/\/lindegger-optic.ch\/wp-content\/uploads\/examens-vue.jpg&#8221; alt=&#8221;eye exams&#8221; title_text=&#8221;examens-vue&#8221; align=&#8221;center&#8221; _builder_version=&#8221;4.9.7&#8243; _module_preset=&#8221;default&#8221; module_alignment=&#8221;center&#8221; max_height=&#8221;125px&#8221; max_height_tablet=&#8221;125px&#8221; max_height_phone=&#8221;190px&#8221; max_height_last_edited=&#8221;on|phone&#8221; custom_margin=&#8221;||12px|||&#8221; animation_style=&#8221;fade&#8221; animation_starting_opacity=&#8221;20%&#8221; global_colors_info=&#8221;{}&#8221;][\/et_pb_image][et_pb_text _builder_version=&#8221;4.10.7&#8243; _module_preset=&#8221;default&#8221; global_colors_info=&#8221;{}&#8221;]<\/p>\n<p style=\"text-align: center;\">A &#8220;classic&#8221; examination takes place in two stages.<\/p>\n<p style=\"text-align: center;\">  An initial test, performed with a self-refractometer, gives an indication of the visual correction in a few minutes.<\/p>\n<p style=\"text-align: center;\">\n<p style=\"text-align: center;\">In our refraction rooms located on the second floor, we perform optometric examinations that allow us to measure various parameters in order to evaluate the vision and thus obtain the correction.<\/p>\n<p style=\"text-align: center;\">\n<p style=\"text-align: center;\">The examination takes about 60 minutes.  <\/p>\n<p>[\/et_pb_text][et_pb_button button_url=&#8221;@ET-DC@eyJkeW5hbWljIjp0cnVlLCJjb250ZW50IjoicG9zdF9saW5rX3VybF9wcm9kdWN0Iiwic2V0dGluZ3MiOnsicG9zdF9pZCI6Ijk2NzAifX0=@&#8221; button_text=&#8221;Prendre rendez-vous&#8221; button_alignment=&#8221;center&#8221; _builder_version=&#8221;4.10.7&#8243; _dynamic_attributes=&#8221;button_url&#8221; _module_preset=&#8221;default&#8221; global_colors_info=&#8221;{}&#8221;][\/et_pb_button][\/et_pb_column][\/et_pb_row][\/et_pb_section]<\/p>\n","protected":false},"excerpt":{"rendered":"<p>Eye examA &#8220;classic&#8221; examination takes place in two stages. An initial test, performed with a self-refractometer, gives an indication of the visual correction in a few minutes. In our refraction rooms located on the second floor, we perform optometric examinations that allow us to measure various parameters in order to evaluate the vision and thus [&hellip;]<\/p>\n","protected":false},"author":990105,"featured_media":0,"parent":14118,"menu_order":0,"comment_status":"closed","ping_status":"closed","template":"","meta":{"_et_pb_use_builder":"on","_et_pb_old_content":"","_et_gb_content_width":"","footnotes":""},"class_list":["post-14114","page","type-page","status-publish","hentry"],"yoast_head":"<!-- This site is optimized with the Yoast SEO plugin v23.6 - https:\/\/yoast.com\/wordpress\/plugins\/seo\/ -->\n<title>Eye exam - Lindegger Optic, votre opticien \u00e0 Gen\u00e8ve, la meilleure qualit\u00e9 au service de votre vue<\/title>\n<meta name=\"robots\" content=\"index, follow, max-snippet:-1, max-image-preview:large, max-video-preview:-1\" \/>\n<link rel=\"canonical\" href=\"https:\/\/lindegger-optic.ch\/en\/tests\/eye-exam\/\" \/>\n<meta property=\"og:locale\" content=\"en_US\" \/>\n<meta property=\"og:type\" content=\"article\" \/>\n<meta property=\"og:title\" content=\"Eye exam - Lindegger Optic, votre opticien \u00e0 Gen\u00e8ve, la meilleure qualit\u00e9 au service de votre vue\" \/>\n<meta property=\"og:description\" content=\"Eye examA &quot;classic&quot; examination takes place in two stages. An initial test, performed with a self-refractometer, gives an indication of the visual correction in a few minutes. In our refraction rooms located on the second floor, we perform optometric examinations that allow us to measure various parameters in order to evaluate the vision and thus [&hellip;]\" \/>\n<meta property=\"og:url\" content=\"https:\/\/lindegger-optic.ch\/en\/tests\/eye-exam\/\" \/>\n<meta property=\"og:site_name\" content=\"Lindegger Optic, votre opticien \u00e0 Gen\u00e8ve, la meilleure qualit\u00e9 au service de votre vue\" \/>\n<meta name=\"twitter:card\" content=\"summary_large_image\" \/>\n<meta name=\"twitter:label1\" content=\"Est. reading time\" \/>\n\t<meta name=\"twitter:data1\" content=\"1 minute\" \/>\n<script type=\"application\/ld+json\" class=\"yoast-schema-graph\">{\"@context\":\"https:\/\/schema.org\",\"@graph\":[{\"@type\":\"WebPage\",\"@id\":\"https:\/\/lindegger-optic.ch\/en\/tests\/eye-exam\/\",\"url\":\"https:\/\/lindegger-optic.ch\/en\/tests\/eye-exam\/\",\"name\":\"Eye exam - Lindegger Optic, votre opticien \u00e0 Gen\u00e8ve, la meilleure qualit\u00e9 au service de votre vue\",\"isPartOf\":{\"@id\":\"https:\/\/lindegger-optic.ch\/#website\"},\"datePublished\":\"2022-07-25T13:24:52+00:00\",\"dateModified\":\"2022-07-25T13:24:52+00:00\",\"breadcrumb\":{\"@id\":\"https:\/\/lindegger-optic.ch\/en\/tests\/eye-exam\/#breadcrumb\"},\"inLanguage\":\"en-US\",\"potentialAction\":[{\"@type\":\"ReadAction\",\"target\":[\"https:\/\/lindegger-optic.ch\/en\/tests\/eye-exam\/\"]}]},{\"@type\":\"BreadcrumbList\",\"@id\":\"https:\/\/lindegger-optic.ch\/en\/tests\/eye-exam\/#breadcrumb\",\"itemListElement\":[{\"@type\":\"ListItem\",\"position\":1,\"name\":\"Accueil\",\"item\":\"https:\/\/lindegger-optic.ch\/en\/home\/\"},{\"@type\":\"ListItem\",\"position\":2,\"name\":\"Tests\",\"item\":\"https:\/\/lindegger-optic.ch\/en\/tests\/\"},{\"@type\":\"ListItem\",\"position\":3,\"name\":\"Eye exam\"}]},{\"@type\":\"WebSite\",\"@id\":\"https:\/\/lindegger-optic.ch\/#website\",\"url\":\"https:\/\/lindegger-optic.ch\/\",\"name\":\"Lindegger Optic, votre opticien \u00e0 Gen\u00e8ve, la meilleure qualit\u00e9 au service de votre vue\",\"description\":\"\",\"potentialAction\":[{\"@type\":\"SearchAction\",\"target\":{\"@type\":\"EntryPoint\",\"urlTemplate\":\"https:\/\/lindegger-optic.ch\/?s={search_term_string}\"},\"query-input\":{\"@type\":\"PropertyValueSpecification\",\"valueRequired\":true,\"valueName\":\"search_term_string\"}}],\"inLanguage\":\"en-US\"}]}<\/script>\n<!-- \/ Yoast SEO plugin. -->","yoast_head_json":{"title":"Eye exam - Lindegger Optic, votre opticien \u00e0 Gen\u00e8ve, la meilleure qualit\u00e9 au service de votre vue","robots":{"index":"index","follow":"follow","max-snippet":"max-snippet:-1","max-image-preview":"max-image-preview:large","max-video-preview":"max-video-preview:-1"},"canonical":"https:\/\/lindegger-optic.ch\/en\/tests\/eye-exam\/","og_locale":"en_US","og_type":"article","og_title":"Eye exam - Lindegger Optic, votre opticien \u00e0 Gen\u00e8ve, la meilleure qualit\u00e9 au service de votre vue","og_description":"Eye examA \"classic\" examination takes place in two stages. An initial test, performed with a self-refractometer, gives an indication of the visual correction in a few minutes. In our refraction rooms located on the second floor, we perform optometric examinations that allow us to measure various parameters in order to evaluate the vision and thus [&hellip;]","og_url":"https:\/\/lindegger-optic.ch\/en\/tests\/eye-exam\/","og_site_name":"Lindegger Optic, votre opticien \u00e0 Gen\u00e8ve, la meilleure qualit\u00e9 au service de votre vue","twitter_card":"summary_large_image","twitter_misc":{"Est. reading time":"1 minute"},"schema":{"@context":"https:\/\/schema.org","@graph":[{"@type":"WebPage","@id":"https:\/\/lindegger-optic.ch\/en\/tests\/eye-exam\/","url":"https:\/\/lindegger-optic.ch\/en\/tests\/eye-exam\/","name":"Eye exam - Lindegger Optic, votre opticien \u00e0 Gen\u00e8ve, la meilleure qualit\u00e9 au service de votre vue","isPartOf":{"@id":"https:\/\/lindegger-optic.ch\/#website"},"datePublished":"2022-07-25T13:24:52+00:00","dateModified":"2022-07-25T13:24:52+00:00","breadcrumb":{"@id":"https:\/\/lindegger-optic.ch\/en\/tests\/eye-exam\/#breadcrumb"},"inLanguage":"en-US","potentialAction":[{"@type":"ReadAction","target":["https:\/\/lindegger-optic.ch\/en\/tests\/eye-exam\/"]}]},{"@type":"BreadcrumbList","@id":"https:\/\/lindegger-optic.ch\/en\/tests\/eye-exam\/#breadcrumb","itemListElement":[{"@type":"ListItem","position":1,"name":"Accueil","item":"https:\/\/lindegger-optic.ch\/en\/home\/"},{"@type":"ListItem","position":2,"name":"Tests","item":"https:\/\/lindegger-optic.ch\/en\/tests\/"},{"@type":"ListItem","position":3,"name":"Eye exam"}]},{"@type":"WebSite","@id":"https:\/\/lindegger-optic.ch\/#website","url":"https:\/\/lindegger-optic.ch\/","name":"Lindegger Optic, votre opticien \u00e0 Gen\u00e8ve, la meilleure qualit\u00e9 au service de votre vue","description":"","potentialAction":[{"@type":"SearchAction","target":{"@type":"EntryPoint","urlTemplate":"https:\/\/lindegger-optic.ch\/?s={search_term_string}"},"query-input":{"@type":"PropertyValueSpecification","valueRequired":true,"valueName":"search_term_string"}}],"inLanguage":"en-US"}]}},"_links":{"self":[{"href":"https:\/\/lindegger-optic.ch\/en\/wp-json\/wp\/v2\/pages\/14114"}],"collection":[{"href":"https:\/\/lindegger-optic.ch\/en\/wp-json\/wp\/v2\/pages"}],"about":[{"href":"https:\/\/lindegger-optic.ch\/en\/wp-json\/wp\/v2\/types\/page"}],"author":[{"embeddable":true,"href":"https:\/\/lindegger-optic.ch\/en\/wp-json\/wp\/v2\/users\/990105"}],"replies":[{"embeddable":true,"href":"https:\/\/lindegger-optic.ch\/en\/wp-json\/wp\/v2\/comments?post=14114"}],"version-history":[{"count":0,"href":"https:\/\/lindegger-optic.ch\/en\/wp-json\/wp\/v2\/pages\/14114\/revisions"}],"up":[{"embeddable":true,"href":"https:\/\/lindegger-optic.ch\/en\/wp-json\/wp\/v2\/pages\/14118"}],"wp:attachment":[{"href":"https:\/\/lindegger-optic.ch\/en\/wp-json\/wp\/v2\/media?parent=14114"}],"curies":[{"name":"wp","href":"https:\/\/api.w.org\/{rel}","templated":true}]}}