{"id":14123,"date":"2022-07-25T19:37:19","date_gmt":"2022-07-25T17:37:19","guid":{"rendered":"https:\/\/lindegger-optic.ch\/lenses\/"},"modified":"2022-11-03T16:31:19","modified_gmt":"2022-11-03T15:31:19","slug":"lenses","status":"publish","type":"page","link":"https:\/\/lindegger-optic.ch\/en\/lenses\/","title":{"rendered":"Lenses"},"content":{"rendered":"<p>[et_pb_section fb_built=&#8221;1&#8243; admin_label=&#8221;Contact Info&#8221; _builder_version=&#8221;4.16&#8243; background_color=&#8221;RGBA(0,0,0,0)&#8221; background_enable_image=&#8221;off&#8221; saved_tabs=&#8221;all&#8221; locked=&#8221;off&#8221; global_colors_info=&#8221;{}&#8221;][et_pb_row column_structure=&#8221;2_3,1_3&#8243; _builder_version=&#8221;4.16&#8243; custom_padding=&#8221;||0px||false|false&#8221; global_colors_info=&#8221;{}&#8221;][et_pb_column type=&#8221;2_3&#8243; _builder_version=&#8221;4.16&#8243; global_colors_info=&#8221;{}&#8221;][et_pb_text _builder_version=&#8221;4.16&#8243; custom_margin=&#8221;||0px||false|false&#8221; global_colors_info=&#8221;{}&#8221;]<\/p>\n<h1 style=\"text-align: left;\">Lenses<\/h1>\n<div id=\"gtx-trans\" style=\"position: absolute; left: 263px; top: -0.5625px;\">\n<div class=\"gtx-trans-icon\"><\/div>\n<\/div>\n<p>[\/et_pb_text][et_pb_text _builder_version=&#8221;4.16&#8243; _module_preset=&#8221;default&#8221; global_colors_info=&#8221;{}&#8221;]<\/p>\n<p style=\"text-align: justify;\">The contact lenses rest directly on the eye (respectively on the tear film) and thus free the visual field from any distortion. While corrective glasses slightly enlarge (hyperopia) or slightly reduce (myopia) the perceived image, lenses provide an image of 1:1 dimension.<\/p>\n<p style=\"text-align: justify;\">Contact lenses correct both hyperopia and myopia, as well as astigmatism. Lenses with near and distance correction are also available for presbyopes. Prerequisites for wearing contact lenses: a thorough evaluation ((link to &#8220;contact lens fitting&#8221;)), a custom fitting, regular eye and lens inspections, and regular lens cleaning.<\/p>\n<p style=\"text-align: justify;\">People who are used to wearing glasses will first have the impression that their field of vision is enlarged when they opt for contact lenses. Practical, easy to use, always on! Many sportsmen and women decide to wear contact lenses to correct their vision.<\/p>\n<p>[\/et_pb_text][\/et_pb_column][et_pb_column type=&#8221;1_3&#8243; _builder_version=&#8221;4.16&#8243; global_colors_info=&#8221;{}&#8221;][et_pb_image src=&#8221;https:\/\/lindegger-optic.ch\/wp-content\/uploads\/Lindegger-optique_opticien-geneve_108.jpg&#8221; title_text=&#8221;Lindegger-optique_opticien-geneve_108&#8243; _builder_version=&#8221;4.16&#8243; _module_preset=&#8221;default&#8221; global_colors_info=&#8221;{}&#8221;][\/et_pb_image][\/et_pb_column][\/et_pb_row][\/et_pb_section][et_pb_section fb_built=&#8221;1&#8243; _builder_version=&#8221;4.16&#8243; _module_preset=&#8221;default&#8221; background_color=&#8221;#EFF6FA&#8221; global_colors_info=&#8221;{}&#8221;][et_pb_row column_structure=&#8221;1_3,1_3,1_3&#8243; _builder_version=&#8221;4.16&#8243; _module_preset=&#8221;default&#8221; global_colors_info=&#8221;{}&#8221;][et_pb_column type=&#8221;1_3&#8243; _builder_version=&#8221;4.16&#8243; _module_preset=&#8221;default&#8221; global_colors_info=&#8221;{}&#8221;][et_pb_text module_id=&#8221;rigid-lenses&#8221; _builder_version=&#8221;4.18.0&#8243; _module_preset=&#8221;default&#8221; global_colors_info=&#8221;{}&#8221;]<\/p>\n<h3>Rigid lenses<\/h3>\n<p>The rigid lens is adapted to the shape of the cornea.<\/p>\n<p>[\/et_pb_text][et_pb_image src=&#8221;https:\/\/lindegger-optic.ch\/wp-content\/uploads\/lentilles-rigides.jpg&#8221; title_text=&#8221;lentilles-rigides&#8221; _builder_version=&#8221;4.16&#8243; _module_preset=&#8221;default&#8221; global_colors_info=&#8221;{}&#8221;][\/et_pb_image][et_pb_text _builder_version=&#8221;4.16&#8243; _module_preset=&#8221;default&#8221; global_colors_info=&#8221;{}&#8221;]<\/p>\n<p style=\"text-align: justify;\">Rigid lenses are hard and although they have some flexibility, they are brittle, unlike soft or disposable lenses that can be folded in half. The diameter is much smaller and covers less of the eye. Thanks to its shape adapted to the cornea and its small diameter, the rigid lens floats on the tears. It does not touch the cornea and lets the oxygen necessary for its survival pass underneath. These lenses are designed to be worn for a period of one to two years, which requires regular monitoring.<\/p>\n<p>[\/et_pb_text][\/et_pb_column][et_pb_column type=&#8221;1_3&#8243; _builder_version=&#8221;4.16&#8243; _module_preset=&#8221;default&#8221; global_colors_info=&#8221;{}&#8221;][et_pb_text module_id=&#8221;Lenses-orthokerathology&#8221; _builder_version=&#8221;4.18.0&#8243; _module_preset=&#8221;default&#8221; global_colors_info=&#8221;{}&#8221;]<\/p>\n<h3>Lenses for orthokerathology<\/h3>\n<p>They are designed to correct myopia in children.<\/p>\n<p>[\/et_pb_text][et_pb_image src=&#8221;https:\/\/lindegger-optic.ch\/wp-content\/uploads\/orthokerathologie.jpb_.jpg&#8221; title_text=&#8221;orthokerathologie.jpb&#8221; _builder_version=&#8221;4.16&#8243; _module_preset=&#8221;default&#8221; global_colors_info=&#8221;{}&#8221;][\/et_pb_image][et_pb_text _builder_version=&#8221;4.16&#8243; _module_preset=&#8221;default&#8221; global_colors_info=&#8221;{}&#8221;]<\/p>\n<p style=\"text-align: justify;\">A semi-rigid variant of the lens. Custom-made for each cornea, it is designed to correct myopia in children. Its particular foundation allows to slow down the evolution of this visual defect. Its particularity: it can be worn while sleeping and once removed, the vision will be perfect without having to wear another correction.<\/p>\n<p>[\/et_pb_text][\/et_pb_column][et_pb_column type=&#8221;1_3&#8243; _builder_version=&#8221;4.16&#8243; _module_preset=&#8221;default&#8221; global_colors_info=&#8221;{}&#8221;][et_pb_text module_id=&#8221;soft-lenses&#8221; _builder_version=&#8221;4.18.0&#8243; _module_preset=&#8221;default&#8221; global_colors_info=&#8221;{}&#8221;]<\/p>\n<h3>Soft lenses<\/h3>\n<p>Like a cushion filled with water, they are very comfortable to wear.<\/p>\n<p>[\/et_pb_text][et_pb_image src=&#8221;https:\/\/lindegger-optic.ch\/wp-content\/uploads\/lentilles-souples.jpg&#8221; title_text=&#8221;lentilles-souples&#8221; _builder_version=&#8221;4.16&#8243; _module_preset=&#8221;default&#8221; global_colors_info=&#8221;{}&#8221;][\/et_pb_image][et_pb_text _builder_version=&#8221;4.16&#8243; _module_preset=&#8221;default&#8221; global_colors_info=&#8221;{}&#8221;]<\/p>\n<p style=\"text-align: justify;\">Soft lenses look like a cushion filled with water, which makes them very comfortable to wear. With a larger diameter than rigid lenses, they cover the entire surface of the cornea. Depending on the correction and the type of daily use, it is possible to opt for daily, monthly or annual disposable soft lenses. The current materials allow an excellent oxygenation of the cornea.<\/p>\n<p style=\"text-align: justify;\">\n<div>You can order your soft lenses by calling us directly at the store.  <\/div>\n<p>[\/et_pb_text][et_pb_button button_url=&#8221;@ET-DC@eyJkeW5hbWljIjp0cnVlLCJjb250ZW50IjoicG9zdF9saW5rX3VybF9wYWdlIiwic2V0dGluZ3MiOnsicG9zdF9pZCI6Ijk1MzUifX0=@&#8221; button_text=&#8221;Nous contacter&#8221; button_alignment=&#8221;left&#8221; _builder_version=&#8221;4.16&#8243; _dynamic_attributes=&#8221;button_url&#8221; _module_preset=&#8221;default&#8221; global_colors_info=&#8221;{}&#8221;][\/et_pb_button][\/et_pb_column][\/et_pb_row][\/et_pb_section][et_pb_section fb_built=&#8221;1&#8243; admin_label=&#8221;Contact Info&#8221; module_id=&#8221;lenses-maintenance&#8221; _builder_version=&#8221;4.18.0&#8243; background_color=&#8221;RGBA(0,0,0,0)&#8221; background_enable_image=&#8221;off&#8221; custom_padding=&#8221;25px||3px||false|false&#8221; hover_enabled=&#8221;0&#8243; saved_tabs=&#8221;all&#8221; locked=&#8221;off&#8221; global_colors_info=&#8221;{}&#8221; sticky_enabled=&#8221;0&#8243;][et_pb_row _builder_version=&#8221;4.16&#8243; custom_padding=&#8221;||0px||false|false&#8221; global_colors_info=&#8221;{}&#8221;][et_pb_column type=&#8221;4_4&#8243; _builder_version=&#8221;4.16&#8243; global_colors_info=&#8221;{}&#8221;][et_pb_text _builder_version=&#8221;4.16&#8243; custom_margin=&#8221;||-3px|||&#8221; global_colors_info=&#8221;{}&#8221;]<\/p>\n<h1 style=\"text-align: left;\">Maintenance<\/h1>\n<div id=\"gtx-trans\" style=\"position: absolute; left: 240px; top: 64.4375px;\">\n<div class=\"gtx-trans-icon\"><\/div>\n<\/div>\n<p>[\/et_pb_text][et_pb_text _builder_version=&#8221;4.16&#8243; _module_preset=&#8221;default&#8221; global_colors_info=&#8221;{}&#8221;]<\/p>\n<p style=\"text-align: justify;\">Our contact lens specialists will be able to guide you during the contact lens fitting examination and advise you on the appropriate care product for the comfort and hygiene of your eyes. It is essential to clean the deposits that stick to the lenses, deposits produced by the eyes themselves as well as by external agents. The products will be chosen according to the type of lens.<\/p>\n<p style=\"text-align: justify;\">There are a multitude of contact lens care products. For soft lens wearers, we recommend the use of a peroxide lens care product with deproteinization tablets and a saline solution. All-in-one&#8221; products contain cleaning agents such as chlorine or ammonia, both of which are potentially allergenic. Wearers sometimes complain of discomfort or that their eyes are easily reddened. Peroxide cleaning products are hypoallergenic and their effectiveness against all types of fungus, bacteria and viruses is superior to any other product.<\/p>\n<p>[\/et_pb_text][\/et_pb_column][\/et_pb_row][\/et_pb_section][et_pb_section fb_built=&#8221;1&#8243; _builder_version=&#8221;4.16&#8243; _module_preset=&#8221;default&#8221; use_background_color_gradient=&#8221;on&#8221; background_color_gradient_stops=&#8221;#ffffff 0%|rgba(0,0,0,0) 100%&#8221; background_color_gradient_overlays_image=&#8221;on&#8221; background_color_gradient_start=&#8221;#ffffff&#8221; background_color_gradient_end=&#8221;rgba(0,0,0,0)&#8221; background_image=&#8221;https:\/\/lindegger-optic.ch\/wp-content\/uploads\/lentilles-1.jpg&#8221; custom_padding=&#8221;15px||249px|||&#8221; global_colors_info=&#8221;{}&#8221;][et_pb_row _builder_version=&#8221;4.16&#8243; _module_preset=&#8221;default&#8221; custom_padding=&#8221;1px|||||&#8221; global_colors_info=&#8221;{}&#8221;][et_pb_column type=&#8221;4_4&#8243; _builder_version=&#8221;4.16&#8243; _module_preset=&#8221;default&#8221; global_colors_info=&#8221;{}&#8221;][et_pb_text _builder_version=&#8221;4.16&#8243; _module_preset=&#8221;default&#8221; global_colors_info=&#8221;{}&#8221;]<\/p>\n<p style=\"text-align: justify;\">Rigid lenses require several types of products: soap for mechanical cleaning, aqueous preservative solution and saline solution for rinsing before wearing. Some rigid lens wearers add a drop of artificial tear before putting them in, to increase comfort.<\/p>\n<p>[\/et_pb_text][et_pb_button button_url=&#8221;@ET-DC@eyJkeW5hbWljIjp0cnVlLCJjb250ZW50IjoicG9zdF9saW5rX3VybF9wYWdlIiwic2V0dGluZ3MiOnsicG9zdF9pZCI6IjM1ODcifX0=@&#8221; button_text=&#8221;Boutique&#8221; button_alignment=&#8221;left&#8221; _builder_version=&#8221;4.16&#8243; _dynamic_attributes=&#8221;button_url&#8221; _module_preset=&#8221;default&#8221; custom_margin=&#8221;49px|||||&#8221; global_colors_info=&#8221;{}&#8221;][\/et_pb_button][\/et_pb_column][\/et_pb_row][\/et_pb_section]<\/p>\n","protected":false},"excerpt":{"rendered":"<p>Lenses The contact lenses rest directly on the eye (respectively on the tear film) and thus free the visual field from any distortion. While corrective glasses slightly enlarge (hyperopia) or slightly reduce (myopia) the perceived image, lenses provide an image of 1:1 dimension. Contact lenses correct both hyperopia and myopia, as well as astigmatism. Lenses [&hellip;]<\/p>\n","protected":false},"author":990105,"featured_media":0,"parent":0,"menu_order":0,"comment_status":"closed","ping_status":"closed","template":"","meta":{"_et_pb_use_builder":"on","_et_pb_old_content":"","_et_gb_content_width":"","footnotes":""},"class_list":["post-14123","page","type-page","status-publish","hentry"],"yoast_head":"<!-- This site is optimized with the Yoast SEO plugin v23.6 - https:\/\/yoast.com\/wordpress\/plugins\/seo\/ -->\n<title>Lenses - Lindegger Optic, votre opticien \u00e0 Gen\u00e8ve, la meilleure qualit\u00e9 au service de votre vue<\/title>\n<meta name=\"robots\" content=\"index, follow, max-snippet:-1, max-image-preview:large, max-video-preview:-1\" \/>\n<link rel=\"canonical\" href=\"https:\/\/lindegger-optic.ch\/en\/lenses\/\" \/>\n<meta property=\"og:locale\" content=\"en_US\" \/>\n<meta property=\"og:type\" content=\"article\" \/>\n<meta property=\"og:title\" content=\"Lenses - Lindegger Optic, votre opticien \u00e0 Gen\u00e8ve, la meilleure qualit\u00e9 au service de votre vue\" \/>\n<meta property=\"og:description\" content=\"Lenses The contact lenses rest directly on the eye (respectively on the tear film) and thus free the visual field from any distortion. While corrective glasses slightly enlarge (hyperopia) or slightly reduce (myopia) the perceived image, lenses provide an image of 1:1 dimension. Contact lenses correct both hyperopia and myopia, as well as astigmatism. Lenses [&hellip;]\" \/>\n<meta property=\"og:url\" content=\"https:\/\/lindegger-optic.ch\/en\/lenses\/\" \/>\n<meta property=\"og:site_name\" content=\"Lindegger Optic, votre opticien \u00e0 Gen\u00e8ve, la meilleure qualit\u00e9 au service de votre vue\" \/>\n<meta property=\"article:modified_time\" content=\"2022-11-03T15:31:19+00:00\" \/>\n<meta name=\"twitter:card\" content=\"summary_large_image\" \/>\n<meta name=\"twitter:label1\" content=\"Est. reading time\" \/>\n\t<meta name=\"twitter:data1\" content=\"6 minutes\" \/>\n<script type=\"application\/ld+json\" class=\"yoast-schema-graph\">{\"@context\":\"https:\/\/schema.org\",\"@graph\":[{\"@type\":\"WebPage\",\"@id\":\"https:\/\/lindegger-optic.ch\/en\/lenses\/\",\"url\":\"https:\/\/lindegger-optic.ch\/en\/lenses\/\",\"name\":\"Lenses - Lindegger Optic, votre opticien \u00e0 Gen\u00e8ve, la meilleure qualit\u00e9 au service de votre vue\",\"isPartOf\":{\"@id\":\"https:\/\/lindegger-optic.ch\/#website\"},\"datePublished\":\"2022-07-25T17:37:19+00:00\",\"dateModified\":\"2022-11-03T15:31:19+00:00\",\"breadcrumb\":{\"@id\":\"https:\/\/lindegger-optic.ch\/en\/lenses\/#breadcrumb\"},\"inLanguage\":\"en-US\",\"potentialAction\":[{\"@type\":\"ReadAction\",\"target\":[\"https:\/\/lindegger-optic.ch\/en\/lenses\/\"]}]},{\"@type\":\"BreadcrumbList\",\"@id\":\"https:\/\/lindegger-optic.ch\/en\/lenses\/#breadcrumb\",\"itemListElement\":[{\"@type\":\"ListItem\",\"position\":1,\"name\":\"Accueil\",\"item\":\"https:\/\/lindegger-optic.ch\/en\/home\/\"},{\"@type\":\"ListItem\",\"position\":2,\"name\":\"Lenses\"}]},{\"@type\":\"WebSite\",\"@id\":\"https:\/\/lindegger-optic.ch\/#website\",\"url\":\"https:\/\/lindegger-optic.ch\/\",\"name\":\"Lindegger Optic, votre opticien \u00e0 Gen\u00e8ve, la meilleure qualit\u00e9 au service de votre vue\",\"description\":\"\",\"potentialAction\":[{\"@type\":\"SearchAction\",\"target\":{\"@type\":\"EntryPoint\",\"urlTemplate\":\"https:\/\/lindegger-optic.ch\/?s={search_term_string}\"},\"query-input\":{\"@type\":\"PropertyValueSpecification\",\"valueRequired\":true,\"valueName\":\"search_term_string\"}}],\"inLanguage\":\"en-US\"}]}<\/script>\n<!-- \/ Yoast SEO plugin. -->","yoast_head_json":{"title":"Lenses - Lindegger Optic, votre opticien \u00e0 Gen\u00e8ve, la meilleure qualit\u00e9 au service de votre vue","robots":{"index":"index","follow":"follow","max-snippet":"max-snippet:-1","max-image-preview":"max-image-preview:large","max-video-preview":"max-video-preview:-1"},"canonical":"https:\/\/lindegger-optic.ch\/en\/lenses\/","og_locale":"en_US","og_type":"article","og_title":"Lenses - Lindegger Optic, votre opticien \u00e0 Gen\u00e8ve, la meilleure qualit\u00e9 au service de votre vue","og_description":"Lenses The contact lenses rest directly on the eye (respectively on the tear film) and thus free the visual field from any distortion. While corrective glasses slightly enlarge (hyperopia) or slightly reduce (myopia) the perceived image, lenses provide an image of 1:1 dimension. Contact lenses correct both hyperopia and myopia, as well as astigmatism. Lenses [&hellip;]","og_url":"https:\/\/lindegger-optic.ch\/en\/lenses\/","og_site_name":"Lindegger Optic, votre opticien \u00e0 Gen\u00e8ve, la meilleure qualit\u00e9 au service de votre vue","article_modified_time":"2022-11-03T15:31:19+00:00","twitter_card":"summary_large_image","twitter_misc":{"Est. reading time":"6 minutes"},"schema":{"@context":"https:\/\/schema.org","@graph":[{"@type":"WebPage","@id":"https:\/\/lindegger-optic.ch\/en\/lenses\/","url":"https:\/\/lindegger-optic.ch\/en\/lenses\/","name":"Lenses - Lindegger Optic, votre opticien \u00e0 Gen\u00e8ve, la meilleure qualit\u00e9 au service de votre vue","isPartOf":{"@id":"https:\/\/lindegger-optic.ch\/#website"},"datePublished":"2022-07-25T17:37:19+00:00","dateModified":"2022-11-03T15:31:19+00:00","breadcrumb":{"@id":"https:\/\/lindegger-optic.ch\/en\/lenses\/#breadcrumb"},"inLanguage":"en-US","potentialAction":[{"@type":"ReadAction","target":["https:\/\/lindegger-optic.ch\/en\/lenses\/"]}]},{"@type":"BreadcrumbList","@id":"https:\/\/lindegger-optic.ch\/en\/lenses\/#breadcrumb","itemListElement":[{"@type":"ListItem","position":1,"name":"Accueil","item":"https:\/\/lindegger-optic.ch\/en\/home\/"},{"@type":"ListItem","position":2,"name":"Lenses"}]},{"@type":"WebSite","@id":"https:\/\/lindegger-optic.ch\/#website","url":"https:\/\/lindegger-optic.ch\/","name":"Lindegger Optic, votre opticien \u00e0 Gen\u00e8ve, la meilleure qualit\u00e9 au service de votre vue","description":"","potentialAction":[{"@type":"SearchAction","target":{"@type":"EntryPoint","urlTemplate":"https:\/\/lindegger-optic.ch\/?s={search_term_string}"},"query-input":{"@type":"PropertyValueSpecification","valueRequired":true,"valueName":"search_term_string"}}],"inLanguage":"en-US"}]}},"_links":{"self":[{"href":"https:\/\/lindegger-optic.ch\/en\/wp-json\/wp\/v2\/pages\/14123"}],"collection":[{"href":"https:\/\/lindegger-optic.ch\/en\/wp-json\/wp\/v2\/pages"}],"about":[{"href":"https:\/\/lindegger-optic.ch\/en\/wp-json\/wp\/v2\/types\/page"}],"author":[{"embeddable":true,"href":"https:\/\/lindegger-optic.ch\/en\/wp-json\/wp\/v2\/users\/990105"}],"replies":[{"embeddable":true,"href":"https:\/\/lindegger-optic.ch\/en\/wp-json\/wp\/v2\/comments?post=14123"}],"version-history":[{"count":0,"href":"https:\/\/lindegger-optic.ch\/en\/wp-json\/wp\/v2\/pages\/14123\/revisions"}],"wp:attachment":[{"href":"https:\/\/lindegger-optic.ch\/en\/wp-json\/wp\/v2\/media?parent=14123"}],"curies":[{"name":"wp","href":"https:\/\/api.w.org\/{rel}","templated":true}]}}