{"id":14127,"date":"2022-07-25T19:39:05","date_gmt":"2022-07-25T17:39:05","guid":{"rendered":"https:\/\/lindegger-optic.ch\/newsletter\/"},"modified":"2022-07-25T19:39:54","modified_gmt":"2022-07-25T17:39:54","slug":"newsletter","status":"publish","type":"page","link":"https:\/\/lindegger-optic.ch\/en\/newsletter\/","title":{"rendered":"Newsletter"},"content":{"rendered":"<p>[vc_row full_width=&#8221;stretch_row&#8221; content_placement=&#8221;middle&#8221; css=&#8221;.vc_custom_1598011773404{background-image: url(https:\/\/lindegger-optic.ch\/wp-content\/uploads\/header-savoir-faire-1-new.jpg?id=8341) !important;}&#8221; el_id=&#8221;top_page_banner&#8221;][vc_column el_class=&#8221;back-image&#8221;][vc_column_text]<\/p>\n<h1 class=\"page_title\">Newsletter<\/h1>\n<p>[\/vc_column_text][\/vc_column][\/vc_row][vc_row css=&#8221;.vc_custom_1588781464778{margin-top: 20px !important;margin-bottom: 40px !important;padding-top: 20px !important;}&#8221; el_class=&#8221;news_page_txt&#8221; el_id=&#8221;apnt_txt_page&#8221;][vc_column][vc_column_text]<\/p>\n<h1>Subscribe to our newsletter!<\/h1>\n<h4><span style=\"font-weight: 400;\">You will receive regular advice for your glasses and contact lenses but also:<\/span><\/h4>\n<ul>\n<li><strong>Our latest promotions<\/strong><\/li>\n<li><strong>Our new products<\/strong><\/li>\n<li><strong>Our events<\/strong><\/li>\n<\/ul>\n<h4><span style=\"font-weight: 400;\">Please fill in the following form.<\/span><\/h4>\n<h4><span style=\"font-weight: 400;\">Enjoy your reading!<\/span><\/h4>\n<p>[\/vc_column_text][\/vc_column][\/vc_row][vc_row css=&#8221;.vc_custom_1587121887551{margin-top: 20px !important;margin-bottom: 40px !important;padding-top: 20px !important;}&#8221;][vc_column width=&#8221;1\/6&#8243;][\/vc_column][vc_column width=&#8221;2\/3&#8243;][vc_raw_html]JTNDZGl2JTIwY2xhc3MlM0QlMjJuZXdzX2xldHRlciUyMiUzRSU1QndwZW5zX2Vhc3lfbmV3c2xldHRlciUyMGZpcnN0bmFtZSUzRCUyMnllcyUyMiUyMGxhc3RuYW1lJTNEJTIyeWVzJTIyJTIwYnV0dG9uX3RleHQlM0QlMjTZW5kJTIyJTVEJTNDJTJGZGl2JTNF[\/vc_raw_html][\/vc_column][vc_column width=&#8221;1\/6&#8243;][\/vc_column][\/vc_row][vc_row full_width=&#8221;stretch_row&#8221; inverse=&#8221;&#8221; css=&#8221;.vc_custom_1587641184909{margin-top: 40px !important;padding-top: 30px !important;background-color: #4a739c !important;}&#8221; el_class=&#8221;vc_custom_1587117781162&#8243;][vc_column][trx_services style=&#8221;services-2&#8243; cat=&#8221;28&#8243; columns=&#8221;3&#8243; count=&#8221;6&#8243; ids=&#8221;5817,297,296,295,293,291&#8243; top=&#8221;super_huge&#8221; bottom=&#8221;medium&#8221;][trx_services_item title=&#8221;Service item 1&#8243;][\/trx_services_item][trx_services_item title=&#8221;Service item 2&#8243;][\/trx_services_item][trx_services_item title=&#8221;Service item 3&#8243;][\/trx_services_item][trx_services_item title=&#8221;Service item 4&#8243;][\/trx_services_item][\/trx_services][\/vc_column][\/vc_row][vc_row][vc_column css=&#8221;.vc_custom_1461159224309{margin-bottom: 0.85em !important;}&#8221;][trx_team style=&#8221;team-1&#8243; slider=&#8221;yes&#8221; controls=&#8221;side&#8221; interval=&#8221;4000&#8243; align=&#8221;center&#8221; title=&#8221;Meet Our Doctors&#8221; cat=&#8221;0&#8243; columns=&#8221;4&#8243; count=&#8221;20&#8243; orderby=&#8221;date&#8221; order=&#8221;desc&#8221; top=&#8221;super_huge&#8221; bottom=&#8221;medium&#8221;][trx_team_item user=&#8221;Member 1&#8243;][\/trx_team_item][trx_team_item user=&#8221;Member 2&#8243;][\/trx_team_item][trx_team_item user=&#8221;Member 4&#8243;][\/trx_team_item][\/trx_team][\/vc_column][\/vc_row]<\/p>\n","protected":false},"excerpt":{"rendered":"<p>[vc_row full_width=&#8221;stretch_row&#8221; content_placement=&#8221;middle&#8221; css=&#8221;.vc_custom_1598011773404{background-image: url(https:\/\/lindegger-optic.ch\/wp-content\/uploads\/header-savoir-faire-1-new.jpg?id=8341) !important;}&#8221; el_id=&#8221;top_page_banner&#8221;][vc_column el_class=&#8221;back-image&#8221;][vc_column_text] Newsletter [\/vc_column_text][\/vc_column][\/vc_row][vc_row css=&#8221;.vc_custom_1588781464778{margin-top: 20px !important;margin-bottom: 40px !important;padding-top: 20px !important;}&#8221; el_class=&#8221;news_page_txt&#8221; el_id=&#8221;apnt_txt_page&#8221;][vc_column][vc_column_text] Subscribe to our newsletter! You will receive regular advice for your glasses and contact lenses but also: Our latest promotions Our new products Our events Please fill in the following form. Enjoy your reading! [\/vc_column_text][\/vc_column][\/vc_row][vc_row css=&#8221;.vc_custom_1587121887551{margin-top: [&hellip;]<\/p>\n","protected":false},"author":990105,"featured_media":13209,"parent":0,"menu_order":0,"comment_status":"closed","ping_status":"closed","template":"","meta":{"_et_pb_use_builder":"","_et_pb_old_content":"","_et_gb_content_width":"","footnotes":""},"class_list":["post-14127","page","type-page","status-publish","has-post-thumbnail","hentry"],"yoast_head":"<!-- This site is optimized with the Yoast SEO plugin v23.6 - https:\/\/yoast.com\/wordpress\/plugins\/seo\/ -->\n<title>Newsletter | Lindegger Optique, Geneva<\/title>\n<meta name=\"description\" content=\"Subscribe to our newsletter and you will receive information about our latest promotions, news and events - Lindegger Optique, Gen\u00e8ve\" \/>\n<meta name=\"robots\" content=\"index, follow, max-snippet:-1, max-image-preview:large, max-video-preview:-1\" \/>\n<link rel=\"canonical\" href=\"https:\/\/lindegger-optic.ch\/en\/newsletter\/\" \/>\n<meta property=\"og:locale\" content=\"en_US\" \/>\n<meta property=\"og:type\" content=\"article\" \/>\n<meta property=\"og:title\" content=\"Newsletter | Lindegger Optique, Geneva\" \/>\n<meta property=\"og:description\" content=\"Subscribe to our newsletter and you will receive information about our latest promotions, news and events - Lindegger Optique, Gen\u00e8ve\" \/>\n<meta property=\"og:url\" content=\"https:\/\/lindegger-optic.ch\/en\/newsletter\/\" \/>\n<meta property=\"og:site_name\" content=\"Lindegger Optic, votre opticien \u00e0 Gen\u00e8ve, la meilleure qualit\u00e9 au service de votre vue\" \/>\n<meta property=\"article:modified_time\" content=\"2022-07-25T17:39:54+00:00\" \/>\n<meta property=\"og:image\" content=\"https:\/\/lindegger-optic.ch\/wp-content\/uploads\/2020\/05\/header-savoir-faire-1-new.jpg\" \/>\n\t<meta property=\"og:image:width\" content=\"1432\" \/>\n\t<meta property=\"og:image:height\" content=\"315\" \/>\n\t<meta property=\"og:image:type\" content=\"image\/jpeg\" \/>\n<meta name=\"twitter:card\" content=\"summary_large_image\" \/>\n<meta name=\"twitter:label1\" content=\"Est. reading time\" \/>\n\t<meta name=\"twitter:data1\" content=\"2 minutes\" \/>\n<script type=\"application\/ld+json\" class=\"yoast-schema-graph\">{\"@context\":\"https:\/\/schema.org\",\"@graph\":[{\"@type\":\"WebPage\",\"@id\":\"https:\/\/lindegger-optic.ch\/en\/newsletter\/\",\"url\":\"https:\/\/lindegger-optic.ch\/en\/newsletter\/\",\"name\":\"Newsletter | Lindegger Optique, Geneva\",\"isPartOf\":{\"@id\":\"https:\/\/lindegger-optic.ch\/#website\"},\"primaryImageOfPage\":{\"@id\":\"https:\/\/lindegger-optic.ch\/en\/newsletter\/#primaryimage\"},\"image\":{\"@id\":\"https:\/\/lindegger-optic.ch\/en\/newsletter\/#primaryimage\"},\"thumbnailUrl\":\"https:\/\/lindegger-optic.ch\/wp-content\/uploads\/2020\/05\/header-savoir-faire-1-new.jpg\",\"datePublished\":\"2022-07-25T17:39:05+00:00\",\"dateModified\":\"2022-07-25T17:39:54+00:00\",\"description\":\"Subscribe to our newsletter and you will receive information about our latest promotions, news and events - Lindegger Optique, Gen\u00e8ve\",\"breadcrumb\":{\"@id\":\"https:\/\/lindegger-optic.ch\/en\/newsletter\/#breadcrumb\"},\"inLanguage\":\"en-US\",\"potentialAction\":[{\"@type\":\"ReadAction\",\"target\":[\"https:\/\/lindegger-optic.ch\/en\/newsletter\/\"]}]},{\"@type\":\"ImageObject\",\"inLanguage\":\"en-US\",\"@id\":\"https:\/\/lindegger-optic.ch\/en\/newsletter\/#primaryimage\",\"url\":\"https:\/\/lindegger-optic.ch\/wp-content\/uploads\/2020\/05\/header-savoir-faire-1-new.jpg\",\"contentUrl\":\"https:\/\/lindegger-optic.ch\/wp-content\/uploads\/2020\/05\/header-savoir-faire-1-new.jpg\",\"width\":1432,\"height\":315},{\"@type\":\"BreadcrumbList\",\"@id\":\"https:\/\/lindegger-optic.ch\/en\/newsletter\/#breadcrumb\",\"itemListElement\":[{\"@type\":\"ListItem\",\"position\":1,\"name\":\"Accueil\",\"item\":\"https:\/\/lindegger-optic.ch\/en\/home\/\"},{\"@type\":\"ListItem\",\"position\":2,\"name\":\"Newsletter\"}]},{\"@type\":\"WebSite\",\"@id\":\"https:\/\/lindegger-optic.ch\/#website\",\"url\":\"https:\/\/lindegger-optic.ch\/\",\"name\":\"Lindegger Optic, votre opticien \u00e0 Gen\u00e8ve, la meilleure qualit\u00e9 au service de votre vue\",\"description\":\"\",\"potentialAction\":[{\"@type\":\"SearchAction\",\"target\":{\"@type\":\"EntryPoint\",\"urlTemplate\":\"https:\/\/lindegger-optic.ch\/?s={search_term_string}\"},\"query-input\":{\"@type\":\"PropertyValueSpecification\",\"valueRequired\":true,\"valueName\":\"search_term_string\"}}],\"inLanguage\":\"en-US\"}]}<\/script>\n<!-- \/ Yoast SEO plugin. -->","yoast_head_json":{"title":"Newsletter | Lindegger Optique, Geneva","description":"Subscribe to our newsletter and you will receive information about our latest promotions, news and events - Lindegger Optique, Gen\u00e8ve","robots":{"index":"index","follow":"follow","max-snippet":"max-snippet:-1","max-image-preview":"max-image-preview:large","max-video-preview":"max-video-preview:-1"},"canonical":"https:\/\/lindegger-optic.ch\/en\/newsletter\/","og_locale":"en_US","og_type":"article","og_title":"Newsletter | Lindegger Optique, Geneva","og_description":"Subscribe to our newsletter and you will receive information about our latest promotions, news and events - Lindegger Optique, Gen\u00e8ve","og_url":"https:\/\/lindegger-optic.ch\/en\/newsletter\/","og_site_name":"Lindegger Optic, votre opticien \u00e0 Gen\u00e8ve, la meilleure qualit\u00e9 au service de votre vue","article_modified_time":"2022-07-25T17:39:54+00:00","og_image":[{"width":1432,"height":315,"url":"https:\/\/lindegger-optic.ch\/wp-content\/uploads\/2020\/05\/header-savoir-faire-1-new.jpg","type":"image\/jpeg"}],"twitter_card":"summary_large_image","twitter_misc":{"Est. reading time":"2 minutes"},"schema":{"@context":"https:\/\/schema.org","@graph":[{"@type":"WebPage","@id":"https:\/\/lindegger-optic.ch\/en\/newsletter\/","url":"https:\/\/lindegger-optic.ch\/en\/newsletter\/","name":"Newsletter | Lindegger Optique, Geneva","isPartOf":{"@id":"https:\/\/lindegger-optic.ch\/#website"},"primaryImageOfPage":{"@id":"https:\/\/lindegger-optic.ch\/en\/newsletter\/#primaryimage"},"image":{"@id":"https:\/\/lindegger-optic.ch\/en\/newsletter\/#primaryimage"},"thumbnailUrl":"https:\/\/lindegger-optic.ch\/wp-content\/uploads\/2020\/05\/header-savoir-faire-1-new.jpg","datePublished":"2022-07-25T17:39:05+00:00","dateModified":"2022-07-25T17:39:54+00:00","description":"Subscribe to our newsletter and you will receive information about our latest promotions, news and events - Lindegger Optique, Gen\u00e8ve","breadcrumb":{"@id":"https:\/\/lindegger-optic.ch\/en\/newsletter\/#breadcrumb"},"inLanguage":"en-US","potentialAction":[{"@type":"ReadAction","target":["https:\/\/lindegger-optic.ch\/en\/newsletter\/"]}]},{"@type":"ImageObject","inLanguage":"en-US","@id":"https:\/\/lindegger-optic.ch\/en\/newsletter\/#primaryimage","url":"https:\/\/lindegger-optic.ch\/wp-content\/uploads\/2020\/05\/header-savoir-faire-1-new.jpg","contentUrl":"https:\/\/lindegger-optic.ch\/wp-content\/uploads\/2020\/05\/header-savoir-faire-1-new.jpg","width":1432,"height":315},{"@type":"BreadcrumbList","@id":"https:\/\/lindegger-optic.ch\/en\/newsletter\/#breadcrumb","itemListElement":[{"@type":"ListItem","position":1,"name":"Accueil","item":"https:\/\/lindegger-optic.ch\/en\/home\/"},{"@type":"ListItem","position":2,"name":"Newsletter"}]},{"@type":"WebSite","@id":"https:\/\/lindegger-optic.ch\/#website","url":"https:\/\/lindegger-optic.ch\/","name":"Lindegger Optic, votre opticien \u00e0 Gen\u00e8ve, la meilleure qualit\u00e9 au service de votre vue","description":"","potentialAction":[{"@type":"SearchAction","target":{"@type":"EntryPoint","urlTemplate":"https:\/\/lindegger-optic.ch\/?s={search_term_string}"},"query-input":{"@type":"PropertyValueSpecification","valueRequired":true,"valueName":"search_term_string"}}],"inLanguage":"en-US"}]}},"_links":{"self":[{"href":"https:\/\/lindegger-optic.ch\/en\/wp-json\/wp\/v2\/pages\/14127"}],"collection":[{"href":"https:\/\/lindegger-optic.ch\/en\/wp-json\/wp\/v2\/pages"}],"about":[{"href":"https:\/\/lindegger-optic.ch\/en\/wp-json\/wp\/v2\/types\/page"}],"author":[{"embeddable":true,"href":"https:\/\/lindegger-optic.ch\/en\/wp-json\/wp\/v2\/users\/990105"}],"replies":[{"embeddable":true,"href":"https:\/\/lindegger-optic.ch\/en\/wp-json\/wp\/v2\/comments?post=14127"}],"version-history":[{"count":0,"href":"https:\/\/lindegger-optic.ch\/en\/wp-json\/wp\/v2\/pages\/14127\/revisions"}],"wp:featuredmedia":[{"embeddable":true,"href":"https:\/\/lindegger-optic.ch\/en\/wp-json\/wp\/v2\/media\/13209"}],"wp:attachment":[{"href":"https:\/\/lindegger-optic.ch\/en\/wp-json\/wp\/v2\/media?parent=14127"}],"curies":[{"name":"wp","href":"https:\/\/api.w.org\/{rel}","templated":true}]}}