{"id":14132,"date":"2022-07-25T19:40:31","date_gmt":"2022-07-25T17:40:31","guid":{"rendered":"https:\/\/lindegger-optic.ch\/appointment\/"},"modified":"2022-07-25T19:40:31","modified_gmt":"2022-07-25T17:40:31","slug":"appointment","status":"publish","type":"page","link":"https:\/\/lindegger-optic.ch\/en\/appointment\/","title":{"rendered":"Appointment"},"content":{"rendered":"<p>[et_pb_section fb_built=&#8221;1&#8243; admin_label=&#8221;section&#8221; _builder_version=&#8221;3.22&#8243; global_colors_info=&#8221;{}&#8221;][et_pb_row admin_label=&#8221;row&#8221; _builder_version=&#8221;3.25&#8243; background_size=&#8221;initial&#8221; background_position=&#8221;top_left&#8221; background_repeat=&#8221;repeat&#8221; global_colors_info=&#8221;{}&#8221;][et_pb_column type=&#8221;4_4&#8243; _builder_version=&#8221;3.25&#8243; custom_padding=&#8221;|||&#8221; global_colors_info=&#8221;{}&#8221; custom_padding__hover=&#8221;|||&#8221;][et_pb_text _builder_version=&#8221;4.13.1&#8243; _module_preset=&#8221;default&#8221; hover_enabled=&#8221;0&#8243; global_colors_info=&#8221;{}&#8221; sticky_enabled=&#8221;0&#8243;]<\/p>\n<h1 style=\"text-align: center;\">Make an appointment<\/h1>\n<p>[\/et_pb_text][et_pb_shop type=&#8221;product_category&#8221; include_categories=&#8221;1283&#8243; _builder_version=&#8221;4.13.1&#8243; _module_preset=&#8221;default&#8221; hover_enabled=&#8221;0&#8243; global_colors_info=&#8221;{}&#8221; sticky_enabled=&#8221;0&#8243;][\/et_pb_shop][\/et_pb_column][\/et_pb_row][\/et_pb_section]<\/p>\n","protected":false},"excerpt":{"rendered":"<p>Make an appointment<\/p>\n","protected":false},"author":990105,"featured_media":0,"parent":0,"menu_order":0,"comment_status":"closed","ping_status":"closed","template":"","meta":{"_et_pb_use_builder":"on","_et_pb_old_content":"","_et_gb_content_width":"","footnotes":""},"class_list":["post-14132","page","type-page","status-publish","hentry"],"yoast_head":"<!-- This site is optimized with the Yoast SEO plugin v23.6 - https:\/\/yoast.com\/wordpress\/plugins\/seo\/ -->\n<title>Appointment | Lindegger Optique, Geneva<\/title>\n<meta name=\"description\" content=\"Make an appointment with our specialists for an eye exam, your glasses, your contact lenses or for any questions about eye health at Lindegger Optique, Rive.\" \/>\n<meta name=\"robots\" content=\"index, follow, max-snippet:-1, max-image-preview:large, max-video-preview:-1\" \/>\n<link rel=\"canonical\" href=\"https:\/\/lindegger-optic.ch\/en\/appointment\/\" \/>\n<meta property=\"og:locale\" content=\"en_US\" \/>\n<meta property=\"og:type\" content=\"article\" \/>\n<meta property=\"og:title\" content=\"Appointment | Lindegger Optique, Geneva\" \/>\n<meta property=\"og:description\" content=\"Make an appointment with our specialists for an eye exam, your glasses, your contact lenses or for any questions about eye health at Lindegger Optique, Rive.\" \/>\n<meta property=\"og:url\" content=\"https:\/\/lindegger-optic.ch\/en\/appointment\/\" \/>\n<meta property=\"og:site_name\" content=\"Lindegger Optic, votre opticien \u00e0 Gen\u00e8ve, la meilleure qualit\u00e9 au service de votre vue\" \/>\n<meta name=\"twitter:card\" content=\"summary_large_image\" \/>\n<meta name=\"twitter:label1\" content=\"Est. reading time\" \/>\n\t<meta name=\"twitter:data1\" content=\"1 minute\" \/>\n<script type=\"application\/ld+json\" class=\"yoast-schema-graph\">{\"@context\":\"https:\/\/schema.org\",\"@graph\":[{\"@type\":\"WebPage\",\"@id\":\"https:\/\/lindegger-optic.ch\/en\/appointment\/\",\"url\":\"https:\/\/lindegger-optic.ch\/en\/appointment\/\",\"name\":\"Appointment | Lindegger Optique, Geneva\",\"isPartOf\":{\"@id\":\"https:\/\/lindegger-optic.ch\/#website\"},\"datePublished\":\"2022-07-25T17:40:31+00:00\",\"dateModified\":\"2022-07-25T17:40:31+00:00\",\"description\":\"Make an appointment with our specialists for an eye exam, your glasses, your contact lenses or for any questions about eye health at Lindegger Optique, Rive.\",\"breadcrumb\":{\"@id\":\"https:\/\/lindegger-optic.ch\/en\/appointment\/#breadcrumb\"},\"inLanguage\":\"en-US\",\"potentialAction\":[{\"@type\":\"ReadAction\",\"target\":[\"https:\/\/lindegger-optic.ch\/en\/appointment\/\"]}]},{\"@type\":\"BreadcrumbList\",\"@id\":\"https:\/\/lindegger-optic.ch\/en\/appointment\/#breadcrumb\",\"itemListElement\":[{\"@type\":\"ListItem\",\"position\":1,\"name\":\"Accueil\",\"item\":\"https:\/\/lindegger-optic.ch\/en\/home\/\"},{\"@type\":\"ListItem\",\"position\":2,\"name\":\"Appointment\"}]},{\"@type\":\"WebSite\",\"@id\":\"https:\/\/lindegger-optic.ch\/#website\",\"url\":\"https:\/\/lindegger-optic.ch\/\",\"name\":\"Lindegger Optic, votre opticien \u00e0 Gen\u00e8ve, la meilleure qualit\u00e9 au service de votre vue\",\"description\":\"\",\"potentialAction\":[{\"@type\":\"SearchAction\",\"target\":{\"@type\":\"EntryPoint\",\"urlTemplate\":\"https:\/\/lindegger-optic.ch\/?s={search_term_string}\"},\"query-input\":{\"@type\":\"PropertyValueSpecification\",\"valueRequired\":true,\"valueName\":\"search_term_string\"}}],\"inLanguage\":\"en-US\"}]}<\/script>\n<!-- \/ Yoast SEO plugin. -->","yoast_head_json":{"title":"Appointment | Lindegger Optique, Geneva","description":"Make an appointment with our specialists for an eye exam, your glasses, your contact lenses or for any questions about eye health at Lindegger Optique, Rive.","robots":{"index":"index","follow":"follow","max-snippet":"max-snippet:-1","max-image-preview":"max-image-preview:large","max-video-preview":"max-video-preview:-1"},"canonical":"https:\/\/lindegger-optic.ch\/en\/appointment\/","og_locale":"en_US","og_type":"article","og_title":"Appointment | Lindegger Optique, Geneva","og_description":"Make an appointment with our specialists for an eye exam, your glasses, your contact lenses or for any questions about eye health at Lindegger Optique, Rive.","og_url":"https:\/\/lindegger-optic.ch\/en\/appointment\/","og_site_name":"Lindegger Optic, votre opticien \u00e0 Gen\u00e8ve, la meilleure qualit\u00e9 au service de votre vue","twitter_card":"summary_large_image","twitter_misc":{"Est. reading time":"1 minute"},"schema":{"@context":"https:\/\/schema.org","@graph":[{"@type":"WebPage","@id":"https:\/\/lindegger-optic.ch\/en\/appointment\/","url":"https:\/\/lindegger-optic.ch\/en\/appointment\/","name":"Appointment | Lindegger Optique, Geneva","isPartOf":{"@id":"https:\/\/lindegger-optic.ch\/#website"},"datePublished":"2022-07-25T17:40:31+00:00","dateModified":"2022-07-25T17:40:31+00:00","description":"Make an appointment with our specialists for an eye exam, your glasses, your contact lenses or for any questions about eye health at Lindegger Optique, Rive.","breadcrumb":{"@id":"https:\/\/lindegger-optic.ch\/en\/appointment\/#breadcrumb"},"inLanguage":"en-US","potentialAction":[{"@type":"ReadAction","target":["https:\/\/lindegger-optic.ch\/en\/appointment\/"]}]},{"@type":"BreadcrumbList","@id":"https:\/\/lindegger-optic.ch\/en\/appointment\/#breadcrumb","itemListElement":[{"@type":"ListItem","position":1,"name":"Accueil","item":"https:\/\/lindegger-optic.ch\/en\/home\/"},{"@type":"ListItem","position":2,"name":"Appointment"}]},{"@type":"WebSite","@id":"https:\/\/lindegger-optic.ch\/#website","url":"https:\/\/lindegger-optic.ch\/","name":"Lindegger Optic, votre opticien \u00e0 Gen\u00e8ve, la meilleure qualit\u00e9 au service de votre vue","description":"","potentialAction":[{"@type":"SearchAction","target":{"@type":"EntryPoint","urlTemplate":"https:\/\/lindegger-optic.ch\/?s={search_term_string}"},"query-input":{"@type":"PropertyValueSpecification","valueRequired":true,"valueName":"search_term_string"}}],"inLanguage":"en-US"}]}},"_links":{"self":[{"href":"https:\/\/lindegger-optic.ch\/en\/wp-json\/wp\/v2\/pages\/14132"}],"collection":[{"href":"https:\/\/lindegger-optic.ch\/en\/wp-json\/wp\/v2\/pages"}],"about":[{"href":"https:\/\/lindegger-optic.ch\/en\/wp-json\/wp\/v2\/types\/page"}],"author":[{"embeddable":true,"href":"https:\/\/lindegger-optic.ch\/en\/wp-json\/wp\/v2\/users\/990105"}],"replies":[{"embeddable":true,"href":"https:\/\/lindegger-optic.ch\/en\/wp-json\/wp\/v2\/comments?post=14132"}],"version-history":[{"count":0,"href":"https:\/\/lindegger-optic.ch\/en\/wp-json\/wp\/v2\/pages\/14132\/revisions"}],"wp:attachment":[{"href":"https:\/\/lindegger-optic.ch\/en\/wp-json\/wp\/v2\/media?parent=14132"}],"curies":[{"name":"wp","href":"https:\/\/api.w.org\/{rel}","templated":true}]}}