{"id":15521,"date":"2022-11-02T08:34:45","date_gmt":"2022-11-02T07:34:45","guid":{"rendered":"https:\/\/lindegger-optic.ch\/produit\/serengeti-leandro-glacier\/"},"modified":"2022-11-02T08:34:45","modified_gmt":"2022-11-02T07:34:45","slug":"serengeti-leandro-glacier","status":"publish","type":"product","link":"https:\/\/lindegger-optic.ch\/en\/produit\/serengeti-leandro-glacier\/","title":{"rendered":"Serengeti Leandro Glacier"},"content":{"rendered":"<p><a href=\"https:\/\/www.serengeti-eyewear.com\/fr\/lens-tech.html\">Serengeti<\/a> sunglasses are 140 years of history combined with mineral lenses with photochromic technology. A Spectral Control filter to increase contrast and colors, and finally a polarization to reduce glare.<\/p>\n<p> <a href=\"https:\/\/www.serengeti-eyewear.com\/fr\/lens-tech.html\">Serengeti<\/a> mineral glasses are manufactured in large hydrogen furnaces. This process creates a chemical dip protection against scratches, impacts and extreme temperature changes.<\/p>\n<p>In order to fully enjoy the benefits of <a href=\"https:\/\/www.serengeti-eyewear.com\/fr\/lens-tech.html\">Serengeti<\/a> lenses, an anti-reflective coating is integrated on the inside of the lenses. PhD treatment for cleaner, longer lasting eyewear and a highly durable hydrophobic, oleophobic and anti-fog treatment make these glasses your easy-going everyday allies.<\/p>\n","protected":false},"excerpt":{"rendered":"<p> <a href=\"https:\/\/www.serengeti-eyewear.com\/fr\/lens-tech.html\">Serengeti<\/a>&#8216;s expertise is to combine all the possible options for your sunglasses. High performance, they adapt to all situations.<\/p>\n","protected":false},"featured_media":14035,"comment_status":"closed","ping_status":"closed","template":"","meta":{"_et_pb_use_builder":"","_et_pb_old_content":"","_et_gb_content_width":""},"product_cat":[1398,1389],"product_tag":[1407,1403,1404,1402,1409,1410,1411,1405,1406,1401,1408,1400,1412],"class_list":{"0":"post-15521","1":"product","2":"type-product","3":"status-publish","4":"has-post-thumbnail","6":"product_cat-selection-sunglasses-of-the-month","7":"product_cat-sunglasses","8":"product_tag-classic-sunglasses","9":"product_tag-fashionable-glasses","10":"product_tag-glasses","11":"product_tag-mode-en","12":"product_tag-modern-glasses","13":"product_tag-polarized","14":"product_tag-polarizing","15":"product_tag-serengeti-en","16":"product_tag-serengeti-eyewear-en","17":"product_tag-solar-serengeti","18":"product_tag-sport-sunglasses","19":"product_tag-sunglasses-en","20":"product_tag-sunglasses-and-accessories","22":"first","23":"instock","24":"taxable","25":"shipping-taxable","26":"product-type-variable"},"yoast_head":"<!-- This site is optimized with the Yoast SEO plugin v23.6 - https:\/\/yoast.com\/wordpress\/plugins\/seo\/ -->\n<title>Find Serengeti Leandro Glacier at Lindegger Optique<\/title>\n<meta name=\"description\" content=\"Serengeti Leandro Glacier &#039;s expertise is in combining all the possible options for your sunglasses.\" \/>\n<meta name=\"robots\" content=\"index, follow, max-snippet:-1, max-image-preview:large, max-video-preview:-1\" \/>\n<link rel=\"canonical\" href=\"https:\/\/lindegger-optic.ch\/en\/produit\/serengeti-leandro-glacier\/\" \/>\n<meta property=\"og:locale\" content=\"en_US\" \/>\n<meta property=\"og:type\" content=\"article\" \/>\n<meta property=\"og:title\" content=\"Find Serengeti Leandro Glacier at Lindegger Optique\" \/>\n<meta property=\"og:description\" content=\"Serengeti Leandro Glacier &#039;s expertise is in combining all the possible options for your sunglasses.\" \/>\n<meta property=\"og:url\" content=\"https:\/\/lindegger-optic.ch\/en\/produit\/serengeti-leandro-glacier\/\" \/>\n<meta property=\"og:site_name\" content=\"Lindegger Optic, votre opticien \u00e0 Gen\u00e8ve, la meilleure qualit\u00e9 au service de votre vue\" \/>\n<meta property=\"og:image\" content=\"https:\/\/lindegger-optic.ch\/wp-content\/uploads\/8585_Leandro-Glacier_Black-Dark-Gunmetal-Matte-Mineral-Polarized-555nm-Cat-3-to-3-03-scaled.jpg\" \/>\n\t<meta property=\"og:image:width\" content=\"2560\" \/>\n\t<meta property=\"og:image:height\" content=\"1154\" \/>\n\t<meta property=\"og:image:type\" content=\"image\/jpeg\" \/>\n<meta name=\"twitter:card\" content=\"summary_large_image\" \/>\n<script type=\"application\/ld+json\" class=\"yoast-schema-graph\">{\"@context\":\"https:\/\/schema.org\",\"@graph\":[{\"@type\":\"WebPage\",\"@id\":\"https:\/\/lindegger-optic.ch\/en\/produit\/serengeti-leandro-glacier\/\",\"url\":\"https:\/\/lindegger-optic.ch\/en\/produit\/serengeti-leandro-glacier\/\",\"name\":\"Find Serengeti Leandro Glacier at Lindegger Optique\",\"isPartOf\":{\"@id\":\"https:\/\/lindegger-optic.ch\/#website\"},\"primaryImageOfPage\":{\"@id\":\"https:\/\/lindegger-optic.ch\/en\/produit\/serengeti-leandro-glacier\/#primaryimage\"},\"image\":{\"@id\":\"https:\/\/lindegger-optic.ch\/en\/produit\/serengeti-leandro-glacier\/#primaryimage\"},\"thumbnailUrl\":\"https:\/\/lindegger-optic.ch\/wp-content\/uploads\/8585_Leandro-Glacier_Black-Dark-Gunmetal-Matte-Mineral-Polarized-555nm-Cat-3-to-3-03-scaled.jpg\",\"datePublished\":\"2022-11-02T07:34:45+00:00\",\"dateModified\":\"2022-11-02T07:34:45+00:00\",\"description\":\"Serengeti Leandro Glacier 's expertise is in combining all the possible options for your sunglasses.\",\"breadcrumb\":{\"@id\":\"https:\/\/lindegger-optic.ch\/en\/produit\/serengeti-leandro-glacier\/#breadcrumb\"},\"inLanguage\":\"en-US\",\"potentialAction\":[{\"@type\":\"ReadAction\",\"target\":[\"https:\/\/lindegger-optic.ch\/en\/produit\/serengeti-leandro-glacier\/\"]}]},{\"@type\":\"ImageObject\",\"inLanguage\":\"en-US\",\"@id\":\"https:\/\/lindegger-optic.ch\/en\/produit\/serengeti-leandro-glacier\/#primaryimage\",\"url\":\"https:\/\/lindegger-optic.ch\/wp-content\/uploads\/8585_Leandro-Glacier_Black-Dark-Gunmetal-Matte-Mineral-Polarized-555nm-Cat-3-to-3-03-scaled.jpg\",\"contentUrl\":\"https:\/\/lindegger-optic.ch\/wp-content\/uploads\/8585_Leandro-Glacier_Black-Dark-Gunmetal-Matte-Mineral-Polarized-555nm-Cat-3-to-3-03-scaled.jpg\",\"width\":2560,\"height\":1154,\"caption\":\"Serengeti 8585_Leandro Glacier_Black Dark Gunmetal Matte-Mineral Polarized 555nm Cat 3 to 3-03\"},{\"@type\":\"BreadcrumbList\",\"@id\":\"https:\/\/lindegger-optic.ch\/en\/produit\/serengeti-leandro-glacier\/#breadcrumb\",\"itemListElement\":[{\"@type\":\"ListItem\",\"position\":1,\"name\":\"Accueil\",\"item\":\"https:\/\/lindegger-optic.ch\/en\/home\/\"},{\"@type\":\"ListItem\",\"position\":2,\"name\":\"Shop\",\"item\":\"https:\/\/lindegger-optic.ch\/shop\/\"},{\"@type\":\"ListItem\",\"position\":3,\"name\":\"Serengeti Leandro Glacier\"}]},{\"@type\":\"WebSite\",\"@id\":\"https:\/\/lindegger-optic.ch\/#website\",\"url\":\"https:\/\/lindegger-optic.ch\/\",\"name\":\"Lindegger Optic, votre opticien \u00e0 Gen\u00e8ve, la meilleure qualit\u00e9 au service de votre vue\",\"description\":\"\",\"potentialAction\":[{\"@type\":\"SearchAction\",\"target\":{\"@type\":\"EntryPoint\",\"urlTemplate\":\"https:\/\/lindegger-optic.ch\/?s={search_term_string}\"},\"query-input\":{\"@type\":\"PropertyValueSpecification\",\"valueRequired\":true,\"valueName\":\"search_term_string\"}}],\"inLanguage\":\"en-US\"}]}<\/script>\n<!-- \/ Yoast SEO plugin. -->","yoast_head_json":{"title":"Find Serengeti Leandro Glacier at Lindegger Optique","description":"Serengeti Leandro Glacier 's expertise is in combining all the possible options for your sunglasses.","robots":{"index":"index","follow":"follow","max-snippet":"max-snippet:-1","max-image-preview":"max-image-preview:large","max-video-preview":"max-video-preview:-1"},"canonical":"https:\/\/lindegger-optic.ch\/en\/produit\/serengeti-leandro-glacier\/","og_locale":"en_US","og_type":"article","og_title":"Find Serengeti Leandro Glacier at Lindegger Optique","og_description":"Serengeti Leandro Glacier 's expertise is in combining all the possible options for your sunglasses.","og_url":"https:\/\/lindegger-optic.ch\/en\/produit\/serengeti-leandro-glacier\/","og_site_name":"Lindegger Optic, votre opticien \u00e0 Gen\u00e8ve, la meilleure qualit\u00e9 au service de votre vue","og_image":[{"width":2560,"height":1154,"url":"https:\/\/lindegger-optic.ch\/wp-content\/uploads\/8585_Leandro-Glacier_Black-Dark-Gunmetal-Matte-Mineral-Polarized-555nm-Cat-3-to-3-03-scaled.jpg","type":"image\/jpeg"}],"twitter_card":"summary_large_image","schema":{"@context":"https:\/\/schema.org","@graph":[{"@type":"WebPage","@id":"https:\/\/lindegger-optic.ch\/en\/produit\/serengeti-leandro-glacier\/","url":"https:\/\/lindegger-optic.ch\/en\/produit\/serengeti-leandro-glacier\/","name":"Find Serengeti Leandro Glacier at Lindegger Optique","isPartOf":{"@id":"https:\/\/lindegger-optic.ch\/#website"},"primaryImageOfPage":{"@id":"https:\/\/lindegger-optic.ch\/en\/produit\/serengeti-leandro-glacier\/#primaryimage"},"image":{"@id":"https:\/\/lindegger-optic.ch\/en\/produit\/serengeti-leandro-glacier\/#primaryimage"},"thumbnailUrl":"https:\/\/lindegger-optic.ch\/wp-content\/uploads\/8585_Leandro-Glacier_Black-Dark-Gunmetal-Matte-Mineral-Polarized-555nm-Cat-3-to-3-03-scaled.jpg","datePublished":"2022-11-02T07:34:45+00:00","dateModified":"2022-11-02T07:34:45+00:00","description":"Serengeti Leandro Glacier 's expertise is in combining all the possible options for your sunglasses.","breadcrumb":{"@id":"https:\/\/lindegger-optic.ch\/en\/produit\/serengeti-leandro-glacier\/#breadcrumb"},"inLanguage":"en-US","potentialAction":[{"@type":"ReadAction","target":["https:\/\/lindegger-optic.ch\/en\/produit\/serengeti-leandro-glacier\/"]}]},{"@type":"ImageObject","inLanguage":"en-US","@id":"https:\/\/lindegger-optic.ch\/en\/produit\/serengeti-leandro-glacier\/#primaryimage","url":"https:\/\/lindegger-optic.ch\/wp-content\/uploads\/8585_Leandro-Glacier_Black-Dark-Gunmetal-Matte-Mineral-Polarized-555nm-Cat-3-to-3-03-scaled.jpg","contentUrl":"https:\/\/lindegger-optic.ch\/wp-content\/uploads\/8585_Leandro-Glacier_Black-Dark-Gunmetal-Matte-Mineral-Polarized-555nm-Cat-3-to-3-03-scaled.jpg","width":2560,"height":1154,"caption":"Serengeti 8585_Leandro Glacier_Black Dark Gunmetal Matte-Mineral Polarized 555nm Cat 3 to 3-03"},{"@type":"BreadcrumbList","@id":"https:\/\/lindegger-optic.ch\/en\/produit\/serengeti-leandro-glacier\/#breadcrumb","itemListElement":[{"@type":"ListItem","position":1,"name":"Accueil","item":"https:\/\/lindegger-optic.ch\/en\/home\/"},{"@type":"ListItem","position":2,"name":"Shop","item":"https:\/\/lindegger-optic.ch\/shop\/"},{"@type":"ListItem","position":3,"name":"Serengeti Leandro Glacier"}]},{"@type":"WebSite","@id":"https:\/\/lindegger-optic.ch\/#website","url":"https:\/\/lindegger-optic.ch\/","name":"Lindegger Optic, votre opticien \u00e0 Gen\u00e8ve, la meilleure qualit\u00e9 au service de votre vue","description":"","potentialAction":[{"@type":"SearchAction","target":{"@type":"EntryPoint","urlTemplate":"https:\/\/lindegger-optic.ch\/?s={search_term_string}"},"query-input":{"@type":"PropertyValueSpecification","valueRequired":true,"valueName":"search_term_string"}}],"inLanguage":"en-US"}]}},"_links":{"self":[{"href":"https:\/\/lindegger-optic.ch\/en\/wp-json\/wp\/v2\/product\/15521"}],"collection":[{"href":"https:\/\/lindegger-optic.ch\/en\/wp-json\/wp\/v2\/product"}],"about":[{"href":"https:\/\/lindegger-optic.ch\/en\/wp-json\/wp\/v2\/types\/product"}],"replies":[{"embeddable":true,"href":"https:\/\/lindegger-optic.ch\/en\/wp-json\/wp\/v2\/comments?post=15521"}],"wp:featuredmedia":[{"embeddable":true,"href":"https:\/\/lindegger-optic.ch\/en\/wp-json\/wp\/v2\/media\/14035"}],"wp:attachment":[{"href":"https:\/\/lindegger-optic.ch\/en\/wp-json\/wp\/v2\/media?parent=15521"}],"wp:term":[{"taxonomy":"product_cat","embeddable":true,"href":"https:\/\/lindegger-optic.ch\/en\/wp-json\/wp\/v2\/product_cat?post=15521"},{"taxonomy":"product_tag","embeddable":true,"href":"https:\/\/lindegger-optic.ch\/en\/wp-json\/wp\/v2\/product_tag?post=15521"}],"curies":[{"name":"wp","href":"https:\/\/api.w.org\/{rel}","templated":true}]}}