{"id":15523,"date":"2022-11-02T08:36:19","date_gmt":"2022-11-02T07:36:19","guid":{"rendered":"https:\/\/lindegger-optic.ch\/produit\/morel-by-jean-nouvel\/"},"modified":"2022-11-02T08:36:19","modified_gmt":"2022-11-02T07:36:19","slug":"morel-by-jean-nouvel","status":"publish","type":"product","link":"https:\/\/lindegger-optic.ch\/en\/produit\/morel-by-jean-nouvel\/","title":{"rendered":"Morel by Jean Nouvel"},"content":{"rendered":"<p>An architect&#8217;s view of a telescope? As surprising as it is unexpected, the <a href=\"https:\/\/morel-france.com\/pages\/collab-jean-nouvel\">Morel by Jean<\/a> Nouvel collaboration defies preconceptions by bringing together two distant worlds.<\/p>\n<p>On the one hand, <a href=\"https:\/\/morel-france.com\/pages\/140ans-heritage\">Morel, a French eyewear manufacturer since 1880, is <\/a>recognized worldwide for its know-how. A family that has been designing eyewear for 4 generations. Each generation has learned from the previous ones, while bringing its own entrepreneurial vision. On the other hand, <a href=\"http:\/\/www.jeannouvel.com\/\">Jean Nouvel<\/a>, a contemporary architect of international renown, with achievements as exceptional as they are complex, a harmonious blend of curves and straight lines. His most famous buildings are the Louvre in Abu Dhabi, the 5353 tower in New York and the National Museum in Qatar.<\/p>\n<p>The marriage of the 2? A true exercise in style that stems from a common reflection on the structure, materials, lines and attitudes, in order to offer a premium product, without concession: simple glasses, with direct lines, made of acetate or metal.<\/p>\n<p>&nbsp;<\/p>\n<p>&nbsp;<\/p>\n<p>&nbsp;<\/p>\n<p>&nbsp;<\/p>\n<p>&nbsp;<\/p>\n","protected":false},"excerpt":{"rendered":"<p>As surprising as it is unexpected, the <a href=\"https:\/\/morel-france.com\/pages\/collab-jean-nouvel\">Morel by Jean<\/a> Nouvel collaboration defies preconceptions by bringing together two distant worlds: architecture and eyewear. On the one hand, <a href=\"https:\/\/morel-france.com\/pages\/140ans-heritage\">Morel, a French eyewear manufacturer since 1880<\/a> and recognized worldwide for its know-how. On the other hand, <a href=\"http:\/\/www.jeannouvel.com\/\">Jean Nouvel<\/a>, an internationally renowned contemporary architect, with achievements as exceptional as they are complex.<\/p>\n","protected":false},"featured_media":13985,"comment_status":"closed","ping_status":"closed","template":"","meta":{"_et_pb_use_builder":"","_et_pb_old_content":"","_et_gb_content_width":""},"product_cat":[1397],"product_tag":[1423,1425,1403,1404,1426,1409,1424],"class_list":{"0":"post-15523","1":"product","2":"type-product","3":"status-publish","4":"has-post-thumbnail","6":"product_cat-selection-of-the-month-glasses","7":"product_tag-eyeglasses","8":"product_tag-fashion-glasses","9":"product_tag-fashionable-glasses","10":"product_tag-glasses","11":"product_tag-jean-nouvel-en","12":"product_tag-modern-glasses","13":"product_tag-optical-glasses","15":"first","16":"instock","17":"taxable","18":"shipping-taxable","19":"product-type-simple"},"yoast_head":"<!-- This site is optimized with the Yoast SEO plugin v23.6 - https:\/\/yoast.com\/wordpress\/plugins\/seo\/ -->\n<title>Achetez Morel by Jean Nouvel chez Lindegger Optique<\/title>\n<meta name=\"description\" content=\"Achetez Morel by Jean Nouvel au meilleur prix chez Lindegger Optique. Livraison gratuite en 48 heures !\" \/>\n<meta name=\"robots\" content=\"index, follow, max-snippet:-1, max-image-preview:large, max-video-preview:-1\" \/>\n<link rel=\"canonical\" href=\"https:\/\/lindegger-optic.ch\/en\/produit\/morel-by-jean-nouvel\/\" \/>\n<meta property=\"og:locale\" content=\"en_US\" \/>\n<meta property=\"og:type\" content=\"article\" \/>\n<meta property=\"og:title\" content=\"Achetez Morel by Jean Nouvel chez Lindegger Optique\" \/>\n<meta property=\"og:description\" content=\"Achetez Morel by Jean Nouvel au meilleur prix chez Lindegger Optique. Livraison gratuite en 48 heures !\" \/>\n<meta property=\"og:url\" content=\"https:\/\/lindegger-optic.ch\/en\/produit\/morel-by-jean-nouvel\/\" \/>\n<meta property=\"og:site_name\" content=\"Lindegger Optic, votre opticien \u00e0 Gen\u00e8ve, la meilleure qualit\u00e9 au service de votre vue\" \/>\n<meta property=\"og:image\" content=\"https:\/\/lindegger-optic.ch\/wp-content\/uploads\/Jean-NOUVEL-90013C.webp\" \/>\n\t<meta property=\"og:image:width\" content=\"2000\" \/>\n\t<meta property=\"og:image:height\" content=\"1999\" \/>\n\t<meta property=\"og:image:type\" content=\"image\/webp\" \/>\n<meta name=\"twitter:card\" content=\"summary_large_image\" \/>\n<meta name=\"twitter:label1\" content=\"Est. reading time\" \/>\n\t<meta name=\"twitter:data1\" content=\"1 minute\" \/>\n<script type=\"application\/ld+json\" class=\"yoast-schema-graph\">{\"@context\":\"https:\/\/schema.org\",\"@graph\":[{\"@type\":\"WebPage\",\"@id\":\"https:\/\/lindegger-optic.ch\/en\/produit\/morel-by-jean-nouvel\/\",\"url\":\"https:\/\/lindegger-optic.ch\/en\/produit\/morel-by-jean-nouvel\/\",\"name\":\"Achetez Morel by Jean Nouvel chez Lindegger Optique\",\"isPartOf\":{\"@id\":\"https:\/\/lindegger-optic.ch\/#website\"},\"primaryImageOfPage\":{\"@id\":\"https:\/\/lindegger-optic.ch\/en\/produit\/morel-by-jean-nouvel\/#primaryimage\"},\"image\":{\"@id\":\"https:\/\/lindegger-optic.ch\/en\/produit\/morel-by-jean-nouvel\/#primaryimage\"},\"thumbnailUrl\":\"https:\/\/lindegger-optic.ch\/wp-content\/uploads\/Jean-NOUVEL-90013C.webp\",\"datePublished\":\"2022-11-02T07:36:19+00:00\",\"dateModified\":\"2022-11-02T07:36:19+00:00\",\"description\":\"Achetez Morel by Jean Nouvel au meilleur prix chez Lindegger Optique. Livraison gratuite en 48 heures !\",\"breadcrumb\":{\"@id\":\"https:\/\/lindegger-optic.ch\/en\/produit\/morel-by-jean-nouvel\/#breadcrumb\"},\"inLanguage\":\"en-US\",\"potentialAction\":[{\"@type\":\"ReadAction\",\"target\":[\"https:\/\/lindegger-optic.ch\/en\/produit\/morel-by-jean-nouvel\/\"]}]},{\"@type\":\"ImageObject\",\"inLanguage\":\"en-US\",\"@id\":\"https:\/\/lindegger-optic.ch\/en\/produit\/morel-by-jean-nouvel\/#primaryimage\",\"url\":\"https:\/\/lindegger-optic.ch\/wp-content\/uploads\/Jean-NOUVEL-90013C.webp\",\"contentUrl\":\"https:\/\/lindegger-optic.ch\/wp-content\/uploads\/Jean-NOUVEL-90013C.webp\",\"width\":2000,\"height\":1999,\"caption\":\"Jean NOUVEL - 90013C\"},{\"@type\":\"BreadcrumbList\",\"@id\":\"https:\/\/lindegger-optic.ch\/en\/produit\/morel-by-jean-nouvel\/#breadcrumb\",\"itemListElement\":[{\"@type\":\"ListItem\",\"position\":1,\"name\":\"Accueil\",\"item\":\"https:\/\/lindegger-optic.ch\/en\/home\/\"},{\"@type\":\"ListItem\",\"position\":2,\"name\":\"Shop\",\"item\":\"https:\/\/lindegger-optic.ch\/shop\/\"},{\"@type\":\"ListItem\",\"position\":3,\"name\":\"Morel by Jean Nouvel\"}]},{\"@type\":\"WebSite\",\"@id\":\"https:\/\/lindegger-optic.ch\/#website\",\"url\":\"https:\/\/lindegger-optic.ch\/\",\"name\":\"Lindegger Optic, votre opticien \u00e0 Gen\u00e8ve, la meilleure qualit\u00e9 au service de votre vue\",\"description\":\"\",\"potentialAction\":[{\"@type\":\"SearchAction\",\"target\":{\"@type\":\"EntryPoint\",\"urlTemplate\":\"https:\/\/lindegger-optic.ch\/?s={search_term_string}\"},\"query-input\":{\"@type\":\"PropertyValueSpecification\",\"valueRequired\":true,\"valueName\":\"search_term_string\"}}],\"inLanguage\":\"en-US\"}]}<\/script>\n<!-- \/ Yoast SEO plugin. -->","yoast_head_json":{"title":"Achetez Morel by Jean Nouvel chez Lindegger Optique","description":"Achetez Morel by Jean Nouvel au meilleur prix chez Lindegger Optique. Livraison gratuite en 48 heures !","robots":{"index":"index","follow":"follow","max-snippet":"max-snippet:-1","max-image-preview":"max-image-preview:large","max-video-preview":"max-video-preview:-1"},"canonical":"https:\/\/lindegger-optic.ch\/en\/produit\/morel-by-jean-nouvel\/","og_locale":"en_US","og_type":"article","og_title":"Achetez Morel by Jean Nouvel chez Lindegger Optique","og_description":"Achetez Morel by Jean Nouvel au meilleur prix chez Lindegger Optique. Livraison gratuite en 48 heures !","og_url":"https:\/\/lindegger-optic.ch\/en\/produit\/morel-by-jean-nouvel\/","og_site_name":"Lindegger Optic, votre opticien \u00e0 Gen\u00e8ve, la meilleure qualit\u00e9 au service de votre vue","og_image":[{"width":2000,"height":1999,"url":"https:\/\/lindegger-optic.ch\/wp-content\/uploads\/Jean-NOUVEL-90013C.webp","type":"image\/webp"}],"twitter_card":"summary_large_image","twitter_misc":{"Est. reading time":"1 minute"},"schema":{"@context":"https:\/\/schema.org","@graph":[{"@type":"WebPage","@id":"https:\/\/lindegger-optic.ch\/en\/produit\/morel-by-jean-nouvel\/","url":"https:\/\/lindegger-optic.ch\/en\/produit\/morel-by-jean-nouvel\/","name":"Achetez Morel by Jean Nouvel chez Lindegger Optique","isPartOf":{"@id":"https:\/\/lindegger-optic.ch\/#website"},"primaryImageOfPage":{"@id":"https:\/\/lindegger-optic.ch\/en\/produit\/morel-by-jean-nouvel\/#primaryimage"},"image":{"@id":"https:\/\/lindegger-optic.ch\/en\/produit\/morel-by-jean-nouvel\/#primaryimage"},"thumbnailUrl":"https:\/\/lindegger-optic.ch\/wp-content\/uploads\/Jean-NOUVEL-90013C.webp","datePublished":"2022-11-02T07:36:19+00:00","dateModified":"2022-11-02T07:36:19+00:00","description":"Achetez Morel by Jean Nouvel au meilleur prix chez Lindegger Optique. Livraison gratuite en 48 heures !","breadcrumb":{"@id":"https:\/\/lindegger-optic.ch\/en\/produit\/morel-by-jean-nouvel\/#breadcrumb"},"inLanguage":"en-US","potentialAction":[{"@type":"ReadAction","target":["https:\/\/lindegger-optic.ch\/en\/produit\/morel-by-jean-nouvel\/"]}]},{"@type":"ImageObject","inLanguage":"en-US","@id":"https:\/\/lindegger-optic.ch\/en\/produit\/morel-by-jean-nouvel\/#primaryimage","url":"https:\/\/lindegger-optic.ch\/wp-content\/uploads\/Jean-NOUVEL-90013C.webp","contentUrl":"https:\/\/lindegger-optic.ch\/wp-content\/uploads\/Jean-NOUVEL-90013C.webp","width":2000,"height":1999,"caption":"Jean NOUVEL - 90013C"},{"@type":"BreadcrumbList","@id":"https:\/\/lindegger-optic.ch\/en\/produit\/morel-by-jean-nouvel\/#breadcrumb","itemListElement":[{"@type":"ListItem","position":1,"name":"Accueil","item":"https:\/\/lindegger-optic.ch\/en\/home\/"},{"@type":"ListItem","position":2,"name":"Shop","item":"https:\/\/lindegger-optic.ch\/shop\/"},{"@type":"ListItem","position":3,"name":"Morel by Jean Nouvel"}]},{"@type":"WebSite","@id":"https:\/\/lindegger-optic.ch\/#website","url":"https:\/\/lindegger-optic.ch\/","name":"Lindegger Optic, votre opticien \u00e0 Gen\u00e8ve, la meilleure qualit\u00e9 au service de votre vue","description":"","potentialAction":[{"@type":"SearchAction","target":{"@type":"EntryPoint","urlTemplate":"https:\/\/lindegger-optic.ch\/?s={search_term_string}"},"query-input":{"@type":"PropertyValueSpecification","valueRequired":true,"valueName":"search_term_string"}}],"inLanguage":"en-US"}]}},"_links":{"self":[{"href":"https:\/\/lindegger-optic.ch\/en\/wp-json\/wp\/v2\/product\/15523"}],"collection":[{"href":"https:\/\/lindegger-optic.ch\/en\/wp-json\/wp\/v2\/product"}],"about":[{"href":"https:\/\/lindegger-optic.ch\/en\/wp-json\/wp\/v2\/types\/product"}],"replies":[{"embeddable":true,"href":"https:\/\/lindegger-optic.ch\/en\/wp-json\/wp\/v2\/comments?post=15523"}],"wp:featuredmedia":[{"embeddable":true,"href":"https:\/\/lindegger-optic.ch\/en\/wp-json\/wp\/v2\/media\/13985"}],"wp:attachment":[{"href":"https:\/\/lindegger-optic.ch\/en\/wp-json\/wp\/v2\/media?parent=15523"}],"wp:term":[{"taxonomy":"product_cat","embeddable":true,"href":"https:\/\/lindegger-optic.ch\/en\/wp-json\/wp\/v2\/product_cat?post=15523"},{"taxonomy":"product_tag","embeddable":true,"href":"https:\/\/lindegger-optic.ch\/en\/wp-json\/wp\/v2\/product_tag?post=15523"}],"curies":[{"name":"wp","href":"https:\/\/api.w.org\/{rel}","templated":true}]}}