{"id":15524,"date":"2022-11-02T08:36:49","date_gmt":"2022-11-02T07:36:49","guid":{"rendered":"https:\/\/lindegger-optic.ch\/produit\/lamarca-ceselli-model\/"},"modified":"2024-10-08T05:50:51","modified_gmt":"2024-10-08T03:50:51","slug":"lamarca-ceselli-model","status":"publish","type":"product","link":"https:\/\/lindegger-optic.ch\/en\/produit\/lamarca-ceselli-model\/","title":{"rendered":"Lamarca, Ceselli model"},"content":{"rendered":"<p>The Italian brand <a href=\"https:\/\/lamarcaeyewear.com\/portfolio_page\/ceselli-89\/\">Lamarca<\/a> stands out for its <strong>unique eyewear<\/strong> handcrafted in the Venice area. The designers wanted to tell a beautiful story by bringing emotion, beauty, poetry and originality to the collections.<\/p>\n<p>Each model is designed with the greatest care and respect for tradition, resulting in high quality frames. Easily identifiable for their <strong>sophistication and elegance<\/strong>, Lamarca frames are distinguished by their color combination and sophisticated aesthetic.<\/p>\n<p>Lovers of beautiful objects? The collections are waiting for you!<\/p>\n<p>&nbsp;<\/p>\n","protected":false},"excerpt":{"rendered":"<p>The Italian brand <a href=\"https:\/\/lamarcaeyewear.com\/portfolio_page\/ceselli-89\/\">Lamarca<\/a> stands out for its <strong>unique eyewear<\/strong> handcrafted in the Venice area. The designers wanted to tell a beautiful story by bringing emotion, beauty, poetry and originality to the collections.<\/p>\n","protected":false},"featured_media":13983,"comment_status":"closed","ping_status":"closed","template":"","meta":{"_et_pb_use_builder":"","_et_pb_old_content":"","_et_gb_content_width":""},"product_cat":[1387],"product_tag":[1423,1403,1404,1427,1428,1429,1424],"class_list":{"0":"post-15524","1":"product","2":"type-product","3":"status-publish","4":"has-post-thumbnail","6":"product_cat-contact-lens","7":"product_tag-eyeglasses","8":"product_tag-fashionable-glasses","9":"product_tag-glasses","10":"product_tag-la-marca-en","11":"product_tag-lamarca-en","12":"product_tag-lamarca-eyewear-en","13":"product_tag-optical-glasses","15":"first","16":"instock","17":"taxable","18":"shipping-taxable","19":"product-type-simple"},"yoast_head":"<!-- This site is optimized with the Yoast SEO plugin v23.6 - https:\/\/yoast.com\/wordpress\/plugins\/seo\/ -->\n<title>Achetez Lamarca, Ceselli model chez Lindegger Optique<\/title>\n<meta name=\"description\" content=\"Lamarca, Ceselli model a team of designers, technicians and workers to create exceptional glasses.\" \/>\n<meta name=\"robots\" content=\"index, follow, max-snippet:-1, max-image-preview:large, max-video-preview:-1\" \/>\n<link rel=\"canonical\" href=\"https:\/\/lindegger-optic.ch\/en\/produit\/lamarca-ceselli-model\/\" \/>\n<meta property=\"og:locale\" content=\"en_US\" \/>\n<meta property=\"og:type\" content=\"article\" \/>\n<meta property=\"og:title\" content=\"Achetez Lamarca, Ceselli model chez Lindegger Optique\" \/>\n<meta property=\"og:description\" content=\"Lamarca, Ceselli model a team of designers, technicians and workers to create exceptional glasses.\" \/>\n<meta property=\"og:url\" content=\"https:\/\/lindegger-optic.ch\/en\/produit\/lamarca-ceselli-model\/\" \/>\n<meta property=\"og:site_name\" content=\"Lindegger Optic, votre opticien \u00e0 Gen\u00e8ve, la meilleure qualit\u00e9 au service de votre vue\" \/>\n<meta property=\"article:modified_time\" content=\"2024-10-08T03:50:51+00:00\" \/>\n<meta property=\"og:image\" content=\"https:\/\/lindegger-optic.ch\/wp-content\/uploads\/CESELLI-89-col-03.jpg\" \/>\n\t<meta property=\"og:image:width\" content=\"1600\" \/>\n\t<meta property=\"og:image:height\" content=\"900\" \/>\n\t<meta property=\"og:image:type\" content=\"image\/jpeg\" \/>\n<meta name=\"twitter:card\" content=\"summary_large_image\" \/>\n<script type=\"application\/ld+json\" class=\"yoast-schema-graph\">{\"@context\":\"https:\/\/schema.org\",\"@graph\":[{\"@type\":\"WebPage\",\"@id\":\"https:\/\/lindegger-optic.ch\/en\/produit\/lamarca-ceselli-model\/\",\"url\":\"https:\/\/lindegger-optic.ch\/en\/produit\/lamarca-ceselli-model\/\",\"name\":\"Achetez Lamarca, Ceselli model chez Lindegger Optique\",\"isPartOf\":{\"@id\":\"https:\/\/lindegger-optic.ch\/#website\"},\"primaryImageOfPage\":{\"@id\":\"https:\/\/lindegger-optic.ch\/en\/produit\/lamarca-ceselli-model\/#primaryimage\"},\"image\":{\"@id\":\"https:\/\/lindegger-optic.ch\/en\/produit\/lamarca-ceselli-model\/#primaryimage\"},\"thumbnailUrl\":\"https:\/\/lindegger-optic.ch\/wp-content\/uploads\/CESELLI-89-col-03.jpg\",\"datePublished\":\"2022-11-02T07:36:49+00:00\",\"dateModified\":\"2024-10-08T03:50:51+00:00\",\"description\":\"Lamarca, Ceselli model a team of designers, technicians and workers to create exceptional glasses.\",\"breadcrumb\":{\"@id\":\"https:\/\/lindegger-optic.ch\/en\/produit\/lamarca-ceselli-model\/#breadcrumb\"},\"inLanguage\":\"en-US\",\"potentialAction\":[{\"@type\":\"ReadAction\",\"target\":[\"https:\/\/lindegger-optic.ch\/en\/produit\/lamarca-ceselli-model\/\"]}]},{\"@type\":\"ImageObject\",\"inLanguage\":\"en-US\",\"@id\":\"https:\/\/lindegger-optic.ch\/en\/produit\/lamarca-ceselli-model\/#primaryimage\",\"url\":\"https:\/\/lindegger-optic.ch\/wp-content\/uploads\/CESELLI-89-col-03.jpg\",\"contentUrl\":\"https:\/\/lindegger-optic.ch\/wp-content\/uploads\/CESELLI-89-col-03.jpg\",\"width\":1600,\"height\":900,\"caption\":\"LaMarca mod\u00e8le CESELLI-89-couleur-03\"},{\"@type\":\"BreadcrumbList\",\"@id\":\"https:\/\/lindegger-optic.ch\/en\/produit\/lamarca-ceselli-model\/#breadcrumb\",\"itemListElement\":[{\"@type\":\"ListItem\",\"position\":1,\"name\":\"Accueil\",\"item\":\"https:\/\/lindegger-optic.ch\/en\/home\/\"},{\"@type\":\"ListItem\",\"position\":2,\"name\":\"Shop\",\"item\":\"https:\/\/lindegger-optic.ch\/shop\/\"},{\"@type\":\"ListItem\",\"position\":3,\"name\":\"Lamarca, Ceselli model\"}]},{\"@type\":\"WebSite\",\"@id\":\"https:\/\/lindegger-optic.ch\/#website\",\"url\":\"https:\/\/lindegger-optic.ch\/\",\"name\":\"Lindegger Optic, votre opticien \u00e0 Gen\u00e8ve, la meilleure qualit\u00e9 au service de votre vue\",\"description\":\"\",\"potentialAction\":[{\"@type\":\"SearchAction\",\"target\":{\"@type\":\"EntryPoint\",\"urlTemplate\":\"https:\/\/lindegger-optic.ch\/?s={search_term_string}\"},\"query-input\":{\"@type\":\"PropertyValueSpecification\",\"valueRequired\":true,\"valueName\":\"search_term_string\"}}],\"inLanguage\":\"en-US\"}]}<\/script>\n<!-- \/ Yoast SEO plugin. -->","yoast_head_json":{"title":"Achetez Lamarca, Ceselli model chez Lindegger Optique","description":"Lamarca, Ceselli model a team of designers, technicians and workers to create exceptional glasses.","robots":{"index":"index","follow":"follow","max-snippet":"max-snippet:-1","max-image-preview":"max-image-preview:large","max-video-preview":"max-video-preview:-1"},"canonical":"https:\/\/lindegger-optic.ch\/en\/produit\/lamarca-ceselli-model\/","og_locale":"en_US","og_type":"article","og_title":"Achetez Lamarca, Ceselli model chez Lindegger Optique","og_description":"Lamarca, Ceselli model a team of designers, technicians and workers to create exceptional glasses.","og_url":"https:\/\/lindegger-optic.ch\/en\/produit\/lamarca-ceselli-model\/","og_site_name":"Lindegger Optic, votre opticien \u00e0 Gen\u00e8ve, la meilleure qualit\u00e9 au service de votre vue","article_modified_time":"2024-10-08T03:50:51+00:00","og_image":[{"width":1600,"height":900,"url":"https:\/\/lindegger-optic.ch\/wp-content\/uploads\/CESELLI-89-col-03.jpg","type":"image\/jpeg"}],"twitter_card":"summary_large_image","schema":{"@context":"https:\/\/schema.org","@graph":[{"@type":"WebPage","@id":"https:\/\/lindegger-optic.ch\/en\/produit\/lamarca-ceselli-model\/","url":"https:\/\/lindegger-optic.ch\/en\/produit\/lamarca-ceselli-model\/","name":"Achetez Lamarca, Ceselli model chez Lindegger Optique","isPartOf":{"@id":"https:\/\/lindegger-optic.ch\/#website"},"primaryImageOfPage":{"@id":"https:\/\/lindegger-optic.ch\/en\/produit\/lamarca-ceselli-model\/#primaryimage"},"image":{"@id":"https:\/\/lindegger-optic.ch\/en\/produit\/lamarca-ceselli-model\/#primaryimage"},"thumbnailUrl":"https:\/\/lindegger-optic.ch\/wp-content\/uploads\/CESELLI-89-col-03.jpg","datePublished":"2022-11-02T07:36:49+00:00","dateModified":"2024-10-08T03:50:51+00:00","description":"Lamarca, Ceselli model a team of designers, technicians and workers to create exceptional glasses.","breadcrumb":{"@id":"https:\/\/lindegger-optic.ch\/en\/produit\/lamarca-ceselli-model\/#breadcrumb"},"inLanguage":"en-US","potentialAction":[{"@type":"ReadAction","target":["https:\/\/lindegger-optic.ch\/en\/produit\/lamarca-ceselli-model\/"]}]},{"@type":"ImageObject","inLanguage":"en-US","@id":"https:\/\/lindegger-optic.ch\/en\/produit\/lamarca-ceselli-model\/#primaryimage","url":"https:\/\/lindegger-optic.ch\/wp-content\/uploads\/CESELLI-89-col-03.jpg","contentUrl":"https:\/\/lindegger-optic.ch\/wp-content\/uploads\/CESELLI-89-col-03.jpg","width":1600,"height":900,"caption":"LaMarca mod\u00e8le CESELLI-89-couleur-03"},{"@type":"BreadcrumbList","@id":"https:\/\/lindegger-optic.ch\/en\/produit\/lamarca-ceselli-model\/#breadcrumb","itemListElement":[{"@type":"ListItem","position":1,"name":"Accueil","item":"https:\/\/lindegger-optic.ch\/en\/home\/"},{"@type":"ListItem","position":2,"name":"Shop","item":"https:\/\/lindegger-optic.ch\/shop\/"},{"@type":"ListItem","position":3,"name":"Lamarca, Ceselli model"}]},{"@type":"WebSite","@id":"https:\/\/lindegger-optic.ch\/#website","url":"https:\/\/lindegger-optic.ch\/","name":"Lindegger Optic, votre opticien \u00e0 Gen\u00e8ve, la meilleure qualit\u00e9 au service de votre vue","description":"","potentialAction":[{"@type":"SearchAction","target":{"@type":"EntryPoint","urlTemplate":"https:\/\/lindegger-optic.ch\/?s={search_term_string}"},"query-input":{"@type":"PropertyValueSpecification","valueRequired":true,"valueName":"search_term_string"}}],"inLanguage":"en-US"}]}},"_links":{"self":[{"href":"https:\/\/lindegger-optic.ch\/en\/wp-json\/wp\/v2\/product\/15524"}],"collection":[{"href":"https:\/\/lindegger-optic.ch\/en\/wp-json\/wp\/v2\/product"}],"about":[{"href":"https:\/\/lindegger-optic.ch\/en\/wp-json\/wp\/v2\/types\/product"}],"replies":[{"embeddable":true,"href":"https:\/\/lindegger-optic.ch\/en\/wp-json\/wp\/v2\/comments?post=15524"}],"wp:featuredmedia":[{"embeddable":true,"href":"https:\/\/lindegger-optic.ch\/en\/wp-json\/wp\/v2\/media\/13983"}],"wp:attachment":[{"href":"https:\/\/lindegger-optic.ch\/en\/wp-json\/wp\/v2\/media?parent=15524"}],"wp:term":[{"taxonomy":"product_cat","embeddable":true,"href":"https:\/\/lindegger-optic.ch\/en\/wp-json\/wp\/v2\/product_cat?post=15524"},{"taxonomy":"product_tag","embeddable":true,"href":"https:\/\/lindegger-optic.ch\/en\/wp-json\/wp\/v2\/product_tag?post=15524"}],"curies":[{"name":"wp","href":"https:\/\/api.w.org\/{rel}","templated":true}]}}