{"id":15525,"date":"2022-11-02T08:38:41","date_gmt":"2022-11-02T07:38:41","guid":{"rendered":"https:\/\/lindegger-optic.ch\/produit\/blush-by-caroline-abram-model-cuttie\/"},"modified":"2024-10-08T05:50:49","modified_gmt":"2024-10-08T03:50:49","slug":"blush-by-caroline-abram-model-cuttie","status":"publish","type":"product","link":"https:\/\/lindegger-optic.ch\/en\/produit\/blush-by-caroline-abram-model-cuttie\/","title":{"rendered":"Blush by Caroline Abram, model Cuttie"},"content":{"rendered":"<p><a href=\"https:\/\/www.carolineabram.com\/fr\/collections\/blush-optiques\">Blush by Caroline Abram<\/a> is a colorful collection inspired by nature and beautiful horizons. <a href=\"https:\/\/www.carolineabram.com\/fr\/collections\/blush-optiques\">Blush<\/a> is a surprising name, but it corresponds perfectly to the idea that we have of makeup, light, which enhances the tone and brightens the eyes.<\/p>\n<p>This collection at low prices, singular, brings a wind of freshness and cheerfulness. The two-tone acetate frames, worked in relief with a marked bevel, offer light and distinction.<\/p>\n<p>The designer<a href=\"https:\/\/www.carolineabram.com\/fr\/collections\/blush-optiques\"> Carolin Abram<\/a> was born in Dakar where she spent her childhood. For more than 15 years, she has trained a team of women who make all of her creations by hand.  <a href=\"https:\/\/www.carolineabram.com\/fr\/creatrice\/\">Caroline Abrahm<\/a> &#8216;s imagination is boundless. Since 1998 she has been passionate about designing jewelry and accessories for the eyewear industry. She designs, manufactures and distributes <a href=\"https:\/\/www.carolineabram.com\/fr\/collections\/caroline-abram-accessoires\">hand-held lenses, magnifiers, chains, etc <\/a>. This bulimia of imagination has earned her four awards at Silmo in Paris, the world&#8217;s largest eyewear show.<\/p>\n<p>This collection will not fail to surprise and please you. It has that little something that make crack even people who like a more classic style.<\/p>\n","protected":false},"excerpt":{"rendered":"<p><a href=\"https:\/\/www.carolineabram.com\/fr\/collections\/blush-optiques\">Blush by Caroline Abram<\/a> is a colorful collection inspired by nature and beautiful horizons. <a href=\"https:\/\/www.carolineabram.com\/fr\/collections\/blush-optiques\">Blush<\/a> is a surprising name, but it corresponds perfectly to the idea that we have of makeup, light, which enhances the tone and brightens the eyes. The arms of each bezel have a different color.<\/p>\n","protected":false},"featured_media":13980,"comment_status":"closed","ping_status":"closed","template":"","meta":{"_et_pb_use_builder":"","_et_pb_old_content":"","_et_gb_content_width":""},"product_cat":[220],"product_tag":[1430,1431,1423,1403,1404,1424],"class_list":{"0":"post-15525","1":"product","2":"type-product","3":"status-publish","4":"has-post-thumbnail","6":"product_cat-lentilles-de-contact","7":"product_tag-blush-en","8":"product_tag-caroline-abrahm-en","9":"product_tag-eyeglasses","10":"product_tag-fashionable-glasses","11":"product_tag-glasses","12":"product_tag-optical-glasses","14":"first","15":"instock","16":"taxable","17":"shipping-taxable","18":"product-type-simple"},"yoast_head":"<!-- This site is optimized with the Yoast SEO plugin v23.6 - https:\/\/yoast.com\/wordpress\/plugins\/seo\/ -->\n<title>Achetez Blush by Caroline Abram, model Cuttie chez Lindegger Optique<\/title>\n<meta name=\"description\" content=\"The Blush by Caroline Abram, model Cuttie collection is a colorful collection. Inspired by nature and the universe of the most beautiful horizons.\" \/>\n<meta name=\"robots\" content=\"index, follow, max-snippet:-1, max-image-preview:large, max-video-preview:-1\" \/>\n<link rel=\"canonical\" href=\"https:\/\/lindegger-optic.ch\/en\/produit\/blush-by-caroline-abram-model-cuttie\/\" \/>\n<meta property=\"og:locale\" content=\"en_US\" \/>\n<meta property=\"og:type\" content=\"article\" \/>\n<meta property=\"og:title\" content=\"Achetez Blush by Caroline Abram, model Cuttie chez Lindegger Optique\" \/>\n<meta property=\"og:description\" content=\"The Blush by Caroline Abram, model Cuttie collection is a colorful collection. Inspired by nature and the universe of the most beautiful horizons.\" \/>\n<meta property=\"og:url\" content=\"https:\/\/lindegger-optic.ch\/en\/produit\/blush-by-caroline-abram-model-cuttie\/\" \/>\n<meta property=\"og:site_name\" content=\"Lindegger Optic, votre opticien \u00e0 Gen\u00e8ve, la meilleure qualit\u00e9 au service de votre vue\" \/>\n<meta property=\"article:modified_time\" content=\"2024-10-08T03:50:49+00:00\" \/>\n<meta property=\"og:image\" content=\"https:\/\/lindegger-optic.ch\/wp-content\/uploads\/Blush-by-Caroline-Abrahm-CUTIE_1044.jpg\" \/>\n\t<meta property=\"og:image:width\" content=\"625\" \/>\n\t<meta property=\"og:image:height\" content=\"256\" \/>\n\t<meta property=\"og:image:type\" content=\"image\/jpeg\" \/>\n<meta name=\"twitter:card\" content=\"summary_large_image\" \/>\n<meta name=\"twitter:label1\" content=\"Est. reading time\" \/>\n\t<meta name=\"twitter:data1\" content=\"1 minute\" \/>\n<script type=\"application\/ld+json\" class=\"yoast-schema-graph\">{\"@context\":\"https:\/\/schema.org\",\"@graph\":[{\"@type\":\"WebPage\",\"@id\":\"https:\/\/lindegger-optic.ch\/en\/produit\/blush-by-caroline-abram-model-cuttie\/\",\"url\":\"https:\/\/lindegger-optic.ch\/en\/produit\/blush-by-caroline-abram-model-cuttie\/\",\"name\":\"Achetez Blush by Caroline Abram, model Cuttie chez Lindegger Optique\",\"isPartOf\":{\"@id\":\"https:\/\/lindegger-optic.ch\/#website\"},\"primaryImageOfPage\":{\"@id\":\"https:\/\/lindegger-optic.ch\/en\/produit\/blush-by-caroline-abram-model-cuttie\/#primaryimage\"},\"image\":{\"@id\":\"https:\/\/lindegger-optic.ch\/en\/produit\/blush-by-caroline-abram-model-cuttie\/#primaryimage\"},\"thumbnailUrl\":\"https:\/\/lindegger-optic.ch\/wp-content\/uploads\/Blush-by-Caroline-Abrahm-CUTIE_1044.jpg\",\"datePublished\":\"2022-11-02T07:38:41+00:00\",\"dateModified\":\"2024-10-08T03:50:49+00:00\",\"description\":\"The Blush by Caroline Abram, model Cuttie collection is a colorful collection. Inspired by nature and the universe of the most beautiful horizons.\",\"breadcrumb\":{\"@id\":\"https:\/\/lindegger-optic.ch\/en\/produit\/blush-by-caroline-abram-model-cuttie\/#breadcrumb\"},\"inLanguage\":\"en-US\",\"potentialAction\":[{\"@type\":\"ReadAction\",\"target\":[\"https:\/\/lindegger-optic.ch\/en\/produit\/blush-by-caroline-abram-model-cuttie\/\"]}]},{\"@type\":\"ImageObject\",\"inLanguage\":\"en-US\",\"@id\":\"https:\/\/lindegger-optic.ch\/en\/produit\/blush-by-caroline-abram-model-cuttie\/#primaryimage\",\"url\":\"https:\/\/lindegger-optic.ch\/wp-content\/uploads\/Blush-by-Caroline-Abrahm-CUTIE_1044.jpg\",\"contentUrl\":\"https:\/\/lindegger-optic.ch\/wp-content\/uploads\/Blush-by-Caroline-Abrahm-CUTIE_1044.jpg\",\"width\":625,\"height\":256,\"caption\":\"Blush by Caroline Abrahm mod\u00e8le CUTIE couleur 1044\"},{\"@type\":\"BreadcrumbList\",\"@id\":\"https:\/\/lindegger-optic.ch\/en\/produit\/blush-by-caroline-abram-model-cuttie\/#breadcrumb\",\"itemListElement\":[{\"@type\":\"ListItem\",\"position\":1,\"name\":\"Accueil\",\"item\":\"https:\/\/lindegger-optic.ch\/en\/home\/\"},{\"@type\":\"ListItem\",\"position\":2,\"name\":\"Shop\",\"item\":\"https:\/\/lindegger-optic.ch\/shop\/\"},{\"@type\":\"ListItem\",\"position\":3,\"name\":\"Blush by Caroline Abram, model Cuttie\"}]},{\"@type\":\"WebSite\",\"@id\":\"https:\/\/lindegger-optic.ch\/#website\",\"url\":\"https:\/\/lindegger-optic.ch\/\",\"name\":\"Lindegger Optic, votre opticien \u00e0 Gen\u00e8ve, la meilleure qualit\u00e9 au service de votre vue\",\"description\":\"\",\"potentialAction\":[{\"@type\":\"SearchAction\",\"target\":{\"@type\":\"EntryPoint\",\"urlTemplate\":\"https:\/\/lindegger-optic.ch\/?s={search_term_string}\"},\"query-input\":{\"@type\":\"PropertyValueSpecification\",\"valueRequired\":true,\"valueName\":\"search_term_string\"}}],\"inLanguage\":\"en-US\"}]}<\/script>\n<!-- \/ Yoast SEO plugin. -->","yoast_head_json":{"title":"Achetez Blush by Caroline Abram, model Cuttie chez Lindegger Optique","description":"The Blush by Caroline Abram, model Cuttie collection is a colorful collection. Inspired by nature and the universe of the most beautiful horizons.","robots":{"index":"index","follow":"follow","max-snippet":"max-snippet:-1","max-image-preview":"max-image-preview:large","max-video-preview":"max-video-preview:-1"},"canonical":"https:\/\/lindegger-optic.ch\/en\/produit\/blush-by-caroline-abram-model-cuttie\/","og_locale":"en_US","og_type":"article","og_title":"Achetez Blush by Caroline Abram, model Cuttie chez Lindegger Optique","og_description":"The Blush by Caroline Abram, model Cuttie collection is a colorful collection. Inspired by nature and the universe of the most beautiful horizons.","og_url":"https:\/\/lindegger-optic.ch\/en\/produit\/blush-by-caroline-abram-model-cuttie\/","og_site_name":"Lindegger Optic, votre opticien \u00e0 Gen\u00e8ve, la meilleure qualit\u00e9 au service de votre vue","article_modified_time":"2024-10-08T03:50:49+00:00","og_image":[{"width":625,"height":256,"url":"https:\/\/lindegger-optic.ch\/wp-content\/uploads\/Blush-by-Caroline-Abrahm-CUTIE_1044.jpg","type":"image\/jpeg"}],"twitter_card":"summary_large_image","twitter_misc":{"Est. reading time":"1 minute"},"schema":{"@context":"https:\/\/schema.org","@graph":[{"@type":"WebPage","@id":"https:\/\/lindegger-optic.ch\/en\/produit\/blush-by-caroline-abram-model-cuttie\/","url":"https:\/\/lindegger-optic.ch\/en\/produit\/blush-by-caroline-abram-model-cuttie\/","name":"Achetez Blush by Caroline Abram, model Cuttie chez Lindegger Optique","isPartOf":{"@id":"https:\/\/lindegger-optic.ch\/#website"},"primaryImageOfPage":{"@id":"https:\/\/lindegger-optic.ch\/en\/produit\/blush-by-caroline-abram-model-cuttie\/#primaryimage"},"image":{"@id":"https:\/\/lindegger-optic.ch\/en\/produit\/blush-by-caroline-abram-model-cuttie\/#primaryimage"},"thumbnailUrl":"https:\/\/lindegger-optic.ch\/wp-content\/uploads\/Blush-by-Caroline-Abrahm-CUTIE_1044.jpg","datePublished":"2022-11-02T07:38:41+00:00","dateModified":"2024-10-08T03:50:49+00:00","description":"The Blush by Caroline Abram, model Cuttie collection is a colorful collection. Inspired by nature and the universe of the most beautiful horizons.","breadcrumb":{"@id":"https:\/\/lindegger-optic.ch\/en\/produit\/blush-by-caroline-abram-model-cuttie\/#breadcrumb"},"inLanguage":"en-US","potentialAction":[{"@type":"ReadAction","target":["https:\/\/lindegger-optic.ch\/en\/produit\/blush-by-caroline-abram-model-cuttie\/"]}]},{"@type":"ImageObject","inLanguage":"en-US","@id":"https:\/\/lindegger-optic.ch\/en\/produit\/blush-by-caroline-abram-model-cuttie\/#primaryimage","url":"https:\/\/lindegger-optic.ch\/wp-content\/uploads\/Blush-by-Caroline-Abrahm-CUTIE_1044.jpg","contentUrl":"https:\/\/lindegger-optic.ch\/wp-content\/uploads\/Blush-by-Caroline-Abrahm-CUTIE_1044.jpg","width":625,"height":256,"caption":"Blush by Caroline Abrahm mod\u00e8le CUTIE couleur 1044"},{"@type":"BreadcrumbList","@id":"https:\/\/lindegger-optic.ch\/en\/produit\/blush-by-caroline-abram-model-cuttie\/#breadcrumb","itemListElement":[{"@type":"ListItem","position":1,"name":"Accueil","item":"https:\/\/lindegger-optic.ch\/en\/home\/"},{"@type":"ListItem","position":2,"name":"Shop","item":"https:\/\/lindegger-optic.ch\/shop\/"},{"@type":"ListItem","position":3,"name":"Blush by Caroline Abram, model Cuttie"}]},{"@type":"WebSite","@id":"https:\/\/lindegger-optic.ch\/#website","url":"https:\/\/lindegger-optic.ch\/","name":"Lindegger Optic, votre opticien \u00e0 Gen\u00e8ve, la meilleure qualit\u00e9 au service de votre vue","description":"","potentialAction":[{"@type":"SearchAction","target":{"@type":"EntryPoint","urlTemplate":"https:\/\/lindegger-optic.ch\/?s={search_term_string}"},"query-input":{"@type":"PropertyValueSpecification","valueRequired":true,"valueName":"search_term_string"}}],"inLanguage":"en-US"}]}},"_links":{"self":[{"href":"https:\/\/lindegger-optic.ch\/en\/wp-json\/wp\/v2\/product\/15525"}],"collection":[{"href":"https:\/\/lindegger-optic.ch\/en\/wp-json\/wp\/v2\/product"}],"about":[{"href":"https:\/\/lindegger-optic.ch\/en\/wp-json\/wp\/v2\/types\/product"}],"replies":[{"embeddable":true,"href":"https:\/\/lindegger-optic.ch\/en\/wp-json\/wp\/v2\/comments?post=15525"}],"wp:featuredmedia":[{"embeddable":true,"href":"https:\/\/lindegger-optic.ch\/en\/wp-json\/wp\/v2\/media\/13980"}],"wp:attachment":[{"href":"https:\/\/lindegger-optic.ch\/en\/wp-json\/wp\/v2\/media?parent=15525"}],"wp:term":[{"taxonomy":"product_cat","embeddable":true,"href":"https:\/\/lindegger-optic.ch\/en\/wp-json\/wp\/v2\/product_cat?post=15525"},{"taxonomy":"product_tag","embeddable":true,"href":"https:\/\/lindegger-optic.ch\/en\/wp-json\/wp\/v2\/product_tag?post=15525"}],"curies":[{"name":"wp","href":"https:\/\/api.w.org\/{rel}","templated":true}]}}