{"id":15527,"date":"2022-11-02T08:40:38","date_gmt":"2022-11-02T07:40:38","guid":{"rendered":"https:\/\/lindegger-optic.ch\/produit\/menicare-plus-250ml\/"},"modified":"2022-11-03T11:40:05","modified_gmt":"2022-11-03T10:40:05","slug":"menicare-plus-250ml","status":"publish","type":"product","link":"https:\/\/lindegger-optic.ch\/en\/produit\/menicare-plus-250ml\/","title":{"rendered":"Menicare Plus 250ml"},"content":{"rendered":"<p><a href=\"https:\/\/www.menicon.fr\/consumer\/products\/lens-care-products\">Menicare Plus 250ml<\/a> is a lens care product for hard contact lenses. Contains Polylysine, Vitamin C glucoside and Hyaluronic Acid.<\/p>\n<ul>\n<li>Multifunctional product for rigid contact lenses.<\/li>\n<li>ideal for daily cleaning, disinfects and preserves your lenses.<\/li>\n<li>Added wetting agent for better comfort.<\/li>\n<\/ul>\n<p>Recommendations:<br \/>\nwash and dry your hands thoroughly. Remember to work in a clean, dry space.<\/p>\n","protected":false},"excerpt":{"rendered":"<p><a href=\"https:\/\/www.menicon.fr\/consumer\/products\/lens-care-products\">Menicare Plus<\/a> is the multifunctional solution for rigid lenses. This lens care solution developed by <a href=\"https:\/\/www.menicon.fr\/consumer\/products\/lens-care-products\">Menicon<\/a>, cleans, decontaminates, preserves, rinses and moisturizes your rigid lenses.<\/p>\n","protected":false},"featured_media":11380,"comment_status":"closed","ping_status":"closed","template":"","meta":{"_et_pb_use_builder":"","_et_pb_old_content":"","_et_gb_content_width":""},"product_cat":[1393],"product_tag":[1433,1444,1438,1442,1435,1437,1367,1434,1443,1436,1441,1440,1439],"class_list":{"0":"post-15527","1":"product","2":"type-product","3":"status-publish","4":"has-post-thumbnail","6":"product_cat-rigid-contact-lens-product","7":"product_tag-cleaning-product-for-lenses","8":"product_tag-conserv-en","9":"product_tag-decontamination-for-lens","10":"product_tag-flexible-en","11":"product_tag-lens-preservative","12":"product_tag-lens-product-en","13":"product_tag-lens-product","14":"product_tag-lens-solution","15":"product_tag-menicare-plus-en","16":"product_tag-permeable-gas","17":"product_tag-product-for-rigid-lens","18":"product_tag-rigid-gas-permeable","19":"product_tag-rpg-en","21":"first","22":"instock","23":"taxable","24":"shipping-taxable","25":"product-type-simple"},"yoast_head":"<!-- This site is optimized with the Yoast SEO plugin v23.6 - https:\/\/yoast.com\/wordpress\/plugins\/seo\/ -->\n<title>Buy Menicare Plus 250ml at Lindgger Optical<\/title>\n<meta name=\"description\" content=\"Menicare Plus is the multifunctional solution for rigid lenses. Cleans, decontaminates, preserves, rinses and moisturizes your rigid lenses.\" \/>\n<meta name=\"robots\" content=\"index, follow, max-snippet:-1, max-image-preview:large, max-video-preview:-1\" \/>\n<link rel=\"canonical\" href=\"https:\/\/lindegger-optic.ch\/en\/produit\/menicare-plus-250ml\/\" \/>\n<meta property=\"og:locale\" content=\"en_US\" \/>\n<meta property=\"og:type\" content=\"article\" \/>\n<meta property=\"og:title\" content=\"Buy Menicare Plus 250ml at Lindgger Optical\" \/>\n<meta property=\"og:description\" content=\"Menicare Plus is the multifunctional solution for rigid lenses. Cleans, decontaminates, preserves, rinses and moisturizes your rigid lenses.\" \/>\n<meta property=\"og:url\" content=\"https:\/\/lindegger-optic.ch\/en\/produit\/menicare-plus-250ml\/\" \/>\n<meta property=\"og:site_name\" content=\"Lindegger Optic, votre opticien \u00e0 Gen\u00e8ve, la meilleure qualit\u00e9 au service de votre vue\" \/>\n<meta property=\"article:modified_time\" content=\"2022-11-03T10:40:05+00:00\" \/>\n<meta property=\"og:image\" content=\"https:\/\/lindegger-optic.ch\/wp-content\/uploads\/catalog\/product\/287.jpg\" \/>\n\t<meta property=\"og:image:width\" content=\"600\" \/>\n\t<meta property=\"og:image:height\" content=\"600\" \/>\n\t<meta property=\"og:image:type\" content=\"image\/jpeg\" \/>\n<meta name=\"twitter:card\" content=\"summary_large_image\" \/>\n<script type=\"application\/ld+json\" class=\"yoast-schema-graph\">{\"@context\":\"https:\/\/schema.org\",\"@graph\":[{\"@type\":\"WebPage\",\"@id\":\"https:\/\/lindegger-optic.ch\/en\/produit\/menicare-plus-250ml\/\",\"url\":\"https:\/\/lindegger-optic.ch\/en\/produit\/menicare-plus-250ml\/\",\"name\":\"Buy Menicare Plus 250ml at Lindgger Optical\",\"isPartOf\":{\"@id\":\"https:\/\/lindegger-optic.ch\/#website\"},\"primaryImageOfPage\":{\"@id\":\"https:\/\/lindegger-optic.ch\/en\/produit\/menicare-plus-250ml\/#primaryimage\"},\"image\":{\"@id\":\"https:\/\/lindegger-optic.ch\/en\/produit\/menicare-plus-250ml\/#primaryimage\"},\"thumbnailUrl\":\"https:\/\/lindegger-optic.ch\/wp-content\/uploads\/catalog\/product\/287.jpg\",\"datePublished\":\"2022-11-02T07:40:38+00:00\",\"dateModified\":\"2022-11-03T10:40:05+00:00\",\"description\":\"Menicare Plus is the multifunctional solution for rigid lenses. Cleans, decontaminates, preserves, rinses and moisturizes your rigid lenses.\",\"breadcrumb\":{\"@id\":\"https:\/\/lindegger-optic.ch\/en\/produit\/menicare-plus-250ml\/#breadcrumb\"},\"inLanguage\":\"en-US\",\"potentialAction\":[{\"@type\":\"ReadAction\",\"target\":[\"https:\/\/lindegger-optic.ch\/en\/produit\/menicare-plus-250ml\/\"]}]},{\"@type\":\"ImageObject\",\"inLanguage\":\"en-US\",\"@id\":\"https:\/\/lindegger-optic.ch\/en\/produit\/menicare-plus-250ml\/#primaryimage\",\"url\":\"https:\/\/lindegger-optic.ch\/wp-content\/uploads\/catalog\/product\/287.jpg\",\"contentUrl\":\"https:\/\/lindegger-optic.ch\/wp-content\/uploads\/catalog\/product\/287.jpg\",\"width\":600,\"height\":600,\"caption\":\"Menicare Plus 250ml produit de lentilles de contact, RPG\"},{\"@type\":\"BreadcrumbList\",\"@id\":\"https:\/\/lindegger-optic.ch\/en\/produit\/menicare-plus-250ml\/#breadcrumb\",\"itemListElement\":[{\"@type\":\"ListItem\",\"position\":1,\"name\":\"Accueil\",\"item\":\"https:\/\/lindegger-optic.ch\/en\/home\/\"},{\"@type\":\"ListItem\",\"position\":2,\"name\":\"Shop\",\"item\":\"https:\/\/lindegger-optic.ch\/shop\/\"},{\"@type\":\"ListItem\",\"position\":3,\"name\":\"Menicare Plus 250ml\"}]},{\"@type\":\"WebSite\",\"@id\":\"https:\/\/lindegger-optic.ch\/#website\",\"url\":\"https:\/\/lindegger-optic.ch\/\",\"name\":\"Lindegger Optic, votre opticien \u00e0 Gen\u00e8ve, la meilleure qualit\u00e9 au service de votre vue\",\"description\":\"\",\"potentialAction\":[{\"@type\":\"SearchAction\",\"target\":{\"@type\":\"EntryPoint\",\"urlTemplate\":\"https:\/\/lindegger-optic.ch\/?s={search_term_string}\"},\"query-input\":{\"@type\":\"PropertyValueSpecification\",\"valueRequired\":true,\"valueName\":\"search_term_string\"}}],\"inLanguage\":\"en-US\"}]}<\/script>\n<!-- \/ Yoast SEO plugin. -->","yoast_head_json":{"title":"Buy Menicare Plus 250ml at Lindgger Optical","description":"Menicare Plus is the multifunctional solution for rigid lenses. Cleans, decontaminates, preserves, rinses and moisturizes your rigid lenses.","robots":{"index":"index","follow":"follow","max-snippet":"max-snippet:-1","max-image-preview":"max-image-preview:large","max-video-preview":"max-video-preview:-1"},"canonical":"https:\/\/lindegger-optic.ch\/en\/produit\/menicare-plus-250ml\/","og_locale":"en_US","og_type":"article","og_title":"Buy Menicare Plus 250ml at Lindgger Optical","og_description":"Menicare Plus is the multifunctional solution for rigid lenses. Cleans, decontaminates, preserves, rinses and moisturizes your rigid lenses.","og_url":"https:\/\/lindegger-optic.ch\/en\/produit\/menicare-plus-250ml\/","og_site_name":"Lindegger Optic, votre opticien \u00e0 Gen\u00e8ve, la meilleure qualit\u00e9 au service de votre vue","article_modified_time":"2022-11-03T10:40:05+00:00","og_image":[{"width":600,"height":600,"url":"https:\/\/lindegger-optic.ch\/wp-content\/uploads\/catalog\/product\/287.jpg","type":"image\/jpeg"}],"twitter_card":"summary_large_image","schema":{"@context":"https:\/\/schema.org","@graph":[{"@type":"WebPage","@id":"https:\/\/lindegger-optic.ch\/en\/produit\/menicare-plus-250ml\/","url":"https:\/\/lindegger-optic.ch\/en\/produit\/menicare-plus-250ml\/","name":"Buy Menicare Plus 250ml at Lindgger Optical","isPartOf":{"@id":"https:\/\/lindegger-optic.ch\/#website"},"primaryImageOfPage":{"@id":"https:\/\/lindegger-optic.ch\/en\/produit\/menicare-plus-250ml\/#primaryimage"},"image":{"@id":"https:\/\/lindegger-optic.ch\/en\/produit\/menicare-plus-250ml\/#primaryimage"},"thumbnailUrl":"https:\/\/lindegger-optic.ch\/wp-content\/uploads\/catalog\/product\/287.jpg","datePublished":"2022-11-02T07:40:38+00:00","dateModified":"2022-11-03T10:40:05+00:00","description":"Menicare Plus is the multifunctional solution for rigid lenses. Cleans, decontaminates, preserves, rinses and moisturizes your rigid lenses.","breadcrumb":{"@id":"https:\/\/lindegger-optic.ch\/en\/produit\/menicare-plus-250ml\/#breadcrumb"},"inLanguage":"en-US","potentialAction":[{"@type":"ReadAction","target":["https:\/\/lindegger-optic.ch\/en\/produit\/menicare-plus-250ml\/"]}]},{"@type":"ImageObject","inLanguage":"en-US","@id":"https:\/\/lindegger-optic.ch\/en\/produit\/menicare-plus-250ml\/#primaryimage","url":"https:\/\/lindegger-optic.ch\/wp-content\/uploads\/catalog\/product\/287.jpg","contentUrl":"https:\/\/lindegger-optic.ch\/wp-content\/uploads\/catalog\/product\/287.jpg","width":600,"height":600,"caption":"Menicare Plus 250ml produit de lentilles de contact, RPG"},{"@type":"BreadcrumbList","@id":"https:\/\/lindegger-optic.ch\/en\/produit\/menicare-plus-250ml\/#breadcrumb","itemListElement":[{"@type":"ListItem","position":1,"name":"Accueil","item":"https:\/\/lindegger-optic.ch\/en\/home\/"},{"@type":"ListItem","position":2,"name":"Shop","item":"https:\/\/lindegger-optic.ch\/shop\/"},{"@type":"ListItem","position":3,"name":"Menicare Plus 250ml"}]},{"@type":"WebSite","@id":"https:\/\/lindegger-optic.ch\/#website","url":"https:\/\/lindegger-optic.ch\/","name":"Lindegger Optic, votre opticien \u00e0 Gen\u00e8ve, la meilleure qualit\u00e9 au service de votre vue","description":"","potentialAction":[{"@type":"SearchAction","target":{"@type":"EntryPoint","urlTemplate":"https:\/\/lindegger-optic.ch\/?s={search_term_string}"},"query-input":{"@type":"PropertyValueSpecification","valueRequired":true,"valueName":"search_term_string"}}],"inLanguage":"en-US"}]}},"_links":{"self":[{"href":"https:\/\/lindegger-optic.ch\/en\/wp-json\/wp\/v2\/product\/15527"}],"collection":[{"href":"https:\/\/lindegger-optic.ch\/en\/wp-json\/wp\/v2\/product"}],"about":[{"href":"https:\/\/lindegger-optic.ch\/en\/wp-json\/wp\/v2\/types\/product"}],"replies":[{"embeddable":true,"href":"https:\/\/lindegger-optic.ch\/en\/wp-json\/wp\/v2\/comments?post=15527"}],"wp:featuredmedia":[{"embeddable":true,"href":"https:\/\/lindegger-optic.ch\/en\/wp-json\/wp\/v2\/media\/11380"}],"wp:attachment":[{"href":"https:\/\/lindegger-optic.ch\/en\/wp-json\/wp\/v2\/media?parent=15527"}],"wp:term":[{"taxonomy":"product_cat","embeddable":true,"href":"https:\/\/lindegger-optic.ch\/en\/wp-json\/wp\/v2\/product_cat?post=15527"},{"taxonomy":"product_tag","embeddable":true,"href":"https:\/\/lindegger-optic.ch\/en\/wp-json\/wp\/v2\/product_tag?post=15527"}],"curies":[{"name":"wp","href":"https:\/\/api.w.org\/{rel}","templated":true}]}}