{"id":15528,"date":"2022-11-03T11:35:46","date_gmt":"2022-11-03T10:35:46","guid":{"rendered":"https:\/\/lindegger-optic.ch\/produit\/stile-italiano-5539\/"},"modified":"2022-11-03T11:35:46","modified_gmt":"2022-11-03T10:35:46","slug":"stile-italiano-5539","status":"publish","type":"product","link":"https:\/\/lindegger-optic.ch\/en\/produit\/stile-italiano-5539\/","title":{"rendered":"Stile Italiano, 5539"},"content":{"rendered":"<p>The designers of Stile Italiano are keen to open their collection to the greatest number of people. From the most daring to the most classic, each frame has an &#8220;Italian style&#8221; &#8211; no surprise! This eyewear is not only pleasant to wear but also to touch. Composed of several layers of color, a technique that allows red to shine under a layer of black, the texture of these glasses becomes soft and round. The flexible metal arms make Stile Italiano products flexible and bendable to the worst treatments!<\/p>\n","protected":false},"excerpt":{"rendered":"<p>The Stile Italiano workshops have designed this bezel with the best materials: Italian acetate and German metal. Its shape is so easy and the colors are so nice that it appeals to both boys and girls! They are also available in an adult version.<\/p>\n","protected":false},"featured_media":13751,"comment_status":"closed","ping_status":"closed","template":"","meta":{"_et_pb_use_builder":"","_et_pb_old_content":"","_et_gb_content_width":""},"product_cat":[1396],"product_tag":[1445,1423,1403,1446],"class_list":{"0":"post-15528","1":"product","2":"type-product","3":"status-publish","4":"has-post-thumbnail","6":"product_cat-selection-of-the-month-for-children","7":"product_tag-childrens-glasses","8":"product_tag-eyeglasses","9":"product_tag-fashionable-glasses","10":"product_tag-glasses-for-children","12":"first","13":"instock","14":"taxable","15":"shipping-taxable","16":"product-type-simple"},"yoast_head":"<!-- This site is optimized with the Yoast SEO plugin v23.6 - https:\/\/yoast.com\/wordpress\/plugins\/seo\/ -->\n<title>Achetez Stile Italiano, 5539 chez Lindegger Optique<\/title>\n<meta name=\"description\" content=\"Achetez Stile Italiano, 5539 au meilleur prix chez Lindegger Optique. Livraison gratuite en 48 heures !\" \/>\n<meta name=\"robots\" content=\"index, follow, max-snippet:-1, max-image-preview:large, max-video-preview:-1\" \/>\n<link rel=\"canonical\" href=\"https:\/\/lindegger-optic.ch\/en\/produit\/stile-italiano-5539\/\" \/>\n<meta property=\"og:locale\" content=\"en_US\" \/>\n<meta property=\"og:type\" content=\"article\" \/>\n<meta property=\"og:title\" content=\"Achetez Stile Italiano, 5539 chez Lindegger Optique\" \/>\n<meta property=\"og:description\" content=\"Achetez Stile Italiano, 5539 au meilleur prix chez Lindegger Optique. Livraison gratuite en 48 heures !\" \/>\n<meta property=\"og:url\" content=\"https:\/\/lindegger-optic.ch\/en\/produit\/stile-italiano-5539\/\" \/>\n<meta property=\"og:site_name\" content=\"Lindegger Optic, votre opticien \u00e0 Gen\u00e8ve, la meilleure qualit\u00e9 au service de votre vue\" \/>\n<meta property=\"og:image\" content=\"https:\/\/lindegger-optic.ch\/wp-content\/uploads\/5539.085-2-scaled.jpg\" \/>\n\t<meta property=\"og:image:width\" content=\"2560\" \/>\n\t<meta property=\"og:image:height\" content=\"1738\" \/>\n\t<meta property=\"og:image:type\" content=\"image\/jpeg\" \/>\n<meta name=\"twitter:card\" content=\"summary_large_image\" \/>\n<script type=\"application\/ld+json\" class=\"yoast-schema-graph\">{\"@context\":\"https:\/\/schema.org\",\"@graph\":[{\"@type\":\"WebPage\",\"@id\":\"https:\/\/lindegger-optic.ch\/en\/produit\/stile-italiano-5539\/\",\"url\":\"https:\/\/lindegger-optic.ch\/en\/produit\/stile-italiano-5539\/\",\"name\":\"Achetez Stile Italiano, 5539 chez Lindegger Optique\",\"isPartOf\":{\"@id\":\"https:\/\/lindegger-optic.ch\/#website\"},\"primaryImageOfPage\":{\"@id\":\"https:\/\/lindegger-optic.ch\/en\/produit\/stile-italiano-5539\/#primaryimage\"},\"image\":{\"@id\":\"https:\/\/lindegger-optic.ch\/en\/produit\/stile-italiano-5539\/#primaryimage\"},\"thumbnailUrl\":\"https:\/\/lindegger-optic.ch\/wp-content\/uploads\/5539.085-2-scaled.jpg\",\"datePublished\":\"2022-11-03T10:35:46+00:00\",\"dateModified\":\"2022-11-03T10:35:46+00:00\",\"description\":\"Achetez Stile Italiano, 5539 au meilleur prix chez Lindegger Optique. Livraison gratuite en 48 heures !\",\"breadcrumb\":{\"@id\":\"https:\/\/lindegger-optic.ch\/en\/produit\/stile-italiano-5539\/#breadcrumb\"},\"inLanguage\":\"en-US\",\"potentialAction\":[{\"@type\":\"ReadAction\",\"target\":[\"https:\/\/lindegger-optic.ch\/en\/produit\/stile-italiano-5539\/\"]}]},{\"@type\":\"ImageObject\",\"inLanguage\":\"en-US\",\"@id\":\"https:\/\/lindegger-optic.ch\/en\/produit\/stile-italiano-5539\/#primaryimage\",\"url\":\"https:\/\/lindegger-optic.ch\/wp-content\/uploads\/5539.085-2-scaled.jpg\",\"contentUrl\":\"https:\/\/lindegger-optic.ch\/wp-content\/uploads\/5539.085-2-scaled.jpg\",\"width\":2560,\"height\":1738,\"caption\":\"Stile Italiano mod\u00e8le 5539 couleur 085\"},{\"@type\":\"BreadcrumbList\",\"@id\":\"https:\/\/lindegger-optic.ch\/en\/produit\/stile-italiano-5539\/#breadcrumb\",\"itemListElement\":[{\"@type\":\"ListItem\",\"position\":1,\"name\":\"Accueil\",\"item\":\"https:\/\/lindegger-optic.ch\/en\/home\/\"},{\"@type\":\"ListItem\",\"position\":2,\"name\":\"Shop\",\"item\":\"https:\/\/lindegger-optic.ch\/shop\/\"},{\"@type\":\"ListItem\",\"position\":3,\"name\":\"Stile Italiano, 5539\"}]},{\"@type\":\"WebSite\",\"@id\":\"https:\/\/lindegger-optic.ch\/#website\",\"url\":\"https:\/\/lindegger-optic.ch\/\",\"name\":\"Lindegger Optic, votre opticien \u00e0 Gen\u00e8ve, la meilleure qualit\u00e9 au service de votre vue\",\"description\":\"\",\"potentialAction\":[{\"@type\":\"SearchAction\",\"target\":{\"@type\":\"EntryPoint\",\"urlTemplate\":\"https:\/\/lindegger-optic.ch\/?s={search_term_string}\"},\"query-input\":{\"@type\":\"PropertyValueSpecification\",\"valueRequired\":true,\"valueName\":\"search_term_string\"}}],\"inLanguage\":\"en-US\"}]}<\/script>\n<!-- \/ Yoast SEO plugin. -->","yoast_head_json":{"title":"Achetez Stile Italiano, 5539 chez Lindegger Optique","description":"Achetez Stile Italiano, 5539 au meilleur prix chez Lindegger Optique. Livraison gratuite en 48 heures !","robots":{"index":"index","follow":"follow","max-snippet":"max-snippet:-1","max-image-preview":"max-image-preview:large","max-video-preview":"max-video-preview:-1"},"canonical":"https:\/\/lindegger-optic.ch\/en\/produit\/stile-italiano-5539\/","og_locale":"en_US","og_type":"article","og_title":"Achetez Stile Italiano, 5539 chez Lindegger Optique","og_description":"Achetez Stile Italiano, 5539 au meilleur prix chez Lindegger Optique. Livraison gratuite en 48 heures !","og_url":"https:\/\/lindegger-optic.ch\/en\/produit\/stile-italiano-5539\/","og_site_name":"Lindegger Optic, votre opticien \u00e0 Gen\u00e8ve, la meilleure qualit\u00e9 au service de votre vue","og_image":[{"width":2560,"height":1738,"url":"https:\/\/lindegger-optic.ch\/wp-content\/uploads\/5539.085-2-scaled.jpg","type":"image\/jpeg"}],"twitter_card":"summary_large_image","schema":{"@context":"https:\/\/schema.org","@graph":[{"@type":"WebPage","@id":"https:\/\/lindegger-optic.ch\/en\/produit\/stile-italiano-5539\/","url":"https:\/\/lindegger-optic.ch\/en\/produit\/stile-italiano-5539\/","name":"Achetez Stile Italiano, 5539 chez Lindegger Optique","isPartOf":{"@id":"https:\/\/lindegger-optic.ch\/#website"},"primaryImageOfPage":{"@id":"https:\/\/lindegger-optic.ch\/en\/produit\/stile-italiano-5539\/#primaryimage"},"image":{"@id":"https:\/\/lindegger-optic.ch\/en\/produit\/stile-italiano-5539\/#primaryimage"},"thumbnailUrl":"https:\/\/lindegger-optic.ch\/wp-content\/uploads\/5539.085-2-scaled.jpg","datePublished":"2022-11-03T10:35:46+00:00","dateModified":"2022-11-03T10:35:46+00:00","description":"Achetez Stile Italiano, 5539 au meilleur prix chez Lindegger Optique. Livraison gratuite en 48 heures !","breadcrumb":{"@id":"https:\/\/lindegger-optic.ch\/en\/produit\/stile-italiano-5539\/#breadcrumb"},"inLanguage":"en-US","potentialAction":[{"@type":"ReadAction","target":["https:\/\/lindegger-optic.ch\/en\/produit\/stile-italiano-5539\/"]}]},{"@type":"ImageObject","inLanguage":"en-US","@id":"https:\/\/lindegger-optic.ch\/en\/produit\/stile-italiano-5539\/#primaryimage","url":"https:\/\/lindegger-optic.ch\/wp-content\/uploads\/5539.085-2-scaled.jpg","contentUrl":"https:\/\/lindegger-optic.ch\/wp-content\/uploads\/5539.085-2-scaled.jpg","width":2560,"height":1738,"caption":"Stile Italiano mod\u00e8le 5539 couleur 085"},{"@type":"BreadcrumbList","@id":"https:\/\/lindegger-optic.ch\/en\/produit\/stile-italiano-5539\/#breadcrumb","itemListElement":[{"@type":"ListItem","position":1,"name":"Accueil","item":"https:\/\/lindegger-optic.ch\/en\/home\/"},{"@type":"ListItem","position":2,"name":"Shop","item":"https:\/\/lindegger-optic.ch\/shop\/"},{"@type":"ListItem","position":3,"name":"Stile Italiano, 5539"}]},{"@type":"WebSite","@id":"https:\/\/lindegger-optic.ch\/#website","url":"https:\/\/lindegger-optic.ch\/","name":"Lindegger Optic, votre opticien \u00e0 Gen\u00e8ve, la meilleure qualit\u00e9 au service de votre vue","description":"","potentialAction":[{"@type":"SearchAction","target":{"@type":"EntryPoint","urlTemplate":"https:\/\/lindegger-optic.ch\/?s={search_term_string}"},"query-input":{"@type":"PropertyValueSpecification","valueRequired":true,"valueName":"search_term_string"}}],"inLanguage":"en-US"}]}},"_links":{"self":[{"href":"https:\/\/lindegger-optic.ch\/en\/wp-json\/wp\/v2\/product\/15528"}],"collection":[{"href":"https:\/\/lindegger-optic.ch\/en\/wp-json\/wp\/v2\/product"}],"about":[{"href":"https:\/\/lindegger-optic.ch\/en\/wp-json\/wp\/v2\/types\/product"}],"replies":[{"embeddable":true,"href":"https:\/\/lindegger-optic.ch\/en\/wp-json\/wp\/v2\/comments?post=15528"}],"wp:featuredmedia":[{"embeddable":true,"href":"https:\/\/lindegger-optic.ch\/en\/wp-json\/wp\/v2\/media\/13751"}],"wp:attachment":[{"href":"https:\/\/lindegger-optic.ch\/en\/wp-json\/wp\/v2\/media?parent=15528"}],"wp:term":[{"taxonomy":"product_cat","embeddable":true,"href":"https:\/\/lindegger-optic.ch\/en\/wp-json\/wp\/v2\/product_cat?post=15528"},{"taxonomy":"product_tag","embeddable":true,"href":"https:\/\/lindegger-optic.ch\/en\/wp-json\/wp\/v2\/product_tag?post=15528"}],"curies":[{"name":"wp","href":"https:\/\/api.w.org\/{rel}","templated":true}]}}