{"id":15530,"date":"2022-11-03T11:38:11","date_gmt":"2022-11-03T10:38:11","guid":{"rendered":"https:\/\/lindegger-optic.ch\/produit\/tartine-chocolate-aa327\/"},"modified":"2022-11-03T11:38:11","modified_gmt":"2022-11-03T10:38:11","slug":"tartine-chocolate-aa327","status":"publish","type":"product","link":"https:\/\/lindegger-optic.ch\/en\/produit\/tartine-chocolate-aa327\/","title":{"rendered":"Tartine &amp; Chocolate, AA327"},"content":{"rendered":"<p>Aside from the color or style of the frame chosen, it&#8217;s the ability to take the hardest knocks that makes the first glasses precious in your children&#8217;s lives. At Tartine &amp; Chocolat, the frames are made in France, in the Jura region, which has been the capital of French eyewear for over a century. The knowledge and know-how developed in the Jura valleys create a timeless style, light and pleasant while being flexible to the worst treatments. The AA327 is suitable for both boys and girls.<\/p>\n","protected":false},"excerpt":{"rendered":"<p>Tartine et Chocolat, a name that reminds us of the good times of our childhood. A kind and caring name. This collection will please you: shimmering colors and classic shapes pleasant to wear. Ideal as a first pair of glasses.<\/p>\n","protected":false},"featured_media":13733,"comment_status":"closed","ping_status":"closed","template":"","meta":{"_et_pb_use_builder":"","_et_pb_old_content":"","_et_gb_content_width":""},"product_cat":[1396],"product_tag":[1448,1423,1403,1447],"class_list":{"0":"post-15530","1":"product","2":"type-product","3":"status-publish","4":"has-post-thumbnail","6":"product_cat-selection-of-the-month-for-children","7":"product_tag-childrens-fashion","8":"product_tag-eyeglasses","9":"product_tag-fashionable-glasses","10":"product_tag-glasses-for-children-en","12":"first","13":"instock","14":"taxable","15":"shipping-taxable","16":"product-type-simple"},"yoast_head":"<!-- This site is optimized with the Yoast SEO plugin v23.6 - https:\/\/yoast.com\/wordpress\/plugins\/seo\/ -->\n<title>Achetez Tartine &amp; Chocolate, AA327 chez Lindegger Optique<\/title>\n<meta name=\"description\" content=\"Achetez Tartine &amp; Chocolate, AA327 au meilleur prix chez Lindegger Optique. Livraison gratuite en 48 heures !\" \/>\n<meta name=\"robots\" content=\"index, follow, max-snippet:-1, max-image-preview:large, max-video-preview:-1\" \/>\n<link rel=\"canonical\" href=\"https:\/\/lindegger-optic.ch\/en\/produit\/tartine-chocolate-aa327\/\" \/>\n<meta property=\"og:locale\" content=\"en_US\" \/>\n<meta property=\"og:type\" content=\"article\" \/>\n<meta property=\"og:title\" content=\"Achetez Tartine &amp; Chocolate, AA327 chez Lindegger Optique\" \/>\n<meta property=\"og:description\" content=\"Achetez Tartine &amp; Chocolate, AA327 au meilleur prix chez Lindegger Optique. Livraison gratuite en 48 heures !\" \/>\n<meta property=\"og:url\" content=\"https:\/\/lindegger-optic.ch\/en\/produit\/tartine-chocolate-aa327\/\" \/>\n<meta property=\"og:site_name\" content=\"Lindegger Optic, votre opticien \u00e0 Gen\u00e8ve, la meilleure qualit\u00e9 au service de votre vue\" \/>\n<meta property=\"og:image\" content=\"https:\/\/lindegger-optic.ch\/wp-content\/uploads\/Tartine-Chocolat-AA327C36.jpg\" \/>\n\t<meta property=\"og:image:width\" content=\"800\" \/>\n\t<meta property=\"og:image:height\" content=\"600\" \/>\n\t<meta property=\"og:image:type\" content=\"image\/jpeg\" \/>\n<meta name=\"twitter:card\" content=\"summary_large_image\" \/>\n<script type=\"application\/ld+json\" class=\"yoast-schema-graph\">{\"@context\":\"https:\/\/schema.org\",\"@graph\":[{\"@type\":\"WebPage\",\"@id\":\"https:\/\/lindegger-optic.ch\/en\/produit\/tartine-chocolate-aa327\/\",\"url\":\"https:\/\/lindegger-optic.ch\/en\/produit\/tartine-chocolate-aa327\/\",\"name\":\"Achetez Tartine &amp; Chocolate, AA327 chez Lindegger Optique\",\"isPartOf\":{\"@id\":\"https:\/\/lindegger-optic.ch\/#website\"},\"primaryImageOfPage\":{\"@id\":\"https:\/\/lindegger-optic.ch\/en\/produit\/tartine-chocolate-aa327\/#primaryimage\"},\"image\":{\"@id\":\"https:\/\/lindegger-optic.ch\/en\/produit\/tartine-chocolate-aa327\/#primaryimage\"},\"thumbnailUrl\":\"https:\/\/lindegger-optic.ch\/wp-content\/uploads\/Tartine-Chocolat-AA327C36.jpg\",\"datePublished\":\"2022-11-03T10:38:11+00:00\",\"dateModified\":\"2022-11-03T10:38:11+00:00\",\"description\":\"Achetez Tartine &amp; Chocolate, AA327 au meilleur prix chez Lindegger Optique. Livraison gratuite en 48 heures !\",\"breadcrumb\":{\"@id\":\"https:\/\/lindegger-optic.ch\/en\/produit\/tartine-chocolate-aa327\/#breadcrumb\"},\"inLanguage\":\"en-US\",\"potentialAction\":[{\"@type\":\"ReadAction\",\"target\":[\"https:\/\/lindegger-optic.ch\/en\/produit\/tartine-chocolate-aa327\/\"]}]},{\"@type\":\"ImageObject\",\"inLanguage\":\"en-US\",\"@id\":\"https:\/\/lindegger-optic.ch\/en\/produit\/tartine-chocolate-aa327\/#primaryimage\",\"url\":\"https:\/\/lindegger-optic.ch\/wp-content\/uploads\/Tartine-Chocolat-AA327C36.jpg\",\"contentUrl\":\"https:\/\/lindegger-optic.ch\/wp-content\/uploads\/Tartine-Chocolat-AA327C36.jpg\",\"width\":800,\"height\":600,\"caption\":\"Tartine & Chocolat AA327 Couleur C36\"},{\"@type\":\"BreadcrumbList\",\"@id\":\"https:\/\/lindegger-optic.ch\/en\/produit\/tartine-chocolate-aa327\/#breadcrumb\",\"itemListElement\":[{\"@type\":\"ListItem\",\"position\":1,\"name\":\"Accueil\",\"item\":\"https:\/\/lindegger-optic.ch\/en\/home\/\"},{\"@type\":\"ListItem\",\"position\":2,\"name\":\"Shop\",\"item\":\"https:\/\/lindegger-optic.ch\/shop\/\"},{\"@type\":\"ListItem\",\"position\":3,\"name\":\"Tartine &amp; Chocolate, AA327\"}]},{\"@type\":\"WebSite\",\"@id\":\"https:\/\/lindegger-optic.ch\/#website\",\"url\":\"https:\/\/lindegger-optic.ch\/\",\"name\":\"Lindegger Optic, votre opticien \u00e0 Gen\u00e8ve, la meilleure qualit\u00e9 au service de votre vue\",\"description\":\"\",\"potentialAction\":[{\"@type\":\"SearchAction\",\"target\":{\"@type\":\"EntryPoint\",\"urlTemplate\":\"https:\/\/lindegger-optic.ch\/?s={search_term_string}\"},\"query-input\":{\"@type\":\"PropertyValueSpecification\",\"valueRequired\":true,\"valueName\":\"search_term_string\"}}],\"inLanguage\":\"en-US\"}]}<\/script>\n<!-- \/ Yoast SEO plugin. -->","yoast_head_json":{"title":"Achetez Tartine &amp; Chocolate, AA327 chez Lindegger Optique","description":"Achetez Tartine &amp; Chocolate, AA327 au meilleur prix chez Lindegger Optique. Livraison gratuite en 48 heures !","robots":{"index":"index","follow":"follow","max-snippet":"max-snippet:-1","max-image-preview":"max-image-preview:large","max-video-preview":"max-video-preview:-1"},"canonical":"https:\/\/lindegger-optic.ch\/en\/produit\/tartine-chocolate-aa327\/","og_locale":"en_US","og_type":"article","og_title":"Achetez Tartine &amp; Chocolate, AA327 chez Lindegger Optique","og_description":"Achetez Tartine &amp; Chocolate, AA327 au meilleur prix chez Lindegger Optique. Livraison gratuite en 48 heures !","og_url":"https:\/\/lindegger-optic.ch\/en\/produit\/tartine-chocolate-aa327\/","og_site_name":"Lindegger Optic, votre opticien \u00e0 Gen\u00e8ve, la meilleure qualit\u00e9 au service de votre vue","og_image":[{"width":800,"height":600,"url":"https:\/\/lindegger-optic.ch\/wp-content\/uploads\/Tartine-Chocolat-AA327C36.jpg","type":"image\/jpeg"}],"twitter_card":"summary_large_image","schema":{"@context":"https:\/\/schema.org","@graph":[{"@type":"WebPage","@id":"https:\/\/lindegger-optic.ch\/en\/produit\/tartine-chocolate-aa327\/","url":"https:\/\/lindegger-optic.ch\/en\/produit\/tartine-chocolate-aa327\/","name":"Achetez Tartine &amp; Chocolate, AA327 chez Lindegger Optique","isPartOf":{"@id":"https:\/\/lindegger-optic.ch\/#website"},"primaryImageOfPage":{"@id":"https:\/\/lindegger-optic.ch\/en\/produit\/tartine-chocolate-aa327\/#primaryimage"},"image":{"@id":"https:\/\/lindegger-optic.ch\/en\/produit\/tartine-chocolate-aa327\/#primaryimage"},"thumbnailUrl":"https:\/\/lindegger-optic.ch\/wp-content\/uploads\/Tartine-Chocolat-AA327C36.jpg","datePublished":"2022-11-03T10:38:11+00:00","dateModified":"2022-11-03T10:38:11+00:00","description":"Achetez Tartine &amp; Chocolate, AA327 au meilleur prix chez Lindegger Optique. Livraison gratuite en 48 heures !","breadcrumb":{"@id":"https:\/\/lindegger-optic.ch\/en\/produit\/tartine-chocolate-aa327\/#breadcrumb"},"inLanguage":"en-US","potentialAction":[{"@type":"ReadAction","target":["https:\/\/lindegger-optic.ch\/en\/produit\/tartine-chocolate-aa327\/"]}]},{"@type":"ImageObject","inLanguage":"en-US","@id":"https:\/\/lindegger-optic.ch\/en\/produit\/tartine-chocolate-aa327\/#primaryimage","url":"https:\/\/lindegger-optic.ch\/wp-content\/uploads\/Tartine-Chocolat-AA327C36.jpg","contentUrl":"https:\/\/lindegger-optic.ch\/wp-content\/uploads\/Tartine-Chocolat-AA327C36.jpg","width":800,"height":600,"caption":"Tartine & Chocolat AA327 Couleur C36"},{"@type":"BreadcrumbList","@id":"https:\/\/lindegger-optic.ch\/en\/produit\/tartine-chocolate-aa327\/#breadcrumb","itemListElement":[{"@type":"ListItem","position":1,"name":"Accueil","item":"https:\/\/lindegger-optic.ch\/en\/home\/"},{"@type":"ListItem","position":2,"name":"Shop","item":"https:\/\/lindegger-optic.ch\/shop\/"},{"@type":"ListItem","position":3,"name":"Tartine &amp; Chocolate, AA327"}]},{"@type":"WebSite","@id":"https:\/\/lindegger-optic.ch\/#website","url":"https:\/\/lindegger-optic.ch\/","name":"Lindegger Optic, votre opticien \u00e0 Gen\u00e8ve, la meilleure qualit\u00e9 au service de votre vue","description":"","potentialAction":[{"@type":"SearchAction","target":{"@type":"EntryPoint","urlTemplate":"https:\/\/lindegger-optic.ch\/?s={search_term_string}"},"query-input":{"@type":"PropertyValueSpecification","valueRequired":true,"valueName":"search_term_string"}}],"inLanguage":"en-US"}]}},"_links":{"self":[{"href":"https:\/\/lindegger-optic.ch\/en\/wp-json\/wp\/v2\/product\/15530"}],"collection":[{"href":"https:\/\/lindegger-optic.ch\/en\/wp-json\/wp\/v2\/product"}],"about":[{"href":"https:\/\/lindegger-optic.ch\/en\/wp-json\/wp\/v2\/types\/product"}],"replies":[{"embeddable":true,"href":"https:\/\/lindegger-optic.ch\/en\/wp-json\/wp\/v2\/comments?post=15530"}],"wp:featuredmedia":[{"embeddable":true,"href":"https:\/\/lindegger-optic.ch\/en\/wp-json\/wp\/v2\/media\/13733"}],"wp:attachment":[{"href":"https:\/\/lindegger-optic.ch\/en\/wp-json\/wp\/v2\/media?parent=15530"}],"wp:term":[{"taxonomy":"product_cat","embeddable":true,"href":"https:\/\/lindegger-optic.ch\/en\/wp-json\/wp\/v2\/product_cat?post=15530"},{"taxonomy":"product_tag","embeddable":true,"href":"https:\/\/lindegger-optic.ch\/en\/wp-json\/wp\/v2\/product_tag?post=15530"}],"curies":[{"name":"wp","href":"https:\/\/api.w.org\/{rel}","templated":true}]}}