{"id":15531,"date":"2022-11-03T11:38:51","date_gmt":"2022-11-03T10:38:51","guid":{"rendered":"https:\/\/lindegger-optic.ch\/produit\/maui-jim-kaupo-gap\/"},"modified":"2022-11-03T11:38:51","modified_gmt":"2022-11-03T10:38:51","slug":"maui-jim-kaupo-gap","status":"publish","type":"product","link":"https:\/\/lindegger-optic.ch\/en\/produit\/maui-jim-kaupo-gap\/","title":{"rendered":"Maui Jim, Kaupo Gap"},"content":{"rendered":"<p>High quality and reliable sports eyewear exists! Maui Jim pays particular attention to the lenses: in this range, they are equipped with PolarizedPlus2 technology and thus meet all the needs in all types of sports.<\/p>\n<p>For example, tennis, a sport with many constraints, where the speed of the ball requires exceptional reflexes from the player. A clear and precise view allows you to react more quickly and prepare the next move. The interior anti-reflective PolarizedPlus2 combined with high contrast lenses increases color and visual acuity to a level never before achieved.<\/p>\n","protected":false},"excerpt":{"rendered":"<p>Maui Island in the Hawaiian archipelago: the designers of Maui Jim found inspiration in a sumptuous setting of green and colorful nature. From the shimmering flowers to the coral-covered seabed, the colors are vivid and extreme. To allow the beauty of life to be appreciated: this is why Maui Jim pays particular attention to the lenses used.<\/p>\n<p>&nbsp;<\/p>\n","protected":false},"featured_media":13728,"comment_status":"closed","ping_status":"closed","template":"","meta":{"_et_pb_use_builder":"","_et_pb_old_content":"","_et_gb_content_width":""},"product_cat":[1389],"product_tag":[1407,1418,1419,1400,1417],"class_list":{"0":"post-15531","1":"product","2":"type-product","3":"status-publish","4":"has-post-thumbnail","6":"product_cat-sunglasses","7":"product_tag-classic-sunglasses","8":"product_tag-maui-jim-en","9":"product_tag-maui-jim-eyewear-en","10":"product_tag-sunglasses-en","11":"product_tag-sunglasses-and-accessories-en","13":"first","14":"instock","15":"taxable","16":"shipping-taxable","17":"product-type-simple"},"yoast_head":"<!-- This site is optimized with the Yoast SEO plugin v23.6 - https:\/\/yoast.com\/wordpress\/plugins\/seo\/ -->\n<title>Achetez Maui Jim, Kaupo Gap chez Lindegger Optique<\/title>\n<meta name=\"description\" content=\"Achetez Maui Jim, Kaupo Gap au meilleur prix chez Lindegger Optique. Livraison gratuite en 48 heures !\" \/>\n<meta name=\"robots\" content=\"index, follow, max-snippet:-1, max-image-preview:large, max-video-preview:-1\" \/>\n<link rel=\"canonical\" href=\"https:\/\/lindegger-optic.ch\/en\/produit\/maui-jim-kaupo-gap\/\" \/>\n<meta property=\"og:locale\" content=\"en_US\" \/>\n<meta property=\"og:type\" content=\"article\" \/>\n<meta property=\"og:title\" content=\"Achetez Maui Jim, Kaupo Gap chez Lindegger Optique\" \/>\n<meta property=\"og:description\" content=\"Achetez Maui Jim, Kaupo Gap au meilleur prix chez Lindegger Optique. Livraison gratuite en 48 heures !\" \/>\n<meta property=\"og:url\" content=\"https:\/\/lindegger-optic.ch\/en\/produit\/maui-jim-kaupo-gap\/\" \/>\n<meta property=\"og:site_name\" content=\"Lindegger Optic, votre opticien \u00e0 Gen\u00e8ve, la meilleure qualit\u00e9 au service de votre vue\" \/>\n<meta property=\"og:image\" content=\"https:\/\/lindegger-optic.ch\/wp-content\/uploads\/Kaupo-Gap-B437-03M-2.webp\" \/>\n\t<meta property=\"og:image:width\" content=\"900\" \/>\n\t<meta property=\"og:image:height\" content=\"320\" \/>\n\t<meta property=\"og:image:type\" content=\"image\/webp\" \/>\n<meta name=\"twitter:card\" content=\"summary_large_image\" \/>\n<script type=\"application\/ld+json\" class=\"yoast-schema-graph\">{\"@context\":\"https:\/\/schema.org\",\"@graph\":[{\"@type\":\"WebPage\",\"@id\":\"https:\/\/lindegger-optic.ch\/en\/produit\/maui-jim-kaupo-gap\/\",\"url\":\"https:\/\/lindegger-optic.ch\/en\/produit\/maui-jim-kaupo-gap\/\",\"name\":\"Achetez Maui Jim, Kaupo Gap chez Lindegger Optique\",\"isPartOf\":{\"@id\":\"https:\/\/lindegger-optic.ch\/#website\"},\"primaryImageOfPage\":{\"@id\":\"https:\/\/lindegger-optic.ch\/en\/produit\/maui-jim-kaupo-gap\/#primaryimage\"},\"image\":{\"@id\":\"https:\/\/lindegger-optic.ch\/en\/produit\/maui-jim-kaupo-gap\/#primaryimage\"},\"thumbnailUrl\":\"https:\/\/lindegger-optic.ch\/wp-content\/uploads\/Kaupo-Gap-B437-03M-2.webp\",\"datePublished\":\"2022-11-03T10:38:51+00:00\",\"dateModified\":\"2022-11-03T10:38:51+00:00\",\"description\":\"Achetez Maui Jim, Kaupo Gap au meilleur prix chez Lindegger Optique. Livraison gratuite en 48 heures !\",\"breadcrumb\":{\"@id\":\"https:\/\/lindegger-optic.ch\/en\/produit\/maui-jim-kaupo-gap\/#breadcrumb\"},\"inLanguage\":\"en-US\",\"potentialAction\":[{\"@type\":\"ReadAction\",\"target\":[\"https:\/\/lindegger-optic.ch\/en\/produit\/maui-jim-kaupo-gap\/\"]}]},{\"@type\":\"ImageObject\",\"inLanguage\":\"en-US\",\"@id\":\"https:\/\/lindegger-optic.ch\/en\/produit\/maui-jim-kaupo-gap\/#primaryimage\",\"url\":\"https:\/\/lindegger-optic.ch\/wp-content\/uploads\/Kaupo-Gap-B437-03M-2.webp\",\"contentUrl\":\"https:\/\/lindegger-optic.ch\/wp-content\/uploads\/Kaupo-Gap-B437-03M-2.webp\",\"width\":900,\"height\":320,\"caption\":\"Kaupo Gap B437-03M 2\"},{\"@type\":\"BreadcrumbList\",\"@id\":\"https:\/\/lindegger-optic.ch\/en\/produit\/maui-jim-kaupo-gap\/#breadcrumb\",\"itemListElement\":[{\"@type\":\"ListItem\",\"position\":1,\"name\":\"Accueil\",\"item\":\"https:\/\/lindegger-optic.ch\/en\/home\/\"},{\"@type\":\"ListItem\",\"position\":2,\"name\":\"Shop\",\"item\":\"https:\/\/lindegger-optic.ch\/shop\/\"},{\"@type\":\"ListItem\",\"position\":3,\"name\":\"Maui Jim, Kaupo Gap\"}]},{\"@type\":\"WebSite\",\"@id\":\"https:\/\/lindegger-optic.ch\/#website\",\"url\":\"https:\/\/lindegger-optic.ch\/\",\"name\":\"Lindegger Optic, votre opticien \u00e0 Gen\u00e8ve, la meilleure qualit\u00e9 au service de votre vue\",\"description\":\"\",\"potentialAction\":[{\"@type\":\"SearchAction\",\"target\":{\"@type\":\"EntryPoint\",\"urlTemplate\":\"https:\/\/lindegger-optic.ch\/?s={search_term_string}\"},\"query-input\":{\"@type\":\"PropertyValueSpecification\",\"valueRequired\":true,\"valueName\":\"search_term_string\"}}],\"inLanguage\":\"en-US\"}]}<\/script>\n<!-- \/ Yoast SEO plugin. -->","yoast_head_json":{"title":"Achetez Maui Jim, Kaupo Gap chez Lindegger Optique","description":"Achetez Maui Jim, Kaupo Gap au meilleur prix chez Lindegger Optique. Livraison gratuite en 48 heures !","robots":{"index":"index","follow":"follow","max-snippet":"max-snippet:-1","max-image-preview":"max-image-preview:large","max-video-preview":"max-video-preview:-1"},"canonical":"https:\/\/lindegger-optic.ch\/en\/produit\/maui-jim-kaupo-gap\/","og_locale":"en_US","og_type":"article","og_title":"Achetez Maui Jim, Kaupo Gap chez Lindegger Optique","og_description":"Achetez Maui Jim, Kaupo Gap au meilleur prix chez Lindegger Optique. Livraison gratuite en 48 heures !","og_url":"https:\/\/lindegger-optic.ch\/en\/produit\/maui-jim-kaupo-gap\/","og_site_name":"Lindegger Optic, votre opticien \u00e0 Gen\u00e8ve, la meilleure qualit\u00e9 au service de votre vue","og_image":[{"width":900,"height":320,"url":"https:\/\/lindegger-optic.ch\/wp-content\/uploads\/Kaupo-Gap-B437-03M-2.webp","type":"image\/webp"}],"twitter_card":"summary_large_image","schema":{"@context":"https:\/\/schema.org","@graph":[{"@type":"WebPage","@id":"https:\/\/lindegger-optic.ch\/en\/produit\/maui-jim-kaupo-gap\/","url":"https:\/\/lindegger-optic.ch\/en\/produit\/maui-jim-kaupo-gap\/","name":"Achetez Maui Jim, Kaupo Gap chez Lindegger Optique","isPartOf":{"@id":"https:\/\/lindegger-optic.ch\/#website"},"primaryImageOfPage":{"@id":"https:\/\/lindegger-optic.ch\/en\/produit\/maui-jim-kaupo-gap\/#primaryimage"},"image":{"@id":"https:\/\/lindegger-optic.ch\/en\/produit\/maui-jim-kaupo-gap\/#primaryimage"},"thumbnailUrl":"https:\/\/lindegger-optic.ch\/wp-content\/uploads\/Kaupo-Gap-B437-03M-2.webp","datePublished":"2022-11-03T10:38:51+00:00","dateModified":"2022-11-03T10:38:51+00:00","description":"Achetez Maui Jim, Kaupo Gap au meilleur prix chez Lindegger Optique. Livraison gratuite en 48 heures !","breadcrumb":{"@id":"https:\/\/lindegger-optic.ch\/en\/produit\/maui-jim-kaupo-gap\/#breadcrumb"},"inLanguage":"en-US","potentialAction":[{"@type":"ReadAction","target":["https:\/\/lindegger-optic.ch\/en\/produit\/maui-jim-kaupo-gap\/"]}]},{"@type":"ImageObject","inLanguage":"en-US","@id":"https:\/\/lindegger-optic.ch\/en\/produit\/maui-jim-kaupo-gap\/#primaryimage","url":"https:\/\/lindegger-optic.ch\/wp-content\/uploads\/Kaupo-Gap-B437-03M-2.webp","contentUrl":"https:\/\/lindegger-optic.ch\/wp-content\/uploads\/Kaupo-Gap-B437-03M-2.webp","width":900,"height":320,"caption":"Kaupo Gap B437-03M 2"},{"@type":"BreadcrumbList","@id":"https:\/\/lindegger-optic.ch\/en\/produit\/maui-jim-kaupo-gap\/#breadcrumb","itemListElement":[{"@type":"ListItem","position":1,"name":"Accueil","item":"https:\/\/lindegger-optic.ch\/en\/home\/"},{"@type":"ListItem","position":2,"name":"Shop","item":"https:\/\/lindegger-optic.ch\/shop\/"},{"@type":"ListItem","position":3,"name":"Maui Jim, Kaupo Gap"}]},{"@type":"WebSite","@id":"https:\/\/lindegger-optic.ch\/#website","url":"https:\/\/lindegger-optic.ch\/","name":"Lindegger Optic, votre opticien \u00e0 Gen\u00e8ve, la meilleure qualit\u00e9 au service de votre vue","description":"","potentialAction":[{"@type":"SearchAction","target":{"@type":"EntryPoint","urlTemplate":"https:\/\/lindegger-optic.ch\/?s={search_term_string}"},"query-input":{"@type":"PropertyValueSpecification","valueRequired":true,"valueName":"search_term_string"}}],"inLanguage":"en-US"}]}},"_links":{"self":[{"href":"https:\/\/lindegger-optic.ch\/en\/wp-json\/wp\/v2\/product\/15531"}],"collection":[{"href":"https:\/\/lindegger-optic.ch\/en\/wp-json\/wp\/v2\/product"}],"about":[{"href":"https:\/\/lindegger-optic.ch\/en\/wp-json\/wp\/v2\/types\/product"}],"replies":[{"embeddable":true,"href":"https:\/\/lindegger-optic.ch\/en\/wp-json\/wp\/v2\/comments?post=15531"}],"wp:featuredmedia":[{"embeddable":true,"href":"https:\/\/lindegger-optic.ch\/en\/wp-json\/wp\/v2\/media\/13728"}],"wp:attachment":[{"href":"https:\/\/lindegger-optic.ch\/en\/wp-json\/wp\/v2\/media?parent=15531"}],"wp:term":[{"taxonomy":"product_cat","embeddable":true,"href":"https:\/\/lindegger-optic.ch\/en\/wp-json\/wp\/v2\/product_cat?post=15531"},{"taxonomy":"product_tag","embeddable":true,"href":"https:\/\/lindegger-optic.ch\/en\/wp-json\/wp\/v2\/product_tag?post=15531"}],"curies":[{"name":"wp","href":"https:\/\/api.w.org\/{rel}","templated":true}]}}