{"id":15538,"date":"2022-11-03T11:44:12","date_gmt":"2022-11-03T10:44:12","guid":{"rendered":"https:\/\/lindegger-optic.ch\/produit\/futuro-soft-2a\/"},"modified":"2024-10-08T05:50:54","modified_gmt":"2024-10-08T03:50:54","slug":"futuro-soft-2a","status":"publish","type":"product","link":"https:\/\/lindegger-optic.ch\/en\/produit\/futuro-soft-2a\/","title":{"rendered":"Futuro Soft 2A"},"content":{"rendered":"<p><a href=\"https:\/\/www.conil.ch\/de\/produkte\/pflegemittel\/futuro.php\">Futuro Soft 2A<\/a> is the ideal solution for neutralizing all types of soft contact lenses. It comes in 30 single-dose 10 ml packs, with no preservatives, for convenient, hygienic use. <a href=\"https:\/\/www.conil.ch\/de\/produkte\/pflegemittel\/futuro.php\">Futuro Soft 2A<\/a> effectively neutralizes <a href=\"https:\/\/lindegger-optic.ch\/produit\/novoxy-1-350ml\/\">Novoxy 1<\/a> peroxide cleaner, guaranteeing complete neutralization and optimum protection for your contact lenses. With its two-phase formula,<a href=\"https:\/\/www.conil.ch\/de\/produkte\/pflegemittel\/futuro.php\"> Futuro Soft 2A<\/a> ensures complete neutralization and maximum hydration for all-day comfort. Try <a href=\"https:\/\/www.conil.ch\/de\/produkte\/pflegemittel\/futuro.php\">Futuro Soft 2A<\/a> today and discover the difference for your soft contact lenses. <\/p>\n<ul>\n<li>2nd phase product for soft contact lenses.<\/li>\n<li>No preservative, in single dose of 30x10ml<\/li>\n<li>Ideal for a daily cleaning, keeps your lenses.<\/li>\n<li>Added wetting agent for better comfort.<\/li>\n<\/ul>\n<p>Recommendations:<br \/>\nwash and dry hands thoroughly. Remember to work in a clean, dry space.<\/p>\n","protected":false},"excerpt":{"rendered":"<p><a href=\"https:\/\/www.conil.ch\/de\/produkte\/pflegemittel\/futuro.php\">Futuro Soft 2A<\/a> is a two-phase neutralizing solution for soft contact lenses, sold in 30 convenient, preservative-free single-dose packs. It effectively neutralizes <a href=\"https:\/\/lindegger-optic.ch\/produit\/novoxy-1-350ml\/\">Novoxy 1<\/a> peroxide cleaning for optimum protection and maximum hydration for all-day comfort. <\/p>\n","protected":false},"featured_media":13521,"comment_status":"closed","ping_status":"closed","template":"","meta":{"_et_pb_use_builder":"","_et_pb_old_content":"","_et_gb_content_width":""},"product_cat":[1381],"product_tag":[],"class_list":{"0":"post-15538","1":"product","2":"type-product","3":"status-publish","4":"has-post-thumbnail","6":"product_cat-contact-lens-product","8":"first","9":"instock","10":"taxable","11":"shipping-taxable","12":"product-type-simple"},"yoast_head":"<!-- This site is optimized with the Yoast SEO plugin v23.6 - https:\/\/yoast.com\/wordpress\/plugins\/seo\/ -->\n<title>Achetez Futuro Soft 2A chez Lindegger Optique<\/title>\n<meta name=\"description\" content=\"Futuro Soft 2A two-phase neutralization solution for all types of soft contact lenses. No preservatives.\" \/>\n<meta name=\"robots\" content=\"index, follow, max-snippet:-1, max-image-preview:large, max-video-preview:-1\" \/>\n<link rel=\"canonical\" href=\"https:\/\/lindegger-optic.ch\/en\/produit\/futuro-soft-2a\/\" \/>\n<meta property=\"og:locale\" content=\"en_US\" \/>\n<meta property=\"og:type\" content=\"article\" \/>\n<meta property=\"og:title\" content=\"Achetez Futuro Soft 2A chez Lindegger Optique\" \/>\n<meta property=\"og:description\" content=\"Futuro Soft 2A two-phase neutralization solution for all types of soft contact lenses. No preservatives.\" \/>\n<meta property=\"og:url\" content=\"https:\/\/lindegger-optic.ch\/en\/produit\/futuro-soft-2a\/\" \/>\n<meta property=\"og:site_name\" content=\"Lindegger Optic, votre opticien \u00e0 Gen\u00e8ve, la meilleure qualit\u00e9 au service de votre vue\" \/>\n<meta property=\"article:modified_time\" content=\"2024-10-08T03:50:54+00:00\" \/>\n<meta property=\"og:image\" content=\"https:\/\/lindegger-optic.ch\/wp-content\/uploads\/Futuro-soft-2a-30x10ml.jpg\" \/>\n\t<meta property=\"og:image:width\" content=\"458\" \/>\n\t<meta property=\"og:image:height\" content=\"458\" \/>\n\t<meta property=\"og:image:type\" content=\"image\/jpeg\" \/>\n<meta name=\"twitter:card\" content=\"summary_large_image\" \/>\n<meta name=\"twitter:label1\" content=\"Est. reading time\" \/>\n\t<meta name=\"twitter:data1\" content=\"1 minute\" \/>\n<script type=\"application\/ld+json\" class=\"yoast-schema-graph\">{\"@context\":\"https:\/\/schema.org\",\"@graph\":[{\"@type\":\"WebPage\",\"@id\":\"https:\/\/lindegger-optic.ch\/en\/produit\/futuro-soft-2a\/\",\"url\":\"https:\/\/lindegger-optic.ch\/en\/produit\/futuro-soft-2a\/\",\"name\":\"Achetez Futuro Soft 2A chez Lindegger Optique\",\"isPartOf\":{\"@id\":\"https:\/\/lindegger-optic.ch\/#website\"},\"primaryImageOfPage\":{\"@id\":\"https:\/\/lindegger-optic.ch\/en\/produit\/futuro-soft-2a\/#primaryimage\"},\"image\":{\"@id\":\"https:\/\/lindegger-optic.ch\/en\/produit\/futuro-soft-2a\/#primaryimage\"},\"thumbnailUrl\":\"https:\/\/lindegger-optic.ch\/wp-content\/uploads\/Futuro-soft-2a-30x10ml.jpg\",\"datePublished\":\"2022-11-03T10:44:12+00:00\",\"dateModified\":\"2024-10-08T03:50:54+00:00\",\"description\":\"Futuro Soft 2A two-phase neutralization solution for all types of soft contact lenses. No preservatives.\",\"breadcrumb\":{\"@id\":\"https:\/\/lindegger-optic.ch\/en\/produit\/futuro-soft-2a\/#breadcrumb\"},\"inLanguage\":\"en-US\",\"potentialAction\":[{\"@type\":\"ReadAction\",\"target\":[\"https:\/\/lindegger-optic.ch\/en\/produit\/futuro-soft-2a\/\"]}]},{\"@type\":\"ImageObject\",\"inLanguage\":\"en-US\",\"@id\":\"https:\/\/lindegger-optic.ch\/en\/produit\/futuro-soft-2a\/#primaryimage\",\"url\":\"https:\/\/lindegger-optic.ch\/wp-content\/uploads\/Futuro-soft-2a-30x10ml.jpg\",\"contentUrl\":\"https:\/\/lindegger-optic.ch\/wp-content\/uploads\/Futuro-soft-2a-30x10ml.jpg\",\"width\":458,\"height\":458,\"caption\":\"Futuro Soft 2A solution de neutralisation deux phases pour tout type de lentille de contact souple. Sans produit de conservation.\"},{\"@type\":\"BreadcrumbList\",\"@id\":\"https:\/\/lindegger-optic.ch\/en\/produit\/futuro-soft-2a\/#breadcrumb\",\"itemListElement\":[{\"@type\":\"ListItem\",\"position\":1,\"name\":\"Accueil\",\"item\":\"https:\/\/lindegger-optic.ch\/en\/home\/\"},{\"@type\":\"ListItem\",\"position\":2,\"name\":\"Shop\",\"item\":\"https:\/\/lindegger-optic.ch\/shop\/\"},{\"@type\":\"ListItem\",\"position\":3,\"name\":\"Futuro Soft 2A\"}]},{\"@type\":\"WebSite\",\"@id\":\"https:\/\/lindegger-optic.ch\/#website\",\"url\":\"https:\/\/lindegger-optic.ch\/\",\"name\":\"Lindegger Optic, votre opticien \u00e0 Gen\u00e8ve, la meilleure qualit\u00e9 au service de votre vue\",\"description\":\"\",\"potentialAction\":[{\"@type\":\"SearchAction\",\"target\":{\"@type\":\"EntryPoint\",\"urlTemplate\":\"https:\/\/lindegger-optic.ch\/?s={search_term_string}\"},\"query-input\":{\"@type\":\"PropertyValueSpecification\",\"valueRequired\":true,\"valueName\":\"search_term_string\"}}],\"inLanguage\":\"en-US\"}]}<\/script>\n<!-- \/ Yoast SEO plugin. -->","yoast_head_json":{"title":"Achetez Futuro Soft 2A chez Lindegger Optique","description":"Futuro Soft 2A two-phase neutralization solution for all types of soft contact lenses. No preservatives.","robots":{"index":"index","follow":"follow","max-snippet":"max-snippet:-1","max-image-preview":"max-image-preview:large","max-video-preview":"max-video-preview:-1"},"canonical":"https:\/\/lindegger-optic.ch\/en\/produit\/futuro-soft-2a\/","og_locale":"en_US","og_type":"article","og_title":"Achetez Futuro Soft 2A chez Lindegger Optique","og_description":"Futuro Soft 2A two-phase neutralization solution for all types of soft contact lenses. No preservatives.","og_url":"https:\/\/lindegger-optic.ch\/en\/produit\/futuro-soft-2a\/","og_site_name":"Lindegger Optic, votre opticien \u00e0 Gen\u00e8ve, la meilleure qualit\u00e9 au service de votre vue","article_modified_time":"2024-10-08T03:50:54+00:00","og_image":[{"width":458,"height":458,"url":"https:\/\/lindegger-optic.ch\/wp-content\/uploads\/Futuro-soft-2a-30x10ml.jpg","type":"image\/jpeg"}],"twitter_card":"summary_large_image","twitter_misc":{"Est. reading time":"1 minute"},"schema":{"@context":"https:\/\/schema.org","@graph":[{"@type":"WebPage","@id":"https:\/\/lindegger-optic.ch\/en\/produit\/futuro-soft-2a\/","url":"https:\/\/lindegger-optic.ch\/en\/produit\/futuro-soft-2a\/","name":"Achetez Futuro Soft 2A chez Lindegger Optique","isPartOf":{"@id":"https:\/\/lindegger-optic.ch\/#website"},"primaryImageOfPage":{"@id":"https:\/\/lindegger-optic.ch\/en\/produit\/futuro-soft-2a\/#primaryimage"},"image":{"@id":"https:\/\/lindegger-optic.ch\/en\/produit\/futuro-soft-2a\/#primaryimage"},"thumbnailUrl":"https:\/\/lindegger-optic.ch\/wp-content\/uploads\/Futuro-soft-2a-30x10ml.jpg","datePublished":"2022-11-03T10:44:12+00:00","dateModified":"2024-10-08T03:50:54+00:00","description":"Futuro Soft 2A two-phase neutralization solution for all types of soft contact lenses. No preservatives.","breadcrumb":{"@id":"https:\/\/lindegger-optic.ch\/en\/produit\/futuro-soft-2a\/#breadcrumb"},"inLanguage":"en-US","potentialAction":[{"@type":"ReadAction","target":["https:\/\/lindegger-optic.ch\/en\/produit\/futuro-soft-2a\/"]}]},{"@type":"ImageObject","inLanguage":"en-US","@id":"https:\/\/lindegger-optic.ch\/en\/produit\/futuro-soft-2a\/#primaryimage","url":"https:\/\/lindegger-optic.ch\/wp-content\/uploads\/Futuro-soft-2a-30x10ml.jpg","contentUrl":"https:\/\/lindegger-optic.ch\/wp-content\/uploads\/Futuro-soft-2a-30x10ml.jpg","width":458,"height":458,"caption":"Futuro Soft 2A solution de neutralisation deux phases pour tout type de lentille de contact souple. Sans produit de conservation."},{"@type":"BreadcrumbList","@id":"https:\/\/lindegger-optic.ch\/en\/produit\/futuro-soft-2a\/#breadcrumb","itemListElement":[{"@type":"ListItem","position":1,"name":"Accueil","item":"https:\/\/lindegger-optic.ch\/en\/home\/"},{"@type":"ListItem","position":2,"name":"Shop","item":"https:\/\/lindegger-optic.ch\/shop\/"},{"@type":"ListItem","position":3,"name":"Futuro Soft 2A"}]},{"@type":"WebSite","@id":"https:\/\/lindegger-optic.ch\/#website","url":"https:\/\/lindegger-optic.ch\/","name":"Lindegger Optic, votre opticien \u00e0 Gen\u00e8ve, la meilleure qualit\u00e9 au service de votre vue","description":"","potentialAction":[{"@type":"SearchAction","target":{"@type":"EntryPoint","urlTemplate":"https:\/\/lindegger-optic.ch\/?s={search_term_string}"},"query-input":{"@type":"PropertyValueSpecification","valueRequired":true,"valueName":"search_term_string"}}],"inLanguage":"en-US"}]}},"_links":{"self":[{"href":"https:\/\/lindegger-optic.ch\/en\/wp-json\/wp\/v2\/product\/15538"}],"collection":[{"href":"https:\/\/lindegger-optic.ch\/en\/wp-json\/wp\/v2\/product"}],"about":[{"href":"https:\/\/lindegger-optic.ch\/en\/wp-json\/wp\/v2\/types\/product"}],"replies":[{"embeddable":true,"href":"https:\/\/lindegger-optic.ch\/en\/wp-json\/wp\/v2\/comments?post=15538"}],"wp:featuredmedia":[{"embeddable":true,"href":"https:\/\/lindegger-optic.ch\/en\/wp-json\/wp\/v2\/media\/13521"}],"wp:attachment":[{"href":"https:\/\/lindegger-optic.ch\/en\/wp-json\/wp\/v2\/media?parent=15538"}],"wp:term":[{"taxonomy":"product_cat","embeddable":true,"href":"https:\/\/lindegger-optic.ch\/en\/wp-json\/wp\/v2\/product_cat?post=15538"},{"taxonomy":"product_tag","embeddable":true,"href":"https:\/\/lindegger-optic.ch\/en\/wp-json\/wp\/v2\/product_tag?post=15538"}],"curies":[{"name":"wp","href":"https:\/\/api.w.org\/{rel}","templated":true}]}}