{"id":16357,"date":"2024-10-08T05:50:33","date_gmt":"2024-10-08T03:50:33","guid":{"rendered":"https:\/\/lindegger-optic.ch\/produit\/hylo-comod-2x10ml\/"},"modified":"2024-10-08T05:50:33","modified_gmt":"2024-10-08T03:50:33","slug":"hylo-comod-2x10ml","status":"publish","type":"product","link":"https:\/\/lindegger-optic.ch\/en\/produit\/hylo-comod-2x10ml\/","title":{"rendered":"Hylo-Comod 2x10ml."},"content":{"rendered":"<p><a href=\"https:\/\/hylo.ch\/fr\/produits\/hylo-comod\/\">Hylo Comod<\/a> duo is an innovative <a href=\"https:\/\/lindegger-optic.ch\/cat%C3%A9gorie-de-produit\/produit-de-lentilles-de-contact\/larmes-artificielles\/\">artificial tear <\/a>solution designed to relieve dry, tired and irritated eyes. This unique formula combines hyaluronic acid to provide long-lasting, soothing hydration. <a href=\"https:\/\/hylo.ch\/fr\/produits\/hylo-comod\/\">Hylo Comod<\/a> duo is perfectly suited to contact lens wearers and can be safely used for prolonged screen time. Thanks to its patented technology, the solution is precisely dispensed for easy, effective application. Symptoms of eye irritation and dryness can be caused by many factors, including exposure to air conditioning, pollution, contact lens wear and prolonged screen work. <a href=\"https:\/\/hylo.ch\/fr\/produits\/hylo-comod\/\">Hylo Comod<\/a> duo is the ideal solution for protecting your eyes from these external aggressions and restoring optimal visual comfort. The hyaluronic acid in<a href=\"https:\/\/hylo.ch\/fr\/produits\/hylo-comod\/\">Hylo Comod<\/a> duo&#8217;s formula is a natural moisturizing agent found in the human body. It forms a protective film on the surface of the eye to maintain optimal hydration. Ectoin is a protective molecule produced by certain bacteria, enabling them to survive in extreme environmental conditions. This molecule offers additional protection to eye cells against external aggressions. The combination of these two ingredients in <a href=\"https:\/\/hylo.ch\/fr\/produits\/hylo-comod\/\">Hylo Comod<\/a> duo provides long-lasting, soothing hydration to relieve dry, tired and irritated eyes. As a result, users can enjoy clear, comfortable vision, even after prolonged screen use. In short, <a href=\"https:\/\/hylo.ch\/fr\/produits\/hylo-comod\/\">Hylo Comod<\/a> duo is an innovative <a href=\"https:\/\/lindegger-optic.ch\/cat%C3%A9gorie-de-produit\/produit-de-lentilles-de-contact\/larmes-artificielles\/\">artificial tear<\/a> solution that provides long-lasting, soothing hydration for dry, tired and irritated eyes. Its patented technology makes application easy and effective, and is ideal for contact lens wearers. Use <a href=\"https:\/\/hylo.ch\/fr\/produits\/hylo-comod\/\">Hylo Comod<\/a> duo to protect your eyes from external aggressions and regain optimal visual comfort.<\/p>\n","protected":false},"excerpt":{"rendered":"<p><a href=\"https:\/\/hylo.ch\/fr\/produits\/hylo-comod\/\">Hylo Comod<\/a> duo is an innovative <a href=\"https:\/\/lindegger-optic.ch\/cat%C3%A9gorie-de-produit\/produit-de-lentilles-de-contact\/larmes-artificielles\/\">artificial tear<\/a> solution to relieve dry, tired and irritated eyes. Its unique formula combines hyaluronic acid for long-lasting, soothing hydration. Suitable for contact lens wearers.  <\/p>\n","protected":false},"featured_media":15789,"comment_status":"closed","ping_status":"closed","template":"","meta":{"_et_pb_use_builder":"","_et_pb_old_content":"","_et_gb_content_width":""},"product_cat":[1382,1381],"product_tag":[1374,1368,1505,1504,1369,1375,1370],"class_list":{"0":"post-16357","1":"product","2":"type-product","3":"status-publish","4":"has-post-thumbnail","6":"product_cat-artificial-tears","7":"product_cat-contact-lens-product","8":"product_tag-artificial-tear","9":"product_tag-dry-eyes","10":"product_tag-hylo-comod-en","11":"product_tag-product-lens","12":"product_tag-red-eyes","13":"product_tag-taste-for-the-eyes","14":"product_tag-tired-eyes","16":"first","17":"instock","18":"taxable","19":"shipping-taxable","20":"product-type-simple"},"yoast_head":"<!-- This site is optimized with the Yoast SEO plugin v23.6 - https:\/\/yoast.com\/wordpress\/plugins\/seo\/ -->\n<title>Hylo-Comod 2x10ml. Solution for dry, irritated eyes<\/title>\n<meta name=\"description\" content=\"Relieve dry, irritated eyes Hylo-Comod 2x10ml. the innovative solution of hyaluronic acid artificial tears. Suitable for contact lens wearers.\" \/>\n<meta name=\"robots\" content=\"index, follow, max-snippet:-1, max-image-preview:large, max-video-preview:-1\" \/>\n<link rel=\"canonical\" href=\"https:\/\/lindegger-optic.ch\/en\/produit\/hylo-comod-2x10ml\/\" \/>\n<meta property=\"og:locale\" content=\"en_US\" \/>\n<meta property=\"og:type\" content=\"article\" \/>\n<meta property=\"og:title\" content=\"Hylo-Comod 2x10ml. Solution for dry, irritated eyes\" \/>\n<meta property=\"og:description\" content=\"Relieve dry, irritated eyes Hylo-Comod 2x10ml. the innovative solution of hyaluronic acid artificial tears. Suitable for contact lens wearers.\" \/>\n<meta property=\"og:url\" content=\"https:\/\/lindegger-optic.ch\/en\/produit\/hylo-comod-2x10ml\/\" \/>\n<meta property=\"og:site_name\" content=\"Lindegger Optic, votre opticien \u00e0 Gen\u00e8ve, la meilleure qualit\u00e9 au service de votre vue\" \/>\n<meta property=\"og:image\" content=\"https:\/\/lindegger-optic.ch\/wp-content\/uploads\/hylo-Commod-duo.jpg\" \/>\n\t<meta property=\"og:image:width\" content=\"1000\" \/>\n\t<meta property=\"og:image:height\" content=\"1000\" \/>\n\t<meta property=\"og:image:type\" content=\"image\/jpeg\" \/>\n<meta name=\"twitter:card\" content=\"summary_large_image\" \/>\n<meta name=\"twitter:label1\" content=\"Est. reading time\" \/>\n\t<meta name=\"twitter:data1\" content=\"1 minute\" \/>\n<script type=\"application\/ld+json\" class=\"yoast-schema-graph\">{\"@context\":\"https:\/\/schema.org\",\"@graph\":[{\"@type\":\"WebPage\",\"@id\":\"https:\/\/lindegger-optic.ch\/en\/produit\/hylo-comod-2x10ml\/\",\"url\":\"https:\/\/lindegger-optic.ch\/en\/produit\/hylo-comod-2x10ml\/\",\"name\":\"Hylo-Comod 2x10ml. Solution for dry, irritated eyes\",\"isPartOf\":{\"@id\":\"https:\/\/lindegger-optic.ch\/#website\"},\"primaryImageOfPage\":{\"@id\":\"https:\/\/lindegger-optic.ch\/en\/produit\/hylo-comod-2x10ml\/#primaryimage\"},\"image\":{\"@id\":\"https:\/\/lindegger-optic.ch\/en\/produit\/hylo-comod-2x10ml\/#primaryimage\"},\"thumbnailUrl\":\"https:\/\/lindegger-optic.ch\/wp-content\/uploads\/hylo-Commod-duo.jpg\",\"datePublished\":\"2024-10-08T03:50:33+00:00\",\"dateModified\":\"2024-10-08T03:50:33+00:00\",\"description\":\"Relieve dry, irritated eyes Hylo-Comod 2x10ml. the innovative solution of hyaluronic acid artificial tears. Suitable for contact lens wearers.\",\"breadcrumb\":{\"@id\":\"https:\/\/lindegger-optic.ch\/en\/produit\/hylo-comod-2x10ml\/#breadcrumb\"},\"inLanguage\":\"en-US\",\"potentialAction\":[{\"@type\":\"ReadAction\",\"target\":[\"https:\/\/lindegger-optic.ch\/en\/produit\/hylo-comod-2x10ml\/\"]}]},{\"@type\":\"ImageObject\",\"inLanguage\":\"en-US\",\"@id\":\"https:\/\/lindegger-optic.ch\/en\/produit\/hylo-comod-2x10ml\/#primaryimage\",\"url\":\"https:\/\/lindegger-optic.ch\/wp-content\/uploads\/hylo-Commod-duo.jpg\",\"contentUrl\":\"https:\/\/lindegger-optic.ch\/wp-content\/uploads\/hylo-Commod-duo.jpg\",\"width\":1000,\"height\":1000,\"caption\":\"Soulagez vos yeux secs et irrit\u00e9s avec Hylo Comod duo - la solution de larmes artificielles \u00e0 l'acide hyaluronique\"},{\"@type\":\"BreadcrumbList\",\"@id\":\"https:\/\/lindegger-optic.ch\/en\/produit\/hylo-comod-2x10ml\/#breadcrumb\",\"itemListElement\":[{\"@type\":\"ListItem\",\"position\":1,\"name\":\"Accueil\",\"item\":\"https:\/\/lindegger-optic.ch\/en\/home\/\"},{\"@type\":\"ListItem\",\"position\":2,\"name\":\"Shop\",\"item\":\"https:\/\/lindegger-optic.ch\/shop\/\"},{\"@type\":\"ListItem\",\"position\":3,\"name\":\"Hylo-Comod 2x10ml.\"}]},{\"@type\":\"WebSite\",\"@id\":\"https:\/\/lindegger-optic.ch\/#website\",\"url\":\"https:\/\/lindegger-optic.ch\/\",\"name\":\"Lindegger Optic, votre opticien \u00e0 Gen\u00e8ve, la meilleure qualit\u00e9 au service de votre vue\",\"description\":\"\",\"potentialAction\":[{\"@type\":\"SearchAction\",\"target\":{\"@type\":\"EntryPoint\",\"urlTemplate\":\"https:\/\/lindegger-optic.ch\/?s={search_term_string}\"},\"query-input\":{\"@type\":\"PropertyValueSpecification\",\"valueRequired\":true,\"valueName\":\"search_term_string\"}}],\"inLanguage\":\"en-US\"}]}<\/script>\n<!-- \/ Yoast SEO plugin. -->","yoast_head_json":{"title":"Hylo-Comod 2x10ml. Solution for dry, irritated eyes","description":"Relieve dry, irritated eyes Hylo-Comod 2x10ml. the innovative solution of hyaluronic acid artificial tears. Suitable for contact lens wearers.","robots":{"index":"index","follow":"follow","max-snippet":"max-snippet:-1","max-image-preview":"max-image-preview:large","max-video-preview":"max-video-preview:-1"},"canonical":"https:\/\/lindegger-optic.ch\/en\/produit\/hylo-comod-2x10ml\/","og_locale":"en_US","og_type":"article","og_title":"Hylo-Comod 2x10ml. Solution for dry, irritated eyes","og_description":"Relieve dry, irritated eyes Hylo-Comod 2x10ml. the innovative solution of hyaluronic acid artificial tears. Suitable for contact lens wearers.","og_url":"https:\/\/lindegger-optic.ch\/en\/produit\/hylo-comod-2x10ml\/","og_site_name":"Lindegger Optic, votre opticien \u00e0 Gen\u00e8ve, la meilleure qualit\u00e9 au service de votre vue","og_image":[{"width":1000,"height":1000,"url":"https:\/\/lindegger-optic.ch\/wp-content\/uploads\/hylo-Commod-duo.jpg","type":"image\/jpeg"}],"twitter_card":"summary_large_image","twitter_misc":{"Est. reading time":"1 minute"},"schema":{"@context":"https:\/\/schema.org","@graph":[{"@type":"WebPage","@id":"https:\/\/lindegger-optic.ch\/en\/produit\/hylo-comod-2x10ml\/","url":"https:\/\/lindegger-optic.ch\/en\/produit\/hylo-comod-2x10ml\/","name":"Hylo-Comod 2x10ml. Solution for dry, irritated eyes","isPartOf":{"@id":"https:\/\/lindegger-optic.ch\/#website"},"primaryImageOfPage":{"@id":"https:\/\/lindegger-optic.ch\/en\/produit\/hylo-comod-2x10ml\/#primaryimage"},"image":{"@id":"https:\/\/lindegger-optic.ch\/en\/produit\/hylo-comod-2x10ml\/#primaryimage"},"thumbnailUrl":"https:\/\/lindegger-optic.ch\/wp-content\/uploads\/hylo-Commod-duo.jpg","datePublished":"2024-10-08T03:50:33+00:00","dateModified":"2024-10-08T03:50:33+00:00","description":"Relieve dry, irritated eyes Hylo-Comod 2x10ml. the innovative solution of hyaluronic acid artificial tears. Suitable for contact lens wearers.","breadcrumb":{"@id":"https:\/\/lindegger-optic.ch\/en\/produit\/hylo-comod-2x10ml\/#breadcrumb"},"inLanguage":"en-US","potentialAction":[{"@type":"ReadAction","target":["https:\/\/lindegger-optic.ch\/en\/produit\/hylo-comod-2x10ml\/"]}]},{"@type":"ImageObject","inLanguage":"en-US","@id":"https:\/\/lindegger-optic.ch\/en\/produit\/hylo-comod-2x10ml\/#primaryimage","url":"https:\/\/lindegger-optic.ch\/wp-content\/uploads\/hylo-Commod-duo.jpg","contentUrl":"https:\/\/lindegger-optic.ch\/wp-content\/uploads\/hylo-Commod-duo.jpg","width":1000,"height":1000,"caption":"Soulagez vos yeux secs et irrit\u00e9s avec Hylo Comod duo - la solution de larmes artificielles \u00e0 l'acide hyaluronique"},{"@type":"BreadcrumbList","@id":"https:\/\/lindegger-optic.ch\/en\/produit\/hylo-comod-2x10ml\/#breadcrumb","itemListElement":[{"@type":"ListItem","position":1,"name":"Accueil","item":"https:\/\/lindegger-optic.ch\/en\/home\/"},{"@type":"ListItem","position":2,"name":"Shop","item":"https:\/\/lindegger-optic.ch\/shop\/"},{"@type":"ListItem","position":3,"name":"Hylo-Comod 2x10ml."}]},{"@type":"WebSite","@id":"https:\/\/lindegger-optic.ch\/#website","url":"https:\/\/lindegger-optic.ch\/","name":"Lindegger Optic, votre opticien \u00e0 Gen\u00e8ve, la meilleure qualit\u00e9 au service de votre vue","description":"","potentialAction":[{"@type":"SearchAction","target":{"@type":"EntryPoint","urlTemplate":"https:\/\/lindegger-optic.ch\/?s={search_term_string}"},"query-input":{"@type":"PropertyValueSpecification","valueRequired":true,"valueName":"search_term_string"}}],"inLanguage":"en-US"}]}},"_links":{"self":[{"href":"https:\/\/lindegger-optic.ch\/en\/wp-json\/wp\/v2\/product\/16357"}],"collection":[{"href":"https:\/\/lindegger-optic.ch\/en\/wp-json\/wp\/v2\/product"}],"about":[{"href":"https:\/\/lindegger-optic.ch\/en\/wp-json\/wp\/v2\/types\/product"}],"replies":[{"embeddable":true,"href":"https:\/\/lindegger-optic.ch\/en\/wp-json\/wp\/v2\/comments?post=16357"}],"wp:featuredmedia":[{"embeddable":true,"href":"https:\/\/lindegger-optic.ch\/en\/wp-json\/wp\/v2\/media\/15789"}],"wp:attachment":[{"href":"https:\/\/lindegger-optic.ch\/en\/wp-json\/wp\/v2\/media?parent=16357"}],"wp:term":[{"taxonomy":"product_cat","embeddable":true,"href":"https:\/\/lindegger-optic.ch\/en\/wp-json\/wp\/v2\/product_cat?post=16357"},{"taxonomy":"product_tag","embeddable":true,"href":"https:\/\/lindegger-optic.ch\/en\/wp-json\/wp\/v2\/product_tag?post=16357"}],"curies":[{"name":"wp","href":"https:\/\/api.w.org\/{rel}","templated":true}]}}