{"id":16359,"date":"2024-10-08T05:50:33","date_gmt":"2024-10-08T03:50:33","guid":{"rendered":"https:\/\/lindegger-optic.ch\/produit\/gphcl-n-cleaner-50ml\/"},"modified":"2024-10-08T05:50:33","modified_gmt":"2024-10-08T03:50:33","slug":"gphcl-n-cleaner-50ml","status":"publish","type":"product","link":"https:\/\/lindegger-optic.ch\/en\/produit\/gphcl-n-cleaner-50ml\/","title":{"rendered":"GPHCL N Cleaner 50ml."},"content":{"rendered":"<p>Rigid contact lens cleaner<\/p>\n","protected":false},"excerpt":{"rendered":"<p>Nettoyant N&#8221; is a non-abrasive surfactant-based solution that is gentle on hard contact lenses. Contopharma &#8220;Nettoyant N&#8221; is free from disinfectants containing heavy metals. <\/p>\n","protected":false},"featured_media":12935,"comment_status":"closed","ping_status":"closed","template":"","meta":{"_et_pb_use_builder":"","_et_pb_old_content":"","_et_gb_content_width":""},"product_cat":[1393],"product_tag":[1442,1506,1367,1436,1441,1440,1439],"class_list":{"0":"post-16359","1":"product","2":"type-product","3":"status-publish","4":"has-post-thumbnail","6":"product_cat-rigid-contact-lens-product","7":"product_tag-flexible-en","8":"product_tag-gphcl-cleaner","9":"product_tag-lens-product","10":"product_tag-permeable-gas","11":"product_tag-product-for-rigid-lens","12":"product_tag-rigid-gas-permeable","13":"product_tag-rpg-en","15":"first","16":"instock","17":"taxable","18":"shipping-taxable","19":"product-type-simple"},"yoast_head":"<!-- This site is optimized with the Yoast SEO plugin v23.6 - https:\/\/yoast.com\/wordpress\/plugins\/seo\/ -->\n<title>GPHCL N Cleaner 50ml.<\/title>\n<meta name=\"description\" content=\"Nettoyant N&quot; is a non-abrasive surfactant-based solution that is gentle on hard contact lenses. Contopharma &quot;Nettoyant N&quot; is free from disinfectants containing heavy metals.\" \/>\n<meta name=\"robots\" content=\"index, follow, max-snippet:-1, max-image-preview:large, max-video-preview:-1\" \/>\n<link rel=\"canonical\" href=\"https:\/\/lindegger-optic.ch\/en\/produit\/gphcl-n-cleaner-50ml\/\" \/>\n<meta property=\"og:locale\" content=\"en_US\" \/>\n<meta property=\"og:type\" content=\"article\" \/>\n<meta property=\"og:title\" content=\"GPHCL N Cleaner 50ml.\" \/>\n<meta property=\"og:description\" content=\"Nettoyant N&quot; is a non-abrasive surfactant-based solution that is gentle on hard contact lenses. Contopharma &quot;Nettoyant N&quot; is free from disinfectants containing heavy metals.\" \/>\n<meta property=\"og:url\" content=\"https:\/\/lindegger-optic.ch\/en\/produit\/gphcl-n-cleaner-50ml\/\" \/>\n<meta property=\"og:site_name\" content=\"Lindegger Optic, votre opticien \u00e0 Gen\u00e8ve, la meilleure qualit\u00e9 au service de votre vue\" \/>\n<meta property=\"og:image\" content=\"https:\/\/lindegger-optic.ch\/wp-content\/uploads\/2017\/04\/GPHCL-Nettoyant-N-50ml..jpg\" \/>\n\t<meta property=\"og:image:width\" content=\"1000\" \/>\n\t<meta property=\"og:image:height\" content=\"700\" \/>\n\t<meta property=\"og:image:type\" content=\"image\/jpeg\" \/>\n<meta name=\"twitter:card\" content=\"summary_large_image\" \/>\n<script type=\"application\/ld+json\" class=\"yoast-schema-graph\">{\"@context\":\"https:\/\/schema.org\",\"@graph\":[{\"@type\":\"WebPage\",\"@id\":\"https:\/\/lindegger-optic.ch\/en\/produit\/gphcl-n-cleaner-50ml\/\",\"url\":\"https:\/\/lindegger-optic.ch\/en\/produit\/gphcl-n-cleaner-50ml\/\",\"name\":\"GPHCL N Cleaner 50ml.\",\"isPartOf\":{\"@id\":\"https:\/\/lindegger-optic.ch\/#website\"},\"primaryImageOfPage\":{\"@id\":\"https:\/\/lindegger-optic.ch\/en\/produit\/gphcl-n-cleaner-50ml\/#primaryimage\"},\"image\":{\"@id\":\"https:\/\/lindegger-optic.ch\/en\/produit\/gphcl-n-cleaner-50ml\/#primaryimage\"},\"thumbnailUrl\":\"https:\/\/lindegger-optic.ch\/wp-content\/uploads\/2017\/04\/GPHCL-Nettoyant-N-50ml..jpg\",\"datePublished\":\"2024-10-08T03:50:33+00:00\",\"dateModified\":\"2024-10-08T03:50:33+00:00\",\"description\":\"Nettoyant N\\\" is a non-abrasive surfactant-based solution that is gentle on hard contact lenses. Contopharma \\\"Nettoyant N\\\" is free from disinfectants containing heavy metals.\",\"breadcrumb\":{\"@id\":\"https:\/\/lindegger-optic.ch\/en\/produit\/gphcl-n-cleaner-50ml\/#breadcrumb\"},\"inLanguage\":\"en-US\",\"potentialAction\":[{\"@type\":\"ReadAction\",\"target\":[\"https:\/\/lindegger-optic.ch\/en\/produit\/gphcl-n-cleaner-50ml\/\"]}]},{\"@type\":\"ImageObject\",\"inLanguage\":\"en-US\",\"@id\":\"https:\/\/lindegger-optic.ch\/en\/produit\/gphcl-n-cleaner-50ml\/#primaryimage\",\"url\":\"https:\/\/lindegger-optic.ch\/wp-content\/uploads\/2017\/04\/GPHCL-Nettoyant-N-50ml..jpg\",\"contentUrl\":\"https:\/\/lindegger-optic.ch\/wp-content\/uploads\/2017\/04\/GPHCL-Nettoyant-N-50ml..jpg\",\"width\":1000,\"height\":700},{\"@type\":\"BreadcrumbList\",\"@id\":\"https:\/\/lindegger-optic.ch\/en\/produit\/gphcl-n-cleaner-50ml\/#breadcrumb\",\"itemListElement\":[{\"@type\":\"ListItem\",\"position\":1,\"name\":\"Accueil\",\"item\":\"https:\/\/lindegger-optic.ch\/en\/home\/\"},{\"@type\":\"ListItem\",\"position\":2,\"name\":\"Shop\",\"item\":\"https:\/\/lindegger-optic.ch\/shop\/\"},{\"@type\":\"ListItem\",\"position\":3,\"name\":\"GPHCL N Cleaner 50ml.\"}]},{\"@type\":\"WebSite\",\"@id\":\"https:\/\/lindegger-optic.ch\/#website\",\"url\":\"https:\/\/lindegger-optic.ch\/\",\"name\":\"Lindegger Optic, votre opticien \u00e0 Gen\u00e8ve, la meilleure qualit\u00e9 au service de votre vue\",\"description\":\"\",\"potentialAction\":[{\"@type\":\"SearchAction\",\"target\":{\"@type\":\"EntryPoint\",\"urlTemplate\":\"https:\/\/lindegger-optic.ch\/?s={search_term_string}\"},\"query-input\":{\"@type\":\"PropertyValueSpecification\",\"valueRequired\":true,\"valueName\":\"search_term_string\"}}],\"inLanguage\":\"en-US\"}]}<\/script>\n<!-- \/ Yoast SEO plugin. -->","yoast_head_json":{"title":"GPHCL N Cleaner 50ml.","description":"Nettoyant N\" is a non-abrasive surfactant-based solution that is gentle on hard contact lenses. Contopharma \"Nettoyant N\" is free from disinfectants containing heavy metals.","robots":{"index":"index","follow":"follow","max-snippet":"max-snippet:-1","max-image-preview":"max-image-preview:large","max-video-preview":"max-video-preview:-1"},"canonical":"https:\/\/lindegger-optic.ch\/en\/produit\/gphcl-n-cleaner-50ml\/","og_locale":"en_US","og_type":"article","og_title":"GPHCL N Cleaner 50ml.","og_description":"Nettoyant N\" is a non-abrasive surfactant-based solution that is gentle on hard contact lenses. Contopharma \"Nettoyant N\" is free from disinfectants containing heavy metals.","og_url":"https:\/\/lindegger-optic.ch\/en\/produit\/gphcl-n-cleaner-50ml\/","og_site_name":"Lindegger Optic, votre opticien \u00e0 Gen\u00e8ve, la meilleure qualit\u00e9 au service de votre vue","og_image":[{"width":1000,"height":700,"url":"https:\/\/lindegger-optic.ch\/wp-content\/uploads\/2017\/04\/GPHCL-Nettoyant-N-50ml..jpg","type":"image\/jpeg"}],"twitter_card":"summary_large_image","schema":{"@context":"https:\/\/schema.org","@graph":[{"@type":"WebPage","@id":"https:\/\/lindegger-optic.ch\/en\/produit\/gphcl-n-cleaner-50ml\/","url":"https:\/\/lindegger-optic.ch\/en\/produit\/gphcl-n-cleaner-50ml\/","name":"GPHCL N Cleaner 50ml.","isPartOf":{"@id":"https:\/\/lindegger-optic.ch\/#website"},"primaryImageOfPage":{"@id":"https:\/\/lindegger-optic.ch\/en\/produit\/gphcl-n-cleaner-50ml\/#primaryimage"},"image":{"@id":"https:\/\/lindegger-optic.ch\/en\/produit\/gphcl-n-cleaner-50ml\/#primaryimage"},"thumbnailUrl":"https:\/\/lindegger-optic.ch\/wp-content\/uploads\/2017\/04\/GPHCL-Nettoyant-N-50ml..jpg","datePublished":"2024-10-08T03:50:33+00:00","dateModified":"2024-10-08T03:50:33+00:00","description":"Nettoyant N\" is a non-abrasive surfactant-based solution that is gentle on hard contact lenses. Contopharma \"Nettoyant N\" is free from disinfectants containing heavy metals.","breadcrumb":{"@id":"https:\/\/lindegger-optic.ch\/en\/produit\/gphcl-n-cleaner-50ml\/#breadcrumb"},"inLanguage":"en-US","potentialAction":[{"@type":"ReadAction","target":["https:\/\/lindegger-optic.ch\/en\/produit\/gphcl-n-cleaner-50ml\/"]}]},{"@type":"ImageObject","inLanguage":"en-US","@id":"https:\/\/lindegger-optic.ch\/en\/produit\/gphcl-n-cleaner-50ml\/#primaryimage","url":"https:\/\/lindegger-optic.ch\/wp-content\/uploads\/2017\/04\/GPHCL-Nettoyant-N-50ml..jpg","contentUrl":"https:\/\/lindegger-optic.ch\/wp-content\/uploads\/2017\/04\/GPHCL-Nettoyant-N-50ml..jpg","width":1000,"height":700},{"@type":"BreadcrumbList","@id":"https:\/\/lindegger-optic.ch\/en\/produit\/gphcl-n-cleaner-50ml\/#breadcrumb","itemListElement":[{"@type":"ListItem","position":1,"name":"Accueil","item":"https:\/\/lindegger-optic.ch\/en\/home\/"},{"@type":"ListItem","position":2,"name":"Shop","item":"https:\/\/lindegger-optic.ch\/shop\/"},{"@type":"ListItem","position":3,"name":"GPHCL N Cleaner 50ml."}]},{"@type":"WebSite","@id":"https:\/\/lindegger-optic.ch\/#website","url":"https:\/\/lindegger-optic.ch\/","name":"Lindegger Optic, votre opticien \u00e0 Gen\u00e8ve, la meilleure qualit\u00e9 au service de votre vue","description":"","potentialAction":[{"@type":"SearchAction","target":{"@type":"EntryPoint","urlTemplate":"https:\/\/lindegger-optic.ch\/?s={search_term_string}"},"query-input":{"@type":"PropertyValueSpecification","valueRequired":true,"valueName":"search_term_string"}}],"inLanguage":"en-US"}]}},"_links":{"self":[{"href":"https:\/\/lindegger-optic.ch\/en\/wp-json\/wp\/v2\/product\/16359"}],"collection":[{"href":"https:\/\/lindegger-optic.ch\/en\/wp-json\/wp\/v2\/product"}],"about":[{"href":"https:\/\/lindegger-optic.ch\/en\/wp-json\/wp\/v2\/types\/product"}],"replies":[{"embeddable":true,"href":"https:\/\/lindegger-optic.ch\/en\/wp-json\/wp\/v2\/comments?post=16359"}],"wp:featuredmedia":[{"embeddable":true,"href":"https:\/\/lindegger-optic.ch\/en\/wp-json\/wp\/v2\/media\/12935"}],"wp:attachment":[{"href":"https:\/\/lindegger-optic.ch\/en\/wp-json\/wp\/v2\/media?parent=16359"}],"wp:term":[{"taxonomy":"product_cat","embeddable":true,"href":"https:\/\/lindegger-optic.ch\/en\/wp-json\/wp\/v2\/product_cat?post=16359"},{"taxonomy":"product_tag","embeddable":true,"href":"https:\/\/lindegger-optic.ch\/en\/wp-json\/wp\/v2\/product_tag?post=16359"}],"curies":[{"name":"wp","href":"https:\/\/api.w.org\/{rel}","templated":true}]}}