{"id":16366,"date":"2024-10-08T05:50:34","date_gmt":"2024-10-08T03:50:34","guid":{"rendered":"https:\/\/lindegger-optic.ch\/produit\/lobob-cleaner\/"},"modified":"2024-10-08T05:50:34","modified_gmt":"2024-10-08T03:50:34","slug":"lobob-cleaner","status":"publish","type":"product","link":"https:\/\/lindegger-optic.ch\/en\/produit\/lobob-cleaner\/","title":{"rendered":"Lobob cleaner"},"content":{"rendered":"<div class=\"flex-1 overflow-hidden\">\n<div class=\"react-scroll-to-bottom--css-bdogn-79elbk h-full dark:bg-gray-800\">\n<div class=\"react-scroll-to-bottom--css-bdogn-1n7m0yu\">\n<div class=\"flex flex-col items-center text-sm dark:bg-gray-800\">\n<div class=\"w-full border-b border-black\/10 dark:border-gray-900\/50 text-gray-800 dark:text-gray-100 group bg-gray-50 dark:bg-[#444654]\">\n<div class=\"text-base gap-4 md:gap-6 m-auto md:max-w-2xl lg:max-w-2xl xl:max-w-3xl p-4 md:py-6 flex lg:px-0\">\n<div class=\"relative flex w-[calc(100%-50px)] flex-col gap-1 md:gap-3 lg:w-[calc(100%-115px)]\">\n<div class=\"flex flex-grow flex-col gap-3\">\n<div class=\"min-h-[20px] flex flex-col items-start gap-4 whitespace-pre-wrap\">\n<div class=\"markdown prose w-full break-words dark:prose-invert light\">\n<p><em><strong><a href=\"https:\/\/www.loboblabs.com\/best-sellers\">Lobob <\/a> contact lens cleaner :<\/strong><\/em><\/p>\n<p><a href=\"https:\/\/www.loboblabs.com\/best-sellers\">Lobob<\/a> offers a cleaning and <a href=\"https:\/\/lindegger-optic.ch\/produit\/lobob-conservation\/\">storage<\/a> kit for rigid contact lenses, comprising a gentle, effective cleaning solution and a storage solution for optimum hygiene. <a href=\"https:\/\/www.loboblabs.com\/best-sellers\">Lobob&#8217;s<\/a> cleaning solution removes protein deposits and surface oils that can build up on contact lenses, ensuring impeccable lenses. You can use it daily to keep your rigid contact lenses clean and comfortable, and it&#8217;s particularly suitable for people with sensitive eyes or allergies. <a href=\"https:\/\/www.loboblabs.com\/best-sellers\">Lobob&#8217;s<\/a> innovative chlorine-based formula effectively disinfects rigid contact lenses. It eliminates bacteria, fungi and viruses potentially harmful to eye health, while preserving the quality of your contact lenses. So you can be sure that your lenses are safe, while enjoying optimum comfort. By choosing this cleaning and <a href=\"https:\/\/lindegger-optic.ch\/produit\/lobob-conservation\/\">storage<\/a> set, you can maintain the hygiene and quality of your rigid contact lenses, while ensuring the comfort and health of your eyes. Don&#8217;t hesitate to order now to enjoy a more pleasant and safer lens-wearing experience.<\/p>\n<\/div>\n<p><em><strong>Here are the instructions for using <a href=\"https:\/\/www.loboblabs.com\/best-sellers\">Lobob<\/a> cleanser:<\/strong><\/em><\/p>\n<ol>\n<li>Wash your hands thoroughly before handling your contact lenses.<\/li>\n<li>Remove lenses and rub gently with <a href=\"https:\/\/www.loboblabs.com\/best-sellers\">Lobob<\/a> cleanser for 20 seconds.<\/li>\n<li>Rinse lenses with <a href=\"https:\/\/lindegger-optic.ch\/cat%C3%A9gorie-de-produit\/produit-de-lentilles-de-contact\/solution-saline\/\">saline solution<\/a> or<a href=\"https:\/\/lindegger-optic.ch\/cat%C3%A9gorie-de-produit\/produit-de-lentilles-de-contact\/solution-saline\/\"> sterile water<\/a> to remove any residual cleaner.<\/li>\n<li>Place the lenses in the clean lens case, filled with Lobob preservative.<\/li>\n<\/ol>\n<p>Repeat this procedure every evening, or as recommended by your eye care professional. It is important not to reuse the cleanser and to replace it frequently to avoid any risk of infection. Read the instructions carefully before use and consult us if you have any questions or concerns.<\/p>\n<\/div>\n<\/div>\n<\/div>\n<\/div>\n<\/div>\n<\/div>\n<\/div>\n<\/div>\n<\/div>\n","protected":false},"excerpt":{"rendered":"<p><a href=\"https:\/\/www.loboblabs.com\/best-sellers\">Lobob<\/a> cleanser removes protein deposits and surface oils that can build up on rigid contact lenses, ensuring impeccable lenses. Its gentle, effective formula is suitable for people with sensitive eyes or allergies, and can be used daily to keep rigid contact lenses clean and comfortable. By choosing <a href=\"https:\/\/www.loboblabs.com\/best-sellers\">Lobob<\/a> cleanser, you can be sure that your lenses will be perfectly clean and comfortable to wear.  <\/p>\n","protected":false},"featured_media":12958,"comment_status":"closed","ping_status":"closed","template":"","meta":{"_et_pb_use_builder":"","_et_pb_old_content":"","_et_gb_content_width":""},"product_cat":[1393],"product_tag":[1433,1512,1438,1511,1513,1435,1437,1434,1440,1514,1439],"class_list":{"0":"post-16366","1":"product","2":"type-product","3":"status-publish","4":"has-post-thumbnail","6":"product_cat-rigid-contact-lens-product","7":"product_tag-cleaning-product-for-lenses","8":"product_tag-conserving-lens","9":"product_tag-decontamination-for-lens","10":"product_tag-lens","11":"product_tag-lens-deproteinizer","12":"product_tag-lens-preservative","13":"product_tag-lens-product-en","14":"product_tag-lens-solution","15":"product_tag-rigid-gas-permeable","16":"product_tag-rigid-ox-permeable-lens","17":"product_tag-rpg-en","19":"first","20":"instock","21":"taxable","22":"shipping-taxable","23":"product-type-simple"},"yoast_head":"<!-- This site is optimized with the Yoast SEO plugin v23.6 - https:\/\/yoast.com\/wordpress\/plugins\/seo\/ -->\n<title>Lobob cleaner<\/title>\n<meta name=\"description\" content=\"Lobob detergent is suitable for everyday use and is particularly suitable for rigid contact lenses.\" \/>\n<meta name=\"robots\" content=\"index, follow, max-snippet:-1, max-image-preview:large, max-video-preview:-1\" \/>\n<link rel=\"canonical\" href=\"https:\/\/lindegger-optic.ch\/en\/produit\/lobob-cleaner\/\" \/>\n<meta property=\"og:locale\" content=\"en_US\" \/>\n<meta property=\"og:type\" content=\"article\" \/>\n<meta property=\"og:title\" content=\"Lobob cleaner\" \/>\n<meta property=\"og:description\" content=\"Lobob detergent is suitable for everyday use and is particularly suitable for rigid contact lenses.\" \/>\n<meta property=\"og:url\" content=\"https:\/\/lindegger-optic.ch\/en\/produit\/lobob-cleaner\/\" \/>\n<meta property=\"og:site_name\" content=\"Lindegger Optic, votre opticien \u00e0 Gen\u00e8ve, la meilleure qualit\u00e9 au service de votre vue\" \/>\n<meta property=\"og:image\" content=\"https:\/\/lindegger-optic.ch\/wp-content\/uploads\/2017\/11\/Lobob-nettoyant.jpg\" \/>\n\t<meta property=\"og:image:width\" content=\"1000\" \/>\n\t<meta property=\"og:image:height\" content=\"700\" \/>\n\t<meta property=\"og:image:type\" content=\"image\/jpeg\" \/>\n<meta name=\"twitter:card\" content=\"summary_large_image\" \/>\n<meta name=\"twitter:label1\" content=\"Est. reading time\" \/>\n\t<meta name=\"twitter:data1\" content=\"1 minute\" \/>\n<script type=\"application\/ld+json\" class=\"yoast-schema-graph\">{\"@context\":\"https:\/\/schema.org\",\"@graph\":[{\"@type\":\"WebPage\",\"@id\":\"https:\/\/lindegger-optic.ch\/en\/produit\/lobob-cleaner\/\",\"url\":\"https:\/\/lindegger-optic.ch\/en\/produit\/lobob-cleaner\/\",\"name\":\"Lobob cleaner\",\"isPartOf\":{\"@id\":\"https:\/\/lindegger-optic.ch\/#website\"},\"primaryImageOfPage\":{\"@id\":\"https:\/\/lindegger-optic.ch\/en\/produit\/lobob-cleaner\/#primaryimage\"},\"image\":{\"@id\":\"https:\/\/lindegger-optic.ch\/en\/produit\/lobob-cleaner\/#primaryimage\"},\"thumbnailUrl\":\"https:\/\/lindegger-optic.ch\/wp-content\/uploads\/2017\/11\/Lobob-nettoyant.jpg\",\"datePublished\":\"2024-10-08T03:50:34+00:00\",\"dateModified\":\"2024-10-08T03:50:34+00:00\",\"description\":\"Lobob detergent is suitable for everyday use and is particularly suitable for rigid contact lenses.\",\"breadcrumb\":{\"@id\":\"https:\/\/lindegger-optic.ch\/en\/produit\/lobob-cleaner\/#breadcrumb\"},\"inLanguage\":\"en-US\",\"potentialAction\":[{\"@type\":\"ReadAction\",\"target\":[\"https:\/\/lindegger-optic.ch\/en\/produit\/lobob-cleaner\/\"]}]},{\"@type\":\"ImageObject\",\"inLanguage\":\"en-US\",\"@id\":\"https:\/\/lindegger-optic.ch\/en\/produit\/lobob-cleaner\/#primaryimage\",\"url\":\"https:\/\/lindegger-optic.ch\/wp-content\/uploads\/2017\/11\/Lobob-nettoyant.jpg\",\"contentUrl\":\"https:\/\/lindegger-optic.ch\/wp-content\/uploads\/2017\/11\/Lobob-nettoyant.jpg\",\"width\":1000,\"height\":700},{\"@type\":\"BreadcrumbList\",\"@id\":\"https:\/\/lindegger-optic.ch\/en\/produit\/lobob-cleaner\/#breadcrumb\",\"itemListElement\":[{\"@type\":\"ListItem\",\"position\":1,\"name\":\"Accueil\",\"item\":\"https:\/\/lindegger-optic.ch\/en\/home\/\"},{\"@type\":\"ListItem\",\"position\":2,\"name\":\"Shop\",\"item\":\"https:\/\/lindegger-optic.ch\/shop\/\"},{\"@type\":\"ListItem\",\"position\":3,\"name\":\"Lobob cleaner\"}]},{\"@type\":\"WebSite\",\"@id\":\"https:\/\/lindegger-optic.ch\/#website\",\"url\":\"https:\/\/lindegger-optic.ch\/\",\"name\":\"Lindegger Optic, votre opticien \u00e0 Gen\u00e8ve, la meilleure qualit\u00e9 au service de votre vue\",\"description\":\"\",\"potentialAction\":[{\"@type\":\"SearchAction\",\"target\":{\"@type\":\"EntryPoint\",\"urlTemplate\":\"https:\/\/lindegger-optic.ch\/?s={search_term_string}\"},\"query-input\":{\"@type\":\"PropertyValueSpecification\",\"valueRequired\":true,\"valueName\":\"search_term_string\"}}],\"inLanguage\":\"en-US\"}]}<\/script>\n<!-- \/ Yoast SEO plugin. -->","yoast_head_json":{"title":"Lobob cleaner","description":"Lobob detergent is suitable for everyday use and is particularly suitable for rigid contact lenses.","robots":{"index":"index","follow":"follow","max-snippet":"max-snippet:-1","max-image-preview":"max-image-preview:large","max-video-preview":"max-video-preview:-1"},"canonical":"https:\/\/lindegger-optic.ch\/en\/produit\/lobob-cleaner\/","og_locale":"en_US","og_type":"article","og_title":"Lobob cleaner","og_description":"Lobob detergent is suitable for everyday use and is particularly suitable for rigid contact lenses.","og_url":"https:\/\/lindegger-optic.ch\/en\/produit\/lobob-cleaner\/","og_site_name":"Lindegger Optic, votre opticien \u00e0 Gen\u00e8ve, la meilleure qualit\u00e9 au service de votre vue","og_image":[{"width":1000,"height":700,"url":"https:\/\/lindegger-optic.ch\/wp-content\/uploads\/2017\/11\/Lobob-nettoyant.jpg","type":"image\/jpeg"}],"twitter_card":"summary_large_image","twitter_misc":{"Est. reading time":"1 minute"},"schema":{"@context":"https:\/\/schema.org","@graph":[{"@type":"WebPage","@id":"https:\/\/lindegger-optic.ch\/en\/produit\/lobob-cleaner\/","url":"https:\/\/lindegger-optic.ch\/en\/produit\/lobob-cleaner\/","name":"Lobob cleaner","isPartOf":{"@id":"https:\/\/lindegger-optic.ch\/#website"},"primaryImageOfPage":{"@id":"https:\/\/lindegger-optic.ch\/en\/produit\/lobob-cleaner\/#primaryimage"},"image":{"@id":"https:\/\/lindegger-optic.ch\/en\/produit\/lobob-cleaner\/#primaryimage"},"thumbnailUrl":"https:\/\/lindegger-optic.ch\/wp-content\/uploads\/2017\/11\/Lobob-nettoyant.jpg","datePublished":"2024-10-08T03:50:34+00:00","dateModified":"2024-10-08T03:50:34+00:00","description":"Lobob detergent is suitable for everyday use and is particularly suitable for rigid contact lenses.","breadcrumb":{"@id":"https:\/\/lindegger-optic.ch\/en\/produit\/lobob-cleaner\/#breadcrumb"},"inLanguage":"en-US","potentialAction":[{"@type":"ReadAction","target":["https:\/\/lindegger-optic.ch\/en\/produit\/lobob-cleaner\/"]}]},{"@type":"ImageObject","inLanguage":"en-US","@id":"https:\/\/lindegger-optic.ch\/en\/produit\/lobob-cleaner\/#primaryimage","url":"https:\/\/lindegger-optic.ch\/wp-content\/uploads\/2017\/11\/Lobob-nettoyant.jpg","contentUrl":"https:\/\/lindegger-optic.ch\/wp-content\/uploads\/2017\/11\/Lobob-nettoyant.jpg","width":1000,"height":700},{"@type":"BreadcrumbList","@id":"https:\/\/lindegger-optic.ch\/en\/produit\/lobob-cleaner\/#breadcrumb","itemListElement":[{"@type":"ListItem","position":1,"name":"Accueil","item":"https:\/\/lindegger-optic.ch\/en\/home\/"},{"@type":"ListItem","position":2,"name":"Shop","item":"https:\/\/lindegger-optic.ch\/shop\/"},{"@type":"ListItem","position":3,"name":"Lobob cleaner"}]},{"@type":"WebSite","@id":"https:\/\/lindegger-optic.ch\/#website","url":"https:\/\/lindegger-optic.ch\/","name":"Lindegger Optic, votre opticien \u00e0 Gen\u00e8ve, la meilleure qualit\u00e9 au service de votre vue","description":"","potentialAction":[{"@type":"SearchAction","target":{"@type":"EntryPoint","urlTemplate":"https:\/\/lindegger-optic.ch\/?s={search_term_string}"},"query-input":{"@type":"PropertyValueSpecification","valueRequired":true,"valueName":"search_term_string"}}],"inLanguage":"en-US"}]}},"_links":{"self":[{"href":"https:\/\/lindegger-optic.ch\/en\/wp-json\/wp\/v2\/product\/16366"}],"collection":[{"href":"https:\/\/lindegger-optic.ch\/en\/wp-json\/wp\/v2\/product"}],"about":[{"href":"https:\/\/lindegger-optic.ch\/en\/wp-json\/wp\/v2\/types\/product"}],"replies":[{"embeddable":true,"href":"https:\/\/lindegger-optic.ch\/en\/wp-json\/wp\/v2\/comments?post=16366"}],"wp:featuredmedia":[{"embeddable":true,"href":"https:\/\/lindegger-optic.ch\/en\/wp-json\/wp\/v2\/media\/12958"}],"wp:attachment":[{"href":"https:\/\/lindegger-optic.ch\/en\/wp-json\/wp\/v2\/media?parent=16366"}],"wp:term":[{"taxonomy":"product_cat","embeddable":true,"href":"https:\/\/lindegger-optic.ch\/en\/wp-json\/wp\/v2\/product_cat?post=16366"},{"taxonomy":"product_tag","embeddable":true,"href":"https:\/\/lindegger-optic.ch\/en\/wp-json\/wp\/v2\/product_tag?post=16366"}],"curies":[{"name":"wp","href":"https:\/\/api.w.org\/{rel}","templated":true}]}}