{"id":16383,"date":"2024-10-08T05:50:36","date_gmt":"2024-10-08T03:50:36","guid":{"rendered":"https:\/\/lindegger-optic.ch\/produit\/complete-system\/"},"modified":"2024-10-08T05:50:36","modified_gmt":"2024-10-08T03:50:36","slug":"complete-system","status":"publish","type":"product","link":"https:\/\/lindegger-optic.ch\/en\/produit\/complete-system\/","title":{"rendered":"COMPLETE SYSTEM"},"content":{"rendered":"<p><a href=\"https:\/\/systane-ca.myalcon.com\/ca-fr\/eye-care\/systane\/products\/systane-balance\/\">Systane Complete<\/a> offers prolonged protection for irritated or dry eyes, and lasting relief. Clinically proven, in addition to its lubricating and protective action, <a href=\"https:\/\/systane-ca.myalcon.com\/ca-fr\/eye-care\/systane\/products\/systane-balance\/\">Systane Complete<\/a> genuinely restores the lipid layer of the natural tear film. <a href=\"https:\/\/systane-ca.myalcon.com\/ca-fr\/eye-care\/systane\/products\/systane-balance\/\">Systane Complete<\/a> is designed to treat dry eyes due to a deficiency in the lipid layer. Moisturizes and protects all layers of the tear film. For temporary relief of burning and irritation caused by dry eyes. Can also be used before and after wearing contact lenses. <\/p>\n<ul>\n<li>Ideal for dry, irritated eyes.<\/li>\n<li>Restores tear film.<\/li>\n<li>Reforms a lipid layer.<\/li>\n<\/ul>\n<p>Shake well before use. Use before expiry date indicated on product. After use, before closing cap, shake bottle downwards to remove residual product.<\/p>\n","protected":false},"excerpt":{"rendered":"<p><a href=\"https:\/\/systane-ca.myalcon.com\/ca-fr\/eye-care\/systane\/products\/systane-balance\/\">Systane Complete <\/a>provides long-lasting protection and relief for irritated or dry eyes. Clinically proven, in addition to its lubricating and protective action, <a href=\"https:\/\/systane-ca.myalcon.com\/ca-fr\/eye-care\/systane\/products\/systane-balance\/\">Systane Complete<\/a> has a genuine restorative effect on the lipid layer of the natural tear film<a href=\"https:\/\/systane-ca.myalcon.com\/ca-fr\/eye-care\/systane\/products\/systane-balance\/\">.Systane Complete<\/a> is designed to treat dry eyes due to a deficiency in the lipid layer. <\/p>\n","protected":false},"featured_media":15757,"comment_status":"closed","ping_status":"closed","template":"","meta":{"_et_pb_use_builder":"off","_et_pb_old_content":"<a href=\"https:\/\/systane-ca.myalcon.com\/ca-fr\/eye-care\/systane\/products\/systane-balance\/\">Systane\u00ae BALANCE<\/a> provides long-lasting protection and relief for irritated or dry eyes. Clinically proven, in addition to its lubricating and protective action, <a href=\"https:\/\/systane-ca.myalcon.com\/ca-fr\/eye-care\/systane\/products\/systane-balance\/\">Systane\u00ae BALANCE<\/a> truly restores the lipid layer of the natural tear film. <a href=\"https:\/\/systane-ca.myalcon.com\/ca-fr\/eye-care\/systane\/products\/systane-balance\/\">Systane\u00ae BALANCE<\/a> is designed to treat dry eyes due to a deficiency in the lipid layer. ","_et_gb_content_width":""},"product_cat":[1382],"product_tag":[1379,1374,1378,1368,1376,1522,1372,1524,1369,1373,1375,1371,1370,1380],"class_list":{"0":"post-16383","1":"product","2":"type-product","3":"status-publish","4":"has-post-thumbnail","6":"product_cat-artificial-tears","7":"product_tag-artificial-tear-en","8":"product_tag-artificial-tear","9":"product_tag-artificial-tears","10":"product_tag-dry-eyes","11":"product_tag-eye-moisturizer","12":"product_tag-for-co-lens-wearers","13":"product_tag-for-dry-eyes","14":"product_tag-ordin-effect","15":"product_tag-red-eyes","16":"product_tag-stressed-eyes","17":"product_tag-taste-for-the-eyes","18":"product_tag-tear","19":"product_tag-tired-eyes","20":"product_tag-without-preservatives","22":"first","23":"instock","24":"taxable","25":"shipping-taxable","26":"product-type-simple"},"yoast_head":"<!-- This site is optimized with the Yoast SEO plugin v23.6 - https:\/\/yoast.com\/wordpress\/plugins\/seo\/ -->\n<title>Achetez COMPLETE SYSTEM chez Lindegger Optique<\/title>\n<meta name=\"description\" content=\"COMPLETE SYSTEM provides long-lasting protection and relief for irritated or dry eyes. Clinically proven.\" \/>\n<meta name=\"robots\" content=\"index, follow, max-snippet:-1, max-image-preview:large, max-video-preview:-1\" \/>\n<link rel=\"canonical\" href=\"https:\/\/lindegger-optic.ch\/en\/produit\/complete-system\/\" \/>\n<meta property=\"og:locale\" content=\"en_US\" \/>\n<meta property=\"og:type\" content=\"article\" \/>\n<meta property=\"og:title\" content=\"Achetez COMPLETE SYSTEM chez Lindegger Optique\" \/>\n<meta property=\"og:description\" content=\"COMPLETE SYSTEM provides long-lasting protection and relief for irritated or dry eyes. Clinically proven.\" \/>\n<meta property=\"og:url\" content=\"https:\/\/lindegger-optic.ch\/en\/produit\/complete-system\/\" \/>\n<meta property=\"og:site_name\" content=\"Lindegger Optic, votre opticien \u00e0 Gen\u00e8ve, la meilleure qualit\u00e9 au service de votre vue\" \/>\n<meta property=\"og:image\" content=\"https:\/\/lindegger-optic.ch\/wp-content\/uploads\/Systane-complete.jpg\" \/>\n\t<meta property=\"og:image:width\" content=\"1194\" \/>\n\t<meta property=\"og:image:height\" content=\"2000\" \/>\n\t<meta property=\"og:image:type\" content=\"image\/jpeg\" \/>\n<meta name=\"twitter:card\" content=\"summary_large_image\" \/>\n<meta name=\"twitter:label1\" content=\"Est. reading time\" \/>\n\t<meta name=\"twitter:data1\" content=\"1 minute\" \/>\n<script type=\"application\/ld+json\" class=\"yoast-schema-graph\">{\"@context\":\"https:\/\/schema.org\",\"@graph\":[{\"@type\":\"WebPage\",\"@id\":\"https:\/\/lindegger-optic.ch\/en\/produit\/complete-system\/\",\"url\":\"https:\/\/lindegger-optic.ch\/en\/produit\/complete-system\/\",\"name\":\"Achetez COMPLETE SYSTEM chez Lindegger Optique\",\"isPartOf\":{\"@id\":\"https:\/\/lindegger-optic.ch\/#website\"},\"primaryImageOfPage\":{\"@id\":\"https:\/\/lindegger-optic.ch\/en\/produit\/complete-system\/#primaryimage\"},\"image\":{\"@id\":\"https:\/\/lindegger-optic.ch\/en\/produit\/complete-system\/#primaryimage\"},\"thumbnailUrl\":\"https:\/\/lindegger-optic.ch\/wp-content\/uploads\/Systane-complete.jpg\",\"datePublished\":\"2024-10-08T03:50:36+00:00\",\"dateModified\":\"2024-10-08T03:50:36+00:00\",\"description\":\"COMPLETE SYSTEM provides long-lasting protection and relief for irritated or dry eyes. Clinically proven.\",\"breadcrumb\":{\"@id\":\"https:\/\/lindegger-optic.ch\/en\/produit\/complete-system\/#breadcrumb\"},\"inLanguage\":\"en-US\",\"potentialAction\":[{\"@type\":\"ReadAction\",\"target\":[\"https:\/\/lindegger-optic.ch\/en\/produit\/complete-system\/\"]}]},{\"@type\":\"ImageObject\",\"inLanguage\":\"en-US\",\"@id\":\"https:\/\/lindegger-optic.ch\/en\/produit\/complete-system\/#primaryimage\",\"url\":\"https:\/\/lindegger-optic.ch\/wp-content\/uploads\/Systane-complete.jpg\",\"contentUrl\":\"https:\/\/lindegger-optic.ch\/wp-content\/uploads\/Systane-complete.jpg\",\"width\":1194,\"height\":2000,\"caption\":\"All-in-one, soulagement tout en un de l'oeil sec.\"},{\"@type\":\"BreadcrumbList\",\"@id\":\"https:\/\/lindegger-optic.ch\/en\/produit\/complete-system\/#breadcrumb\",\"itemListElement\":[{\"@type\":\"ListItem\",\"position\":1,\"name\":\"Accueil\",\"item\":\"https:\/\/lindegger-optic.ch\/en\/home\/\"},{\"@type\":\"ListItem\",\"position\":2,\"name\":\"Shop\",\"item\":\"https:\/\/lindegger-optic.ch\/shop\/\"},{\"@type\":\"ListItem\",\"position\":3,\"name\":\"COMPLETE SYSTEM\"}]},{\"@type\":\"WebSite\",\"@id\":\"https:\/\/lindegger-optic.ch\/#website\",\"url\":\"https:\/\/lindegger-optic.ch\/\",\"name\":\"Lindegger Optic, votre opticien \u00e0 Gen\u00e8ve, la meilleure qualit\u00e9 au service de votre vue\",\"description\":\"\",\"potentialAction\":[{\"@type\":\"SearchAction\",\"target\":{\"@type\":\"EntryPoint\",\"urlTemplate\":\"https:\/\/lindegger-optic.ch\/?s={search_term_string}\"},\"query-input\":{\"@type\":\"PropertyValueSpecification\",\"valueRequired\":true,\"valueName\":\"search_term_string\"}}],\"inLanguage\":\"en-US\"}]}<\/script>\n<!-- \/ Yoast SEO plugin. -->","yoast_head_json":{"title":"Achetez COMPLETE SYSTEM chez Lindegger Optique","description":"COMPLETE SYSTEM provides long-lasting protection and relief for irritated or dry eyes. Clinically proven.","robots":{"index":"index","follow":"follow","max-snippet":"max-snippet:-1","max-image-preview":"max-image-preview:large","max-video-preview":"max-video-preview:-1"},"canonical":"https:\/\/lindegger-optic.ch\/en\/produit\/complete-system\/","og_locale":"en_US","og_type":"article","og_title":"Achetez COMPLETE SYSTEM chez Lindegger Optique","og_description":"COMPLETE SYSTEM provides long-lasting protection and relief for irritated or dry eyes. Clinically proven.","og_url":"https:\/\/lindegger-optic.ch\/en\/produit\/complete-system\/","og_site_name":"Lindegger Optic, votre opticien \u00e0 Gen\u00e8ve, la meilleure qualit\u00e9 au service de votre vue","og_image":[{"width":1194,"height":2000,"url":"https:\/\/lindegger-optic.ch\/wp-content\/uploads\/Systane-complete.jpg","type":"image\/jpeg"}],"twitter_card":"summary_large_image","twitter_misc":{"Est. reading time":"1 minute"},"schema":{"@context":"https:\/\/schema.org","@graph":[{"@type":"WebPage","@id":"https:\/\/lindegger-optic.ch\/en\/produit\/complete-system\/","url":"https:\/\/lindegger-optic.ch\/en\/produit\/complete-system\/","name":"Achetez COMPLETE SYSTEM chez Lindegger Optique","isPartOf":{"@id":"https:\/\/lindegger-optic.ch\/#website"},"primaryImageOfPage":{"@id":"https:\/\/lindegger-optic.ch\/en\/produit\/complete-system\/#primaryimage"},"image":{"@id":"https:\/\/lindegger-optic.ch\/en\/produit\/complete-system\/#primaryimage"},"thumbnailUrl":"https:\/\/lindegger-optic.ch\/wp-content\/uploads\/Systane-complete.jpg","datePublished":"2024-10-08T03:50:36+00:00","dateModified":"2024-10-08T03:50:36+00:00","description":"COMPLETE SYSTEM provides long-lasting protection and relief for irritated or dry eyes. Clinically proven.","breadcrumb":{"@id":"https:\/\/lindegger-optic.ch\/en\/produit\/complete-system\/#breadcrumb"},"inLanguage":"en-US","potentialAction":[{"@type":"ReadAction","target":["https:\/\/lindegger-optic.ch\/en\/produit\/complete-system\/"]}]},{"@type":"ImageObject","inLanguage":"en-US","@id":"https:\/\/lindegger-optic.ch\/en\/produit\/complete-system\/#primaryimage","url":"https:\/\/lindegger-optic.ch\/wp-content\/uploads\/Systane-complete.jpg","contentUrl":"https:\/\/lindegger-optic.ch\/wp-content\/uploads\/Systane-complete.jpg","width":1194,"height":2000,"caption":"All-in-one, soulagement tout en un de l'oeil sec."},{"@type":"BreadcrumbList","@id":"https:\/\/lindegger-optic.ch\/en\/produit\/complete-system\/#breadcrumb","itemListElement":[{"@type":"ListItem","position":1,"name":"Accueil","item":"https:\/\/lindegger-optic.ch\/en\/home\/"},{"@type":"ListItem","position":2,"name":"Shop","item":"https:\/\/lindegger-optic.ch\/shop\/"},{"@type":"ListItem","position":3,"name":"COMPLETE SYSTEM"}]},{"@type":"WebSite","@id":"https:\/\/lindegger-optic.ch\/#website","url":"https:\/\/lindegger-optic.ch\/","name":"Lindegger Optic, votre opticien \u00e0 Gen\u00e8ve, la meilleure qualit\u00e9 au service de votre vue","description":"","potentialAction":[{"@type":"SearchAction","target":{"@type":"EntryPoint","urlTemplate":"https:\/\/lindegger-optic.ch\/?s={search_term_string}"},"query-input":{"@type":"PropertyValueSpecification","valueRequired":true,"valueName":"search_term_string"}}],"inLanguage":"en-US"}]}},"_links":{"self":[{"href":"https:\/\/lindegger-optic.ch\/en\/wp-json\/wp\/v2\/product\/16383"}],"collection":[{"href":"https:\/\/lindegger-optic.ch\/en\/wp-json\/wp\/v2\/product"}],"about":[{"href":"https:\/\/lindegger-optic.ch\/en\/wp-json\/wp\/v2\/types\/product"}],"replies":[{"embeddable":true,"href":"https:\/\/lindegger-optic.ch\/en\/wp-json\/wp\/v2\/comments?post=16383"}],"wp:featuredmedia":[{"embeddable":true,"href":"https:\/\/lindegger-optic.ch\/en\/wp-json\/wp\/v2\/media\/15757"}],"wp:attachment":[{"href":"https:\/\/lindegger-optic.ch\/en\/wp-json\/wp\/v2\/media?parent=16383"}],"wp:term":[{"taxonomy":"product_cat","embeddable":true,"href":"https:\/\/lindegger-optic.ch\/en\/wp-json\/wp\/v2\/product_cat?post=16383"},{"taxonomy":"product_tag","embeddable":true,"href":"https:\/\/lindegger-optic.ch\/en\/wp-json\/wp\/v2\/product_tag?post=16383"}],"curies":[{"name":"wp","href":"https:\/\/api.w.org\/{rel}","templated":true}]}}