{"id":16397,"date":"2024-10-08T05:50:37","date_gmt":"2024-10-08T03:50:37","guid":{"rendered":"https:\/\/lindegger-optic.ch\/produit\/comfort-shield-15x0-3ml\/"},"modified":"2024-10-08T05:50:37","modified_gmt":"2024-10-08T03:50:37","slug":"comfort-shield-15x0-3ml","status":"publish","type":"product","link":"https:\/\/lindegger-optic.ch\/en\/produit\/comfort-shield-15x0-3ml\/","title":{"rendered":"Comfort Shield 15&#215;0.3ml"},"content":{"rendered":"<p><span style=\"vertical-align: inherit;\"><span style=\"vertical-align: inherit;\">Artificial tears<\/span><\/span><\/p>\n","protected":false},"excerpt":{"rendered":"<p><span style=\"vertical-align: inherit;\"><span style=\"vertical-align: inherit;\">Comfort Shield are artificial tears that contain Hylan A and Hyaluronic Acid.<\/span><\/span><\/p>\n","protected":false},"featured_media":12883,"comment_status":"closed","ping_status":"closed","template":"","meta":{"_et_pb_use_builder":"","_et_pb_old_content":"","_et_gb_content_width":""},"product_cat":[1382,1381],"product_tag":[1374,1531,1507,1508,1368,1530,1522,1372,1435,1434,1369,1510,1373,1371,1370],"class_list":{"0":"post-16397","1":"product","2":"type-product","3":"status-publish","4":"has-post-thumbnail","6":"product_cat-artificial-tears","7":"product_cat-contact-lens-product","8":"product_tag-artificial-tear","9":"product_tag-comfort-shield-en","10":"product_tag-contact-lens","11":"product_tag-contact-lens-product","12":"product_tag-dry-eyes","13":"product_tag-effect-of","14":"product_tag-for-co-lens-wearers","15":"product_tag-for-dry-eyes","16":"product_tag-lens-preservative","17":"product_tag-lens-solution","18":"product_tag-red-eyes","19":"product_tag-single-dose","20":"product_tag-stressed-eyes","21":"product_tag-tear","22":"product_tag-tired-eyes","24":"first","25":"instock","26":"taxable","27":"shipping-taxable","28":"product-type-simple"},"yoast_head":"<!-- This site is optimized with the Yoast SEO plugin v23.6 - https:\/\/yoast.com\/wordpress\/plugins\/seo\/ -->\n<title>Buy Comfort Shield 15x0.3ml at Lindegger Optique<\/title>\n<meta name=\"description\" content=\"Buy Comfort Shield 15x0.3ml at the best price at Lindegger Optique. Free delivery in 48 hours!\" \/>\n<meta name=\"robots\" content=\"index, follow, max-snippet:-1, max-image-preview:large, max-video-preview:-1\" \/>\n<link rel=\"canonical\" href=\"https:\/\/lindegger-optic.ch\/en\/produit\/comfort-shield-15x0-3ml\/\" \/>\n<meta property=\"og:locale\" content=\"en_US\" \/>\n<meta property=\"og:type\" content=\"article\" \/>\n<meta property=\"og:title\" content=\"Buy Comfort Shield 15x0.3ml at Lindegger Optique\" \/>\n<meta property=\"og:description\" content=\"Buy Comfort Shield 15x0.3ml at the best price at Lindegger Optique. Free delivery in 48 hours!\" \/>\n<meta property=\"og:url\" content=\"https:\/\/lindegger-optic.ch\/en\/produit\/comfort-shield-15x0-3ml\/\" \/>\n<meta property=\"og:site_name\" content=\"Lindegger Optic, votre opticien \u00e0 Gen\u00e8ve, la meilleure qualit\u00e9 au service de votre vue\" \/>\n<meta property=\"og:image\" content=\"https:\/\/lindegger-optic.ch\/wp-content\/uploads\/2017\/04\/Comfort-Shield-15\u00d70.3ml.jpg\" \/>\n\t<meta property=\"og:image:width\" content=\"1000\" \/>\n\t<meta property=\"og:image:height\" content=\"700\" \/>\n\t<meta property=\"og:image:type\" content=\"image\/jpeg\" \/>\n<meta name=\"twitter:card\" content=\"summary_large_image\" \/>\n<script type=\"application\/ld+json\" class=\"yoast-schema-graph\">{\"@context\":\"https:\/\/schema.org\",\"@graph\":[{\"@type\":\"WebPage\",\"@id\":\"https:\/\/lindegger-optic.ch\/en\/produit\/comfort-shield-15x0-3ml\/\",\"url\":\"https:\/\/lindegger-optic.ch\/en\/produit\/comfort-shield-15x0-3ml\/\",\"name\":\"Buy Comfort Shield 15x0.3ml at Lindegger Optique\",\"isPartOf\":{\"@id\":\"https:\/\/lindegger-optic.ch\/#website\"},\"primaryImageOfPage\":{\"@id\":\"https:\/\/lindegger-optic.ch\/en\/produit\/comfort-shield-15x0-3ml\/#primaryimage\"},\"image\":{\"@id\":\"https:\/\/lindegger-optic.ch\/en\/produit\/comfort-shield-15x0-3ml\/#primaryimage\"},\"thumbnailUrl\":\"https:\/\/lindegger-optic.ch\/wp-content\/uploads\/2017\/04\/Comfort-Shield-15\u00d70.3ml.jpg\",\"datePublished\":\"2024-10-08T03:50:37+00:00\",\"dateModified\":\"2024-10-08T03:50:37+00:00\",\"description\":\"Buy Comfort Shield 15x0.3ml at the best price at Lindegger Optique. Free delivery in 48 hours!\",\"breadcrumb\":{\"@id\":\"https:\/\/lindegger-optic.ch\/en\/produit\/comfort-shield-15x0-3ml\/#breadcrumb\"},\"inLanguage\":\"en-US\",\"potentialAction\":[{\"@type\":\"ReadAction\",\"target\":[\"https:\/\/lindegger-optic.ch\/en\/produit\/comfort-shield-15x0-3ml\/\"]}]},{\"@type\":\"ImageObject\",\"inLanguage\":\"en-US\",\"@id\":\"https:\/\/lindegger-optic.ch\/en\/produit\/comfort-shield-15x0-3ml\/#primaryimage\",\"url\":\"https:\/\/lindegger-optic.ch\/wp-content\/uploads\/2017\/04\/Comfort-Shield-15\u00d70.3ml.jpg\",\"contentUrl\":\"https:\/\/lindegger-optic.ch\/wp-content\/uploads\/2017\/04\/Comfort-Shield-15\u00d70.3ml.jpg\",\"width\":1000,\"height\":700},{\"@type\":\"BreadcrumbList\",\"@id\":\"https:\/\/lindegger-optic.ch\/en\/produit\/comfort-shield-15x0-3ml\/#breadcrumb\",\"itemListElement\":[{\"@type\":\"ListItem\",\"position\":1,\"name\":\"Accueil\",\"item\":\"https:\/\/lindegger-optic.ch\/en\/home\/\"},{\"@type\":\"ListItem\",\"position\":2,\"name\":\"Shop\",\"item\":\"https:\/\/lindegger-optic.ch\/shop\/\"},{\"@type\":\"ListItem\",\"position\":3,\"name\":\"Comfort Shield 15&#215;0.3ml\"}]},{\"@type\":\"WebSite\",\"@id\":\"https:\/\/lindegger-optic.ch\/#website\",\"url\":\"https:\/\/lindegger-optic.ch\/\",\"name\":\"Lindegger Optic, votre opticien \u00e0 Gen\u00e8ve, la meilleure qualit\u00e9 au service de votre vue\",\"description\":\"\",\"potentialAction\":[{\"@type\":\"SearchAction\",\"target\":{\"@type\":\"EntryPoint\",\"urlTemplate\":\"https:\/\/lindegger-optic.ch\/?s={search_term_string}\"},\"query-input\":{\"@type\":\"PropertyValueSpecification\",\"valueRequired\":true,\"valueName\":\"search_term_string\"}}],\"inLanguage\":\"en-US\"}]}<\/script>\n<!-- \/ Yoast SEO plugin. -->","yoast_head_json":{"title":"Buy Comfort Shield 15x0.3ml at Lindegger Optique","description":"Buy Comfort Shield 15x0.3ml at the best price at Lindegger Optique. Free delivery in 48 hours!","robots":{"index":"index","follow":"follow","max-snippet":"max-snippet:-1","max-image-preview":"max-image-preview:large","max-video-preview":"max-video-preview:-1"},"canonical":"https:\/\/lindegger-optic.ch\/en\/produit\/comfort-shield-15x0-3ml\/","og_locale":"en_US","og_type":"article","og_title":"Buy Comfort Shield 15x0.3ml at Lindegger Optique","og_description":"Buy Comfort Shield 15x0.3ml at the best price at Lindegger Optique. Free delivery in 48 hours!","og_url":"https:\/\/lindegger-optic.ch\/en\/produit\/comfort-shield-15x0-3ml\/","og_site_name":"Lindegger Optic, votre opticien \u00e0 Gen\u00e8ve, la meilleure qualit\u00e9 au service de votre vue","og_image":[{"width":1000,"height":700,"url":"https:\/\/lindegger-optic.ch\/wp-content\/uploads\/2017\/04\/Comfort-Shield-15\u00d70.3ml.jpg","type":"image\/jpeg"}],"twitter_card":"summary_large_image","schema":{"@context":"https:\/\/schema.org","@graph":[{"@type":"WebPage","@id":"https:\/\/lindegger-optic.ch\/en\/produit\/comfort-shield-15x0-3ml\/","url":"https:\/\/lindegger-optic.ch\/en\/produit\/comfort-shield-15x0-3ml\/","name":"Buy Comfort Shield 15x0.3ml at Lindegger Optique","isPartOf":{"@id":"https:\/\/lindegger-optic.ch\/#website"},"primaryImageOfPage":{"@id":"https:\/\/lindegger-optic.ch\/en\/produit\/comfort-shield-15x0-3ml\/#primaryimage"},"image":{"@id":"https:\/\/lindegger-optic.ch\/en\/produit\/comfort-shield-15x0-3ml\/#primaryimage"},"thumbnailUrl":"https:\/\/lindegger-optic.ch\/wp-content\/uploads\/2017\/04\/Comfort-Shield-15\u00d70.3ml.jpg","datePublished":"2024-10-08T03:50:37+00:00","dateModified":"2024-10-08T03:50:37+00:00","description":"Buy Comfort Shield 15x0.3ml at the best price at Lindegger Optique. Free delivery in 48 hours!","breadcrumb":{"@id":"https:\/\/lindegger-optic.ch\/en\/produit\/comfort-shield-15x0-3ml\/#breadcrumb"},"inLanguage":"en-US","potentialAction":[{"@type":"ReadAction","target":["https:\/\/lindegger-optic.ch\/en\/produit\/comfort-shield-15x0-3ml\/"]}]},{"@type":"ImageObject","inLanguage":"en-US","@id":"https:\/\/lindegger-optic.ch\/en\/produit\/comfort-shield-15x0-3ml\/#primaryimage","url":"https:\/\/lindegger-optic.ch\/wp-content\/uploads\/2017\/04\/Comfort-Shield-15\u00d70.3ml.jpg","contentUrl":"https:\/\/lindegger-optic.ch\/wp-content\/uploads\/2017\/04\/Comfort-Shield-15\u00d70.3ml.jpg","width":1000,"height":700},{"@type":"BreadcrumbList","@id":"https:\/\/lindegger-optic.ch\/en\/produit\/comfort-shield-15x0-3ml\/#breadcrumb","itemListElement":[{"@type":"ListItem","position":1,"name":"Accueil","item":"https:\/\/lindegger-optic.ch\/en\/home\/"},{"@type":"ListItem","position":2,"name":"Shop","item":"https:\/\/lindegger-optic.ch\/shop\/"},{"@type":"ListItem","position":3,"name":"Comfort Shield 15&#215;0.3ml"}]},{"@type":"WebSite","@id":"https:\/\/lindegger-optic.ch\/#website","url":"https:\/\/lindegger-optic.ch\/","name":"Lindegger Optic, votre opticien \u00e0 Gen\u00e8ve, la meilleure qualit\u00e9 au service de votre vue","description":"","potentialAction":[{"@type":"SearchAction","target":{"@type":"EntryPoint","urlTemplate":"https:\/\/lindegger-optic.ch\/?s={search_term_string}"},"query-input":{"@type":"PropertyValueSpecification","valueRequired":true,"valueName":"search_term_string"}}],"inLanguage":"en-US"}]}},"_links":{"self":[{"href":"https:\/\/lindegger-optic.ch\/en\/wp-json\/wp\/v2\/product\/16397"}],"collection":[{"href":"https:\/\/lindegger-optic.ch\/en\/wp-json\/wp\/v2\/product"}],"about":[{"href":"https:\/\/lindegger-optic.ch\/en\/wp-json\/wp\/v2\/types\/product"}],"replies":[{"embeddable":true,"href":"https:\/\/lindegger-optic.ch\/en\/wp-json\/wp\/v2\/comments?post=16397"}],"wp:featuredmedia":[{"embeddable":true,"href":"https:\/\/lindegger-optic.ch\/en\/wp-json\/wp\/v2\/media\/12883"}],"wp:attachment":[{"href":"https:\/\/lindegger-optic.ch\/en\/wp-json\/wp\/v2\/media?parent=16397"}],"wp:term":[{"taxonomy":"product_cat","embeddable":true,"href":"https:\/\/lindegger-optic.ch\/en\/wp-json\/wp\/v2\/product_cat?post=16397"},{"taxonomy":"product_tag","embeddable":true,"href":"https:\/\/lindegger-optic.ch\/en\/wp-json\/wp\/v2\/product_tag?post=16397"}],"curies":[{"name":"wp","href":"https:\/\/api.w.org\/{rel}","templated":true}]}}