{"id":16401,"date":"2024-10-08T05:50:38","date_gmt":"2024-10-08T03:50:38","guid":{"rendered":"https:\/\/lindegger-optic.ch\/produit\/systane-ultra-hydration\/"},"modified":"2024-10-08T05:50:38","modified_gmt":"2024-10-08T03:50:38","slug":"systane-ultra-hydration","status":"publish","type":"product","link":"https:\/\/lindegger-optic.ch\/en\/produit\/systane-ultra-hydration\/","title":{"rendered":"Systane Ultra Hydration"},"content":{"rendered":"<p><a href=\"https:\/\/systane-ca.myalcon.com\/ca-fr\/eye-care\/systane\/products\/systane-ultra-hydration-preservative-free\/\">Systane Ultra Hydratant<\/a> is an eye care product designed to relieve the symptoms of dry eyes. It is available in the form of<a href=\"https:\/\/lindegger-optic.ch\/cat%C3%A9gorie-de-produit\/produit-de-lentilles-de-contact\/larmes-artificielles\/\"> eye drops<\/a> that can be easily administered in a few drops to each eye. <a href=\"https:\/\/systane-ca.myalcon.com\/ca-fr\/eye-care\/systane\/products\/systane-ultra-hydration-preservative-free\/\">Systane Ultra Hydratant<\/a> drops contain moisturizing ingredients that help restore eye moisture levels, which can help relieve dry eyes.  <\/p>\n<div class=\"flex-1 overflow-hidden\">\n<div class=\"react-scroll-to-bottom--css-rkmkc-79elbk h-full dark:bg-gray-800\">\n<div class=\"react-scroll-to-bottom--css-rkmkc-1n7m0yu\">\n<div class=\"flex flex-col items-center text-sm dark:bg-gray-800\">\n<div class=\"w-full border-b border-black\/10 dark:border-gray-900\/50 text-gray-800 dark:text-gray-100 group bg-gray-50 dark:bg-[#444654]\">\n<div class=\"text-base gap-4 md:gap-6 m-auto md:max-w-2xl lg:max-w-2xl xl:max-w-3xl p-4 md:py-6 flex lg:px-0\">\n<div class=\"relative flex w-[calc(100%-50px)] flex-col gap-1 md:gap-3 lg:w-[calc(100%-115px)]\">\n<div class=\"flex flex-grow flex-col gap-3\">\n<div class=\"min-h-[20px] flex flex-col items-start gap-4 whitespace-pre-wrap\">\n<div class=\"markdown prose w-full break-words dark:prose-invert light\">\n<p><a href=\"https:\/\/systane-ca.myalcon.com\/ca-fr\/eye-care\/systane\/products\/systane-ultra-hydration-preservative-free\/\">Systane Ultra Moisturizing<\/a> drops are often used to help relieve dry, itchy eyes, burning, redness and other symptoms of dry eye. They can also be used to prevent dry eyes and to help protect eyes from environmental irritants such as pollution, wind and cold. In general, <a href=\"https:\/\/systane-ca.myalcon.com\/ca-fr\/eye-care\/systane\/products\/systane-ultra-hydration-preservative-free\/\">Systane Ultra Moisturizer<\/a> is considered safe and effective in relieving dry eye symptoms. However, if you have vision problems or are taking ophthalmic medication, it&#8217;s always best to consult a doctor before using this product to be sure it&#8217;s safe for you. Using <a href=\"https:\/\/systane-ca.myalcon.com\/ca-fr\/eye-care\/systane\/products\/systane-ultra-hydration-preservative-free\/\">Systane Ultra Moisturizer<\/a> is very simple. Here are the steps to follow: <\/p>\n<ol>\n<li>Wash your hands with soap and water before using the drops.<\/li>\n<li>Hold the bottle upright and shake well before each use.<\/li>\n<li>Open the bottle lid and tilt your head back.<\/li>\n<li>Hold the <a href=\"https:\/\/systane-ca.myalcon.com\/ca-fr\/eye-care\/systane\/products\/systane-ultra-hydration-preservative-free\/\">Systane Ultra Moisturizer<\/a> bottle close to the eye and gently press the bottle to release a drop into the eye.<\/li>\n<li>Close the eye and press gently on the inner corner of the eye for about 1-2 minutes to prevent the drops from running into the nose.<\/li>\n<li>Repeat for the other eye if necessary.<\/li>\n<\/ol>\n<p>It&#8217;s important to note that eye drops can be used as often as necessary to relieve dry eye symptoms. However, if your symptoms persist or worsen, it is advisable to consult a doctor for professional medical advice. <\/p>\n<\/div>\n<\/div>\n<\/div>\n<div class=\"flex justify-between\">\n<div class=\"text-gray-400 flex self-end lg:self-center justify-center mt-2 gap-3 md:gap-4 lg:gap-1 lg:absolute lg:top-0 lg:translate-x-full lg:right-0 lg:mt-0 lg:pl-2 visible\"><\/div>\n<\/div>\n<\/div>\n<\/div>\n<\/div>\n<div class=\"w-full h-32 md:h-48 flex-shrink-0\"><\/div>\n<\/div>\n<\/div>\n<\/div>\n<\/div>\n<div class=\"absolute bottom-0 left-0 w-full border-t md:border-t-0 dark:border-white\/20 md:border-transparent md:dark:border-transparent md:bg-vert-light-gradient bg-white dark:bg-gray-800 md:!bg-transparent dark:md:bg-vert-dark-gradient\">\n<form class=\"stretch mx-2 flex flex-row gap-3 pt-2 last:mb-2 md:last:mb-6 lg:mx-auto lg:max-w-3xl lg:pt-6\">\n<div class=\"relative flex h-full flex-1 md:flex-col\">\n<div class=\"flex ml-1 mt-1.5 md:w-full md:m-auto md:mb-2 gap-0 md:gap-2 justify-center\"><\/div>\n<\/div>\n<\/form>\n<\/div>\n","protected":false},"excerpt":{"rendered":"<p><a href=\"https:\/\/systane-ca.myalcon.com\/ca-fr\/eye-care\/systane\/products\/systane-ultra-hydration-preservative-free\/\">Systane Ultra Moisturizer<\/a> is an eye care product designed to relieve the symptoms of dry eyes. It is available as <a href=\"https:\/\/lindegger-optic.ch\/cat%C3%A9gorie-de-produit\/produit-de-lentilles-de-contact\/larmes-artificielles\/\">eye drops<\/a> that can be easily administered to help relieve dry, itchy eyes and other dry eye symptoms. <a href=\"https:\/\/systane-ca.myalcon.com\/ca-fr\/eye-care\/systane\/products\/systane-ultra-hydration-preservative-free\/\">Systane Ultra Hyd<\/a> ratant&#8217;s moisturizing ingredients help restore eye moisture levels for long-lasting hydration. It&#8217;s easy to use and can be used as often as required.   <\/p>\n","protected":false},"featured_media":13085,"comment_status":"closed","ping_status":"closed","template":"","meta":{"_et_pb_use_builder":"","_et_pb_old_content":"","_et_gb_content_width":""},"product_cat":[1382],"product_tag":[1379,1374,1378,1368,1376,1522,1372,1524,1369,1373,1375,1371,1370,1380],"class_list":{"0":"post-16401","1":"product","2":"type-product","3":"status-publish","4":"has-post-thumbnail","6":"product_cat-artificial-tears","7":"product_tag-artificial-tear-en","8":"product_tag-artificial-tear","9":"product_tag-artificial-tears","10":"product_tag-dry-eyes","11":"product_tag-eye-moisturizer","12":"product_tag-for-co-lens-wearers","13":"product_tag-for-dry-eyes","14":"product_tag-ordin-effect","15":"product_tag-red-eyes","16":"product_tag-stressed-eyes","17":"product_tag-taste-for-the-eyes","18":"product_tag-tear","19":"product_tag-tired-eyes","20":"product_tag-without-preservatives","22":"first","23":"instock","24":"taxable","25":"shipping-taxable","26":"product-type-simple"},"yoast_head":"<!-- This site is optimized with the Yoast SEO plugin v23.6 - https:\/\/yoast.com\/wordpress\/plugins\/seo\/ -->\n<title>Systane Ultra Hydration At Lindegger Optique<\/title>\n<meta name=\"description\" content=\"Artificial tears Systane Ultra Hydration Artificial tears provide extra comfort to prolong the wearing of your contact lenses.\" \/>\n<meta name=\"robots\" content=\"index, follow, max-snippet:-1, max-image-preview:large, max-video-preview:-1\" \/>\n<link rel=\"canonical\" href=\"https:\/\/lindegger-optic.ch\/en\/produit\/systane-ultra-hydration\/\" \/>\n<meta property=\"og:locale\" content=\"en_US\" \/>\n<meta property=\"og:type\" content=\"article\" \/>\n<meta property=\"og:title\" content=\"Systane Ultra Hydration At Lindegger Optique\" \/>\n<meta property=\"og:description\" content=\"Artificial tears Systane Ultra Hydration Artificial tears provide extra comfort to prolong the wearing of your contact lenses.\" \/>\n<meta property=\"og:url\" content=\"https:\/\/lindegger-optic.ch\/en\/produit\/systane-ultra-hydration\/\" \/>\n<meta property=\"og:site_name\" content=\"Lindegger Optic, votre opticien \u00e0 Gen\u00e8ve, la meilleure qualit\u00e9 au service de votre vue\" \/>\n<meta property=\"og:image\" content=\"https:\/\/lindegger-optic.ch\/wp-content\/uploads\/2017\/11\/Systane-Ultra-Hydration.jpg\" \/>\n\t<meta property=\"og:image:width\" content=\"1000\" \/>\n\t<meta property=\"og:image:height\" content=\"700\" \/>\n\t<meta property=\"og:image:type\" content=\"image\/jpeg\" \/>\n<meta name=\"twitter:card\" content=\"summary_large_image\" \/>\n<meta name=\"twitter:label1\" content=\"Est. reading time\" \/>\n\t<meta name=\"twitter:data1\" content=\"1 minute\" \/>\n<script type=\"application\/ld+json\" class=\"yoast-schema-graph\">{\"@context\":\"https:\/\/schema.org\",\"@graph\":[{\"@type\":\"WebPage\",\"@id\":\"https:\/\/lindegger-optic.ch\/en\/produit\/systane-ultra-hydration\/\",\"url\":\"https:\/\/lindegger-optic.ch\/en\/produit\/systane-ultra-hydration\/\",\"name\":\"Systane Ultra Hydration At Lindegger Optique\",\"isPartOf\":{\"@id\":\"https:\/\/lindegger-optic.ch\/#website\"},\"primaryImageOfPage\":{\"@id\":\"https:\/\/lindegger-optic.ch\/en\/produit\/systane-ultra-hydration\/#primaryimage\"},\"image\":{\"@id\":\"https:\/\/lindegger-optic.ch\/en\/produit\/systane-ultra-hydration\/#primaryimage\"},\"thumbnailUrl\":\"https:\/\/lindegger-optic.ch\/wp-content\/uploads\/2017\/11\/Systane-Ultra-Hydration.jpg\",\"datePublished\":\"2024-10-08T03:50:38+00:00\",\"dateModified\":\"2024-10-08T03:50:38+00:00\",\"description\":\"Artificial tears Systane Ultra Hydration Artificial tears provide extra comfort to prolong the wearing of your contact lenses.\",\"breadcrumb\":{\"@id\":\"https:\/\/lindegger-optic.ch\/en\/produit\/systane-ultra-hydration\/#breadcrumb\"},\"inLanguage\":\"en-US\",\"potentialAction\":[{\"@type\":\"ReadAction\",\"target\":[\"https:\/\/lindegger-optic.ch\/en\/produit\/systane-ultra-hydration\/\"]}]},{\"@type\":\"ImageObject\",\"inLanguage\":\"en-US\",\"@id\":\"https:\/\/lindegger-optic.ch\/en\/produit\/systane-ultra-hydration\/#primaryimage\",\"url\":\"https:\/\/lindegger-optic.ch\/wp-content\/uploads\/2017\/11\/Systane-Ultra-Hydration.jpg\",\"contentUrl\":\"https:\/\/lindegger-optic.ch\/wp-content\/uploads\/2017\/11\/Systane-Ultra-Hydration.jpg\",\"width\":1000,\"height\":700,\"caption\":\"Systane Ultra Hydratant est la solution parfaite pour les yeux secs et fatigu\u00e9s. Con\u00e7ue pour soulager les sympt\u00f4mes de la s\u00e9cheresse oculaire, ces gouttes oculaires hydratantes fournissent un soulagement imm\u00e9diat et durable. Elles sont faciles \u00e0 utiliser et peuvent \u00eatre administr\u00e9es autant de fois que n\u00e9cessaire pour maintenir une hydratation optimale des yeux. Avec des ingr\u00e9dients hautement hydratants, Systane Ultra Hydratant aide \u00e0 r\u00e9tablir le niveau d'humidit\u00e9 naturel des yeux pour une hydratation longue dur\u00e9e. Adoptez Systane Ultra Hydratant pour des yeux plus confortables et plus sains.\"},{\"@type\":\"BreadcrumbList\",\"@id\":\"https:\/\/lindegger-optic.ch\/en\/produit\/systane-ultra-hydration\/#breadcrumb\",\"itemListElement\":[{\"@type\":\"ListItem\",\"position\":1,\"name\":\"Accueil\",\"item\":\"https:\/\/lindegger-optic.ch\/en\/home\/\"},{\"@type\":\"ListItem\",\"position\":2,\"name\":\"Shop\",\"item\":\"https:\/\/lindegger-optic.ch\/shop\/\"},{\"@type\":\"ListItem\",\"position\":3,\"name\":\"Systane Ultra Hydration\"}]},{\"@type\":\"WebSite\",\"@id\":\"https:\/\/lindegger-optic.ch\/#website\",\"url\":\"https:\/\/lindegger-optic.ch\/\",\"name\":\"Lindegger Optic, votre opticien \u00e0 Gen\u00e8ve, la meilleure qualit\u00e9 au service de votre vue\",\"description\":\"\",\"potentialAction\":[{\"@type\":\"SearchAction\",\"target\":{\"@type\":\"EntryPoint\",\"urlTemplate\":\"https:\/\/lindegger-optic.ch\/?s={search_term_string}\"},\"query-input\":{\"@type\":\"PropertyValueSpecification\",\"valueRequired\":true,\"valueName\":\"search_term_string\"}}],\"inLanguage\":\"en-US\"}]}<\/script>\n<!-- \/ Yoast SEO plugin. -->","yoast_head_json":{"title":"Systane Ultra Hydration At Lindegger Optique","description":"Artificial tears Systane Ultra Hydration Artificial tears provide extra comfort to prolong the wearing of your contact lenses.","robots":{"index":"index","follow":"follow","max-snippet":"max-snippet:-1","max-image-preview":"max-image-preview:large","max-video-preview":"max-video-preview:-1"},"canonical":"https:\/\/lindegger-optic.ch\/en\/produit\/systane-ultra-hydration\/","og_locale":"en_US","og_type":"article","og_title":"Systane Ultra Hydration At Lindegger Optique","og_description":"Artificial tears Systane Ultra Hydration Artificial tears provide extra comfort to prolong the wearing of your contact lenses.","og_url":"https:\/\/lindegger-optic.ch\/en\/produit\/systane-ultra-hydration\/","og_site_name":"Lindegger Optic, votre opticien \u00e0 Gen\u00e8ve, la meilleure qualit\u00e9 au service de votre vue","og_image":[{"width":1000,"height":700,"url":"https:\/\/lindegger-optic.ch\/wp-content\/uploads\/2017\/11\/Systane-Ultra-Hydration.jpg","type":"image\/jpeg"}],"twitter_card":"summary_large_image","twitter_misc":{"Est. reading time":"1 minute"},"schema":{"@context":"https:\/\/schema.org","@graph":[{"@type":"WebPage","@id":"https:\/\/lindegger-optic.ch\/en\/produit\/systane-ultra-hydration\/","url":"https:\/\/lindegger-optic.ch\/en\/produit\/systane-ultra-hydration\/","name":"Systane Ultra Hydration At Lindegger Optique","isPartOf":{"@id":"https:\/\/lindegger-optic.ch\/#website"},"primaryImageOfPage":{"@id":"https:\/\/lindegger-optic.ch\/en\/produit\/systane-ultra-hydration\/#primaryimage"},"image":{"@id":"https:\/\/lindegger-optic.ch\/en\/produit\/systane-ultra-hydration\/#primaryimage"},"thumbnailUrl":"https:\/\/lindegger-optic.ch\/wp-content\/uploads\/2017\/11\/Systane-Ultra-Hydration.jpg","datePublished":"2024-10-08T03:50:38+00:00","dateModified":"2024-10-08T03:50:38+00:00","description":"Artificial tears Systane Ultra Hydration Artificial tears provide extra comfort to prolong the wearing of your contact lenses.","breadcrumb":{"@id":"https:\/\/lindegger-optic.ch\/en\/produit\/systane-ultra-hydration\/#breadcrumb"},"inLanguage":"en-US","potentialAction":[{"@type":"ReadAction","target":["https:\/\/lindegger-optic.ch\/en\/produit\/systane-ultra-hydration\/"]}]},{"@type":"ImageObject","inLanguage":"en-US","@id":"https:\/\/lindegger-optic.ch\/en\/produit\/systane-ultra-hydration\/#primaryimage","url":"https:\/\/lindegger-optic.ch\/wp-content\/uploads\/2017\/11\/Systane-Ultra-Hydration.jpg","contentUrl":"https:\/\/lindegger-optic.ch\/wp-content\/uploads\/2017\/11\/Systane-Ultra-Hydration.jpg","width":1000,"height":700,"caption":"Systane Ultra Hydratant est la solution parfaite pour les yeux secs et fatigu\u00e9s. Con\u00e7ue pour soulager les sympt\u00f4mes de la s\u00e9cheresse oculaire, ces gouttes oculaires hydratantes fournissent un soulagement imm\u00e9diat et durable. Elles sont faciles \u00e0 utiliser et peuvent \u00eatre administr\u00e9es autant de fois que n\u00e9cessaire pour maintenir une hydratation optimale des yeux. Avec des ingr\u00e9dients hautement hydratants, Systane Ultra Hydratant aide \u00e0 r\u00e9tablir le niveau d'humidit\u00e9 naturel des yeux pour une hydratation longue dur\u00e9e. Adoptez Systane Ultra Hydratant pour des yeux plus confortables et plus sains."},{"@type":"BreadcrumbList","@id":"https:\/\/lindegger-optic.ch\/en\/produit\/systane-ultra-hydration\/#breadcrumb","itemListElement":[{"@type":"ListItem","position":1,"name":"Accueil","item":"https:\/\/lindegger-optic.ch\/en\/home\/"},{"@type":"ListItem","position":2,"name":"Shop","item":"https:\/\/lindegger-optic.ch\/shop\/"},{"@type":"ListItem","position":3,"name":"Systane Ultra Hydration"}]},{"@type":"WebSite","@id":"https:\/\/lindegger-optic.ch\/#website","url":"https:\/\/lindegger-optic.ch\/","name":"Lindegger Optic, votre opticien \u00e0 Gen\u00e8ve, la meilleure qualit\u00e9 au service de votre vue","description":"","potentialAction":[{"@type":"SearchAction","target":{"@type":"EntryPoint","urlTemplate":"https:\/\/lindegger-optic.ch\/?s={search_term_string}"},"query-input":{"@type":"PropertyValueSpecification","valueRequired":true,"valueName":"search_term_string"}}],"inLanguage":"en-US"}]}},"_links":{"self":[{"href":"https:\/\/lindegger-optic.ch\/en\/wp-json\/wp\/v2\/product\/16401"}],"collection":[{"href":"https:\/\/lindegger-optic.ch\/en\/wp-json\/wp\/v2\/product"}],"about":[{"href":"https:\/\/lindegger-optic.ch\/en\/wp-json\/wp\/v2\/types\/product"}],"replies":[{"embeddable":true,"href":"https:\/\/lindegger-optic.ch\/en\/wp-json\/wp\/v2\/comments?post=16401"}],"wp:featuredmedia":[{"embeddable":true,"href":"https:\/\/lindegger-optic.ch\/en\/wp-json\/wp\/v2\/media\/13085"}],"wp:attachment":[{"href":"https:\/\/lindegger-optic.ch\/en\/wp-json\/wp\/v2\/media?parent=16401"}],"wp:term":[{"taxonomy":"product_cat","embeddable":true,"href":"https:\/\/lindegger-optic.ch\/en\/wp-json\/wp\/v2\/product_cat?post=16401"},{"taxonomy":"product_tag","embeddable":true,"href":"https:\/\/lindegger-optic.ch\/en\/wp-json\/wp\/v2\/product_tag?post=16401"}],"curies":[{"name":"wp","href":"https:\/\/api.w.org\/{rel}","templated":true}]}}