{"id":16406,"date":"2024-10-08T05:50:38","date_gmt":"2024-10-08T03:50:38","guid":{"rendered":"https:\/\/lindegger-optic.ch\/produit\/hylo-care-10ml\/"},"modified":"2024-10-08T05:50:38","modified_gmt":"2024-10-08T03:50:38","slug":"hylo-care-10ml","status":"publish","type":"product","link":"https:\/\/lindegger-optic.ch\/en\/produit\/hylo-care-10ml\/","title":{"rendered":"Hylo-Care 10ml."},"content":{"rendered":"<div class=\"w-full border-b border-black\/10 dark:border-gray-900\/50 text-gray-800 dark:text-gray-100 group bg-gray-50 dark:bg-[#444654]\">\n<div class=\"text-base gap-4 md:gap-6 m-auto md:max-w-2xl lg:max-w-2xl xl:max-w-3xl p-4 md:py-6 flex lg:px-0\">\n<div class=\"relative flex w-[calc(100%-50px)] flex-col gap-1 md:gap-3 lg:w-[calc(100%-115px)]\">\n<div class=\"flex flex-grow flex-col gap-3\">\n<div class=\"min-h-[20px] flex flex-col items-start gap-4 whitespace-pre-wrap\">\n<div class=\"markdown prose w-full break-words dark:prose-invert light\">\n<p>Hyaluronic acid and Provitamin B5 make <a href=\"https:\/\/hylo.de\/en\/products\">Hylo Care<\/a> ideal for regenerating the cornea and conjunctiva in dry eye conditions. <a href=\"https:\/\/hylo.de\/en\/products\">Hylo<\/a> Care moisturizes better than <a href=\"https:\/\/lindegger-optic.ch\/cat%C3%A9gorie-de-produit\/produit-de-lentilles-de-contact\/larmes-artificielles\/\">conventional tears<\/a> thanks to its increased hyaluronic acid content. It can relieve dry eyes, irritation and redness. <a href=\"https:\/\/hylo.de\/en\/products\">Hylo<\/a> Care is convenient to use thanks to its dropper and can be used with contact lenses. Choose <a href=\"https:\/\/hylo.de\/en\/products\">Hylo Care<\/a> for superior eye comfort.  <\/p>\n<\/div>\n<\/div>\n<\/div>\n<div class=\"flex justify-between\">\n<div class=\"text-gray-400 flex self-end lg:self-center justify-center mt-2 gap-3 md:gap-4 lg:gap-1 lg:absolute lg:top-0 lg:translate-x-full lg:right-0 lg:mt-0 lg:pl-2 visible\"><\/div>\n<\/div>\n<\/div>\n<\/div>\n<\/div>\n","protected":false},"excerpt":{"rendered":"<p><a href=\"https:\/\/hylo.de\/en\/products\">Hylo Care<\/a> <a href=\"https:\/\/lindegger-optic.ch\/cat%C3%A9gorie-de-produit\/produit-de-lentilles-de-contact\/larmes-artificielles\/\">artificial tears<\/a> offer superior hydration thanks to an increased amount of hyaluronic acid, a natural ingredient found in the body. They can relieve dry eyes, irritation and redness. Easy to use with their convenient dropper, they can be used with contact lenses for prolonged eye comfort. Choose <a href=\"https:\/\/hylo.de\/en\/products\">Hylo Care<\/a> for superior eye comfort.   <\/p>\n","protected":false},"featured_media":15781,"comment_status":"closed","ping_status":"closed","template":"","meta":{"_et_pb_use_builder":"","_et_pb_old_content":"","_et_gb_content_width":""},"product_cat":[1382,1381],"product_tag":[1374,1368,1532,1367,1369,1375,1370],"class_list":{"0":"post-16406","1":"product","2":"type-product","3":"status-publish","4":"has-post-thumbnail","6":"product_cat-artificial-tears","7":"product_cat-contact-lens-product","8":"product_tag-artificial-tear","9":"product_tag-dry-eyes","10":"product_tag-hylo-care-en","11":"product_tag-lens-product","12":"product_tag-red-eyes","13":"product_tag-taste-for-the-eyes","14":"product_tag-tired-eyes","16":"first","17":"instock","18":"taxable","19":"shipping-taxable","20":"product-type-simple"},"yoast_head":"<!-- This site is optimized with the Yoast SEO plugin v23.6 - https:\/\/yoast.com\/wordpress\/plugins\/seo\/ -->\n<title>Hylo-Care 10ml.<\/title>\n<meta name=\"description\" content=\"Hyaluronic acid and Provitamin B5 for optimal regeneration of dry eyes following injury or surgery.\" \/>\n<meta name=\"robots\" content=\"index, follow, max-snippet:-1, max-image-preview:large, max-video-preview:-1\" \/>\n<link rel=\"canonical\" href=\"https:\/\/lindegger-optic.ch\/en\/produit\/hylo-care-10ml\/\" \/>\n<meta property=\"og:locale\" content=\"en_US\" \/>\n<meta property=\"og:type\" content=\"article\" \/>\n<meta property=\"og:title\" content=\"Hylo-Care 10ml.\" \/>\n<meta property=\"og:description\" content=\"Hyaluronic acid and Provitamin B5 for optimal regeneration of dry eyes following injury or surgery.\" \/>\n<meta property=\"og:url\" content=\"https:\/\/lindegger-optic.ch\/en\/produit\/hylo-care-10ml\/\" \/>\n<meta property=\"og:site_name\" content=\"Lindegger Optic, votre opticien \u00e0 Gen\u00e8ve, la meilleure qualit\u00e9 au service de votre vue\" \/>\n<meta property=\"og:image\" content=\"https:\/\/lindegger-optic.ch\/wp-content\/uploads\/hylo-care.jpg\" \/>\n\t<meta property=\"og:image:width\" content=\"1000\" \/>\n\t<meta property=\"og:image:height\" content=\"1000\" \/>\n\t<meta property=\"og:image:type\" content=\"image\/jpeg\" \/>\n<meta name=\"twitter:card\" content=\"summary_large_image\" \/>\n<script type=\"application\/ld+json\" class=\"yoast-schema-graph\">{\"@context\":\"https:\/\/schema.org\",\"@graph\":[{\"@type\":\"WebPage\",\"@id\":\"https:\/\/lindegger-optic.ch\/en\/produit\/hylo-care-10ml\/\",\"url\":\"https:\/\/lindegger-optic.ch\/en\/produit\/hylo-care-10ml\/\",\"name\":\"Hylo-Care 10ml.\",\"isPartOf\":{\"@id\":\"https:\/\/lindegger-optic.ch\/#website\"},\"primaryImageOfPage\":{\"@id\":\"https:\/\/lindegger-optic.ch\/en\/produit\/hylo-care-10ml\/#primaryimage\"},\"image\":{\"@id\":\"https:\/\/lindegger-optic.ch\/en\/produit\/hylo-care-10ml\/#primaryimage\"},\"thumbnailUrl\":\"https:\/\/lindegger-optic.ch\/wp-content\/uploads\/hylo-care.jpg\",\"datePublished\":\"2024-10-08T03:50:38+00:00\",\"dateModified\":\"2024-10-08T03:50:38+00:00\",\"description\":\"Hyaluronic acid and Provitamin B5 for optimal regeneration of dry eyes following injury or surgery.\",\"breadcrumb\":{\"@id\":\"https:\/\/lindegger-optic.ch\/en\/produit\/hylo-care-10ml\/#breadcrumb\"},\"inLanguage\":\"en-US\",\"potentialAction\":[{\"@type\":\"ReadAction\",\"target\":[\"https:\/\/lindegger-optic.ch\/en\/produit\/hylo-care-10ml\/\"]}]},{\"@type\":\"ImageObject\",\"inLanguage\":\"en-US\",\"@id\":\"https:\/\/lindegger-optic.ch\/en\/produit\/hylo-care-10ml\/#primaryimage\",\"url\":\"https:\/\/lindegger-optic.ch\/wp-content\/uploads\/hylo-care.jpg\",\"contentUrl\":\"https:\/\/lindegger-optic.ch\/wp-content\/uploads\/hylo-care.jpg\",\"width\":1000,\"height\":1000,\"caption\":\"Hylo Care 10ml\"},{\"@type\":\"BreadcrumbList\",\"@id\":\"https:\/\/lindegger-optic.ch\/en\/produit\/hylo-care-10ml\/#breadcrumb\",\"itemListElement\":[{\"@type\":\"ListItem\",\"position\":1,\"name\":\"Accueil\",\"item\":\"https:\/\/lindegger-optic.ch\/en\/home\/\"},{\"@type\":\"ListItem\",\"position\":2,\"name\":\"Shop\",\"item\":\"https:\/\/lindegger-optic.ch\/shop\/\"},{\"@type\":\"ListItem\",\"position\":3,\"name\":\"Hylo-Care 10ml.\"}]},{\"@type\":\"WebSite\",\"@id\":\"https:\/\/lindegger-optic.ch\/#website\",\"url\":\"https:\/\/lindegger-optic.ch\/\",\"name\":\"Lindegger Optic, votre opticien \u00e0 Gen\u00e8ve, la meilleure qualit\u00e9 au service de votre vue\",\"description\":\"\",\"potentialAction\":[{\"@type\":\"SearchAction\",\"target\":{\"@type\":\"EntryPoint\",\"urlTemplate\":\"https:\/\/lindegger-optic.ch\/?s={search_term_string}\"},\"query-input\":{\"@type\":\"PropertyValueSpecification\",\"valueRequired\":true,\"valueName\":\"search_term_string\"}}],\"inLanguage\":\"en-US\"}]}<\/script>\n<!-- \/ Yoast SEO plugin. -->","yoast_head_json":{"title":"Hylo-Care 10ml.","description":"Hyaluronic acid and Provitamin B5 for optimal regeneration of dry eyes following injury or surgery.","robots":{"index":"index","follow":"follow","max-snippet":"max-snippet:-1","max-image-preview":"max-image-preview:large","max-video-preview":"max-video-preview:-1"},"canonical":"https:\/\/lindegger-optic.ch\/en\/produit\/hylo-care-10ml\/","og_locale":"en_US","og_type":"article","og_title":"Hylo-Care 10ml.","og_description":"Hyaluronic acid and Provitamin B5 for optimal regeneration of dry eyes following injury or surgery.","og_url":"https:\/\/lindegger-optic.ch\/en\/produit\/hylo-care-10ml\/","og_site_name":"Lindegger Optic, votre opticien \u00e0 Gen\u00e8ve, la meilleure qualit\u00e9 au service de votre vue","og_image":[{"width":1000,"height":1000,"url":"https:\/\/lindegger-optic.ch\/wp-content\/uploads\/hylo-care.jpg","type":"image\/jpeg"}],"twitter_card":"summary_large_image","schema":{"@context":"https:\/\/schema.org","@graph":[{"@type":"WebPage","@id":"https:\/\/lindegger-optic.ch\/en\/produit\/hylo-care-10ml\/","url":"https:\/\/lindegger-optic.ch\/en\/produit\/hylo-care-10ml\/","name":"Hylo-Care 10ml.","isPartOf":{"@id":"https:\/\/lindegger-optic.ch\/#website"},"primaryImageOfPage":{"@id":"https:\/\/lindegger-optic.ch\/en\/produit\/hylo-care-10ml\/#primaryimage"},"image":{"@id":"https:\/\/lindegger-optic.ch\/en\/produit\/hylo-care-10ml\/#primaryimage"},"thumbnailUrl":"https:\/\/lindegger-optic.ch\/wp-content\/uploads\/hylo-care.jpg","datePublished":"2024-10-08T03:50:38+00:00","dateModified":"2024-10-08T03:50:38+00:00","description":"Hyaluronic acid and Provitamin B5 for optimal regeneration of dry eyes following injury or surgery.","breadcrumb":{"@id":"https:\/\/lindegger-optic.ch\/en\/produit\/hylo-care-10ml\/#breadcrumb"},"inLanguage":"en-US","potentialAction":[{"@type":"ReadAction","target":["https:\/\/lindegger-optic.ch\/en\/produit\/hylo-care-10ml\/"]}]},{"@type":"ImageObject","inLanguage":"en-US","@id":"https:\/\/lindegger-optic.ch\/en\/produit\/hylo-care-10ml\/#primaryimage","url":"https:\/\/lindegger-optic.ch\/wp-content\/uploads\/hylo-care.jpg","contentUrl":"https:\/\/lindegger-optic.ch\/wp-content\/uploads\/hylo-care.jpg","width":1000,"height":1000,"caption":"Hylo Care 10ml"},{"@type":"BreadcrumbList","@id":"https:\/\/lindegger-optic.ch\/en\/produit\/hylo-care-10ml\/#breadcrumb","itemListElement":[{"@type":"ListItem","position":1,"name":"Accueil","item":"https:\/\/lindegger-optic.ch\/en\/home\/"},{"@type":"ListItem","position":2,"name":"Shop","item":"https:\/\/lindegger-optic.ch\/shop\/"},{"@type":"ListItem","position":3,"name":"Hylo-Care 10ml."}]},{"@type":"WebSite","@id":"https:\/\/lindegger-optic.ch\/#website","url":"https:\/\/lindegger-optic.ch\/","name":"Lindegger Optic, votre opticien \u00e0 Gen\u00e8ve, la meilleure qualit\u00e9 au service de votre vue","description":"","potentialAction":[{"@type":"SearchAction","target":{"@type":"EntryPoint","urlTemplate":"https:\/\/lindegger-optic.ch\/?s={search_term_string}"},"query-input":{"@type":"PropertyValueSpecification","valueRequired":true,"valueName":"search_term_string"}}],"inLanguage":"en-US"}]}},"_links":{"self":[{"href":"https:\/\/lindegger-optic.ch\/en\/wp-json\/wp\/v2\/product\/16406"}],"collection":[{"href":"https:\/\/lindegger-optic.ch\/en\/wp-json\/wp\/v2\/product"}],"about":[{"href":"https:\/\/lindegger-optic.ch\/en\/wp-json\/wp\/v2\/types\/product"}],"replies":[{"embeddable":true,"href":"https:\/\/lindegger-optic.ch\/en\/wp-json\/wp\/v2\/comments?post=16406"}],"wp:featuredmedia":[{"embeddable":true,"href":"https:\/\/lindegger-optic.ch\/en\/wp-json\/wp\/v2\/media\/15781"}],"wp:attachment":[{"href":"https:\/\/lindegger-optic.ch\/en\/wp-json\/wp\/v2\/media?parent=16406"}],"wp:term":[{"taxonomy":"product_cat","embeddable":true,"href":"https:\/\/lindegger-optic.ch\/en\/wp-json\/wp\/v2\/product_cat?post=16406"},{"taxonomy":"product_tag","embeddable":true,"href":"https:\/\/lindegger-optic.ch\/en\/wp-json\/wp\/v2\/product_tag?post=16406"}],"curies":[{"name":"wp","href":"https:\/\/api.w.org\/{rel}","templated":true}]}}