{"id":16420,"date":"2024-10-08T05:50:40","date_gmt":"2024-10-08T03:50:40","guid":{"rendered":"https:\/\/lindegger-optic.ch\/produit\/total-care-conservant\/"},"modified":"2024-10-08T05:50:40","modified_gmt":"2024-10-08T03:50:40","slug":"total-care-conservant","status":"publish","type":"product","link":"https:\/\/lindegger-optic.ch\/en\/produit\/total-care-conservant\/","title":{"rendered":"Total Care Conservant"},"content":{"rendered":"<p>The <a href=\"https:\/\/lindegger-optic.ch\/?s=Total+Care&amp;post_type=product\">Total Care<\/a> system is designed for the care of rigid oxygen-permeable lenses. The <a href=\"https:\/\/lindegger-optic.ch\/?s=Total+Care&amp;post_type=product\">Total Care<\/a> range includes <a href=\"https:\/\/lindegger-optic.ch\/produit\/totalcare-nettoyant\/\">Total Care cleanser<\/a>, <a href=\"https:\/\/lindegger-optic.ch\/produit\/totalcare-conservation\/\">Total Care preservative<\/a> and Total Care deproteinizer. Totalcare conservant is a preserving solution for <a href=\"https:\/\/lindegger-optic.ch\/conseils-pour-lutilisation-des-lentilles-de-contact-pendant-le-covid-19-2\/\">your<\/a> rigid gas-permeable <a href=\"https:\/\/lindegger-optic.ch\/conseils-pour-lutilisation-des-lentilles-de-contact-pendant-le-covid-19-2\/\">contact lenses<\/a>. We recommend storing your lenses in the preservative for 6 hours. How to use. <\/p>\n<ul>\n<li>wash and dry your hands thoroughly. Remember to work in a clean, dry space.<\/li>\n<li>Place a drop of <a href=\"https:\/\/lindegger-optic.ch\/produit\/totalcare-nettoyant\/\">Total Care cleaner<\/a> on the lens, then use your ring finger to mechanically clean your lenses. The composition of Total Care allows you to mechanically clean your lenses, removing all deposits from the surface. <\/li>\n<li>Fill the case with <a href=\"https:\/\/lindegger-optic.ch\/produit\/totalcare-conservation\/\">Total Care<\/a> solution, place the lenses in the compartments and close the case hermetically.<\/li>\n<\/ul>\n","protected":false},"excerpt":{"rendered":"<p><a href=\"https:\/\/lindegger-optic.ch\/?s=Total+Care&amp;post_type=product\">Total Care<\/a> conservant is a storage solution for <a href=\"https:\/\/lindegger-optic.ch\/conseils-pour-lutilisation-des-lentilles-de-contact-pendant-le-covid-19-2\/\">your<\/a> gas-permeable rigid <a href=\"https:\/\/lindegger-optic.ch\/conseils-pour-lutilisation-des-lentilles-de-contact-pendant-le-covid-19-2\/\">contact lenses<\/a>. We recommend keeping your lenses in the preservative for 6 hours. <\/p>\n","protected":false},"featured_media":13045,"comment_status":"closed","ping_status":"closed","template":"","meta":{"_et_pb_use_builder":"","_et_pb_old_content":"","_et_gb_content_width":""},"product_cat":[1393],"product_tag":[1433,1512,1438,1511,1513,1435,1437,1434,1440,1514,1439],"class_list":{"0":"post-16420","1":"product","2":"type-product","3":"status-publish","4":"has-post-thumbnail","6":"product_cat-rigid-contact-lens-product","7":"product_tag-cleaning-product-for-lenses","8":"product_tag-conserving-lens","9":"product_tag-decontamination-for-lens","10":"product_tag-lens","11":"product_tag-lens-deproteinizer","12":"product_tag-lens-preservative","13":"product_tag-lens-product-en","14":"product_tag-lens-solution","15":"product_tag-rigid-gas-permeable","16":"product_tag-rigid-ox-permeable-lens","17":"product_tag-rpg-en","19":"first","20":"instock","21":"taxable","22":"shipping-taxable","23":"product-type-simple"},"yoast_head":"<!-- This site is optimized with the Yoast SEO plugin v23.6 - https:\/\/yoast.com\/wordpress\/plugins\/seo\/ -->\n<title>Achetez Total Care Conservant chez Lindegger Optique<\/title>\n<meta name=\"description\" content=\"Total Care Conservant is a storage solution for your rigid gas-permeable contact lenses.\" \/>\n<meta name=\"robots\" content=\"index, follow, max-snippet:-1, max-image-preview:large, max-video-preview:-1\" \/>\n<link rel=\"canonical\" href=\"https:\/\/lindegger-optic.ch\/en\/produit\/total-care-conservant\/\" \/>\n<meta property=\"og:locale\" content=\"en_US\" \/>\n<meta property=\"og:type\" content=\"article\" \/>\n<meta property=\"og:title\" content=\"Achetez Total Care Conservant chez Lindegger Optique\" \/>\n<meta property=\"og:description\" content=\"Total Care Conservant is a storage solution for your rigid gas-permeable contact lenses.\" \/>\n<meta property=\"og:url\" content=\"https:\/\/lindegger-optic.ch\/en\/produit\/total-care-conservant\/\" \/>\n<meta property=\"og:site_name\" content=\"Lindegger Optic, votre opticien \u00e0 Gen\u00e8ve, la meilleure qualit\u00e9 au service de votre vue\" \/>\n<meta property=\"og:image\" content=\"https:\/\/lindegger-optic.ch\/wp-content\/uploads\/2017\/12\/Totalcare-Conservation.jpg\" \/>\n\t<meta property=\"og:image:width\" content=\"1000\" \/>\n\t<meta property=\"og:image:height\" content=\"700\" \/>\n\t<meta property=\"og:image:type\" content=\"image\/jpeg\" \/>\n<meta name=\"twitter:card\" content=\"summary_large_image\" \/>\n<meta name=\"twitter:label1\" content=\"Est. reading time\" \/>\n\t<meta name=\"twitter:data1\" content=\"1 minute\" \/>\n<script type=\"application\/ld+json\" class=\"yoast-schema-graph\">{\"@context\":\"https:\/\/schema.org\",\"@graph\":[{\"@type\":\"WebPage\",\"@id\":\"https:\/\/lindegger-optic.ch\/en\/produit\/total-care-conservant\/\",\"url\":\"https:\/\/lindegger-optic.ch\/en\/produit\/total-care-conservant\/\",\"name\":\"Achetez Total Care Conservant chez Lindegger Optique\",\"isPartOf\":{\"@id\":\"https:\/\/lindegger-optic.ch\/#website\"},\"primaryImageOfPage\":{\"@id\":\"https:\/\/lindegger-optic.ch\/en\/produit\/total-care-conservant\/#primaryimage\"},\"image\":{\"@id\":\"https:\/\/lindegger-optic.ch\/en\/produit\/total-care-conservant\/#primaryimage\"},\"thumbnailUrl\":\"https:\/\/lindegger-optic.ch\/wp-content\/uploads\/2017\/12\/Totalcare-Conservation.jpg\",\"datePublished\":\"2024-10-08T03:50:40+00:00\",\"dateModified\":\"2024-10-08T03:50:40+00:00\",\"description\":\"Total Care Conservant is a storage solution for your rigid gas-permeable contact lenses.\",\"breadcrumb\":{\"@id\":\"https:\/\/lindegger-optic.ch\/en\/produit\/total-care-conservant\/#breadcrumb\"},\"inLanguage\":\"en-US\",\"potentialAction\":[{\"@type\":\"ReadAction\",\"target\":[\"https:\/\/lindegger-optic.ch\/en\/produit\/total-care-conservant\/\"]}]},{\"@type\":\"ImageObject\",\"inLanguage\":\"en-US\",\"@id\":\"https:\/\/lindegger-optic.ch\/en\/produit\/total-care-conservant\/#primaryimage\",\"url\":\"https:\/\/lindegger-optic.ch\/wp-content\/uploads\/2017\/12\/Totalcare-Conservation.jpg\",\"contentUrl\":\"https:\/\/lindegger-optic.ch\/wp-content\/uploads\/2017\/12\/Totalcare-Conservation.jpg\",\"width\":1000,\"height\":700,\"caption\":\"Totalcare Conservant 120ml\"},{\"@type\":\"BreadcrumbList\",\"@id\":\"https:\/\/lindegger-optic.ch\/en\/produit\/total-care-conservant\/#breadcrumb\",\"itemListElement\":[{\"@type\":\"ListItem\",\"position\":1,\"name\":\"Accueil\",\"item\":\"https:\/\/lindegger-optic.ch\/en\/home\/\"},{\"@type\":\"ListItem\",\"position\":2,\"name\":\"Shop\",\"item\":\"https:\/\/lindegger-optic.ch\/shop\/\"},{\"@type\":\"ListItem\",\"position\":3,\"name\":\"Total Care Conservant\"}]},{\"@type\":\"WebSite\",\"@id\":\"https:\/\/lindegger-optic.ch\/#website\",\"url\":\"https:\/\/lindegger-optic.ch\/\",\"name\":\"Lindegger Optic, votre opticien \u00e0 Gen\u00e8ve, la meilleure qualit\u00e9 au service de votre vue\",\"description\":\"\",\"potentialAction\":[{\"@type\":\"SearchAction\",\"target\":{\"@type\":\"EntryPoint\",\"urlTemplate\":\"https:\/\/lindegger-optic.ch\/?s={search_term_string}\"},\"query-input\":{\"@type\":\"PropertyValueSpecification\",\"valueRequired\":true,\"valueName\":\"search_term_string\"}}],\"inLanguage\":\"en-US\"}]}<\/script>\n<!-- \/ Yoast SEO plugin. -->","yoast_head_json":{"title":"Achetez Total Care Conservant chez Lindegger Optique","description":"Total Care Conservant is a storage solution for your rigid gas-permeable contact lenses.","robots":{"index":"index","follow":"follow","max-snippet":"max-snippet:-1","max-image-preview":"max-image-preview:large","max-video-preview":"max-video-preview:-1"},"canonical":"https:\/\/lindegger-optic.ch\/en\/produit\/total-care-conservant\/","og_locale":"en_US","og_type":"article","og_title":"Achetez Total Care Conservant chez Lindegger Optique","og_description":"Total Care Conservant is a storage solution for your rigid gas-permeable contact lenses.","og_url":"https:\/\/lindegger-optic.ch\/en\/produit\/total-care-conservant\/","og_site_name":"Lindegger Optic, votre opticien \u00e0 Gen\u00e8ve, la meilleure qualit\u00e9 au service de votre vue","og_image":[{"width":1000,"height":700,"url":"https:\/\/lindegger-optic.ch\/wp-content\/uploads\/2017\/12\/Totalcare-Conservation.jpg","type":"image\/jpeg"}],"twitter_card":"summary_large_image","twitter_misc":{"Est. reading time":"1 minute"},"schema":{"@context":"https:\/\/schema.org","@graph":[{"@type":"WebPage","@id":"https:\/\/lindegger-optic.ch\/en\/produit\/total-care-conservant\/","url":"https:\/\/lindegger-optic.ch\/en\/produit\/total-care-conservant\/","name":"Achetez Total Care Conservant chez Lindegger Optique","isPartOf":{"@id":"https:\/\/lindegger-optic.ch\/#website"},"primaryImageOfPage":{"@id":"https:\/\/lindegger-optic.ch\/en\/produit\/total-care-conservant\/#primaryimage"},"image":{"@id":"https:\/\/lindegger-optic.ch\/en\/produit\/total-care-conservant\/#primaryimage"},"thumbnailUrl":"https:\/\/lindegger-optic.ch\/wp-content\/uploads\/2017\/12\/Totalcare-Conservation.jpg","datePublished":"2024-10-08T03:50:40+00:00","dateModified":"2024-10-08T03:50:40+00:00","description":"Total Care Conservant is a storage solution for your rigid gas-permeable contact lenses.","breadcrumb":{"@id":"https:\/\/lindegger-optic.ch\/en\/produit\/total-care-conservant\/#breadcrumb"},"inLanguage":"en-US","potentialAction":[{"@type":"ReadAction","target":["https:\/\/lindegger-optic.ch\/en\/produit\/total-care-conservant\/"]}]},{"@type":"ImageObject","inLanguage":"en-US","@id":"https:\/\/lindegger-optic.ch\/en\/produit\/total-care-conservant\/#primaryimage","url":"https:\/\/lindegger-optic.ch\/wp-content\/uploads\/2017\/12\/Totalcare-Conservation.jpg","contentUrl":"https:\/\/lindegger-optic.ch\/wp-content\/uploads\/2017\/12\/Totalcare-Conservation.jpg","width":1000,"height":700,"caption":"Totalcare Conservant 120ml"},{"@type":"BreadcrumbList","@id":"https:\/\/lindegger-optic.ch\/en\/produit\/total-care-conservant\/#breadcrumb","itemListElement":[{"@type":"ListItem","position":1,"name":"Accueil","item":"https:\/\/lindegger-optic.ch\/en\/home\/"},{"@type":"ListItem","position":2,"name":"Shop","item":"https:\/\/lindegger-optic.ch\/shop\/"},{"@type":"ListItem","position":3,"name":"Total Care Conservant"}]},{"@type":"WebSite","@id":"https:\/\/lindegger-optic.ch\/#website","url":"https:\/\/lindegger-optic.ch\/","name":"Lindegger Optic, votre opticien \u00e0 Gen\u00e8ve, la meilleure qualit\u00e9 au service de votre vue","description":"","potentialAction":[{"@type":"SearchAction","target":{"@type":"EntryPoint","urlTemplate":"https:\/\/lindegger-optic.ch\/?s={search_term_string}"},"query-input":{"@type":"PropertyValueSpecification","valueRequired":true,"valueName":"search_term_string"}}],"inLanguage":"en-US"}]}},"_links":{"self":[{"href":"https:\/\/lindegger-optic.ch\/en\/wp-json\/wp\/v2\/product\/16420"}],"collection":[{"href":"https:\/\/lindegger-optic.ch\/en\/wp-json\/wp\/v2\/product"}],"about":[{"href":"https:\/\/lindegger-optic.ch\/en\/wp-json\/wp\/v2\/types\/product"}],"replies":[{"embeddable":true,"href":"https:\/\/lindegger-optic.ch\/en\/wp-json\/wp\/v2\/comments?post=16420"}],"wp:featuredmedia":[{"embeddable":true,"href":"https:\/\/lindegger-optic.ch\/en\/wp-json\/wp\/v2\/media\/13045"}],"wp:attachment":[{"href":"https:\/\/lindegger-optic.ch\/en\/wp-json\/wp\/v2\/media?parent=16420"}],"wp:term":[{"taxonomy":"product_cat","embeddable":true,"href":"https:\/\/lindegger-optic.ch\/en\/wp-json\/wp\/v2\/product_cat?post=16420"},{"taxonomy":"product_tag","embeddable":true,"href":"https:\/\/lindegger-optic.ch\/en\/wp-json\/wp\/v2\/product_tag?post=16420"}],"curies":[{"name":"wp","href":"https:\/\/api.w.org\/{rel}","templated":true}]}}