{"id":16424,"date":"2024-10-08T05:50:40","date_gmt":"2024-10-08T03:50:40","guid":{"rendered":"https:\/\/lindegger-optic.ch\/produit\/biolan-20x0-35ml\/"},"modified":"2024-10-08T05:50:40","modified_gmt":"2024-10-08T03:50:40","slug":"biolan-20x0-35ml","status":"publish","type":"product","link":"https:\/\/lindegger-optic.ch\/en\/produit\/biolan-20x0-35ml\/","title":{"rendered":"Biolan 20&#215;0.35ml"},"content":{"rendered":"<p>Artificial tears<\/p>\n","protected":false},"excerpt":{"rendered":"<p>Biolan 20&#215;0.35ml single dose contains 0.15% hyaluronic acid, preservative-free.<\/p>\n","protected":false},"featured_media":0,"comment_status":"closed","ping_status":"closed","template":"","meta":{"_et_pb_use_builder":"","_et_pb_old_content":"","_et_gb_content_width":""},"product_cat":[1382,1381],"product_tag":[1374,1509,1368,1376,1369,1510,1375,1370],"class_list":{"0":"post-16424","1":"product","2":"type-product","3":"status-publish","5":"product_cat-artificial-tears","6":"product_cat-contact-lens-product","7":"product_tag-artificial-tear","8":"product_tag-biolan-en","9":"product_tag-dry-eyes","10":"product_tag-eye-moisturizer","11":"product_tag-red-eyes","12":"product_tag-single-dose","13":"product_tag-taste-for-the-eyes","14":"product_tag-tired-eyes","16":"first","17":"instock","18":"taxable","19":"shipping-taxable","20":"product-type-simple"},"yoast_head":"<!-- This site is optimized with the Yoast SEO plugin v23.6 - https:\/\/yoast.com\/wordpress\/plugins\/seo\/ -->\n<title>Biolan 20x0.35ml<\/title>\n<meta name=\"description\" content=\"Biolan 20x0.35ml single dose contains hyaluronic acid 0.15, preservative-free\" \/>\n<meta name=\"robots\" content=\"index, follow, max-snippet:-1, max-image-preview:large, max-video-preview:-1\" \/>\n<link rel=\"canonical\" href=\"https:\/\/lindegger-optic.ch\/en\/produit\/biolan-20x0-35ml\/\" \/>\n<meta property=\"og:locale\" content=\"en_US\" \/>\n<meta property=\"og:type\" content=\"article\" \/>\n<meta property=\"og:title\" content=\"Biolan 20x0.35ml\" \/>\n<meta property=\"og:description\" content=\"Biolan 20x0.35ml single dose contains hyaluronic acid 0.15, preservative-free\" \/>\n<meta property=\"og:url\" content=\"https:\/\/lindegger-optic.ch\/en\/produit\/biolan-20x0-35ml\/\" \/>\n<meta property=\"og:site_name\" content=\"Lindegger Optic, votre opticien \u00e0 Gen\u00e8ve, la meilleure qualit\u00e9 au service de votre vue\" \/>\n<meta name=\"twitter:card\" content=\"summary_large_image\" \/>\n<script type=\"application\/ld+json\" class=\"yoast-schema-graph\">{\"@context\":\"https:\/\/schema.org\",\"@graph\":[{\"@type\":\"WebPage\",\"@id\":\"https:\/\/lindegger-optic.ch\/en\/produit\/biolan-20x0-35ml\/\",\"url\":\"https:\/\/lindegger-optic.ch\/en\/produit\/biolan-20x0-35ml\/\",\"name\":\"Biolan 20x0.35ml\",\"isPartOf\":{\"@id\":\"https:\/\/lindegger-optic.ch\/#website\"},\"datePublished\":\"2024-10-08T03:50:40+00:00\",\"dateModified\":\"2024-10-08T03:50:40+00:00\",\"description\":\"Biolan 20x0.35ml single dose contains hyaluronic acid 0.15, preservative-free\",\"breadcrumb\":{\"@id\":\"https:\/\/lindegger-optic.ch\/en\/produit\/biolan-20x0-35ml\/#breadcrumb\"},\"inLanguage\":\"en-US\",\"potentialAction\":[{\"@type\":\"ReadAction\",\"target\":[\"https:\/\/lindegger-optic.ch\/en\/produit\/biolan-20x0-35ml\/\"]}]},{\"@type\":\"BreadcrumbList\",\"@id\":\"https:\/\/lindegger-optic.ch\/en\/produit\/biolan-20x0-35ml\/#breadcrumb\",\"itemListElement\":[{\"@type\":\"ListItem\",\"position\":1,\"name\":\"Accueil\",\"item\":\"https:\/\/lindegger-optic.ch\/en\/home\/\"},{\"@type\":\"ListItem\",\"position\":2,\"name\":\"Shop\",\"item\":\"https:\/\/lindegger-optic.ch\/shop\/\"},{\"@type\":\"ListItem\",\"position\":3,\"name\":\"Biolan 20&#215;0.35ml\"}]},{\"@type\":\"WebSite\",\"@id\":\"https:\/\/lindegger-optic.ch\/#website\",\"url\":\"https:\/\/lindegger-optic.ch\/\",\"name\":\"Lindegger Optic, votre opticien \u00e0 Gen\u00e8ve, la meilleure qualit\u00e9 au service de votre vue\",\"description\":\"\",\"potentialAction\":[{\"@type\":\"SearchAction\",\"target\":{\"@type\":\"EntryPoint\",\"urlTemplate\":\"https:\/\/lindegger-optic.ch\/?s={search_term_string}\"},\"query-input\":{\"@type\":\"PropertyValueSpecification\",\"valueRequired\":true,\"valueName\":\"search_term_string\"}}],\"inLanguage\":\"en-US\"}]}<\/script>\n<!-- \/ Yoast SEO plugin. -->","yoast_head_json":{"title":"Biolan 20x0.35ml","description":"Biolan 20x0.35ml single dose contains hyaluronic acid 0.15, preservative-free","robots":{"index":"index","follow":"follow","max-snippet":"max-snippet:-1","max-image-preview":"max-image-preview:large","max-video-preview":"max-video-preview:-1"},"canonical":"https:\/\/lindegger-optic.ch\/en\/produit\/biolan-20x0-35ml\/","og_locale":"en_US","og_type":"article","og_title":"Biolan 20x0.35ml","og_description":"Biolan 20x0.35ml single dose contains hyaluronic acid 0.15, preservative-free","og_url":"https:\/\/lindegger-optic.ch\/en\/produit\/biolan-20x0-35ml\/","og_site_name":"Lindegger Optic, votre opticien \u00e0 Gen\u00e8ve, la meilleure qualit\u00e9 au service de votre vue","twitter_card":"summary_large_image","schema":{"@context":"https:\/\/schema.org","@graph":[{"@type":"WebPage","@id":"https:\/\/lindegger-optic.ch\/en\/produit\/biolan-20x0-35ml\/","url":"https:\/\/lindegger-optic.ch\/en\/produit\/biolan-20x0-35ml\/","name":"Biolan 20x0.35ml","isPartOf":{"@id":"https:\/\/lindegger-optic.ch\/#website"},"datePublished":"2024-10-08T03:50:40+00:00","dateModified":"2024-10-08T03:50:40+00:00","description":"Biolan 20x0.35ml single dose contains hyaluronic acid 0.15, preservative-free","breadcrumb":{"@id":"https:\/\/lindegger-optic.ch\/en\/produit\/biolan-20x0-35ml\/#breadcrumb"},"inLanguage":"en-US","potentialAction":[{"@type":"ReadAction","target":["https:\/\/lindegger-optic.ch\/en\/produit\/biolan-20x0-35ml\/"]}]},{"@type":"BreadcrumbList","@id":"https:\/\/lindegger-optic.ch\/en\/produit\/biolan-20x0-35ml\/#breadcrumb","itemListElement":[{"@type":"ListItem","position":1,"name":"Accueil","item":"https:\/\/lindegger-optic.ch\/en\/home\/"},{"@type":"ListItem","position":2,"name":"Shop","item":"https:\/\/lindegger-optic.ch\/shop\/"},{"@type":"ListItem","position":3,"name":"Biolan 20&#215;0.35ml"}]},{"@type":"WebSite","@id":"https:\/\/lindegger-optic.ch\/#website","url":"https:\/\/lindegger-optic.ch\/","name":"Lindegger Optic, votre opticien \u00e0 Gen\u00e8ve, la meilleure qualit\u00e9 au service de votre vue","description":"","potentialAction":[{"@type":"SearchAction","target":{"@type":"EntryPoint","urlTemplate":"https:\/\/lindegger-optic.ch\/?s={search_term_string}"},"query-input":{"@type":"PropertyValueSpecification","valueRequired":true,"valueName":"search_term_string"}}],"inLanguage":"en-US"}]}},"_links":{"self":[{"href":"https:\/\/lindegger-optic.ch\/en\/wp-json\/wp\/v2\/product\/16424"}],"collection":[{"href":"https:\/\/lindegger-optic.ch\/en\/wp-json\/wp\/v2\/product"}],"about":[{"href":"https:\/\/lindegger-optic.ch\/en\/wp-json\/wp\/v2\/types\/product"}],"replies":[{"embeddable":true,"href":"https:\/\/lindegger-optic.ch\/en\/wp-json\/wp\/v2\/comments?post=16424"}],"wp:attachment":[{"href":"https:\/\/lindegger-optic.ch\/en\/wp-json\/wp\/v2\/media?parent=16424"}],"wp:term":[{"taxonomy":"product_cat","embeddable":true,"href":"https:\/\/lindegger-optic.ch\/en\/wp-json\/wp\/v2\/product_cat?post=16424"},{"taxonomy":"product_tag","embeddable":true,"href":"https:\/\/lindegger-optic.ch\/en\/wp-json\/wp\/v2\/product_tag?post=16424"}],"curies":[{"name":"wp","href":"https:\/\/api.w.org\/{rel}","templated":true}]}}