{"id":16426,"date":"2024-10-08T05:50:40","date_gmt":"2024-10-08T03:50:40","guid":{"rendered":"https:\/\/lindegger-optic.ch\/produit\/lobob-conservation\/"},"modified":"2024-10-08T05:50:40","modified_gmt":"2024-10-08T03:50:40","slug":"lobob-conservation","status":"publish","type":"product","link":"https:\/\/lindegger-optic.ch\/en\/produit\/lobob-conservation\/","title":{"rendered":"Lobob Conservation"},"content":{"rendered":"<p><strong>&#8220;Lobob Conservant: Preservative solution for RGP contact lenses<\/strong><\/p>\n<div class=\"flex-1 overflow-hidden\">\n<div class=\"react-scroll-to-bottom--css-jtdlm-79elbk h-full dark:bg-gray-800\">\n<div class=\"react-scroll-to-bottom--css-jtdlm-1n7m0yu\">\n<div class=\"flex flex-col items-center text-sm dark:bg-gray-800\">\n<div class=\"w-full border-b border-black\/10 dark:border-gray-900\/50 text-gray-800 dark:text-gray-100 group bg-gray-50 dark:bg-[#444654]\">\n<div class=\"text-base gap-4 md:gap-6 m-auto md:max-w-2xl lg:max-w-2xl xl:max-w-3xl p-4 md:py-6 flex lg:px-0\">\n<div class=\"relative flex w-[calc(100%-50px)] flex-col gap-1 md:gap-3 lg:w-[calc(100%-115px)]\">\n<div class=\"flex flex-grow flex-col gap-3\">\n<div class=\"min-h-[20px] flex flex-col items-start gap-4 whitespace-pre-wrap\">\n<div class=\"markdown prose w-full break-words dark:prose-invert light\">\n<p>Lobob Laboratories, a U.S.-based company specializing in the manufacture of contact lens products for over 30 years, produces Lobob Conservant, a preservative solution for rigid gas permeable (RGP) contact lenses. Lobob Conservant is designed to maintain hydration and extend the life of RGP contact lenses, preventing dehydration and maintaining their shape for improved comfort and optical clarity.<\/p>\n<\/div>\n<\/div>\n<\/div>\n<\/div>\n<\/div>\n<\/div>\n<\/div>\n<p>&nbsp;<\/p>\n<\/div>\n<\/div>\n<\/div>\n<p><strong>&#8220;Maintain the hydration and optical clarity of your RGP contact lenses with Lobob Conservant&#8221;<\/strong><\/p>\n<p>In addition to preservation, Lobob Conservant effectively cleans and removes protein and lipid deposits that can form on the surface of RGP contact lenses. This solution is preservative-free and safe for contact lens storage. <\/p>\n<p><strong>&#8220;Clean and store your RGP contact lenses safely with Lobob Conservant&#8221;.<\/strong><\/p>\n<p>Lobob Conservant, packaged in a 30 ml bottle, is compatible with all brands of RGP contact lenses and is recommended for cleaning, disinfecting and storing. It&#8217;s important to follow the manufacturer&#8217;s instructions for proper use of Lobob Conservant to ensure the health of your eyes and the longevity of your contact lenses.<\/p>\n<p><strong>&#8220;Recommended use and instructions for use of Lobob Conservant for healthy eyes&#8221;<\/strong><\/p>\n<div class=\"flex-1 overflow-hidden\">\n<div class=\"react-scroll-to-bottom--css-jtdlm-79elbk h-full dark:bg-gray-800\">\n<div class=\"react-scroll-to-bottom--css-jtdlm-1n7m0yu\">\n<div class=\"flex flex-col items-center text-sm dark:bg-gray-800\">\n<div class=\"w-full border-b border-black\/10 dark:border-gray-900\/50 text-gray-800 dark:text-gray-100 group bg-gray-50 dark:bg-[#444654]\">\n<div class=\"text-base gap-4 md:gap-6 m-auto md:max-w-2xl lg:max-w-2xl xl:max-w-3xl p-4 md:py-6 flex lg:px-0\">\n<div class=\"relative flex w-[calc(100%-50px)] flex-col gap-1 md:gap-3 lg:w-[calc(100%-115px)]\">\n<div class=\"flex flex-grow flex-col gap-3\">\n<div class=\"min-h-[20px] flex flex-col items-start gap-4 whitespace-pre-wrap\">\n<div class=\"markdown prose w-full break-words dark:prose-invert light\">\n<div class=\"flex-1 overflow-hidden\">\n<div class=\"react-scroll-to-bottom--css-jtdlm-79elbk h-full dark:bg-gray-800\">\n<div class=\"react-scroll-to-bottom--css-jtdlm-1n7m0yu\">\n<div class=\"flex flex-col items-center text-sm dark:bg-gray-800\">\n<div class=\"w-full border-b border-black\/10 dark:border-gray-900\/50 text-gray-800 dark:text-gray-100 group bg-gray-50 dark:bg-[#444654]\">\n<div class=\"text-base gap-4 md:gap-6 m-auto md:max-w-2xl lg:max-w-2xl xl:max-w-3xl p-4 md:py-6 flex lg:px-0\">\n<div class=\"relative flex w-[calc(100%-50px)] flex-col gap-1 md:gap-3 lg:w-[calc(100%-115px)]\">\n<div class=\"flex flex-grow flex-col gap-3\">\n<div class=\"min-h-[20px] flex flex-col items-start gap-4 whitespace-pre-wrap\">\n<div class=\"markdown prose w-full break-words dark:prose-invert light\">\n<p>It&#8217;s essential to follow the manufacturer&#8217;s instructions to use Lobob Conservant correctly and ensure the health of your eyes and the longevity of your contact lenses. In conclusion, Lobob Conservant is an effective and practical product for storing RGP contact lenses. <\/p>\n<\/div>\n<\/div>\n<\/div>\n<\/div>\n<\/div>\n<\/div>\n<\/div>\n<p><strong>Here&#8217;s how to use it:<\/strong><\/p>\n<\/div>\n<\/div>\n<\/div>\n<\/div>\n<\/div>\n<\/div>\n<\/div>\n<\/div>\n<\/div>\n<\/div>\n<\/div>\n<\/div>\n<\/div>\n<ol>\n<li>Thoroughly clean your contact lenses using a suitable <a href=\"https:\/\/lindegger-optic.ch\/produit\/lobob-nettoyant\/\">Lobob cleaning<\/a> product.<\/li>\n<li>Rinse lenses thoroughly with saline solution.<\/li>\n<li>Place contact lenses in a clean lens case.<\/li>\n<li>Add enough Lobob conservant to the case to completely cover the lenses.<\/li>\n<li>Close the case lid and leave the contact lenses to rest in the preservative.<\/li>\n<li>To reuse contact lenses, remove them from the case, rinse with <a href=\"https:\/\/lindegger-optic.ch\/cat%C3%A9gorie-de-produit\/produit-de-lentilles-de-contact\/solution-saline\/\">saline solution<\/a> and insert into the eye.<\/li>\n<\/ol>\n<p>It&#8217;s important to follow the instructions for use supplied with the product to ensure optimum storage of your rigid gas-permeable contact lenses.<\/p>\n<p>&nbsp;<\/p>\n","protected":false},"excerpt":{"rendered":"<p>Do you wear rigid lenses? Lobob conservant is a preserving solution for soft and rigid contact lenses. It is designed to maintain lens hydration and prevent protein deposits. This solution is compatible with most types of contact lenses and can be used for short- or long-term storage.<\/p>\n","protected":false},"featured_media":12957,"comment_status":"closed","ping_status":"closed","template":"","meta":{"_et_pb_use_builder":"","_et_pb_old_content":"","_et_gb_content_width":""},"product_cat":[1393],"product_tag":[1433,1512,1438,1511,1513,1435,1437,1434,1440,1514,1439],"class_list":{"0":"post-16426","1":"product","2":"type-product","3":"status-publish","4":"has-post-thumbnail","6":"product_cat-rigid-contact-lens-product","7":"product_tag-cleaning-product-for-lenses","8":"product_tag-conserving-lens","9":"product_tag-decontamination-for-lens","10":"product_tag-lens","11":"product_tag-lens-deproteinizer","12":"product_tag-lens-preservative","13":"product_tag-lens-product-en","14":"product_tag-lens-solution","15":"product_tag-rigid-gas-permeable","16":"product_tag-rigid-ox-permeable-lens","17":"product_tag-rpg-en","19":"first","20":"instock","21":"taxable","22":"shipping-taxable","23":"product-type-simple"},"yoast_head":"<!-- This site is optimized with the Yoast SEO plugin v23.6 - https:\/\/yoast.com\/wordpress\/plugins\/seo\/ -->\n<title>Lobob Conservation<\/title>\n<meta name=\"description\" content=\"Wear rigid gas-permeable (RGP) or PMMA lenses.\" \/>\n<meta name=\"robots\" content=\"index, follow, max-snippet:-1, max-image-preview:large, max-video-preview:-1\" \/>\n<link rel=\"canonical\" href=\"https:\/\/lindegger-optic.ch\/en\/produit\/lobob-conservation\/\" \/>\n<meta property=\"og:locale\" content=\"en_US\" \/>\n<meta property=\"og:type\" content=\"article\" \/>\n<meta property=\"og:title\" content=\"Lobob Conservation\" \/>\n<meta property=\"og:description\" content=\"Wear rigid gas-permeable (RGP) or PMMA lenses.\" \/>\n<meta property=\"og:url\" content=\"https:\/\/lindegger-optic.ch\/en\/produit\/lobob-conservation\/\" \/>\n<meta property=\"og:site_name\" content=\"Lindegger Optic, votre opticien \u00e0 Gen\u00e8ve, la meilleure qualit\u00e9 au service de votre vue\" \/>\n<meta property=\"og:image\" content=\"https:\/\/lindegger-optic.ch\/wp-content\/uploads\/2017\/11\/Lobob-Conservation.jpg\" \/>\n\t<meta property=\"og:image:width\" content=\"1000\" \/>\n\t<meta property=\"og:image:height\" content=\"700\" \/>\n\t<meta property=\"og:image:type\" content=\"image\/jpeg\" \/>\n<meta name=\"twitter:card\" content=\"summary_large_image\" \/>\n<meta name=\"twitter:label1\" content=\"Est. reading time\" \/>\n\t<meta name=\"twitter:data1\" content=\"2 minutes\" \/>\n<script type=\"application\/ld+json\" class=\"yoast-schema-graph\">{\"@context\":\"https:\/\/schema.org\",\"@graph\":[{\"@type\":\"WebPage\",\"@id\":\"https:\/\/lindegger-optic.ch\/en\/produit\/lobob-conservation\/\",\"url\":\"https:\/\/lindegger-optic.ch\/en\/produit\/lobob-conservation\/\",\"name\":\"Lobob Conservation\",\"isPartOf\":{\"@id\":\"https:\/\/lindegger-optic.ch\/#website\"},\"primaryImageOfPage\":{\"@id\":\"https:\/\/lindegger-optic.ch\/en\/produit\/lobob-conservation\/#primaryimage\"},\"image\":{\"@id\":\"https:\/\/lindegger-optic.ch\/en\/produit\/lobob-conservation\/#primaryimage\"},\"thumbnailUrl\":\"https:\/\/lindegger-optic.ch\/wp-content\/uploads\/2017\/11\/Lobob-Conservation.jpg\",\"datePublished\":\"2024-10-08T03:50:40+00:00\",\"dateModified\":\"2024-10-08T03:50:40+00:00\",\"description\":\"Wear rigid gas-permeable (RGP) or PMMA lenses.\",\"breadcrumb\":{\"@id\":\"https:\/\/lindegger-optic.ch\/en\/produit\/lobob-conservation\/#breadcrumb\"},\"inLanguage\":\"en-US\",\"potentialAction\":[{\"@type\":\"ReadAction\",\"target\":[\"https:\/\/lindegger-optic.ch\/en\/produit\/lobob-conservation\/\"]}]},{\"@type\":\"ImageObject\",\"inLanguage\":\"en-US\",\"@id\":\"https:\/\/lindegger-optic.ch\/en\/produit\/lobob-conservation\/#primaryimage\",\"url\":\"https:\/\/lindegger-optic.ch\/wp-content\/uploads\/2017\/11\/Lobob-Conservation.jpg\",\"contentUrl\":\"https:\/\/lindegger-optic.ch\/wp-content\/uploads\/2017\/11\/Lobob-Conservation.jpg\",\"width\":1000,\"height\":700},{\"@type\":\"BreadcrumbList\",\"@id\":\"https:\/\/lindegger-optic.ch\/en\/produit\/lobob-conservation\/#breadcrumb\",\"itemListElement\":[{\"@type\":\"ListItem\",\"position\":1,\"name\":\"Accueil\",\"item\":\"https:\/\/lindegger-optic.ch\/en\/home\/\"},{\"@type\":\"ListItem\",\"position\":2,\"name\":\"Shop\",\"item\":\"https:\/\/lindegger-optic.ch\/shop\/\"},{\"@type\":\"ListItem\",\"position\":3,\"name\":\"Lobob Conservation\"}]},{\"@type\":\"WebSite\",\"@id\":\"https:\/\/lindegger-optic.ch\/#website\",\"url\":\"https:\/\/lindegger-optic.ch\/\",\"name\":\"Lindegger Optic, votre opticien \u00e0 Gen\u00e8ve, la meilleure qualit\u00e9 au service de votre vue\",\"description\":\"\",\"potentialAction\":[{\"@type\":\"SearchAction\",\"target\":{\"@type\":\"EntryPoint\",\"urlTemplate\":\"https:\/\/lindegger-optic.ch\/?s={search_term_string}\"},\"query-input\":{\"@type\":\"PropertyValueSpecification\",\"valueRequired\":true,\"valueName\":\"search_term_string\"}}],\"inLanguage\":\"en-US\"}]}<\/script>\n<!-- \/ Yoast SEO plugin. -->","yoast_head_json":{"title":"Lobob Conservation","description":"Wear rigid gas-permeable (RGP) or PMMA lenses.","robots":{"index":"index","follow":"follow","max-snippet":"max-snippet:-1","max-image-preview":"max-image-preview:large","max-video-preview":"max-video-preview:-1"},"canonical":"https:\/\/lindegger-optic.ch\/en\/produit\/lobob-conservation\/","og_locale":"en_US","og_type":"article","og_title":"Lobob Conservation","og_description":"Wear rigid gas-permeable (RGP) or PMMA lenses.","og_url":"https:\/\/lindegger-optic.ch\/en\/produit\/lobob-conservation\/","og_site_name":"Lindegger Optic, votre opticien \u00e0 Gen\u00e8ve, la meilleure qualit\u00e9 au service de votre vue","og_image":[{"width":1000,"height":700,"url":"https:\/\/lindegger-optic.ch\/wp-content\/uploads\/2017\/11\/Lobob-Conservation.jpg","type":"image\/jpeg"}],"twitter_card":"summary_large_image","twitter_misc":{"Est. reading time":"2 minutes"},"schema":{"@context":"https:\/\/schema.org","@graph":[{"@type":"WebPage","@id":"https:\/\/lindegger-optic.ch\/en\/produit\/lobob-conservation\/","url":"https:\/\/lindegger-optic.ch\/en\/produit\/lobob-conservation\/","name":"Lobob Conservation","isPartOf":{"@id":"https:\/\/lindegger-optic.ch\/#website"},"primaryImageOfPage":{"@id":"https:\/\/lindegger-optic.ch\/en\/produit\/lobob-conservation\/#primaryimage"},"image":{"@id":"https:\/\/lindegger-optic.ch\/en\/produit\/lobob-conservation\/#primaryimage"},"thumbnailUrl":"https:\/\/lindegger-optic.ch\/wp-content\/uploads\/2017\/11\/Lobob-Conservation.jpg","datePublished":"2024-10-08T03:50:40+00:00","dateModified":"2024-10-08T03:50:40+00:00","description":"Wear rigid gas-permeable (RGP) or PMMA lenses.","breadcrumb":{"@id":"https:\/\/lindegger-optic.ch\/en\/produit\/lobob-conservation\/#breadcrumb"},"inLanguage":"en-US","potentialAction":[{"@type":"ReadAction","target":["https:\/\/lindegger-optic.ch\/en\/produit\/lobob-conservation\/"]}]},{"@type":"ImageObject","inLanguage":"en-US","@id":"https:\/\/lindegger-optic.ch\/en\/produit\/lobob-conservation\/#primaryimage","url":"https:\/\/lindegger-optic.ch\/wp-content\/uploads\/2017\/11\/Lobob-Conservation.jpg","contentUrl":"https:\/\/lindegger-optic.ch\/wp-content\/uploads\/2017\/11\/Lobob-Conservation.jpg","width":1000,"height":700},{"@type":"BreadcrumbList","@id":"https:\/\/lindegger-optic.ch\/en\/produit\/lobob-conservation\/#breadcrumb","itemListElement":[{"@type":"ListItem","position":1,"name":"Accueil","item":"https:\/\/lindegger-optic.ch\/en\/home\/"},{"@type":"ListItem","position":2,"name":"Shop","item":"https:\/\/lindegger-optic.ch\/shop\/"},{"@type":"ListItem","position":3,"name":"Lobob Conservation"}]},{"@type":"WebSite","@id":"https:\/\/lindegger-optic.ch\/#website","url":"https:\/\/lindegger-optic.ch\/","name":"Lindegger Optic, votre opticien \u00e0 Gen\u00e8ve, la meilleure qualit\u00e9 au service de votre vue","description":"","potentialAction":[{"@type":"SearchAction","target":{"@type":"EntryPoint","urlTemplate":"https:\/\/lindegger-optic.ch\/?s={search_term_string}"},"query-input":{"@type":"PropertyValueSpecification","valueRequired":true,"valueName":"search_term_string"}}],"inLanguage":"en-US"}]}},"_links":{"self":[{"href":"https:\/\/lindegger-optic.ch\/en\/wp-json\/wp\/v2\/product\/16426"}],"collection":[{"href":"https:\/\/lindegger-optic.ch\/en\/wp-json\/wp\/v2\/product"}],"about":[{"href":"https:\/\/lindegger-optic.ch\/en\/wp-json\/wp\/v2\/types\/product"}],"replies":[{"embeddable":true,"href":"https:\/\/lindegger-optic.ch\/en\/wp-json\/wp\/v2\/comments?post=16426"}],"wp:featuredmedia":[{"embeddable":true,"href":"https:\/\/lindegger-optic.ch\/en\/wp-json\/wp\/v2\/media\/12957"}],"wp:attachment":[{"href":"https:\/\/lindegger-optic.ch\/en\/wp-json\/wp\/v2\/media?parent=16426"}],"wp:term":[{"taxonomy":"product_cat","embeddable":true,"href":"https:\/\/lindegger-optic.ch\/en\/wp-json\/wp\/v2\/product_cat?post=16426"},{"taxonomy":"product_tag","embeddable":true,"href":"https:\/\/lindegger-optic.ch\/en\/wp-json\/wp\/v2\/product_tag?post=16426"}],"curies":[{"name":"wp","href":"https:\/\/api.w.org\/{rel}","templated":true}]}}