{"id":16435,"date":"2024-10-08T05:50:42","date_gmt":"2024-10-08T03:50:42","guid":{"rendered":"https:\/\/lindegger-optic.ch\/produit\/total-care-cleanser\/"},"modified":"2024-10-08T05:50:42","modified_gmt":"2024-10-08T03:50:42","slug":"total-care-cleanser","status":"publish","type":"product","link":"https:\/\/lindegger-optic.ch\/en\/produit\/total-care-cleanser\/","title":{"rendered":"Total Care Cleanser"},"content":{"rendered":"<p>Total Care Cleaning Solution is a solution for rigid contact lenses. Total Care Cleaner is a cleaning solution for rigid contact lenses that offers a complete solution for lens wearers. This solution is formulated to remove impurities and deposits that can build up on lenses over time. This product is highly effective in maintaining lens softness and flexibility, which is important for contact lens wearer comfort. It&#8217;s easy to use, so you can use it to clean, rinse and store your contact lenses. For best results, it&#8217;s important to follow the manufacturer&#8217;s instructions carefully for safe and effective use of the product. How to use.<\/p>\n<ul>\n<li>wash and dry your hands thoroughly. Remember to work in a clean, dry space.<\/li>\n<li>Place a drop of Total Care cleaner on the lens, then use your ring finger to mechanically clean your lenses. The composition of Total Care allows you to mechanically clean your lenses, removing all deposits from the surface. <\/li>\n<li>Fill the case with <a href=\"https:\/\/lindegger-optic.ch\/produit\/totalcare-conservation\/\">Total care conservation<\/a> solution, place the lenses in the compartments and close the case hermetically.<\/li>\n<\/ul>\n<p>It is always recommended to consult the manufacturer&#8217;s instructions for the use of any contact lens product, including Total Care Cleaner. It is important to follow the health care professional&#8217;s or manufacturer&#8217;s instructions to ensure safe and effective use of the product.<\/p>\n","protected":false},"excerpt":{"rendered":"<p>Total Care Nettoyant is designed for rigid contact lenses. This care solution is formulated to thoroughly clean rigid lenses, removing accumulated impurities and deposits while preserving their softness and flexibility. It can be used to clean, rinse and store lenses, making it a versatile product for rigid lens wearers. It is important to follow the manufacturer&#8217;s instructions for safe and effective use of this product.   <\/p>\n","protected":false},"featured_media":13044,"comment_status":"closed","ping_status":"closed","template":"","meta":{"_et_pb_use_builder":"","_et_pb_old_content":"","_et_gb_content_width":""},"product_cat":[1393],"product_tag":[1433,1512,1438,1511,1513,1435,1437,1434,1440,1514,1439],"class_list":{"0":"post-16435","1":"product","2":"type-product","3":"status-publish","4":"has-post-thumbnail","6":"product_cat-rigid-contact-lens-product","7":"product_tag-cleaning-product-for-lenses","8":"product_tag-conserving-lens","9":"product_tag-decontamination-for-lens","10":"product_tag-lens","11":"product_tag-lens-deproteinizer","12":"product_tag-lens-preservative","13":"product_tag-lens-product-en","14":"product_tag-lens-solution","15":"product_tag-rigid-gas-permeable","16":"product_tag-rigid-ox-permeable-lens","17":"product_tag-rpg-en","19":"first","20":"instock","21":"taxable","22":"shipping-taxable","23":"product-type-simple"},"yoast_head":"<!-- This site is optimized with the Yoast SEO plugin v23.6 - https:\/\/yoast.com\/wordpress\/plugins\/seo\/ -->\n<title>Achetez Total Care Cleanser chez Lindegger Optique<\/title>\n<meta name=\"description\" content=\"Total Care Cleanser is a solution for rigid contact lenses that removes debris and accumulated proteins.\" \/>\n<meta name=\"robots\" content=\"index, follow, max-snippet:-1, max-image-preview:large, max-video-preview:-1\" \/>\n<link rel=\"canonical\" href=\"https:\/\/lindegger-optic.ch\/en\/produit\/total-care-cleanser\/\" \/>\n<meta property=\"og:locale\" content=\"en_US\" \/>\n<meta property=\"og:type\" content=\"article\" \/>\n<meta property=\"og:title\" content=\"Achetez Total Care Cleanser chez Lindegger Optique\" \/>\n<meta property=\"og:description\" content=\"Total Care Cleanser is a solution for rigid contact lenses that removes debris and accumulated proteins.\" \/>\n<meta property=\"og:url\" content=\"https:\/\/lindegger-optic.ch\/en\/produit\/total-care-cleanser\/\" \/>\n<meta property=\"og:site_name\" content=\"Lindegger Optic, votre opticien \u00e0 Gen\u00e8ve, la meilleure qualit\u00e9 au service de votre vue\" \/>\n<meta property=\"og:image\" content=\"https:\/\/lindegger-optic.ch\/wp-content\/uploads\/2017\/12\/Totalcare-blink-Nettoyant.jpg\" \/>\n\t<meta property=\"og:image:width\" content=\"1000\" \/>\n\t<meta property=\"og:image:height\" content=\"700\" \/>\n\t<meta property=\"og:image:type\" content=\"image\/jpeg\" \/>\n<meta name=\"twitter:card\" content=\"summary_large_image\" \/>\n<meta name=\"twitter:label1\" content=\"Est. reading time\" \/>\n\t<meta name=\"twitter:data1\" content=\"1 minute\" \/>\n<script type=\"application\/ld+json\" class=\"yoast-schema-graph\">{\"@context\":\"https:\/\/schema.org\",\"@graph\":[{\"@type\":\"WebPage\",\"@id\":\"https:\/\/lindegger-optic.ch\/en\/produit\/total-care-cleanser\/\",\"url\":\"https:\/\/lindegger-optic.ch\/en\/produit\/total-care-cleanser\/\",\"name\":\"Achetez Total Care Cleanser chez Lindegger Optique\",\"isPartOf\":{\"@id\":\"https:\/\/lindegger-optic.ch\/#website\"},\"primaryImageOfPage\":{\"@id\":\"https:\/\/lindegger-optic.ch\/en\/produit\/total-care-cleanser\/#primaryimage\"},\"image\":{\"@id\":\"https:\/\/lindegger-optic.ch\/en\/produit\/total-care-cleanser\/#primaryimage\"},\"thumbnailUrl\":\"https:\/\/lindegger-optic.ch\/wp-content\/uploads\/2017\/12\/Totalcare-blink-Nettoyant.jpg\",\"datePublished\":\"2024-10-08T03:50:42+00:00\",\"dateModified\":\"2024-10-08T03:50:42+00:00\",\"description\":\"Total Care Cleanser is a solution for rigid contact lenses that removes debris and accumulated proteins.\",\"breadcrumb\":{\"@id\":\"https:\/\/lindegger-optic.ch\/en\/produit\/total-care-cleanser\/#breadcrumb\"},\"inLanguage\":\"en-US\",\"potentialAction\":[{\"@type\":\"ReadAction\",\"target\":[\"https:\/\/lindegger-optic.ch\/en\/produit\/total-care-cleanser\/\"]}]},{\"@type\":\"ImageObject\",\"inLanguage\":\"en-US\",\"@id\":\"https:\/\/lindegger-optic.ch\/en\/produit\/total-care-cleanser\/#primaryimage\",\"url\":\"https:\/\/lindegger-optic.ch\/wp-content\/uploads\/2017\/12\/Totalcare-blink-Nettoyant.jpg\",\"contentUrl\":\"https:\/\/lindegger-optic.ch\/wp-content\/uploads\/2017\/12\/Totalcare-blink-Nettoyant.jpg\",\"width\":1000,\"height\":700,\"caption\":\"Totalcare blink Nettoyant 30ml\"},{\"@type\":\"BreadcrumbList\",\"@id\":\"https:\/\/lindegger-optic.ch\/en\/produit\/total-care-cleanser\/#breadcrumb\",\"itemListElement\":[{\"@type\":\"ListItem\",\"position\":1,\"name\":\"Accueil\",\"item\":\"https:\/\/lindegger-optic.ch\/en\/home\/\"},{\"@type\":\"ListItem\",\"position\":2,\"name\":\"Shop\",\"item\":\"https:\/\/lindegger-optic.ch\/shop\/\"},{\"@type\":\"ListItem\",\"position\":3,\"name\":\"Total Care Cleanser\"}]},{\"@type\":\"WebSite\",\"@id\":\"https:\/\/lindegger-optic.ch\/#website\",\"url\":\"https:\/\/lindegger-optic.ch\/\",\"name\":\"Lindegger Optic, votre opticien \u00e0 Gen\u00e8ve, la meilleure qualit\u00e9 au service de votre vue\",\"description\":\"\",\"potentialAction\":[{\"@type\":\"SearchAction\",\"target\":{\"@type\":\"EntryPoint\",\"urlTemplate\":\"https:\/\/lindegger-optic.ch\/?s={search_term_string}\"},\"query-input\":{\"@type\":\"PropertyValueSpecification\",\"valueRequired\":true,\"valueName\":\"search_term_string\"}}],\"inLanguage\":\"en-US\"}]}<\/script>\n<!-- \/ Yoast SEO plugin. -->","yoast_head_json":{"title":"Achetez Total Care Cleanser chez Lindegger Optique","description":"Total Care Cleanser is a solution for rigid contact lenses that removes debris and accumulated proteins.","robots":{"index":"index","follow":"follow","max-snippet":"max-snippet:-1","max-image-preview":"max-image-preview:large","max-video-preview":"max-video-preview:-1"},"canonical":"https:\/\/lindegger-optic.ch\/en\/produit\/total-care-cleanser\/","og_locale":"en_US","og_type":"article","og_title":"Achetez Total Care Cleanser chez Lindegger Optique","og_description":"Total Care Cleanser is a solution for rigid contact lenses that removes debris and accumulated proteins.","og_url":"https:\/\/lindegger-optic.ch\/en\/produit\/total-care-cleanser\/","og_site_name":"Lindegger Optic, votre opticien \u00e0 Gen\u00e8ve, la meilleure qualit\u00e9 au service de votre vue","og_image":[{"width":1000,"height":700,"url":"https:\/\/lindegger-optic.ch\/wp-content\/uploads\/2017\/12\/Totalcare-blink-Nettoyant.jpg","type":"image\/jpeg"}],"twitter_card":"summary_large_image","twitter_misc":{"Est. reading time":"1 minute"},"schema":{"@context":"https:\/\/schema.org","@graph":[{"@type":"WebPage","@id":"https:\/\/lindegger-optic.ch\/en\/produit\/total-care-cleanser\/","url":"https:\/\/lindegger-optic.ch\/en\/produit\/total-care-cleanser\/","name":"Achetez Total Care Cleanser chez Lindegger Optique","isPartOf":{"@id":"https:\/\/lindegger-optic.ch\/#website"},"primaryImageOfPage":{"@id":"https:\/\/lindegger-optic.ch\/en\/produit\/total-care-cleanser\/#primaryimage"},"image":{"@id":"https:\/\/lindegger-optic.ch\/en\/produit\/total-care-cleanser\/#primaryimage"},"thumbnailUrl":"https:\/\/lindegger-optic.ch\/wp-content\/uploads\/2017\/12\/Totalcare-blink-Nettoyant.jpg","datePublished":"2024-10-08T03:50:42+00:00","dateModified":"2024-10-08T03:50:42+00:00","description":"Total Care Cleanser is a solution for rigid contact lenses that removes debris and accumulated proteins.","breadcrumb":{"@id":"https:\/\/lindegger-optic.ch\/en\/produit\/total-care-cleanser\/#breadcrumb"},"inLanguage":"en-US","potentialAction":[{"@type":"ReadAction","target":["https:\/\/lindegger-optic.ch\/en\/produit\/total-care-cleanser\/"]}]},{"@type":"ImageObject","inLanguage":"en-US","@id":"https:\/\/lindegger-optic.ch\/en\/produit\/total-care-cleanser\/#primaryimage","url":"https:\/\/lindegger-optic.ch\/wp-content\/uploads\/2017\/12\/Totalcare-blink-Nettoyant.jpg","contentUrl":"https:\/\/lindegger-optic.ch\/wp-content\/uploads\/2017\/12\/Totalcare-blink-Nettoyant.jpg","width":1000,"height":700,"caption":"Totalcare blink Nettoyant 30ml"},{"@type":"BreadcrumbList","@id":"https:\/\/lindegger-optic.ch\/en\/produit\/total-care-cleanser\/#breadcrumb","itemListElement":[{"@type":"ListItem","position":1,"name":"Accueil","item":"https:\/\/lindegger-optic.ch\/en\/home\/"},{"@type":"ListItem","position":2,"name":"Shop","item":"https:\/\/lindegger-optic.ch\/shop\/"},{"@type":"ListItem","position":3,"name":"Total Care Cleanser"}]},{"@type":"WebSite","@id":"https:\/\/lindegger-optic.ch\/#website","url":"https:\/\/lindegger-optic.ch\/","name":"Lindegger Optic, votre opticien \u00e0 Gen\u00e8ve, la meilleure qualit\u00e9 au service de votre vue","description":"","potentialAction":[{"@type":"SearchAction","target":{"@type":"EntryPoint","urlTemplate":"https:\/\/lindegger-optic.ch\/?s={search_term_string}"},"query-input":{"@type":"PropertyValueSpecification","valueRequired":true,"valueName":"search_term_string"}}],"inLanguage":"en-US"}]}},"_links":{"self":[{"href":"https:\/\/lindegger-optic.ch\/en\/wp-json\/wp\/v2\/product\/16435"}],"collection":[{"href":"https:\/\/lindegger-optic.ch\/en\/wp-json\/wp\/v2\/product"}],"about":[{"href":"https:\/\/lindegger-optic.ch\/en\/wp-json\/wp\/v2\/types\/product"}],"replies":[{"embeddable":true,"href":"https:\/\/lindegger-optic.ch\/en\/wp-json\/wp\/v2\/comments?post=16435"}],"wp:featuredmedia":[{"embeddable":true,"href":"https:\/\/lindegger-optic.ch\/en\/wp-json\/wp\/v2\/media\/13044"}],"wp:attachment":[{"href":"https:\/\/lindegger-optic.ch\/en\/wp-json\/wp\/v2\/media?parent=16435"}],"wp:term":[{"taxonomy":"product_cat","embeddable":true,"href":"https:\/\/lindegger-optic.ch\/en\/wp-json\/wp\/v2\/product_cat?post=16435"},{"taxonomy":"product_tag","embeddable":true,"href":"https:\/\/lindegger-optic.ch\/en\/wp-json\/wp\/v2\/product_tag?post=16435"}],"curies":[{"name":"wp","href":"https:\/\/api.w.org\/{rel}","templated":true}]}}