{"id":16452,"date":"2024-10-08T05:50:49","date_gmt":"2024-10-08T03:50:49","guid":{"rendered":"https:\/\/lindegger-optic.ch\/produit\/gotti-genuine-horn-banu\/"},"modified":"2024-10-08T05:50:49","modified_gmt":"2024-10-08T03:50:49","slug":"gotti-genuine-horn-banu","status":"publish","type":"product","link":"https:\/\/lindegger-optic.ch\/en\/produit\/gotti-genuine-horn-banu\/","title":{"rendered":"G\u00f6tti genuine Horn Banu"},"content":{"rendered":"<p>The <a href=\"https:\/\/www.gotti.ch\/de\/collections\/goetti-switzerland\/banu\">G\u00f6tti Banu<\/a> water buffalo horn frame is an exclusive and unique product. The minimalist design of the round frame gives it an elegant, modern look. Each pair of glasses is customized with variations in the natural color of the horn, making it a unique piece. Handcrafted production ensures superior quality with a smooth, glossy finish. Artisans cut and polish the horn before shaping the pieces by hand. Genuine horn temples are light and flexible, offering optimal comfort for spectacle wearers.<\/p>\n","protected":false},"excerpt":{"rendered":"<p>The <a href=\"https:\/\/www.gotti.ch\/de\/collections\/goetti-switzerland\/banu\">G\u00f6tti Banu<\/a> Genuine Horn is a high-quality frame made from genuine horn. With its round shape and minimalist design, it combines traditional craftsmanship with modern aesthetics. The thin, flexible temples in genuine horn ensure optimum comfort, while the flexible hinges enable a perfect fit for every individual. Each frame is unique due to the natural variations in color and texture in the material, adding a personal touch to each pair of glasses.   <\/p>\n","protected":false},"featured_media":15817,"comment_status":"closed","ping_status":"closed","template":"","meta":{"_et_pb_use_builder":"","_et_pb_old_content":"","_et_gb_content_width":""},"product_cat":[220],"product_tag":[1423,1403,1540,1542,1450,1402,1412,1539],"class_list":{"0":"post-16452","1":"product","2":"type-product","3":"status-publish","4":"has-post-thumbnail","6":"product_cat-lentilles-de-contact","7":"product_tag-eyeglasses","8":"product_tag-fashionable-glasses","9":"product_tag-frame-en-2","10":"product_tag-gotti-en","11":"product_tag-lifestyle-en","12":"product_tag-mode-en","13":"product_tag-sunglasses-and-accessories","14":"product_tag-warm-glasses","16":"first","17":"instock","18":"taxable","19":"shipping-taxable","20":"product-type-variable"},"yoast_head":"<!-- This site is optimized with the Yoast SEO plugin v23.6 - https:\/\/yoast.com\/wordpress\/plugins\/seo\/ -->\n<title>G\u00f6tti genuine Horn Banu Superior Genuine Horn frame.<\/title>\n<meta name=\"description\" content=\"G\u00f6tti genuine Horn Banu is a unique, high-quality piece made from genuine water buffalo horn. Its design is minimalist and modern.\" \/>\n<meta name=\"robots\" content=\"index, follow, max-snippet:-1, max-image-preview:large, max-video-preview:-1\" \/>\n<link rel=\"canonical\" href=\"https:\/\/lindegger-optic.ch\/en\/produit\/gotti-genuine-horn-banu\/\" \/>\n<meta property=\"og:locale\" content=\"en_US\" \/>\n<meta property=\"og:type\" content=\"article\" \/>\n<meta property=\"og:title\" content=\"G\u00f6tti genuine Horn Banu Superior Genuine Horn frame.\" \/>\n<meta property=\"og:description\" content=\"G\u00f6tti genuine Horn Banu is a unique, high-quality piece made from genuine water buffalo horn. Its design is minimalist and modern.\" \/>\n<meta property=\"og:url\" content=\"https:\/\/lindegger-optic.ch\/en\/produit\/gotti-genuine-horn-banu\/\" \/>\n<meta property=\"og:site_name\" content=\"Lindegger Optic, votre opticien \u00e0 Gen\u00e8ve, la meilleure qualit\u00e9 au service de votre vue\" \/>\n<meta property=\"og:image\" content=\"https:\/\/lindegger-optic.ch\/wp-content\/uploads\/BANU-BRM.jpg\" \/>\n\t<meta property=\"og:image:width\" content=\"2048\" \/>\n\t<meta property=\"og:image:height\" content=\"819\" \/>\n\t<meta property=\"og:image:type\" content=\"image\/jpeg\" \/>\n<meta name=\"twitter:card\" content=\"summary_large_image\" \/>\n<script type=\"application\/ld+json\" class=\"yoast-schema-graph\">{\"@context\":\"https:\/\/schema.org\",\"@graph\":[{\"@type\":\"WebPage\",\"@id\":\"https:\/\/lindegger-optic.ch\/en\/produit\/gotti-genuine-horn-banu\/\",\"url\":\"https:\/\/lindegger-optic.ch\/en\/produit\/gotti-genuine-horn-banu\/\",\"name\":\"G\u00f6tti genuine Horn Banu Superior Genuine Horn frame.\",\"isPartOf\":{\"@id\":\"https:\/\/lindegger-optic.ch\/#website\"},\"primaryImageOfPage\":{\"@id\":\"https:\/\/lindegger-optic.ch\/en\/produit\/gotti-genuine-horn-banu\/#primaryimage\"},\"image\":{\"@id\":\"https:\/\/lindegger-optic.ch\/en\/produit\/gotti-genuine-horn-banu\/#primaryimage\"},\"thumbnailUrl\":\"https:\/\/lindegger-optic.ch\/wp-content\/uploads\/BANU-BRM.jpg\",\"datePublished\":\"2024-10-08T03:50:49+00:00\",\"dateModified\":\"2024-10-08T03:50:49+00:00\",\"description\":\"G\u00f6tti genuine Horn Banu is a unique, high-quality piece made from genuine water buffalo horn. Its design is minimalist and modern.\",\"breadcrumb\":{\"@id\":\"https:\/\/lindegger-optic.ch\/en\/produit\/gotti-genuine-horn-banu\/#breadcrumb\"},\"inLanguage\":\"en-US\",\"potentialAction\":[{\"@type\":\"ReadAction\",\"target\":[\"https:\/\/lindegger-optic.ch\/en\/produit\/gotti-genuine-horn-banu\/\"]}]},{\"@type\":\"ImageObject\",\"inLanguage\":\"en-US\",\"@id\":\"https:\/\/lindegger-optic.ch\/en\/produit\/gotti-genuine-horn-banu\/#primaryimage\",\"url\":\"https:\/\/lindegger-optic.ch\/wp-content\/uploads\/BANU-BRM.jpg\",\"contentUrl\":\"https:\/\/lindegger-optic.ch\/wp-content\/uploads\/BANU-BRM.jpg\",\"width\":2048,\"height\":819,\"caption\":\"Optez pour une monture qui vous ressemble avec la G\u00f6tti Banu Genuine Horn, chaque pi\u00e8ce ayant sa propre apparence individuelle en raison de la beaut\u00e9 naturelle de la corne.\"},{\"@type\":\"BreadcrumbList\",\"@id\":\"https:\/\/lindegger-optic.ch\/en\/produit\/gotti-genuine-horn-banu\/#breadcrumb\",\"itemListElement\":[{\"@type\":\"ListItem\",\"position\":1,\"name\":\"Accueil\",\"item\":\"https:\/\/lindegger-optic.ch\/en\/home\/\"},{\"@type\":\"ListItem\",\"position\":2,\"name\":\"Shop\",\"item\":\"https:\/\/lindegger-optic.ch\/shop\/\"},{\"@type\":\"ListItem\",\"position\":3,\"name\":\"G\u00f6tti genuine Horn Banu\"}]},{\"@type\":\"WebSite\",\"@id\":\"https:\/\/lindegger-optic.ch\/#website\",\"url\":\"https:\/\/lindegger-optic.ch\/\",\"name\":\"Lindegger Optic, votre opticien \u00e0 Gen\u00e8ve, la meilleure qualit\u00e9 au service de votre vue\",\"description\":\"\",\"potentialAction\":[{\"@type\":\"SearchAction\",\"target\":{\"@type\":\"EntryPoint\",\"urlTemplate\":\"https:\/\/lindegger-optic.ch\/?s={search_term_string}\"},\"query-input\":{\"@type\":\"PropertyValueSpecification\",\"valueRequired\":true,\"valueName\":\"search_term_string\"}}],\"inLanguage\":\"en-US\"}]}<\/script>\n<!-- \/ Yoast SEO plugin. -->","yoast_head_json":{"title":"G\u00f6tti genuine Horn Banu Superior Genuine Horn frame.","description":"G\u00f6tti genuine Horn Banu is a unique, high-quality piece made from genuine water buffalo horn. Its design is minimalist and modern.","robots":{"index":"index","follow":"follow","max-snippet":"max-snippet:-1","max-image-preview":"max-image-preview:large","max-video-preview":"max-video-preview:-1"},"canonical":"https:\/\/lindegger-optic.ch\/en\/produit\/gotti-genuine-horn-banu\/","og_locale":"en_US","og_type":"article","og_title":"G\u00f6tti genuine Horn Banu Superior Genuine Horn frame.","og_description":"G\u00f6tti genuine Horn Banu is a unique, high-quality piece made from genuine water buffalo horn. Its design is minimalist and modern.","og_url":"https:\/\/lindegger-optic.ch\/en\/produit\/gotti-genuine-horn-banu\/","og_site_name":"Lindegger Optic, votre opticien \u00e0 Gen\u00e8ve, la meilleure qualit\u00e9 au service de votre vue","og_image":[{"width":2048,"height":819,"url":"https:\/\/lindegger-optic.ch\/wp-content\/uploads\/BANU-BRM.jpg","type":"image\/jpeg"}],"twitter_card":"summary_large_image","schema":{"@context":"https:\/\/schema.org","@graph":[{"@type":"WebPage","@id":"https:\/\/lindegger-optic.ch\/en\/produit\/gotti-genuine-horn-banu\/","url":"https:\/\/lindegger-optic.ch\/en\/produit\/gotti-genuine-horn-banu\/","name":"G\u00f6tti genuine Horn Banu Superior Genuine Horn frame.","isPartOf":{"@id":"https:\/\/lindegger-optic.ch\/#website"},"primaryImageOfPage":{"@id":"https:\/\/lindegger-optic.ch\/en\/produit\/gotti-genuine-horn-banu\/#primaryimage"},"image":{"@id":"https:\/\/lindegger-optic.ch\/en\/produit\/gotti-genuine-horn-banu\/#primaryimage"},"thumbnailUrl":"https:\/\/lindegger-optic.ch\/wp-content\/uploads\/BANU-BRM.jpg","datePublished":"2024-10-08T03:50:49+00:00","dateModified":"2024-10-08T03:50:49+00:00","description":"G\u00f6tti genuine Horn Banu is a unique, high-quality piece made from genuine water buffalo horn. Its design is minimalist and modern.","breadcrumb":{"@id":"https:\/\/lindegger-optic.ch\/en\/produit\/gotti-genuine-horn-banu\/#breadcrumb"},"inLanguage":"en-US","potentialAction":[{"@type":"ReadAction","target":["https:\/\/lindegger-optic.ch\/en\/produit\/gotti-genuine-horn-banu\/"]}]},{"@type":"ImageObject","inLanguage":"en-US","@id":"https:\/\/lindegger-optic.ch\/en\/produit\/gotti-genuine-horn-banu\/#primaryimage","url":"https:\/\/lindegger-optic.ch\/wp-content\/uploads\/BANU-BRM.jpg","contentUrl":"https:\/\/lindegger-optic.ch\/wp-content\/uploads\/BANU-BRM.jpg","width":2048,"height":819,"caption":"Optez pour une monture qui vous ressemble avec la G\u00f6tti Banu Genuine Horn, chaque pi\u00e8ce ayant sa propre apparence individuelle en raison de la beaut\u00e9 naturelle de la corne."},{"@type":"BreadcrumbList","@id":"https:\/\/lindegger-optic.ch\/en\/produit\/gotti-genuine-horn-banu\/#breadcrumb","itemListElement":[{"@type":"ListItem","position":1,"name":"Accueil","item":"https:\/\/lindegger-optic.ch\/en\/home\/"},{"@type":"ListItem","position":2,"name":"Shop","item":"https:\/\/lindegger-optic.ch\/shop\/"},{"@type":"ListItem","position":3,"name":"G\u00f6tti genuine Horn Banu"}]},{"@type":"WebSite","@id":"https:\/\/lindegger-optic.ch\/#website","url":"https:\/\/lindegger-optic.ch\/","name":"Lindegger Optic, votre opticien \u00e0 Gen\u00e8ve, la meilleure qualit\u00e9 au service de votre vue","description":"","potentialAction":[{"@type":"SearchAction","target":{"@type":"EntryPoint","urlTemplate":"https:\/\/lindegger-optic.ch\/?s={search_term_string}"},"query-input":{"@type":"PropertyValueSpecification","valueRequired":true,"valueName":"search_term_string"}}],"inLanguage":"en-US"}]}},"_links":{"self":[{"href":"https:\/\/lindegger-optic.ch\/en\/wp-json\/wp\/v2\/product\/16452"}],"collection":[{"href":"https:\/\/lindegger-optic.ch\/en\/wp-json\/wp\/v2\/product"}],"about":[{"href":"https:\/\/lindegger-optic.ch\/en\/wp-json\/wp\/v2\/types\/product"}],"replies":[{"embeddable":true,"href":"https:\/\/lindegger-optic.ch\/en\/wp-json\/wp\/v2\/comments?post=16452"}],"wp:featuredmedia":[{"embeddable":true,"href":"https:\/\/lindegger-optic.ch\/en\/wp-json\/wp\/v2\/media\/15817"}],"wp:attachment":[{"href":"https:\/\/lindegger-optic.ch\/en\/wp-json\/wp\/v2\/media?parent=16452"}],"wp:term":[{"taxonomy":"product_cat","embeddable":true,"href":"https:\/\/lindegger-optic.ch\/en\/wp-json\/wp\/v2\/product_cat?post=16452"},{"taxonomy":"product_tag","embeddable":true,"href":"https:\/\/lindegger-optic.ch\/en\/wp-json\/wp\/v2\/product_tag?post=16452"}],"curies":[{"name":"wp","href":"https:\/\/api.w.org\/{rel}","templated":true}]}}