{"id":16455,"date":"2024-10-08T05:50:49","date_gmt":"2024-10-08T03:50:49","guid":{"rendered":"https:\/\/lindegger-optic.ch\/produit\/softcare-monosept-360ml\/"},"modified":"2024-10-08T05:50:49","modified_gmt":"2024-10-08T03:50:49","slug":"softcare-monosept-360ml","status":"publish","type":"product","link":"https:\/\/lindegger-optic.ch\/en\/produit\/softcare-monosept-360ml\/","title":{"rendered":"Softcare Monosept 360ml"},"content":{"rendered":"<p><a href=\"https:\/\/www.purelens.ch\/fr\/produits-d-entretien\">Softcare<\/a> Monosept 360ml from Purelens is a contact lens care solution that provides effective disinfection and cleaning to keep your lenses clean and your eyes healthy. It is a generic of the popular <a href=\"https:\/\/lindegger-optic.ch\/produit\/ao-sept-plus-hydraglyde\/\">AO Sept<\/a> Plus 360ml, is designed to meet the needs of contact lens wearers by offering a quality solution at an affordable price. This product uses a peroxide-based formula, similar to that of<a href=\"https:\/\/lindegger-optic.ch\/produit\/ao-sept-plus-hydraglyde\/\">AO Sept<\/a> Plus. This peroxide solution guarantees powerful disinfection, effectively removing bacteria and deposits from your contact lenses. It offers extra protection against eye infections and maintains the optical clarity of your lenses. A key feature of Purelens <a href=\"https:\/\/www.purelens.ch\/fr\/produits-d-entretien\">Softcare<\/a> Monosept is its neutralization system. Like AO Sept Plus, Purelens <a href=\"https:\/\/www.purelens.ch\/fr\/produits-d-entretien\">Softcare<\/a> Monosept requires a special case with a catalyst to neutralize the peroxide solution after disinfection. This process is essential to avoid eye irritation or damage, so it&#8217;s important to follow the instructions carefully. In addition to its powerful disinfection, Purelens <a href=\"https:\/\/www.purelens.ch\/fr\/produits-d-entretien\">Softcare<\/a> Monosept also acts as a deep cleanser. It removes protein deposits and impurities that can build up on contact lenses over time, ensuring clear vision and optimum comfort. The 360 ml format of Purelens <a href=\"https:\/\/www.purelens.ch\/fr\/produits-d-entretien\">Softcare<\/a> Monosept is ideal for regular, long-lasting use. It provides sufficient solution for prolonged use, making it an economical choice for contact lens wearers. It is essential to note that although Purelens <a href=\"https:\/\/www.purelens.ch\/fr\/produits-d-entretien\">Softcare<\/a> Monosept is a generic of<a href=\"https:\/\/lindegger-optic.ch\/produit\/ao-sept-plus-hydraglyde\/\">AO Sept<\/a> Plus, there may be minor differences in ingredients and instructions for use. It is therefore recommended to carefully consult the information provided by the manufacturer on the product packaging, or to contact the manufacturer for specific information. In conclusion, Purelens <a href=\"https:\/\/www.purelens.ch\/fr\/produits-d-entretien\">Softcare<\/a> Monosept 360ml is a contact lens care solution that offers powerful disinfection, deep cleaning and optimal comfort for lens wearers. Its economical format makes it a practical and affordable choice for keeping your lenses clean and your eyes healthy.<\/p>\n","protected":false},"excerpt":{"rendered":"<p><a href=\"https:\/\/www.purelens.ch\/fr\/produits-d-entretien\">Softcare<\/a> Monosept 360ml from Purelens is a generic of<a href=\"https:\/\/lindegger-optic.ch\/produit\/ao-sept-plus-hydraglyde\/\">AO Sept<\/a> Plus, an effective disinfectant and cleaner for contact lenses. Its peroxide-based formula eliminates bacteria and deposits, ensuring cleanliness and eye health. The integrated neutralization system requires a special case to prevent eye damage. It also eliminates protein deposits, ensuring clear vision and optimum comfort. The practical 360 ml format makes for economical, prolonged use. Follow the instructions carefully for correct use of the product. Purelens <a href=\"https:\/\/www.purelens.ch\/fr\/produits-d-entretien\">Softcare<\/a> Monosept 360ml offers powerful disinfection, deep cleaning and comfort, while being economical.<\/p>\n","protected":false},"featured_media":15859,"comment_status":"closed","ping_status":"closed","template":"","meta":{"_et_pb_use_builder":"","_et_pb_old_content":"","_et_gb_content_width":""},"product_cat":[1381],"product_tag":[1547,1543,1541,1545,1549],"class_list":{"0":"post-16455","1":"product","2":"type-product","3":"status-publish","4":"has-post-thumbnail","6":"product_cat-contact-lens-product","7":"product_tag-contact-lens-product-en","8":"product_tag-peroxide-product","9":"product_tag-peroxide-solution","10":"product_tag-purelens-softcare-monosept-en","11":"product_tag-soft-lenses","13":"first","14":"instock","15":"taxable","16":"shipping-taxable","17":"product-type-simple"},"yoast_head":"<!-- This site is optimized with the Yoast SEO plugin v23.6 - https:\/\/yoast.com\/wordpress\/plugins\/seo\/ -->\n<title>Achetez Softcare Monosept 360ml chez Lindegger Optique<\/title>\n<meta name=\"description\" content=\"Softcare Monosept 360ml at Lindegger Optique: Contact lens care solution for effective disinfection.\" \/>\n<meta name=\"robots\" content=\"index, follow, max-snippet:-1, max-image-preview:large, max-video-preview:-1\" \/>\n<link rel=\"canonical\" href=\"https:\/\/lindegger-optic.ch\/en\/produit\/softcare-monosept-360ml\/\" \/>\n<meta property=\"og:locale\" content=\"en_US\" \/>\n<meta property=\"og:type\" content=\"article\" \/>\n<meta property=\"og:title\" content=\"Achetez Softcare Monosept 360ml chez Lindegger Optique\" \/>\n<meta property=\"og:description\" content=\"Softcare Monosept 360ml at Lindegger Optique: Contact lens care solution for effective disinfection.\" \/>\n<meta property=\"og:url\" content=\"https:\/\/lindegger-optic.ch\/en\/produit\/softcare-monosept-360ml\/\" \/>\n<meta property=\"og:site_name\" content=\"Lindegger Optic, votre opticien \u00e0 Gen\u00e8ve, la meilleure qualit\u00e9 au service de votre vue\" \/>\n<meta property=\"og:image\" content=\"https:\/\/lindegger-optic.ch\/wp-content\/uploads\/purelens-monosept-1.jpg\" \/>\n\t<meta property=\"og:image:width\" content=\"1440\" \/>\n\t<meta property=\"og:image:height\" content=\"1440\" \/>\n\t<meta property=\"og:image:type\" content=\"image\/jpeg\" \/>\n<meta name=\"twitter:card\" content=\"summary_large_image\" \/>\n<meta name=\"twitter:label1\" content=\"Est. reading time\" \/>\n\t<meta name=\"twitter:data1\" content=\"2 minutes\" \/>\n<script type=\"application\/ld+json\" class=\"yoast-schema-graph\">{\"@context\":\"https:\/\/schema.org\",\"@graph\":[{\"@type\":\"WebPage\",\"@id\":\"https:\/\/lindegger-optic.ch\/en\/produit\/softcare-monosept-360ml\/\",\"url\":\"https:\/\/lindegger-optic.ch\/en\/produit\/softcare-monosept-360ml\/\",\"name\":\"Achetez Softcare Monosept 360ml chez Lindegger Optique\",\"isPartOf\":{\"@id\":\"https:\/\/lindegger-optic.ch\/#website\"},\"primaryImageOfPage\":{\"@id\":\"https:\/\/lindegger-optic.ch\/en\/produit\/softcare-monosept-360ml\/#primaryimage\"},\"image\":{\"@id\":\"https:\/\/lindegger-optic.ch\/en\/produit\/softcare-monosept-360ml\/#primaryimage\"},\"thumbnailUrl\":\"https:\/\/lindegger-optic.ch\/wp-content\/uploads\/purelens-monosept-1.jpg\",\"datePublished\":\"2024-10-08T03:50:49+00:00\",\"dateModified\":\"2024-10-08T03:50:49+00:00\",\"description\":\"Softcare Monosept 360ml at Lindegger Optique: Contact lens care solution for effective disinfection.\",\"breadcrumb\":{\"@id\":\"https:\/\/lindegger-optic.ch\/en\/produit\/softcare-monosept-360ml\/#breadcrumb\"},\"inLanguage\":\"en-US\",\"potentialAction\":[{\"@type\":\"ReadAction\",\"target\":[\"https:\/\/lindegger-optic.ch\/en\/produit\/softcare-monosept-360ml\/\"]}]},{\"@type\":\"ImageObject\",\"inLanguage\":\"en-US\",\"@id\":\"https:\/\/lindegger-optic.ch\/en\/produit\/softcare-monosept-360ml\/#primaryimage\",\"url\":\"https:\/\/lindegger-optic.ch\/wp-content\/uploads\/purelens-monosept-1.jpg\",\"contentUrl\":\"https:\/\/lindegger-optic.ch\/wp-content\/uploads\/purelens-monosept-1.jpg\",\"width\":1440,\"height\":1440,\"caption\":\"La solution tout-en-un pour une lentille de contact propre et st\u00e9rile : OneStep Softcare simplifie l'entretien de vos lentilles en \u00e9liminant le besoin de plusieurs solutions d'entretien.\"},{\"@type\":\"BreadcrumbList\",\"@id\":\"https:\/\/lindegger-optic.ch\/en\/produit\/softcare-monosept-360ml\/#breadcrumb\",\"itemListElement\":[{\"@type\":\"ListItem\",\"position\":1,\"name\":\"Accueil\",\"item\":\"https:\/\/lindegger-optic.ch\/en\/home\/\"},{\"@type\":\"ListItem\",\"position\":2,\"name\":\"Shop\",\"item\":\"https:\/\/lindegger-optic.ch\/shop\/\"},{\"@type\":\"ListItem\",\"position\":3,\"name\":\"Softcare Monosept 360ml\"}]},{\"@type\":\"WebSite\",\"@id\":\"https:\/\/lindegger-optic.ch\/#website\",\"url\":\"https:\/\/lindegger-optic.ch\/\",\"name\":\"Lindegger Optic, votre opticien \u00e0 Gen\u00e8ve, la meilleure qualit\u00e9 au service de votre vue\",\"description\":\"\",\"potentialAction\":[{\"@type\":\"SearchAction\",\"target\":{\"@type\":\"EntryPoint\",\"urlTemplate\":\"https:\/\/lindegger-optic.ch\/?s={search_term_string}\"},\"query-input\":{\"@type\":\"PropertyValueSpecification\",\"valueRequired\":true,\"valueName\":\"search_term_string\"}}],\"inLanguage\":\"en-US\"}]}<\/script>\n<!-- \/ Yoast SEO plugin. -->","yoast_head_json":{"title":"Achetez Softcare Monosept 360ml chez Lindegger Optique","description":"Softcare Monosept 360ml at Lindegger Optique: Contact lens care solution for effective disinfection.","robots":{"index":"index","follow":"follow","max-snippet":"max-snippet:-1","max-image-preview":"max-image-preview:large","max-video-preview":"max-video-preview:-1"},"canonical":"https:\/\/lindegger-optic.ch\/en\/produit\/softcare-monosept-360ml\/","og_locale":"en_US","og_type":"article","og_title":"Achetez Softcare Monosept 360ml chez Lindegger Optique","og_description":"Softcare Monosept 360ml at Lindegger Optique: Contact lens care solution for effective disinfection.","og_url":"https:\/\/lindegger-optic.ch\/en\/produit\/softcare-monosept-360ml\/","og_site_name":"Lindegger Optic, votre opticien \u00e0 Gen\u00e8ve, la meilleure qualit\u00e9 au service de votre vue","og_image":[{"width":1440,"height":1440,"url":"https:\/\/lindegger-optic.ch\/wp-content\/uploads\/purelens-monosept-1.jpg","type":"image\/jpeg"}],"twitter_card":"summary_large_image","twitter_misc":{"Est. reading time":"2 minutes"},"schema":{"@context":"https:\/\/schema.org","@graph":[{"@type":"WebPage","@id":"https:\/\/lindegger-optic.ch\/en\/produit\/softcare-monosept-360ml\/","url":"https:\/\/lindegger-optic.ch\/en\/produit\/softcare-monosept-360ml\/","name":"Achetez Softcare Monosept 360ml chez Lindegger Optique","isPartOf":{"@id":"https:\/\/lindegger-optic.ch\/#website"},"primaryImageOfPage":{"@id":"https:\/\/lindegger-optic.ch\/en\/produit\/softcare-monosept-360ml\/#primaryimage"},"image":{"@id":"https:\/\/lindegger-optic.ch\/en\/produit\/softcare-monosept-360ml\/#primaryimage"},"thumbnailUrl":"https:\/\/lindegger-optic.ch\/wp-content\/uploads\/purelens-monosept-1.jpg","datePublished":"2024-10-08T03:50:49+00:00","dateModified":"2024-10-08T03:50:49+00:00","description":"Softcare Monosept 360ml at Lindegger Optique: Contact lens care solution for effective disinfection.","breadcrumb":{"@id":"https:\/\/lindegger-optic.ch\/en\/produit\/softcare-monosept-360ml\/#breadcrumb"},"inLanguage":"en-US","potentialAction":[{"@type":"ReadAction","target":["https:\/\/lindegger-optic.ch\/en\/produit\/softcare-monosept-360ml\/"]}]},{"@type":"ImageObject","inLanguage":"en-US","@id":"https:\/\/lindegger-optic.ch\/en\/produit\/softcare-monosept-360ml\/#primaryimage","url":"https:\/\/lindegger-optic.ch\/wp-content\/uploads\/purelens-monosept-1.jpg","contentUrl":"https:\/\/lindegger-optic.ch\/wp-content\/uploads\/purelens-monosept-1.jpg","width":1440,"height":1440,"caption":"La solution tout-en-un pour une lentille de contact propre et st\u00e9rile : OneStep Softcare simplifie l'entretien de vos lentilles en \u00e9liminant le besoin de plusieurs solutions d'entretien."},{"@type":"BreadcrumbList","@id":"https:\/\/lindegger-optic.ch\/en\/produit\/softcare-monosept-360ml\/#breadcrumb","itemListElement":[{"@type":"ListItem","position":1,"name":"Accueil","item":"https:\/\/lindegger-optic.ch\/en\/home\/"},{"@type":"ListItem","position":2,"name":"Shop","item":"https:\/\/lindegger-optic.ch\/shop\/"},{"@type":"ListItem","position":3,"name":"Softcare Monosept 360ml"}]},{"@type":"WebSite","@id":"https:\/\/lindegger-optic.ch\/#website","url":"https:\/\/lindegger-optic.ch\/","name":"Lindegger Optic, votre opticien \u00e0 Gen\u00e8ve, la meilleure qualit\u00e9 au service de votre vue","description":"","potentialAction":[{"@type":"SearchAction","target":{"@type":"EntryPoint","urlTemplate":"https:\/\/lindegger-optic.ch\/?s={search_term_string}"},"query-input":{"@type":"PropertyValueSpecification","valueRequired":true,"valueName":"search_term_string"}}],"inLanguage":"en-US"}]}},"_links":{"self":[{"href":"https:\/\/lindegger-optic.ch\/en\/wp-json\/wp\/v2\/product\/16455"}],"collection":[{"href":"https:\/\/lindegger-optic.ch\/en\/wp-json\/wp\/v2\/product"}],"about":[{"href":"https:\/\/lindegger-optic.ch\/en\/wp-json\/wp\/v2\/types\/product"}],"replies":[{"embeddable":true,"href":"https:\/\/lindegger-optic.ch\/en\/wp-json\/wp\/v2\/comments?post=16455"}],"wp:featuredmedia":[{"embeddable":true,"href":"https:\/\/lindegger-optic.ch\/en\/wp-json\/wp\/v2\/media\/15859"}],"wp:attachment":[{"href":"https:\/\/lindegger-optic.ch\/en\/wp-json\/wp\/v2\/media?parent=16455"}],"wp:term":[{"taxonomy":"product_cat","embeddable":true,"href":"https:\/\/lindegger-optic.ch\/en\/wp-json\/wp\/v2\/product_cat?post=16455"},{"taxonomy":"product_tag","embeddable":true,"href":"https:\/\/lindegger-optic.ch\/en\/wp-json\/wp\/v2\/product_tag?post=16455"}],"curies":[{"name":"wp","href":"https:\/\/api.w.org\/{rel}","templated":true}]}}