{"id":16457,"date":"2024-10-08T05:50:49","date_gmt":"2024-10-08T03:50:49","guid":{"rendered":"https:\/\/lindegger-optic.ch\/produit\/opti-free-pure-moist\/"},"modified":"2024-10-08T05:50:49","modified_gmt":"2024-10-08T03:50:49","slug":"opti-free-pure-moist","status":"publish","type":"product","link":"https:\/\/lindegger-optic.ch\/en\/produit\/opti-free-pure-moist\/","title":{"rendered":"Opti-Free Pure Moist"},"content":{"rendered":"<p><a href=\"https:\/\/www.wearlenses.ch\/fr-CH\/contact-lens-types\/contact-lens-solutions\/opti-free-puremoist\">Opti-Free Pure Moist<\/a><\/p>\n<p>You can use Opti-Free Pure Moist to moisturize and refresh your eyes while wearing soft contact lenses. This lens care solution is formulated to mimic the composition of natural tears, ensuring optimum comfort for contact lens wearers. In addition to cleaning and storing lenses, it can also be used to rinse and store lenses. It is compatible with all soft contact lenses and easy to use. To use <a href=\"https:\/\/www.wearlenses.ch\/fr-CH\/contact-lens-types\/contact-lens-solutions\/opti-free-puremoist\">Opti-Free Pure Moist<\/a>   <\/p>\n<ul>\n<li>wash hands with unscented soap, dry thoroughly and handle contact lenses.<\/li>\n<li>Remove a lens from its case, place it on your palm and pour a few drops of the solution over it.<\/li>\n<li>rub it gently between your fingers for 20 to 30 seconds<\/li>\n<li>rinse it with the solution and place it in the case.<\/li>\n<li>Repeat these steps for the other lens, close the case carefully and store it in a cool, dry place.<\/li>\n<li>Before using the lenses, rinse them thoroughly with the solution to remove any residue.<\/li>\n<\/ul>\n<p>You can also use <a href=\"https:\/\/lindegger-optic.ch\/cat%C3%A9gorie-de-produit\/produit-de-lentilles-de-contact\/larmes-artificielles\/\">Les larmes artificielles<\/a> in conjunction with <a href=\"https:\/\/www.wearlenses.ch\/fr-CH\/contact-lens-types\/contact-lens-solutions\/opti-free-puremoist\">Opti-Free Pure Moist<\/a> for extra comfort for your eyes. Remember to consult a healthcare professional to find out which solution is best for your eye and contact lens care needs. <\/p>\n<div class=\"flex-1 overflow-hidden\">\n<div class=\"react-scroll-to-bottom--css-rmtkp-79elbk h-full dark:bg-gray-800\">\n<div class=\"react-scroll-to-bottom--css-rmtkp-1n7m0yu\">\n<div class=\"flex flex-col items-center text-sm dark:bg-gray-800\">\n<div class=\"w-full border-b border-black\/10 dark:border-gray-900\/50 text-gray-800 dark:text-gray-100 group bg-gray-50 dark:bg-[#444654]\">\n<div class=\"text-base gap-4 md:gap-6 m-auto md:max-w-2xl lg:max-w-2xl xl:max-w-3xl p-4 md:py-6 flex lg:px-0\">\n<div class=\"relative flex w-[calc(100%-50px)] flex-col gap-1 md:gap-3 lg:w-[calc(100%-115px)]\">\n<div class=\"flex flex-grow flex-col gap-3\">\n<div class=\"min-h-[20px] flex flex-col items-start gap-4 whitespace-pre-wrap\">\n<div class=\"markdown prose w-full break-words dark:prose-invert light\"><\/div>\n<\/div>\n<\/div>\n<div class=\"flex justify-between\">\n<div class=\"text-gray-400 flex self-end lg:self-center justify-center mt-2 gap-3 md:gap-4 lg:gap-1 lg:absolute lg:top-0 lg:translate-x-full lg:right-0 lg:mt-0 lg:pl-2 visible\"><\/div>\n<\/div>\n<\/div>\n<\/div>\n<\/div>\n<div class=\"w-full h-32 md:h-48 flex-shrink-0\"><\/div>\n<\/div>\n<p>&nbsp;<\/p>\n<\/div>\n<\/div>\n<\/div>\n<div class=\"absolute bottom-0 left-0 w-full border-t md:border-t-0 dark:border-white\/20 md:border-transparent md:dark:border-transparent md:bg-vert-light-gradient bg-white dark:bg-gray-800 md:!bg-transparent dark:md:bg-vert-dark-gradient\">\n<form class=\"stretch mx-2 flex flex-row gap-3 pt-2 last:mb-2 md:last:mb-6 lg:mx-auto lg:max-w-3xl lg:pt-6\">\n<div class=\"relative flex h-full flex-1 md:flex-col\">\n<div class=\"flex ml-1 mt-1.5 md:w-full md:m-auto md:mb-2 gap-0 md:gap-2 justify-center\"><\/div>\n<\/div>\n<\/form>\n<\/div>\n","protected":false},"excerpt":{"rendered":"<p><a href=\"https:\/\/www.wearlenses.ch\/fr-CH\/contact-lens-types\/contact-lens-solutions\/opti-free-puremoist\">Opti-Free Pure Moist<\/a> is a cleaning and care solution for soft contact lenses. It is designed to moisturize and refresh eyes throughout the day, replacing lost natural tears. The saline solution moisturizes lenses and ensures optimum comfort for contact lens wearers. <a href=\"https:\/\/www.wearlenses.ch\/fr-CH\/contact-lens-types\/contact-lens-solutions\/opti-free-puremoist\">Opti-Free Pure Moist<\/a> is compatible with all soft contact lenses and can be used to clean, rinse and store lenses. <a href=\"https:\/\/www.wearlenses.ch\/fr-CH\/contact-lens-types\/contact-lens-solutions\/opti-free-puremoist\">Opti-Free Pure Moist<\/a> is a contact lens cleaning solution designed to moisturize and refresh the eyes. Lens wearers can use <a href=\"https:\/\/lindegger-optic.ch\/cat%C3%A9gorie-de-produit\/produit-de-lentilles-de-contact\/larmes-artificielles\/\">artificial tears<\/a> in addition to the solution for extra comfort. It is advisable to consult a doctor to find out which solution is best suited to each individual&#8217;s needs.  <\/p>\n","protected":false},"featured_media":13293,"comment_status":"closed","ping_status":"closed","template":"","meta":{"_et_pb_use_builder":"","_et_pb_old_content":"","_et_gb_content_width":""},"product_cat":[1394],"product_tag":[1433,1512,1438,1513,1435,1437,1434,1548,1544,1546],"class_list":{"0":"post-16457","1":"product","2":"type-product","3":"status-publish","4":"has-post-thumbnail","6":"product_cat-soft-contact-lenses-product","7":"product_tag-cleaning-product-for-lenses","8":"product_tag-conserving-lens","9":"product_tag-decontamination-for-lens","10":"product_tag-lens-deproteinizer","11":"product_tag-lens-preservative","12":"product_tag-lens-product-en","13":"product_tag-lens-solution","14":"product_tag-opti-fre-en","15":"product_tag-opti-free-pure-moist-en","16":"product_tag-opti-free-puremoist-en","18":"first","19":"instock","20":"taxable","21":"shipping-taxable","22":"product-type-variable"},"yoast_head":"<!-- This site is optimized with the Yoast SEO plugin v23.6 - https:\/\/yoast.com\/wordpress\/plugins\/seo\/ -->\n<title>Achetez Opti-Free Pure Moist chez Lindegger Optique<\/title>\n<meta name=\"description\" content=\"Opti-Free Pure Moist multifunctional solution (storage, decontamination and rinsing) for all types of soft contact lenses.\" \/>\n<meta name=\"robots\" content=\"index, follow, max-snippet:-1, max-image-preview:large, max-video-preview:-1\" \/>\n<link rel=\"canonical\" href=\"https:\/\/lindegger-optic.ch\/en\/produit\/opti-free-pure-moist\/\" \/>\n<meta property=\"og:locale\" content=\"en_US\" \/>\n<meta property=\"og:type\" content=\"article\" \/>\n<meta property=\"og:title\" content=\"Achetez Opti-Free Pure Moist chez Lindegger Optique\" \/>\n<meta property=\"og:description\" content=\"Opti-Free Pure Moist multifunctional solution (storage, decontamination and rinsing) for all types of soft contact lenses.\" \/>\n<meta property=\"og:url\" content=\"https:\/\/lindegger-optic.ch\/en\/produit\/opti-free-pure-moist\/\" \/>\n<meta property=\"og:site_name\" content=\"Lindegger Optic, votre opticien \u00e0 Gen\u00e8ve, la meilleure qualit\u00e9 au service de votre vue\" \/>\n<meta property=\"og:image\" content=\"https:\/\/lindegger-optic.ch\/wp-content\/uploads\/Opti-Free-Pure-Moist-300ml.jpg\" \/>\n\t<meta property=\"og:image:width\" content=\"1000\" \/>\n\t<meta property=\"og:image:height\" content=\"700\" \/>\n\t<meta property=\"og:image:type\" content=\"image\/jpeg\" \/>\n<meta name=\"twitter:card\" content=\"summary_large_image\" \/>\n<meta name=\"twitter:label1\" content=\"Est. reading time\" \/>\n\t<meta name=\"twitter:data1\" content=\"1 minute\" \/>\n<script type=\"application\/ld+json\" class=\"yoast-schema-graph\">{\"@context\":\"https:\/\/schema.org\",\"@graph\":[{\"@type\":\"WebPage\",\"@id\":\"https:\/\/lindegger-optic.ch\/en\/produit\/opti-free-pure-moist\/\",\"url\":\"https:\/\/lindegger-optic.ch\/en\/produit\/opti-free-pure-moist\/\",\"name\":\"Achetez Opti-Free Pure Moist chez Lindegger Optique\",\"isPartOf\":{\"@id\":\"https:\/\/lindegger-optic.ch\/#website\"},\"primaryImageOfPage\":{\"@id\":\"https:\/\/lindegger-optic.ch\/en\/produit\/opti-free-pure-moist\/#primaryimage\"},\"image\":{\"@id\":\"https:\/\/lindegger-optic.ch\/en\/produit\/opti-free-pure-moist\/#primaryimage\"},\"thumbnailUrl\":\"https:\/\/lindegger-optic.ch\/wp-content\/uploads\/Opti-Free-Pure-Moist-300ml.jpg\",\"datePublished\":\"2024-10-08T03:50:49+00:00\",\"dateModified\":\"2024-10-08T03:50:49+00:00\",\"description\":\"Opti-Free Pure Moist multifunctional solution (storage, decontamination and rinsing) for all types of soft contact lenses.\",\"breadcrumb\":{\"@id\":\"https:\/\/lindegger-optic.ch\/en\/produit\/opti-free-pure-moist\/#breadcrumb\"},\"inLanguage\":\"en-US\",\"potentialAction\":[{\"@type\":\"ReadAction\",\"target\":[\"https:\/\/lindegger-optic.ch\/en\/produit\/opti-free-pure-moist\/\"]}]},{\"@type\":\"ImageObject\",\"inLanguage\":\"en-US\",\"@id\":\"https:\/\/lindegger-optic.ch\/en\/produit\/opti-free-pure-moist\/#primaryimage\",\"url\":\"https:\/\/lindegger-optic.ch\/wp-content\/uploads\/Opti-Free-Pure-Moist-300ml.jpg\",\"contentUrl\":\"https:\/\/lindegger-optic.ch\/wp-content\/uploads\/Opti-Free-Pure-Moist-300ml.jpg\",\"width\":1000,\"height\":700,\"caption\":\"Opti-Free-Pure-Moist-300ml\"},{\"@type\":\"BreadcrumbList\",\"@id\":\"https:\/\/lindegger-optic.ch\/en\/produit\/opti-free-pure-moist\/#breadcrumb\",\"itemListElement\":[{\"@type\":\"ListItem\",\"position\":1,\"name\":\"Accueil\",\"item\":\"https:\/\/lindegger-optic.ch\/en\/home\/\"},{\"@type\":\"ListItem\",\"position\":2,\"name\":\"Shop\",\"item\":\"https:\/\/lindegger-optic.ch\/shop\/\"},{\"@type\":\"ListItem\",\"position\":3,\"name\":\"Opti-Free Pure Moist\"}]},{\"@type\":\"WebSite\",\"@id\":\"https:\/\/lindegger-optic.ch\/#website\",\"url\":\"https:\/\/lindegger-optic.ch\/\",\"name\":\"Lindegger Optic, votre opticien \u00e0 Gen\u00e8ve, la meilleure qualit\u00e9 au service de votre vue\",\"description\":\"\",\"potentialAction\":[{\"@type\":\"SearchAction\",\"target\":{\"@type\":\"EntryPoint\",\"urlTemplate\":\"https:\/\/lindegger-optic.ch\/?s={search_term_string}\"},\"query-input\":{\"@type\":\"PropertyValueSpecification\",\"valueRequired\":true,\"valueName\":\"search_term_string\"}}],\"inLanguage\":\"en-US\"}]}<\/script>\n<!-- \/ Yoast SEO plugin. -->","yoast_head_json":{"title":"Achetez Opti-Free Pure Moist chez Lindegger Optique","description":"Opti-Free Pure Moist multifunctional solution (storage, decontamination and rinsing) for all types of soft contact lenses.","robots":{"index":"index","follow":"follow","max-snippet":"max-snippet:-1","max-image-preview":"max-image-preview:large","max-video-preview":"max-video-preview:-1"},"canonical":"https:\/\/lindegger-optic.ch\/en\/produit\/opti-free-pure-moist\/","og_locale":"en_US","og_type":"article","og_title":"Achetez Opti-Free Pure Moist chez Lindegger Optique","og_description":"Opti-Free Pure Moist multifunctional solution (storage, decontamination and rinsing) for all types of soft contact lenses.","og_url":"https:\/\/lindegger-optic.ch\/en\/produit\/opti-free-pure-moist\/","og_site_name":"Lindegger Optic, votre opticien \u00e0 Gen\u00e8ve, la meilleure qualit\u00e9 au service de votre vue","og_image":[{"width":1000,"height":700,"url":"https:\/\/lindegger-optic.ch\/wp-content\/uploads\/Opti-Free-Pure-Moist-300ml.jpg","type":"image\/jpeg"}],"twitter_card":"summary_large_image","twitter_misc":{"Est. reading time":"1 minute"},"schema":{"@context":"https:\/\/schema.org","@graph":[{"@type":"WebPage","@id":"https:\/\/lindegger-optic.ch\/en\/produit\/opti-free-pure-moist\/","url":"https:\/\/lindegger-optic.ch\/en\/produit\/opti-free-pure-moist\/","name":"Achetez Opti-Free Pure Moist chez Lindegger Optique","isPartOf":{"@id":"https:\/\/lindegger-optic.ch\/#website"},"primaryImageOfPage":{"@id":"https:\/\/lindegger-optic.ch\/en\/produit\/opti-free-pure-moist\/#primaryimage"},"image":{"@id":"https:\/\/lindegger-optic.ch\/en\/produit\/opti-free-pure-moist\/#primaryimage"},"thumbnailUrl":"https:\/\/lindegger-optic.ch\/wp-content\/uploads\/Opti-Free-Pure-Moist-300ml.jpg","datePublished":"2024-10-08T03:50:49+00:00","dateModified":"2024-10-08T03:50:49+00:00","description":"Opti-Free Pure Moist multifunctional solution (storage, decontamination and rinsing) for all types of soft contact lenses.","breadcrumb":{"@id":"https:\/\/lindegger-optic.ch\/en\/produit\/opti-free-pure-moist\/#breadcrumb"},"inLanguage":"en-US","potentialAction":[{"@type":"ReadAction","target":["https:\/\/lindegger-optic.ch\/en\/produit\/opti-free-pure-moist\/"]}]},{"@type":"ImageObject","inLanguage":"en-US","@id":"https:\/\/lindegger-optic.ch\/en\/produit\/opti-free-pure-moist\/#primaryimage","url":"https:\/\/lindegger-optic.ch\/wp-content\/uploads\/Opti-Free-Pure-Moist-300ml.jpg","contentUrl":"https:\/\/lindegger-optic.ch\/wp-content\/uploads\/Opti-Free-Pure-Moist-300ml.jpg","width":1000,"height":700,"caption":"Opti-Free-Pure-Moist-300ml"},{"@type":"BreadcrumbList","@id":"https:\/\/lindegger-optic.ch\/en\/produit\/opti-free-pure-moist\/#breadcrumb","itemListElement":[{"@type":"ListItem","position":1,"name":"Accueil","item":"https:\/\/lindegger-optic.ch\/en\/home\/"},{"@type":"ListItem","position":2,"name":"Shop","item":"https:\/\/lindegger-optic.ch\/shop\/"},{"@type":"ListItem","position":3,"name":"Opti-Free Pure Moist"}]},{"@type":"WebSite","@id":"https:\/\/lindegger-optic.ch\/#website","url":"https:\/\/lindegger-optic.ch\/","name":"Lindegger Optic, votre opticien \u00e0 Gen\u00e8ve, la meilleure qualit\u00e9 au service de votre vue","description":"","potentialAction":[{"@type":"SearchAction","target":{"@type":"EntryPoint","urlTemplate":"https:\/\/lindegger-optic.ch\/?s={search_term_string}"},"query-input":{"@type":"PropertyValueSpecification","valueRequired":true,"valueName":"search_term_string"}}],"inLanguage":"en-US"}]}},"_links":{"self":[{"href":"https:\/\/lindegger-optic.ch\/en\/wp-json\/wp\/v2\/product\/16457"}],"collection":[{"href":"https:\/\/lindegger-optic.ch\/en\/wp-json\/wp\/v2\/product"}],"about":[{"href":"https:\/\/lindegger-optic.ch\/en\/wp-json\/wp\/v2\/types\/product"}],"replies":[{"embeddable":true,"href":"https:\/\/lindegger-optic.ch\/en\/wp-json\/wp\/v2\/comments?post=16457"}],"wp:featuredmedia":[{"embeddable":true,"href":"https:\/\/lindegger-optic.ch\/en\/wp-json\/wp\/v2\/media\/13293"}],"wp:attachment":[{"href":"https:\/\/lindegger-optic.ch\/en\/wp-json\/wp\/v2\/media?parent=16457"}],"wp:term":[{"taxonomy":"product_cat","embeddable":true,"href":"https:\/\/lindegger-optic.ch\/en\/wp-json\/wp\/v2\/product_cat?post=16457"},{"taxonomy":"product_tag","embeddable":true,"href":"https:\/\/lindegger-optic.ch\/en\/wp-json\/wp\/v2\/product_tag?post=16457"}],"curies":[{"name":"wp","href":"https:\/\/api.w.org\/{rel}","templated":true}]}}