{"id":16467,"date":"2024-10-08T05:50:51","date_gmt":"2024-10-08T03:50:51","guid":{"rendered":"https:\/\/lindegger-optic.ch\/produit\/opti-free-replanish\/"},"modified":"2024-10-08T05:50:51","modified_gmt":"2024-10-08T03:50:51","slug":"opti-free-replanish","status":"publish","type":"product","link":"https:\/\/lindegger-optic.ch\/en\/produit\/opti-free-replanish\/","title":{"rendered":"Opti-Free ReplaniSH"},"content":{"rendered":"<p><a href=\"https:\/\/www.wearlenses.ch\/fr-CH\/contact-lens-types\/contact-lens-solutions\/opti-free-puremoist\">Opti-Free ReplaniSH<\/a> is a cleaning solution for soft contact lenses designed to hydrate and refresh eyes all day long. It is formulated with a saline solution to replace natural tears and maintain lens hydration, guaranteeing optimal comfort. In addition to cleaning and storing lenses, <a href=\"https:\/\/www.wearlenses.ch\/fr-CH\/contact-lens-types\/contact-lens-solutions\/opti-free-puremoist\">Opti-Free ReplaniSH<\/a> can also be used to rinse and store lenses, making it a versatile product for contact lens wearers. The solution is also compatible with all soft contact lenses, making lens wear more comfortable and worry-free.   <\/p>\n<ul>\n<li>Using Optifree Replanish is simple and easy. Here are the steps to follow for optimal use:\n<ol>\n<li>Wash your hands with unscented soap and dry them thoroughly before handling contact lenses.<\/li>\n<li>Remove a lens from its case and place it on the palm of your hand.<\/li>\n<li>Pour a few drops of <a href=\"https:\/\/www.wearlenses.ch\/fr-CH\/contact-lens-types\/contact-lens-solutions\/opti-free-puremoist\">Opti-Free ReplaniSH<\/a> solution onto the lens, then gently rub the lens between your fingers for around 20-30 seconds to clean and decontaminate it.<\/li>\n<li>Rinse the lens with the solution, then place it in the corresponding compartment of the case.<\/li>\n<li>Repeat these steps for the other lens.<\/li>\n<li>Close the case securely and store in a cool, dry place.<\/li>\n<li>Before using the lenses, rinse them thoroughly with the solution to remove any residue.<\/li>\n<\/ol>\n<p>Always follow the manufacturer&#8217;s instructions for safe and effective use of <a href=\"https:\/\/www.wearlenses.ch\/fr-CH\/contact-lens-types\/contact-lens-solutions\/opti-free-puremoist\">Opti-Free ReplaniSH<\/a>. Also, be sure to replace your case regularly and not to use the solution beyond the indicated expiry date. <\/li>\n<\/ul>\n<p>&nbsp;<\/p>\n<p>&nbsp;<\/p>\n<p>&nbsp;<\/p>\n","protected":false},"excerpt":{"rendered":"<div class=\"w-full border-b border-black\/10 dark:border-gray-900\/50 text-gray-800 dark:text-gray-100 group bg-gray-50 dark:bg-[#444654]\">\n<div class=\"text-base gap-4 md:gap-6 m-auto md:max-w-2xl lg:max-w-2xl xl:max-w-3xl p-4 md:py-6 flex lg:px-0\">\n<div class=\"relative flex w-[calc(100%-50px)] flex-col gap-1 md:gap-3 lg:w-[calc(100%-115px)]\">\n<div class=\"flex flex-grow flex-col gap-3\">\n<div class=\"min-h-[20px] flex flex-col items-start gap-4 whitespace-pre-wrap\">\n<div class=\"markdown prose w-full break-words dark:prose-invert light\">\n<p><a href=\"https:\/\/www.wearlenses.ch\/fr-CH\/contact-lens-types\/contact-lens-solutions\/opti-free-puremoist\">Opti-Free ReplaniSH<\/a> is a soft contact lens solution that moisturizes and refreshes eyes by replacing natural tears. It cleans, disinfects and preserves lenses for comfortable, all-day use. Compatible with all soft contact lenses, this solution can be used for cleaning, rinsing and storing lenses, making it a versatile product for lens wearers.  <\/p>\n<\/div>\n<\/div>\n<\/div>\n<\/div>\n<\/div>\n<\/div>\n","protected":false},"featured_media":13296,"comment_status":"closed","ping_status":"closed","template":"","meta":{"_et_pb_use_builder":"","_et_pb_old_content":"","_et_gb_content_width":""},"product_cat":[1394],"product_tag":[1550],"class_list":{"0":"post-16467","1":"product","2":"type-product","3":"status-publish","4":"has-post-thumbnail","6":"product_cat-soft-contact-lenses-product","7":"product_tag-opti-free-replenish-en","9":"first","10":"instock","11":"taxable","12":"shipping-taxable","13":"product-type-variable"},"yoast_head":"<!-- This site is optimized with the Yoast SEO plugin v23.6 - https:\/\/yoast.com\/wordpress\/plugins\/seo\/ -->\n<title>Achetez Opti-Free ReplaniSH chez Lindegger Optique<\/title>\n<meta name=\"description\" content=\"Opti-Free ReplaniSH multifunctional solution (storage, decontamination and rinsing) for all types of soft contact lenses.\" \/>\n<meta name=\"robots\" content=\"index, follow, max-snippet:-1, max-image-preview:large, max-video-preview:-1\" \/>\n<link rel=\"canonical\" href=\"https:\/\/lindegger-optic.ch\/en\/produit\/opti-free-replanish\/\" \/>\n<meta property=\"og:locale\" content=\"en_US\" \/>\n<meta property=\"og:type\" content=\"article\" \/>\n<meta property=\"og:title\" content=\"Achetez Opti-Free ReplaniSH chez Lindegger Optique\" \/>\n<meta property=\"og:description\" content=\"Opti-Free ReplaniSH multifunctional solution (storage, decontamination and rinsing) for all types of soft contact lenses.\" \/>\n<meta property=\"og:url\" content=\"https:\/\/lindegger-optic.ch\/en\/produit\/opti-free-replanish\/\" \/>\n<meta property=\"og:site_name\" content=\"Lindegger Optic, votre opticien \u00e0 Gen\u00e8ve, la meilleure qualit\u00e9 au service de votre vue\" \/>\n<meta property=\"og:image\" content=\"https:\/\/lindegger-optic.ch\/wp-content\/uploads\/opti-free-replenish-300ml.jpg\" \/>\n\t<meta property=\"og:image:width\" content=\"1000\" \/>\n\t<meta property=\"og:image:height\" content=\"700\" \/>\n\t<meta property=\"og:image:type\" content=\"image\/jpeg\" \/>\n<meta name=\"twitter:card\" content=\"summary_large_image\" \/>\n<meta name=\"twitter:label1\" content=\"Est. reading time\" \/>\n\t<meta name=\"twitter:data1\" content=\"1 minute\" \/>\n<script type=\"application\/ld+json\" class=\"yoast-schema-graph\">{\"@context\":\"https:\/\/schema.org\",\"@graph\":[{\"@type\":\"WebPage\",\"@id\":\"https:\/\/lindegger-optic.ch\/en\/produit\/opti-free-replanish\/\",\"url\":\"https:\/\/lindegger-optic.ch\/en\/produit\/opti-free-replanish\/\",\"name\":\"Achetez Opti-Free ReplaniSH chez Lindegger Optique\",\"isPartOf\":{\"@id\":\"https:\/\/lindegger-optic.ch\/#website\"},\"primaryImageOfPage\":{\"@id\":\"https:\/\/lindegger-optic.ch\/en\/produit\/opti-free-replanish\/#primaryimage\"},\"image\":{\"@id\":\"https:\/\/lindegger-optic.ch\/en\/produit\/opti-free-replanish\/#primaryimage\"},\"thumbnailUrl\":\"https:\/\/lindegger-optic.ch\/wp-content\/uploads\/opti-free-replenish-300ml.jpg\",\"datePublished\":\"2024-10-08T03:50:51+00:00\",\"dateModified\":\"2024-10-08T03:50:51+00:00\",\"description\":\"Opti-Free ReplaniSH multifunctional solution (storage, decontamination and rinsing) for all types of soft contact lenses.\",\"breadcrumb\":{\"@id\":\"https:\/\/lindegger-optic.ch\/en\/produit\/opti-free-replanish\/#breadcrumb\"},\"inLanguage\":\"en-US\",\"potentialAction\":[{\"@type\":\"ReadAction\",\"target\":[\"https:\/\/lindegger-optic.ch\/en\/produit\/opti-free-replanish\/\"]}]},{\"@type\":\"ImageObject\",\"inLanguage\":\"en-US\",\"@id\":\"https:\/\/lindegger-optic.ch\/en\/produit\/opti-free-replanish\/#primaryimage\",\"url\":\"https:\/\/lindegger-optic.ch\/wp-content\/uploads\/opti-free-replenish-300ml.jpg\",\"contentUrl\":\"https:\/\/lindegger-optic.ch\/wp-content\/uploads\/opti-free-replenish-300ml.jpg\",\"width\":1000,\"height\":700,\"caption\":\"opti-free-replenish-300ml\"},{\"@type\":\"BreadcrumbList\",\"@id\":\"https:\/\/lindegger-optic.ch\/en\/produit\/opti-free-replanish\/#breadcrumb\",\"itemListElement\":[{\"@type\":\"ListItem\",\"position\":1,\"name\":\"Accueil\",\"item\":\"https:\/\/lindegger-optic.ch\/en\/home\/\"},{\"@type\":\"ListItem\",\"position\":2,\"name\":\"Shop\",\"item\":\"https:\/\/lindegger-optic.ch\/shop\/\"},{\"@type\":\"ListItem\",\"position\":3,\"name\":\"Opti-Free ReplaniSH\"}]},{\"@type\":\"WebSite\",\"@id\":\"https:\/\/lindegger-optic.ch\/#website\",\"url\":\"https:\/\/lindegger-optic.ch\/\",\"name\":\"Lindegger Optic, votre opticien \u00e0 Gen\u00e8ve, la meilleure qualit\u00e9 au service de votre vue\",\"description\":\"\",\"potentialAction\":[{\"@type\":\"SearchAction\",\"target\":{\"@type\":\"EntryPoint\",\"urlTemplate\":\"https:\/\/lindegger-optic.ch\/?s={search_term_string}\"},\"query-input\":{\"@type\":\"PropertyValueSpecification\",\"valueRequired\":true,\"valueName\":\"search_term_string\"}}],\"inLanguage\":\"en-US\"}]}<\/script>\n<!-- \/ Yoast SEO plugin. -->","yoast_head_json":{"title":"Achetez Opti-Free ReplaniSH chez Lindegger Optique","description":"Opti-Free ReplaniSH multifunctional solution (storage, decontamination and rinsing) for all types of soft contact lenses.","robots":{"index":"index","follow":"follow","max-snippet":"max-snippet:-1","max-image-preview":"max-image-preview:large","max-video-preview":"max-video-preview:-1"},"canonical":"https:\/\/lindegger-optic.ch\/en\/produit\/opti-free-replanish\/","og_locale":"en_US","og_type":"article","og_title":"Achetez Opti-Free ReplaniSH chez Lindegger Optique","og_description":"Opti-Free ReplaniSH multifunctional solution (storage, decontamination and rinsing) for all types of soft contact lenses.","og_url":"https:\/\/lindegger-optic.ch\/en\/produit\/opti-free-replanish\/","og_site_name":"Lindegger Optic, votre opticien \u00e0 Gen\u00e8ve, la meilleure qualit\u00e9 au service de votre vue","og_image":[{"width":1000,"height":700,"url":"https:\/\/lindegger-optic.ch\/wp-content\/uploads\/opti-free-replenish-300ml.jpg","type":"image\/jpeg"}],"twitter_card":"summary_large_image","twitter_misc":{"Est. reading time":"1 minute"},"schema":{"@context":"https:\/\/schema.org","@graph":[{"@type":"WebPage","@id":"https:\/\/lindegger-optic.ch\/en\/produit\/opti-free-replanish\/","url":"https:\/\/lindegger-optic.ch\/en\/produit\/opti-free-replanish\/","name":"Achetez Opti-Free ReplaniSH chez Lindegger Optique","isPartOf":{"@id":"https:\/\/lindegger-optic.ch\/#website"},"primaryImageOfPage":{"@id":"https:\/\/lindegger-optic.ch\/en\/produit\/opti-free-replanish\/#primaryimage"},"image":{"@id":"https:\/\/lindegger-optic.ch\/en\/produit\/opti-free-replanish\/#primaryimage"},"thumbnailUrl":"https:\/\/lindegger-optic.ch\/wp-content\/uploads\/opti-free-replenish-300ml.jpg","datePublished":"2024-10-08T03:50:51+00:00","dateModified":"2024-10-08T03:50:51+00:00","description":"Opti-Free ReplaniSH multifunctional solution (storage, decontamination and rinsing) for all types of soft contact lenses.","breadcrumb":{"@id":"https:\/\/lindegger-optic.ch\/en\/produit\/opti-free-replanish\/#breadcrumb"},"inLanguage":"en-US","potentialAction":[{"@type":"ReadAction","target":["https:\/\/lindegger-optic.ch\/en\/produit\/opti-free-replanish\/"]}]},{"@type":"ImageObject","inLanguage":"en-US","@id":"https:\/\/lindegger-optic.ch\/en\/produit\/opti-free-replanish\/#primaryimage","url":"https:\/\/lindegger-optic.ch\/wp-content\/uploads\/opti-free-replenish-300ml.jpg","contentUrl":"https:\/\/lindegger-optic.ch\/wp-content\/uploads\/opti-free-replenish-300ml.jpg","width":1000,"height":700,"caption":"opti-free-replenish-300ml"},{"@type":"BreadcrumbList","@id":"https:\/\/lindegger-optic.ch\/en\/produit\/opti-free-replanish\/#breadcrumb","itemListElement":[{"@type":"ListItem","position":1,"name":"Accueil","item":"https:\/\/lindegger-optic.ch\/en\/home\/"},{"@type":"ListItem","position":2,"name":"Shop","item":"https:\/\/lindegger-optic.ch\/shop\/"},{"@type":"ListItem","position":3,"name":"Opti-Free ReplaniSH"}]},{"@type":"WebSite","@id":"https:\/\/lindegger-optic.ch\/#website","url":"https:\/\/lindegger-optic.ch\/","name":"Lindegger Optic, votre opticien \u00e0 Gen\u00e8ve, la meilleure qualit\u00e9 au service de votre vue","description":"","potentialAction":[{"@type":"SearchAction","target":{"@type":"EntryPoint","urlTemplate":"https:\/\/lindegger-optic.ch\/?s={search_term_string}"},"query-input":{"@type":"PropertyValueSpecification","valueRequired":true,"valueName":"search_term_string"}}],"inLanguage":"en-US"}]}},"_links":{"self":[{"href":"https:\/\/lindegger-optic.ch\/en\/wp-json\/wp\/v2\/product\/16467"}],"collection":[{"href":"https:\/\/lindegger-optic.ch\/en\/wp-json\/wp\/v2\/product"}],"about":[{"href":"https:\/\/lindegger-optic.ch\/en\/wp-json\/wp\/v2\/types\/product"}],"replies":[{"embeddable":true,"href":"https:\/\/lindegger-optic.ch\/en\/wp-json\/wp\/v2\/comments?post=16467"}],"wp:featuredmedia":[{"embeddable":true,"href":"https:\/\/lindegger-optic.ch\/en\/wp-json\/wp\/v2\/media\/13296"}],"wp:attachment":[{"href":"https:\/\/lindegger-optic.ch\/en\/wp-json\/wp\/v2\/media?parent=16467"}],"wp:term":[{"taxonomy":"product_cat","embeddable":true,"href":"https:\/\/lindegger-optic.ch\/en\/wp-json\/wp\/v2\/product_cat?post=16467"},{"taxonomy":"product_tag","embeddable":true,"href":"https:\/\/lindegger-optic.ch\/en\/wp-json\/wp\/v2\/product_tag?post=16467"}],"curies":[{"name":"wp","href":"https:\/\/api.w.org\/{rel}","templated":true}]}}