{"id":16468,"date":"2024-10-08T05:50:51","date_gmt":"2024-10-08T03:50:51","guid":{"rendered":"https:\/\/lindegger-optic.ch\/produit\/gotti-genuine-horn-bodo\/"},"modified":"2024-10-08T05:50:51","modified_gmt":"2024-10-08T03:50:51","slug":"gotti-genuine-horn-bodo","status":"publish","type":"product","link":"https:\/\/lindegger-optic.ch\/en\/produit\/gotti-genuine-horn-bodo\/","title":{"rendered":"G\u00f6tti Genuine Horn Bodo"},"content":{"rendered":"<p>The <a href=\"https:\/\/www.gotti.ch\/de\/collections\/goetti-switzerland\">G\u00f6tti Genuine Horn Bodo<\/a> frame is a unique and authentic piece of craftsmanship, <a href=\"https:\/\/www.swisshorn-eyewear.com\/naturhorn\/\">handmade<\/a> in Switzerland from genuine water buffalo horn. With its classic round shape, the frame is timeless yet contemporary. The choice of water buffalo horn gives each frame a unique, organic texture, making it an exceptional piece that stands out from all other frames. The <a href=\"https:\/\/www.gotti.ch\/de\/collections\/goetti-switzerland\">G\u00f6tti Genuine Horn Bodo<\/a> frame is also very light and comfortable to wear every day. The water buffalo horn used to make the <a href=\"https:\/\/www.gotti.ch\/de\/collections\/goetti-switzerland\">G\u00f6tti Genuine Horn Bodo<\/a> frame is a natural, renewable material, making it an ecological and sustainable choice for those seeking a frame of superior quality. The horn is also hypoallergenic, ideal for people with sensitive skin.<\/p>\n","protected":false},"excerpt":{"rendered":"<p>The <a href=\"https:\/\/www.gotti.ch\/de\/collections\/goetti-switzerland\">G\u00f6tti Genuine Horn Bodo<\/a> frame is <a href=\"https:\/\/www.swisshorn-eyewear.com\/naturhorn\/\">handcrafted<\/a> in Switzerland from genuine water buffalo horn, giving it a unique, organic texture. Its classic round shape will suit a wide range of faces, and the frame is very light and comfortable to wear. The horn used is eco-friendly and hypoallergenic, making it a sustainable choice and ideal for those with sensitive skin. The frame is an elegant and sophisticated choice for those seeking a premium option with an organic aesthetic.   <\/p>\n","protected":false},"featured_media":15837,"comment_status":"closed","ping_status":"closed","template":"","meta":{"_et_pb_use_builder":"","_et_pb_old_content":"","_et_gb_content_width":""},"product_cat":[1397],"product_tag":[1423,1403,1540,1542,1551,1450,1402,1412,1539],"class_list":{"0":"post-16468","1":"product","2":"type-product","3":"status-publish","4":"has-post-thumbnail","6":"product_cat-selection-of-the-month-glasses","7":"product_tag-eyeglasses","8":"product_tag-fashionable-glasses","9":"product_tag-frame-en-2","10":"product_tag-gotti-en","11":"product_tag-gotti-lifestyle-en","12":"product_tag-lifestyle-en","13":"product_tag-mode-en","14":"product_tag-sunglasses-and-accessories","15":"product_tag-warm-glasses","17":"first","18":"instock","19":"taxable","20":"shipping-taxable","21":"product-type-variable"},"yoast_head":"<!-- This site is optimized with the Yoast SEO plugin v23.6 - https:\/\/yoast.com\/wordpress\/plugins\/seo\/ -->\n<title>G\u00f6tti Genuine Horn Bodo Superior Genuine Horn frame.<\/title>\n<meta name=\"description\" content=\"G\u00f6tti Genuine Horn Bodo is a unique, high-quality piece made from genuine water buffalo horn. Its design is minimalist and modern.\" \/>\n<meta name=\"robots\" content=\"index, follow, max-snippet:-1, max-image-preview:large, max-video-preview:-1\" \/>\n<link rel=\"canonical\" href=\"https:\/\/lindegger-optic.ch\/en\/produit\/gotti-genuine-horn-bodo\/\" \/>\n<meta property=\"og:locale\" content=\"en_US\" \/>\n<meta property=\"og:type\" content=\"article\" \/>\n<meta property=\"og:title\" content=\"G\u00f6tti Genuine Horn Bodo Superior Genuine Horn frame.\" \/>\n<meta property=\"og:description\" content=\"G\u00f6tti Genuine Horn Bodo is a unique, high-quality piece made from genuine water buffalo horn. Its design is minimalist and modern.\" \/>\n<meta property=\"og:url\" content=\"https:\/\/lindegger-optic.ch\/en\/produit\/gotti-genuine-horn-bodo\/\" \/>\n<meta property=\"og:site_name\" content=\"Lindegger Optic, votre opticien \u00e0 Gen\u00e8ve, la meilleure qualit\u00e9 au service de votre vue\" \/>\n<meta property=\"og:image\" content=\"https:\/\/lindegger-optic.ch\/wp-content\/uploads\/BODO-Brun-fonce.jpg\" \/>\n\t<meta property=\"og:image:width\" content=\"1024\" \/>\n\t<meta property=\"og:image:height\" content=\"409\" \/>\n\t<meta property=\"og:image:type\" content=\"image\/jpeg\" \/>\n<meta name=\"twitter:card\" content=\"summary_large_image\" \/>\n<meta name=\"twitter:label1\" content=\"Est. reading time\" \/>\n\t<meta name=\"twitter:data1\" content=\"1 minute\" \/>\n<script type=\"application\/ld+json\" class=\"yoast-schema-graph\">{\"@context\":\"https:\/\/schema.org\",\"@graph\":[{\"@type\":\"WebPage\",\"@id\":\"https:\/\/lindegger-optic.ch\/en\/produit\/gotti-genuine-horn-bodo\/\",\"url\":\"https:\/\/lindegger-optic.ch\/en\/produit\/gotti-genuine-horn-bodo\/\",\"name\":\"G\u00f6tti Genuine Horn Bodo Superior Genuine Horn frame.\",\"isPartOf\":{\"@id\":\"https:\/\/lindegger-optic.ch\/#website\"},\"primaryImageOfPage\":{\"@id\":\"https:\/\/lindegger-optic.ch\/en\/produit\/gotti-genuine-horn-bodo\/#primaryimage\"},\"image\":{\"@id\":\"https:\/\/lindegger-optic.ch\/en\/produit\/gotti-genuine-horn-bodo\/#primaryimage\"},\"thumbnailUrl\":\"https:\/\/lindegger-optic.ch\/wp-content\/uploads\/BODO-Brun-fonce.jpg\",\"datePublished\":\"2024-10-08T03:50:51+00:00\",\"dateModified\":\"2024-10-08T03:50:51+00:00\",\"description\":\"G\u00f6tti Genuine Horn Bodo is a unique, high-quality piece made from genuine water buffalo horn. Its design is minimalist and modern.\",\"breadcrumb\":{\"@id\":\"https:\/\/lindegger-optic.ch\/en\/produit\/gotti-genuine-horn-bodo\/#breadcrumb\"},\"inLanguage\":\"en-US\",\"potentialAction\":[{\"@type\":\"ReadAction\",\"target\":[\"https:\/\/lindegger-optic.ch\/en\/produit\/gotti-genuine-horn-bodo\/\"]}]},{\"@type\":\"ImageObject\",\"inLanguage\":\"en-US\",\"@id\":\"https:\/\/lindegger-optic.ch\/en\/produit\/gotti-genuine-horn-bodo\/#primaryimage\",\"url\":\"https:\/\/lindegger-optic.ch\/wp-content\/uploads\/BODO-Brun-fonce.jpg\",\"contentUrl\":\"https:\/\/lindegger-optic.ch\/wp-content\/uploads\/BODO-Brun-fonce.jpg\",\"width\":1024,\"height\":409,\"caption\":\"Un classique intemporel : la monture G\u00f6tti Genuine Horn Bodo est un mariage parfait de la nature et de l'\u00e9l\u00e9gance. Fabriqu\u00e9e \u00e0 la main \u00e0 partir de corne v\u00e9ritable, chaque monture est unique avec une texture organique distincte. Avec sa forme rectangulaire arrondie et ses charni\u00e8res haut de gamme, cette monture l\u00e9g\u00e8re est un choix raffin\u00e9 pour ceux qui cherchent \u00e0 ajouter une touche de sophistication naturelle \u00e0 leur style\"},{\"@type\":\"BreadcrumbList\",\"@id\":\"https:\/\/lindegger-optic.ch\/en\/produit\/gotti-genuine-horn-bodo\/#breadcrumb\",\"itemListElement\":[{\"@type\":\"ListItem\",\"position\":1,\"name\":\"Accueil\",\"item\":\"https:\/\/lindegger-optic.ch\/en\/home\/\"},{\"@type\":\"ListItem\",\"position\":2,\"name\":\"Shop\",\"item\":\"https:\/\/lindegger-optic.ch\/shop\/\"},{\"@type\":\"ListItem\",\"position\":3,\"name\":\"G\u00f6tti Genuine Horn Bodo\"}]},{\"@type\":\"WebSite\",\"@id\":\"https:\/\/lindegger-optic.ch\/#website\",\"url\":\"https:\/\/lindegger-optic.ch\/\",\"name\":\"Lindegger Optic, votre opticien \u00e0 Gen\u00e8ve, la meilleure qualit\u00e9 au service de votre vue\",\"description\":\"\",\"potentialAction\":[{\"@type\":\"SearchAction\",\"target\":{\"@type\":\"EntryPoint\",\"urlTemplate\":\"https:\/\/lindegger-optic.ch\/?s={search_term_string}\"},\"query-input\":{\"@type\":\"PropertyValueSpecification\",\"valueRequired\":true,\"valueName\":\"search_term_string\"}}],\"inLanguage\":\"en-US\"}]}<\/script>\n<!-- \/ Yoast SEO plugin. -->","yoast_head_json":{"title":"G\u00f6tti Genuine Horn Bodo Superior Genuine Horn frame.","description":"G\u00f6tti Genuine Horn Bodo is a unique, high-quality piece made from genuine water buffalo horn. Its design is minimalist and modern.","robots":{"index":"index","follow":"follow","max-snippet":"max-snippet:-1","max-image-preview":"max-image-preview:large","max-video-preview":"max-video-preview:-1"},"canonical":"https:\/\/lindegger-optic.ch\/en\/produit\/gotti-genuine-horn-bodo\/","og_locale":"en_US","og_type":"article","og_title":"G\u00f6tti Genuine Horn Bodo Superior Genuine Horn frame.","og_description":"G\u00f6tti Genuine Horn Bodo is a unique, high-quality piece made from genuine water buffalo horn. Its design is minimalist and modern.","og_url":"https:\/\/lindegger-optic.ch\/en\/produit\/gotti-genuine-horn-bodo\/","og_site_name":"Lindegger Optic, votre opticien \u00e0 Gen\u00e8ve, la meilleure qualit\u00e9 au service de votre vue","og_image":[{"width":1024,"height":409,"url":"https:\/\/lindegger-optic.ch\/wp-content\/uploads\/BODO-Brun-fonce.jpg","type":"image\/jpeg"}],"twitter_card":"summary_large_image","twitter_misc":{"Est. reading time":"1 minute"},"schema":{"@context":"https:\/\/schema.org","@graph":[{"@type":"WebPage","@id":"https:\/\/lindegger-optic.ch\/en\/produit\/gotti-genuine-horn-bodo\/","url":"https:\/\/lindegger-optic.ch\/en\/produit\/gotti-genuine-horn-bodo\/","name":"G\u00f6tti Genuine Horn Bodo Superior Genuine Horn frame.","isPartOf":{"@id":"https:\/\/lindegger-optic.ch\/#website"},"primaryImageOfPage":{"@id":"https:\/\/lindegger-optic.ch\/en\/produit\/gotti-genuine-horn-bodo\/#primaryimage"},"image":{"@id":"https:\/\/lindegger-optic.ch\/en\/produit\/gotti-genuine-horn-bodo\/#primaryimage"},"thumbnailUrl":"https:\/\/lindegger-optic.ch\/wp-content\/uploads\/BODO-Brun-fonce.jpg","datePublished":"2024-10-08T03:50:51+00:00","dateModified":"2024-10-08T03:50:51+00:00","description":"G\u00f6tti Genuine Horn Bodo is a unique, high-quality piece made from genuine water buffalo horn. Its design is minimalist and modern.","breadcrumb":{"@id":"https:\/\/lindegger-optic.ch\/en\/produit\/gotti-genuine-horn-bodo\/#breadcrumb"},"inLanguage":"en-US","potentialAction":[{"@type":"ReadAction","target":["https:\/\/lindegger-optic.ch\/en\/produit\/gotti-genuine-horn-bodo\/"]}]},{"@type":"ImageObject","inLanguage":"en-US","@id":"https:\/\/lindegger-optic.ch\/en\/produit\/gotti-genuine-horn-bodo\/#primaryimage","url":"https:\/\/lindegger-optic.ch\/wp-content\/uploads\/BODO-Brun-fonce.jpg","contentUrl":"https:\/\/lindegger-optic.ch\/wp-content\/uploads\/BODO-Brun-fonce.jpg","width":1024,"height":409,"caption":"Un classique intemporel : la monture G\u00f6tti Genuine Horn Bodo est un mariage parfait de la nature et de l'\u00e9l\u00e9gance. Fabriqu\u00e9e \u00e0 la main \u00e0 partir de corne v\u00e9ritable, chaque monture est unique avec une texture organique distincte. Avec sa forme rectangulaire arrondie et ses charni\u00e8res haut de gamme, cette monture l\u00e9g\u00e8re est un choix raffin\u00e9 pour ceux qui cherchent \u00e0 ajouter une touche de sophistication naturelle \u00e0 leur style"},{"@type":"BreadcrumbList","@id":"https:\/\/lindegger-optic.ch\/en\/produit\/gotti-genuine-horn-bodo\/#breadcrumb","itemListElement":[{"@type":"ListItem","position":1,"name":"Accueil","item":"https:\/\/lindegger-optic.ch\/en\/home\/"},{"@type":"ListItem","position":2,"name":"Shop","item":"https:\/\/lindegger-optic.ch\/shop\/"},{"@type":"ListItem","position":3,"name":"G\u00f6tti Genuine Horn Bodo"}]},{"@type":"WebSite","@id":"https:\/\/lindegger-optic.ch\/#website","url":"https:\/\/lindegger-optic.ch\/","name":"Lindegger Optic, votre opticien \u00e0 Gen\u00e8ve, la meilleure qualit\u00e9 au service de votre vue","description":"","potentialAction":[{"@type":"SearchAction","target":{"@type":"EntryPoint","urlTemplate":"https:\/\/lindegger-optic.ch\/?s={search_term_string}"},"query-input":{"@type":"PropertyValueSpecification","valueRequired":true,"valueName":"search_term_string"}}],"inLanguage":"en-US"}]}},"_links":{"self":[{"href":"https:\/\/lindegger-optic.ch\/en\/wp-json\/wp\/v2\/product\/16468"}],"collection":[{"href":"https:\/\/lindegger-optic.ch\/en\/wp-json\/wp\/v2\/product"}],"about":[{"href":"https:\/\/lindegger-optic.ch\/en\/wp-json\/wp\/v2\/types\/product"}],"replies":[{"embeddable":true,"href":"https:\/\/lindegger-optic.ch\/en\/wp-json\/wp\/v2\/comments?post=16468"}],"wp:featuredmedia":[{"embeddable":true,"href":"https:\/\/lindegger-optic.ch\/en\/wp-json\/wp\/v2\/media\/15837"}],"wp:attachment":[{"href":"https:\/\/lindegger-optic.ch\/en\/wp-json\/wp\/v2\/media?parent=16468"}],"wp:term":[{"taxonomy":"product_cat","embeddable":true,"href":"https:\/\/lindegger-optic.ch\/en\/wp-json\/wp\/v2\/product_cat?post=16468"},{"taxonomy":"product_tag","embeddable":true,"href":"https:\/\/lindegger-optic.ch\/en\/wp-json\/wp\/v2\/product_tag?post=16468"}],"curies":[{"name":"wp","href":"https:\/\/api.w.org\/{rel}","templated":true}]}}