{"id":16471,"date":"2024-10-08T05:50:51","date_gmt":"2024-10-08T03:50:51","guid":{"rendered":"https:\/\/lindegger-optic.ch\/produit\/futuro-soft-1\/"},"modified":"2024-10-08T05:50:51","modified_gmt":"2024-10-08T03:50:51","slug":"futuro-soft-1","status":"publish","type":"product","link":"https:\/\/lindegger-optic.ch\/en\/produit\/futuro-soft-1\/","title":{"rendered":"Futuro Soft 1"},"content":{"rendered":"<div class=\"flex-1 overflow-hidden\">\n<div class=\"react-scroll-to-bottom--css-ncahw-79elbk h-full dark:bg-gray-800\">\n<div class=\"react-scroll-to-bottom--css-ncahw-1n7m0yu\">\n<div class=\"flex flex-col text-sm dark:bg-gray-800\">\n<div class=\"group w-full text-token-text-primary border-b border-black\/10 dark:border-gray-900\/50 bg-gray-50 dark:bg-[#444654]\" data-testid=\"conversation-turn-5\">\n<div class=\"p-4 justify-center text-base md:gap-6 md:py-6 lg:px-0 m-auto\">\n<div class=\"flex flex-1 gap-4 text-base mx-auto md:gap-6 md:max-w-2xl lg:max-w-[38rem] xl:max-w-3xl }\">\n<div class=\"relative flex w-[calc(100%-50px)] flex-col gap-1 md:gap-3 lg:w-[calc(100%-115px)]\">\n<div class=\"flex flex-grow flex-col gap-3 max-w-full\">\n<div class=\"min-h-[20px] flex flex-col items-start gap-3 overflow-x-auto whitespace-pre-wrap break-words\">\n<div class=\"markdown prose w-full break-words dark:prose-invert light\">\n<p>FUTURO SOFT 1 is an innovative cleaning solution designed specifically for soft contact lenses. Its two-phase formulation offers a complete approach to cleaning and disinfection. By opting for this all-in-one product, you avoid potential contamination by undesirable agents such as fungi, bacteria or resistant viruses. What sets FUTURO SOFT 1 apart is its 3% peroxide active ingredient, making it the ultimate cleaning and disinfecting solution for soft lenses. To ensure safe and effective use, it&#8217;s crucial to always wash your hands thoroughly before handling your contact lenses. Here&#8217;s how to use FUTURO SOFT 1 :  <\/p>\n<ol>\n<li>By practicing rigorous <a href=\"https:\/\/lindegger-optic.ch\/conseils-pour-lutilisation-des-lentilles-de-contact-pendant-le-covid-19-2\/\">hygiene<\/a>, you can reduce the risk of eye infections and complications associated with contact lens use. To find out more, follow our advice: <a href=\"https:\/\/lindegger-optic.ch\/conseils-pour-lutilisation-des-lentilles-de-contact-pendant-le-covid-19-2\/\">click here<\/a> <\/li>\n<li>Fill the lens case to the mark with FUTURO SOFT 1.<\/li>\n<li>Insert the lenses into the case, then carefully screw the case on.<\/li>\n<li>Leave lenses in FUTURO SOFT 1 for at least 20 minutes, or overnight.<\/li>\n<li>Once the time has elapsed, empty the solution without rinsing the case.<\/li>\n<li>To neutralize lenses, use <a href=\"https:\/\/lindegger-optic.ch\/produit\/futuro-soft-2a\/\">FUTURO SOFT 2.<\/a><\/li>\n<\/ol>\n<p>This cleaning and disinfection method ensures a clean and comfortable contact lens wearing experience, while helping to preserve eye health. For further information and advice on using FUTURO SOFT 1, please consult the instructions provided by the manufacturer or contact us directly. <\/p>\n<\/div>\n<\/div>\n<\/div>\n<div class=\"flex justify-between lg:block\">\n<div class=\"text-gray-400 flex self-end lg:self-center justify-center mt-2 gap-2 md:gap-3 lg:gap-1 lg:absolute lg:top-0 lg:translate-x-full lg:right-0 lg:mt-0 lg:pl-2 visible\">\n<p>&nbsp;<\/p>\n<div class=\"flex gap-1\"><\/div>\n<\/div>\n<\/div>\n<\/div>\n<\/div>\n<\/div>\n<\/div>\n<div class=\"h-32 md:h-48 flex-shrink-0\"><\/div>\n<\/div>\n<\/div>\n<\/div>\n<\/div>\n<div class=\"absolute bottom-0 left-0 w-full border-t md:border-t-0 dark:border-white\/20 md:border-transparent md:dark:border-transparent md:bg-vert-light-gradient bg-white dark:bg-gray-800 md:!bg-transparent dark:md:bg-vert-dark-gradient pt-2 md:pl-2 md:w-[calc(100%-.5rem)]\">\n<form class=\"stretch mx-2 flex flex-row gap-3 last:mb-2 md:mx-4 md:last:mb-6 lg:mx-auto lg:max-w-2xl xl:max-w-3xl\">\n<div class=\"relative flex h-full flex-1 items-stretch md:flex-col\">\n<div>\n<div class=\"h-full flex ml-1 md:w-full md:m-auto md:mb-4 gap-0 md:gap-2 justify-center\"><\/div>\n<\/div>\n<\/div>\n<\/form>\n<\/div>\n","protected":false},"excerpt":{"rendered":"<p>FUTURO SOFT 1 is a revolutionary cleaning solution for soft contact lenses. With its two-phase formula and powerful 3% peroxide active ingredient, it ensures thorough cleaning and optimal disinfection. This all-in-one solution prevents contamination by unwanted micro-organisms such as resistant fungi, bacteria and viruses. Following the instructions, you fill the case with FUTURO SOFT 1, leave the lenses to stand for at least 20 minutes, then neutralize them with <a href=\"https:\/\/lindegger-optic.ch\/produit\/futuro-soft-2a\/\">FUTURO SOFT 2.<\/a> A guarantee of cleanliness, comfort and ocular health for lens wearers.   <\/p>\n","protected":false},"featured_media":16002,"comment_status":"closed","ping_status":"closed","template":"","meta":{"_et_pb_use_builder":"","_et_pb_old_content":"","_et_gb_content_width":""},"product_cat":[1387],"product_tag":[],"class_list":{"0":"post-16471","1":"product","2":"type-product","3":"status-publish","4":"has-post-thumbnail","6":"product_cat-contact-lens","8":"first","9":"instock","10":"taxable","11":"shipping-taxable","12":"product-type-simple"},"yoast_head":"<!-- This site is optimized with the Yoast SEO plugin v23.6 - https:\/\/yoast.com\/wordpress\/plugins\/seo\/ -->\n<title>Futuro Soft 1 Cleaning Solution for Soft Lenses<\/title>\n<meta name=\"description\" content=\"Futuro Soft 1 Advanced solution for soft lenses. Two-phase cleaning, 3% peroxide. Optimized cleanliness and comfort.\" \/>\n<meta name=\"robots\" content=\"index, follow, max-snippet:-1, max-image-preview:large, max-video-preview:-1\" \/>\n<link rel=\"canonical\" href=\"https:\/\/lindegger-optic.ch\/en\/produit\/futuro-soft-1\/\" \/>\n<meta property=\"og:locale\" content=\"en_US\" \/>\n<meta property=\"og:type\" content=\"article\" \/>\n<meta property=\"og:title\" content=\"Futuro Soft 1 Cleaning Solution for Soft Lenses\" \/>\n<meta property=\"og:description\" content=\"Futuro Soft 1 Advanced solution for soft lenses. Two-phase cleaning, 3% peroxide. Optimized cleanliness and comfort.\" \/>\n<meta property=\"og:url\" content=\"https:\/\/lindegger-optic.ch\/en\/produit\/futuro-soft-1\/\" \/>\n<meta property=\"og:site_name\" content=\"Lindegger Optic, votre opticien \u00e0 Gen\u00e8ve, la meilleure qualit\u00e9 au service de votre vue\" \/>\n<meta property=\"og:image\" content=\"https:\/\/lindegger-optic.ch\/wp-content\/uploads\/Futuro-soft-1-250ml.jpg\" \/>\n\t<meta property=\"og:image:width\" content=\"1067\" \/>\n\t<meta property=\"og:image:height\" content=\"600\" \/>\n\t<meta property=\"og:image:type\" content=\"image\/jpeg\" \/>\n<meta name=\"twitter:card\" content=\"summary_large_image\" \/>\n<meta name=\"twitter:label1\" content=\"Est. reading time\" \/>\n\t<meta name=\"twitter:data1\" content=\"1 minute\" \/>\n<script type=\"application\/ld+json\" class=\"yoast-schema-graph\">{\"@context\":\"https:\/\/schema.org\",\"@graph\":[{\"@type\":\"WebPage\",\"@id\":\"https:\/\/lindegger-optic.ch\/en\/produit\/futuro-soft-1\/\",\"url\":\"https:\/\/lindegger-optic.ch\/en\/produit\/futuro-soft-1\/\",\"name\":\"Futuro Soft 1 Cleaning Solution for Soft Lenses\",\"isPartOf\":{\"@id\":\"https:\/\/lindegger-optic.ch\/#website\"},\"primaryImageOfPage\":{\"@id\":\"https:\/\/lindegger-optic.ch\/en\/produit\/futuro-soft-1\/#primaryimage\"},\"image\":{\"@id\":\"https:\/\/lindegger-optic.ch\/en\/produit\/futuro-soft-1\/#primaryimage\"},\"thumbnailUrl\":\"https:\/\/lindegger-optic.ch\/wp-content\/uploads\/Futuro-soft-1-250ml.jpg\",\"datePublished\":\"2024-10-08T03:50:51+00:00\",\"dateModified\":\"2024-10-08T03:50:51+00:00\",\"description\":\"Futuro Soft 1 Advanced solution for soft lenses. Two-phase cleaning, 3% peroxide. Optimized cleanliness and comfort.\",\"breadcrumb\":{\"@id\":\"https:\/\/lindegger-optic.ch\/en\/produit\/futuro-soft-1\/#breadcrumb\"},\"inLanguage\":\"en-US\",\"potentialAction\":[{\"@type\":\"ReadAction\",\"target\":[\"https:\/\/lindegger-optic.ch\/en\/produit\/futuro-soft-1\/\"]}]},{\"@type\":\"ImageObject\",\"inLanguage\":\"en-US\",\"@id\":\"https:\/\/lindegger-optic.ch\/en\/produit\/futuro-soft-1\/#primaryimage\",\"url\":\"https:\/\/lindegger-optic.ch\/wp-content\/uploads\/Futuro-soft-1-250ml.jpg\",\"contentUrl\":\"https:\/\/lindegger-optic.ch\/wp-content\/uploads\/Futuro-soft-1-250ml.jpg\",\"width\":1067,\"height\":600,\"caption\":\"La solution FUTURO SOFT 1 : votre alli\u00e9e pour des lentilles de contact souples d'une propret\u00e9 in\u00e9gal\u00e9e. Sa formule \u00e0 deux phases avec peroxyde 3% offre une d\u00e9sinfection puissante. Adoptez le nettoyage nouvelle g\u00e9n\u00e9ration pour des lentilles impeccables et un confort optimal.\"},{\"@type\":\"BreadcrumbList\",\"@id\":\"https:\/\/lindegger-optic.ch\/en\/produit\/futuro-soft-1\/#breadcrumb\",\"itemListElement\":[{\"@type\":\"ListItem\",\"position\":1,\"name\":\"Accueil\",\"item\":\"https:\/\/lindegger-optic.ch\/en\/home\/\"},{\"@type\":\"ListItem\",\"position\":2,\"name\":\"Shop\",\"item\":\"https:\/\/lindegger-optic.ch\/shop\/\"},{\"@type\":\"ListItem\",\"position\":3,\"name\":\"Futuro Soft 1\"}]},{\"@type\":\"WebSite\",\"@id\":\"https:\/\/lindegger-optic.ch\/#website\",\"url\":\"https:\/\/lindegger-optic.ch\/\",\"name\":\"Lindegger Optic, votre opticien \u00e0 Gen\u00e8ve, la meilleure qualit\u00e9 au service de votre vue\",\"description\":\"\",\"potentialAction\":[{\"@type\":\"SearchAction\",\"target\":{\"@type\":\"EntryPoint\",\"urlTemplate\":\"https:\/\/lindegger-optic.ch\/?s={search_term_string}\"},\"query-input\":{\"@type\":\"PropertyValueSpecification\",\"valueRequired\":true,\"valueName\":\"search_term_string\"}}],\"inLanguage\":\"en-US\"}]}<\/script>\n<!-- \/ Yoast SEO plugin. -->","yoast_head_json":{"title":"Futuro Soft 1 Cleaning Solution for Soft Lenses","description":"Futuro Soft 1 Advanced solution for soft lenses. Two-phase cleaning, 3% peroxide. Optimized cleanliness and comfort.","robots":{"index":"index","follow":"follow","max-snippet":"max-snippet:-1","max-image-preview":"max-image-preview:large","max-video-preview":"max-video-preview:-1"},"canonical":"https:\/\/lindegger-optic.ch\/en\/produit\/futuro-soft-1\/","og_locale":"en_US","og_type":"article","og_title":"Futuro Soft 1 Cleaning Solution for Soft Lenses","og_description":"Futuro Soft 1 Advanced solution for soft lenses. Two-phase cleaning, 3% peroxide. Optimized cleanliness and comfort.","og_url":"https:\/\/lindegger-optic.ch\/en\/produit\/futuro-soft-1\/","og_site_name":"Lindegger Optic, votre opticien \u00e0 Gen\u00e8ve, la meilleure qualit\u00e9 au service de votre vue","og_image":[{"width":1067,"height":600,"url":"https:\/\/lindegger-optic.ch\/wp-content\/uploads\/Futuro-soft-1-250ml.jpg","type":"image\/jpeg"}],"twitter_card":"summary_large_image","twitter_misc":{"Est. reading time":"1 minute"},"schema":{"@context":"https:\/\/schema.org","@graph":[{"@type":"WebPage","@id":"https:\/\/lindegger-optic.ch\/en\/produit\/futuro-soft-1\/","url":"https:\/\/lindegger-optic.ch\/en\/produit\/futuro-soft-1\/","name":"Futuro Soft 1 Cleaning Solution for Soft Lenses","isPartOf":{"@id":"https:\/\/lindegger-optic.ch\/#website"},"primaryImageOfPage":{"@id":"https:\/\/lindegger-optic.ch\/en\/produit\/futuro-soft-1\/#primaryimage"},"image":{"@id":"https:\/\/lindegger-optic.ch\/en\/produit\/futuro-soft-1\/#primaryimage"},"thumbnailUrl":"https:\/\/lindegger-optic.ch\/wp-content\/uploads\/Futuro-soft-1-250ml.jpg","datePublished":"2024-10-08T03:50:51+00:00","dateModified":"2024-10-08T03:50:51+00:00","description":"Futuro Soft 1 Advanced solution for soft lenses. Two-phase cleaning, 3% peroxide. Optimized cleanliness and comfort.","breadcrumb":{"@id":"https:\/\/lindegger-optic.ch\/en\/produit\/futuro-soft-1\/#breadcrumb"},"inLanguage":"en-US","potentialAction":[{"@type":"ReadAction","target":["https:\/\/lindegger-optic.ch\/en\/produit\/futuro-soft-1\/"]}]},{"@type":"ImageObject","inLanguage":"en-US","@id":"https:\/\/lindegger-optic.ch\/en\/produit\/futuro-soft-1\/#primaryimage","url":"https:\/\/lindegger-optic.ch\/wp-content\/uploads\/Futuro-soft-1-250ml.jpg","contentUrl":"https:\/\/lindegger-optic.ch\/wp-content\/uploads\/Futuro-soft-1-250ml.jpg","width":1067,"height":600,"caption":"La solution FUTURO SOFT 1 : votre alli\u00e9e pour des lentilles de contact souples d'une propret\u00e9 in\u00e9gal\u00e9e. Sa formule \u00e0 deux phases avec peroxyde 3% offre une d\u00e9sinfection puissante. Adoptez le nettoyage nouvelle g\u00e9n\u00e9ration pour des lentilles impeccables et un confort optimal."},{"@type":"BreadcrumbList","@id":"https:\/\/lindegger-optic.ch\/en\/produit\/futuro-soft-1\/#breadcrumb","itemListElement":[{"@type":"ListItem","position":1,"name":"Accueil","item":"https:\/\/lindegger-optic.ch\/en\/home\/"},{"@type":"ListItem","position":2,"name":"Shop","item":"https:\/\/lindegger-optic.ch\/shop\/"},{"@type":"ListItem","position":3,"name":"Futuro Soft 1"}]},{"@type":"WebSite","@id":"https:\/\/lindegger-optic.ch\/#website","url":"https:\/\/lindegger-optic.ch\/","name":"Lindegger Optic, votre opticien \u00e0 Gen\u00e8ve, la meilleure qualit\u00e9 au service de votre vue","description":"","potentialAction":[{"@type":"SearchAction","target":{"@type":"EntryPoint","urlTemplate":"https:\/\/lindegger-optic.ch\/?s={search_term_string}"},"query-input":{"@type":"PropertyValueSpecification","valueRequired":true,"valueName":"search_term_string"}}],"inLanguage":"en-US"}]}},"_links":{"self":[{"href":"https:\/\/lindegger-optic.ch\/en\/wp-json\/wp\/v2\/product\/16471"}],"collection":[{"href":"https:\/\/lindegger-optic.ch\/en\/wp-json\/wp\/v2\/product"}],"about":[{"href":"https:\/\/lindegger-optic.ch\/en\/wp-json\/wp\/v2\/types\/product"}],"replies":[{"embeddable":true,"href":"https:\/\/lindegger-optic.ch\/en\/wp-json\/wp\/v2\/comments?post=16471"}],"wp:featuredmedia":[{"embeddable":true,"href":"https:\/\/lindegger-optic.ch\/en\/wp-json\/wp\/v2\/media\/16002"}],"wp:attachment":[{"href":"https:\/\/lindegger-optic.ch\/en\/wp-json\/wp\/v2\/media?parent=16471"}],"wp:term":[{"taxonomy":"product_cat","embeddable":true,"href":"https:\/\/lindegger-optic.ch\/en\/wp-json\/wp\/v2\/product_cat?post=16471"},{"taxonomy":"product_tag","embeddable":true,"href":"https:\/\/lindegger-optic.ch\/en\/wp-json\/wp\/v2\/product_tag?post=16471"}],"curies":[{"name":"wp","href":"https:\/\/api.w.org\/{rel}","templated":true}]}}