{"id":16483,"date":"2024-10-08T05:50:53","date_gmt":"2024-10-08T03:50:53","guid":{"rendered":"https:\/\/lindegger-optic.ch\/produit\/opti-free-express\/"},"modified":"2024-10-08T05:50:53","modified_gmt":"2024-10-08T03:50:53","slug":"opti-free-express","status":"publish","type":"product","link":"https:\/\/lindegger-optic.ch\/en\/produit\/opti-free-express\/","title":{"rendered":"Opti-Free Express"},"content":{"rendered":"<p><a href=\"https:\/\/www.wearlenses.ch\/fr-CH\/contact-lens-types\/contact-lens-solutions\/opti-free-puremoist\">Opti-Free Express<\/a> is a cleaning solution for soft contact lenses designed for daily use. This product provides deep cleaning and hydration for extended comfort throughout the day. Available in a 360 ml bottle, <a href=\"https:\/\/www.wearlenses.ch\/fr-CH\/contact-lens-types\/contact-lens-solutions\/opti-free-puremoist\">Opti-Free Express<\/a> is easy to use and a popular choice for<a href=\"https:\/\/lindegger-optic.ch\/cat%C3%A9gorie-de-produit\/lentilles-de-contact\/\"> soft contact lens<\/a> wearers<a href=\"https:\/\/lindegger-optic.ch\/cat%C3%A9gorie-de-produit\/lentilles-de-contact\/\">.<\/a>  <\/p>\n<ul>\n<li>Multifunctional product for contact lenses.<\/li>\n<li>Ideal for daily cleaning, disinfects and preserves your lenses.<\/li>\n<li>Ideal cleaning for 6 hours.<\/li>\n<li>Great comfort all day long: your lenses are wrapped in a film of moisture from morning to night.<\/li>\n<\/ul>\n<p>Recommendations:<br \/>\nwash and dry hands thoroughly. Remember to work in a clean, dry space.<\/p>\n<p>What&#8217;s more, it can be used in conjunction with an <a href=\"https:\/\/lindegger-optic.ch\/cat%C3%A9gorie-de-produit\/produit-de-lentilles-de-contact\/larmes-artificielles\/\">artificial tear<\/a> solution for extra comfort during the day.<\/p>\n","protected":false},"excerpt":{"rendered":"<p><a href=\"https:\/\/www.wearlenses.ch\/fr-CH\/contact-lens-types\/contact-lens-solutions\/opti-free-puremoist\">Opti-Free Express<\/a> is a cleaning solution for soft contact lenses. It features a triple-action formula that cleans, disinfects and preserves lenses, guaranteeing optimal eye hygiene. This solution is suitable for all <a href=\"https:\/\/lindegger-optic.ch\/cat%C3%A9gorie-de-produit\/lentilles-de-contact\/\">soft contact lenses<\/a> and can be used daily for comfortable, worry-free lens wear.  <\/p>\n","protected":false},"featured_media":13298,"comment_status":"closed","ping_status":"closed","template":"","meta":{"_et_pb_use_builder":"","_et_pb_old_content":"","_et_gb_content_width":""},"product_cat":[1394],"product_tag":[1550],"class_list":{"0":"post-16483","1":"product","2":"type-product","3":"status-publish","4":"has-post-thumbnail","6":"product_cat-soft-contact-lenses-product","7":"product_tag-opti-free-replenish-en","9":"first","10":"instock","11":"taxable","12":"shipping-taxable","13":"product-type-variable"},"yoast_head":"<!-- This site is optimized with the Yoast SEO plugin v23.6 - https:\/\/yoast.com\/wordpress\/plugins\/seo\/ -->\n<title>Achetez Opti-Free Express chez Lindegger Optique<\/title>\n<meta name=\"description\" content=\"Buy Opti-Free Express Multifunctional storage, decontamination and rinsing solution for soft contact lenses.\" \/>\n<meta name=\"robots\" content=\"index, follow, max-snippet:-1, max-image-preview:large, max-video-preview:-1\" \/>\n<link rel=\"canonical\" href=\"https:\/\/lindegger-optic.ch\/en\/produit\/opti-free-express\/\" \/>\n<meta property=\"og:locale\" content=\"en_US\" \/>\n<meta property=\"og:type\" content=\"article\" \/>\n<meta property=\"og:title\" content=\"Achetez Opti-Free Express chez Lindegger Optique\" \/>\n<meta property=\"og:description\" content=\"Buy Opti-Free Express Multifunctional storage, decontamination and rinsing solution for soft contact lenses.\" \/>\n<meta property=\"og:url\" content=\"https:\/\/lindegger-optic.ch\/en\/produit\/opti-free-express\/\" \/>\n<meta property=\"og:site_name\" content=\"Lindegger Optic, votre opticien \u00e0 Gen\u00e8ve, la meilleure qualit\u00e9 au service de votre vue\" \/>\n<meta property=\"og:image\" content=\"https:\/\/lindegger-optic.ch\/wp-content\/uploads\/Opti-Free-Express-355ml.jpg\" \/>\n\t<meta property=\"og:image:width\" content=\"1000\" \/>\n\t<meta property=\"og:image:height\" content=\"700\" \/>\n\t<meta property=\"og:image:type\" content=\"image\/jpeg\" \/>\n<meta name=\"twitter:card\" content=\"summary_large_image\" \/>\n<meta name=\"twitter:label1\" content=\"Est. reading time\" \/>\n\t<meta name=\"twitter:data1\" content=\"1 minute\" \/>\n<script type=\"application\/ld+json\" class=\"yoast-schema-graph\">{\"@context\":\"https:\/\/schema.org\",\"@graph\":[{\"@type\":\"WebPage\",\"@id\":\"https:\/\/lindegger-optic.ch\/en\/produit\/opti-free-express\/\",\"url\":\"https:\/\/lindegger-optic.ch\/en\/produit\/opti-free-express\/\",\"name\":\"Achetez Opti-Free Express chez Lindegger Optique\",\"isPartOf\":{\"@id\":\"https:\/\/lindegger-optic.ch\/#website\"},\"primaryImageOfPage\":{\"@id\":\"https:\/\/lindegger-optic.ch\/en\/produit\/opti-free-express\/#primaryimage\"},\"image\":{\"@id\":\"https:\/\/lindegger-optic.ch\/en\/produit\/opti-free-express\/#primaryimage\"},\"thumbnailUrl\":\"https:\/\/lindegger-optic.ch\/wp-content\/uploads\/Opti-Free-Express-355ml.jpg\",\"datePublished\":\"2024-10-08T03:50:53+00:00\",\"dateModified\":\"2024-10-08T03:50:53+00:00\",\"description\":\"Buy Opti-Free Express Multifunctional storage, decontamination and rinsing solution for soft contact lenses.\",\"breadcrumb\":{\"@id\":\"https:\/\/lindegger-optic.ch\/en\/produit\/opti-free-express\/#breadcrumb\"},\"inLanguage\":\"en-US\",\"potentialAction\":[{\"@type\":\"ReadAction\",\"target\":[\"https:\/\/lindegger-optic.ch\/en\/produit\/opti-free-express\/\"]}]},{\"@type\":\"ImageObject\",\"inLanguage\":\"en-US\",\"@id\":\"https:\/\/lindegger-optic.ch\/en\/produit\/opti-free-express\/#primaryimage\",\"url\":\"https:\/\/lindegger-optic.ch\/wp-content\/uploads\/Opti-Free-Express-355ml.jpg\",\"contentUrl\":\"https:\/\/lindegger-optic.ch\/wp-content\/uploads\/Opti-Free-Express-355ml.jpg\",\"width\":1000,\"height\":700,\"caption\":\"Opti-Free-Express-355ml\"},{\"@type\":\"BreadcrumbList\",\"@id\":\"https:\/\/lindegger-optic.ch\/en\/produit\/opti-free-express\/#breadcrumb\",\"itemListElement\":[{\"@type\":\"ListItem\",\"position\":1,\"name\":\"Accueil\",\"item\":\"https:\/\/lindegger-optic.ch\/en\/home\/\"},{\"@type\":\"ListItem\",\"position\":2,\"name\":\"Shop\",\"item\":\"https:\/\/lindegger-optic.ch\/shop\/\"},{\"@type\":\"ListItem\",\"position\":3,\"name\":\"Opti-Free Express\"}]},{\"@type\":\"WebSite\",\"@id\":\"https:\/\/lindegger-optic.ch\/#website\",\"url\":\"https:\/\/lindegger-optic.ch\/\",\"name\":\"Lindegger Optic, votre opticien \u00e0 Gen\u00e8ve, la meilleure qualit\u00e9 au service de votre vue\",\"description\":\"\",\"potentialAction\":[{\"@type\":\"SearchAction\",\"target\":{\"@type\":\"EntryPoint\",\"urlTemplate\":\"https:\/\/lindegger-optic.ch\/?s={search_term_string}\"},\"query-input\":{\"@type\":\"PropertyValueSpecification\",\"valueRequired\":true,\"valueName\":\"search_term_string\"}}],\"inLanguage\":\"en-US\"}]}<\/script>\n<!-- \/ Yoast SEO plugin. -->","yoast_head_json":{"title":"Achetez Opti-Free Express chez Lindegger Optique","description":"Buy Opti-Free Express Multifunctional storage, decontamination and rinsing solution for soft contact lenses.","robots":{"index":"index","follow":"follow","max-snippet":"max-snippet:-1","max-image-preview":"max-image-preview:large","max-video-preview":"max-video-preview:-1"},"canonical":"https:\/\/lindegger-optic.ch\/en\/produit\/opti-free-express\/","og_locale":"en_US","og_type":"article","og_title":"Achetez Opti-Free Express chez Lindegger Optique","og_description":"Buy Opti-Free Express Multifunctional storage, decontamination and rinsing solution for soft contact lenses.","og_url":"https:\/\/lindegger-optic.ch\/en\/produit\/opti-free-express\/","og_site_name":"Lindegger Optic, votre opticien \u00e0 Gen\u00e8ve, la meilleure qualit\u00e9 au service de votre vue","og_image":[{"width":1000,"height":700,"url":"https:\/\/lindegger-optic.ch\/wp-content\/uploads\/Opti-Free-Express-355ml.jpg","type":"image\/jpeg"}],"twitter_card":"summary_large_image","twitter_misc":{"Est. reading time":"1 minute"},"schema":{"@context":"https:\/\/schema.org","@graph":[{"@type":"WebPage","@id":"https:\/\/lindegger-optic.ch\/en\/produit\/opti-free-express\/","url":"https:\/\/lindegger-optic.ch\/en\/produit\/opti-free-express\/","name":"Achetez Opti-Free Express chez Lindegger Optique","isPartOf":{"@id":"https:\/\/lindegger-optic.ch\/#website"},"primaryImageOfPage":{"@id":"https:\/\/lindegger-optic.ch\/en\/produit\/opti-free-express\/#primaryimage"},"image":{"@id":"https:\/\/lindegger-optic.ch\/en\/produit\/opti-free-express\/#primaryimage"},"thumbnailUrl":"https:\/\/lindegger-optic.ch\/wp-content\/uploads\/Opti-Free-Express-355ml.jpg","datePublished":"2024-10-08T03:50:53+00:00","dateModified":"2024-10-08T03:50:53+00:00","description":"Buy Opti-Free Express Multifunctional storage, decontamination and rinsing solution for soft contact lenses.","breadcrumb":{"@id":"https:\/\/lindegger-optic.ch\/en\/produit\/opti-free-express\/#breadcrumb"},"inLanguage":"en-US","potentialAction":[{"@type":"ReadAction","target":["https:\/\/lindegger-optic.ch\/en\/produit\/opti-free-express\/"]}]},{"@type":"ImageObject","inLanguage":"en-US","@id":"https:\/\/lindegger-optic.ch\/en\/produit\/opti-free-express\/#primaryimage","url":"https:\/\/lindegger-optic.ch\/wp-content\/uploads\/Opti-Free-Express-355ml.jpg","contentUrl":"https:\/\/lindegger-optic.ch\/wp-content\/uploads\/Opti-Free-Express-355ml.jpg","width":1000,"height":700,"caption":"Opti-Free-Express-355ml"},{"@type":"BreadcrumbList","@id":"https:\/\/lindegger-optic.ch\/en\/produit\/opti-free-express\/#breadcrumb","itemListElement":[{"@type":"ListItem","position":1,"name":"Accueil","item":"https:\/\/lindegger-optic.ch\/en\/home\/"},{"@type":"ListItem","position":2,"name":"Shop","item":"https:\/\/lindegger-optic.ch\/shop\/"},{"@type":"ListItem","position":3,"name":"Opti-Free Express"}]},{"@type":"WebSite","@id":"https:\/\/lindegger-optic.ch\/#website","url":"https:\/\/lindegger-optic.ch\/","name":"Lindegger Optic, votre opticien \u00e0 Gen\u00e8ve, la meilleure qualit\u00e9 au service de votre vue","description":"","potentialAction":[{"@type":"SearchAction","target":{"@type":"EntryPoint","urlTemplate":"https:\/\/lindegger-optic.ch\/?s={search_term_string}"},"query-input":{"@type":"PropertyValueSpecification","valueRequired":true,"valueName":"search_term_string"}}],"inLanguage":"en-US"}]}},"_links":{"self":[{"href":"https:\/\/lindegger-optic.ch\/en\/wp-json\/wp\/v2\/product\/16483"}],"collection":[{"href":"https:\/\/lindegger-optic.ch\/en\/wp-json\/wp\/v2\/product"}],"about":[{"href":"https:\/\/lindegger-optic.ch\/en\/wp-json\/wp\/v2\/types\/product"}],"replies":[{"embeddable":true,"href":"https:\/\/lindegger-optic.ch\/en\/wp-json\/wp\/v2\/comments?post=16483"}],"wp:featuredmedia":[{"embeddable":true,"href":"https:\/\/lindegger-optic.ch\/en\/wp-json\/wp\/v2\/media\/13298"}],"wp:attachment":[{"href":"https:\/\/lindegger-optic.ch\/en\/wp-json\/wp\/v2\/media?parent=16483"}],"wp:term":[{"taxonomy":"product_cat","embeddable":true,"href":"https:\/\/lindegger-optic.ch\/en\/wp-json\/wp\/v2\/product_cat?post=16483"},{"taxonomy":"product_tag","embeddable":true,"href":"https:\/\/lindegger-optic.ch\/en\/wp-json\/wp\/v2\/product_tag?post=16483"}],"curies":[{"name":"wp","href":"https:\/\/api.w.org\/{rel}","templated":true}]}}