{"id":16486,"date":"2024-10-08T05:50:53","date_gmt":"2024-10-08T03:50:53","guid":{"rendered":"https:\/\/lindegger-optic.ch\/produit\/glacier-pierredar-sunglasses\/"},"modified":"2024-10-08T05:50:53","modified_gmt":"2024-10-08T03:50:53","slug":"glacier-pierredar-sunglasses","status":"publish","type":"product","link":"https:\/\/lindegger-optic.ch\/en\/produit\/glacier-pierredar-sunglasses\/","title":{"rendered":"Glacier Pierredar sunglasses"},"content":{"rendered":"<p><a href=\"https:\/\/fr.glacieroptics.com\/products\/pierredar-gold\">Pierredar Glacier<\/a><a href=\"https:\/\/lindegger-optic.ch\/cat%C3%A9gorie-de-produit\/lunettes-de-soleil\/\"> sunglasses<\/a> are the fruit of exceptional craftsmanship and cutting-edge technological innovation. Made from 11R51 stainless steel, these frames combine robustness and elegance. Our partner, the Norwegian company Sandvik, distinguishes itself by its commitment to the environment, using up to 80% recycled materials in the production of this high-quality steel. <a href=\"https:\/\/fr.glacieroptics.com\/products\/pierredar-gold\">Glacier Pierredar<\/a> goggles offer more than earthly performance: they have been tested in extreme conditions, including on the moon, attesting to their reliability and durability. Zeiss lenses, world-renowned for their clarity and optimum protection, complete these exceptional frames. The <a href=\"https:\/\/fr.glacieroptics.com\/products\/pierredar-gold\">Pierredar <\/a>frame is made entirely of stainless steel, ensuring superior corrosion resistance and longevity. The frame is produced in France, reflecting incomparable craftsmanship, while the lenses are made in Italy, guaranteeing exceptional vision quality. Easy to adjust, <a href=\"https:\/\/fr.glacieroptics.com\/products\/pierredar-gold\">Glacier Pierredar<\/a> glasses adapt perfectly to all facial morphologies, offering unrivalled comfort. They represent the perfect union of sophisticated design and technical performance, meeting the demands of connoisseurs of high quality and refined aesthetics.<\/p>\n","protected":false},"excerpt":{"rendered":"<div class=\"flex flex-grow flex-col max-w-full\">\n<div class=\"min-h-[20px] text-message flex w-full flex-col items-end gap-2 whitespace-pre-wrap break-words [.text-message+&amp;]:mt-5 overflow-x-auto\" dir=\"auto\" data-message-author-role=\"assistant\" data-message-id=\"0f6a0269-3e9d-4d2f-a810-864c59fba883\">\n<div class=\"flex w-full flex-col gap-1 empty:hidden first:pt-[3px]\">\n<div class=\"markdown prose w-full break-words dark:prose-invert light\"><\/div>\n<\/div>\n<\/div>\n<\/div>\n<div class=\"mt-1 flex gap-3 empty:hidden ml-3\">\n<div class=\"items-center justify-start rounded-xl p-1 flex\">\n<div class=\"flex items-center\"><a href=\"https:\/\/fr.glacieroptics.com\/products\/pierredar-gold\">Pierredar Glacier<\/a> <a href=\"https:\/\/lindegger-optic.ch\/cat%C3%A9gorie-de-produit\/lunettes-de-soleil\/\">sunglasses<\/a> are a fusion of robustness and elegance, made from 11R51 stainless steel with up to 80% recycled materials. Tested in the extreme conditions of the moon, they guarantee reliability and durability. Zeiss lenses offer optimum clarity and protection, while the French frame and Italian lenses ensure superior quality. Easy to adjust, they fit all facial morphologies, representing the perfect balance between sophisticated design and technical performance.   <\/div>\n<\/div>\n<\/div>\n","protected":false},"featured_media":16276,"comment_status":"closed","ping_status":"closed","template":"","meta":{"_et_pb_use_builder":"","_et_pb_old_content":"","_et_gb_content_width":""},"product_cat":[1389],"product_tag":[1552,1554,1402,1409,1553,1400],"class_list":{"0":"post-16486","1":"product","2":"type-product","3":"status-publish","4":"has-post-thumbnail","6":"product_cat-sunglasses","7":"product_tag-glacier-en","8":"product_tag-glacier-optics-en","9":"product_tag-mode-en","10":"product_tag-modern-glasses","11":"product_tag-pierredar-en","12":"product_tag-sunglasses-en","14":"first","15":"instock","16":"taxable","17":"shipping-taxable","18":"product-type-simple"},"yoast_head":"<!-- This site is optimized with the Yoast SEO plugin v23.6 - https:\/\/yoast.com\/wordpress\/plugins\/seo\/ -->\n<title>Glacier Pierredar sunglasses at Lindegger Optique<\/title>\n<meta name=\"description\" content=\"Glacier Pierredar sunglasses at Lindegger Optique.\" \/>\n<meta name=\"robots\" content=\"index, follow, max-snippet:-1, max-image-preview:large, max-video-preview:-1\" \/>\n<link rel=\"canonical\" href=\"https:\/\/lindegger-optic.ch\/en\/produit\/glacier-pierredar-sunglasses\/\" \/>\n<meta property=\"og:locale\" content=\"en_US\" \/>\n<meta property=\"og:type\" content=\"article\" \/>\n<meta property=\"og:title\" content=\"Glacier Pierredar sunglasses at Lindegger Optique\" \/>\n<meta property=\"og:description\" content=\"Glacier Pierredar sunglasses at Lindegger Optique.\" \/>\n<meta property=\"og:url\" content=\"https:\/\/lindegger-optic.ch\/en\/produit\/glacier-pierredar-sunglasses\/\" \/>\n<meta property=\"og:site_name\" content=\"Lindegger Optic, votre opticien \u00e0 Gen\u00e8ve, la meilleure qualit\u00e9 au service de votre vue\" \/>\n<meta property=\"og:image\" content=\"https:\/\/lindegger-optic.ch\/wp-content\/uploads\/DSCF2543-scaled.jpeg\" \/>\n\t<meta property=\"og:image:width\" content=\"1707\" \/>\n\t<meta property=\"og:image:height\" content=\"2560\" \/>\n\t<meta property=\"og:image:type\" content=\"image\/jpeg\" \/>\n<meta name=\"twitter:card\" content=\"summary_large_image\" \/>\n<meta name=\"twitter:label1\" content=\"Est. reading time\" \/>\n\t<meta name=\"twitter:data1\" content=\"1 minute\" \/>\n<script type=\"application\/ld+json\" class=\"yoast-schema-graph\">{\"@context\":\"https:\/\/schema.org\",\"@graph\":[{\"@type\":\"WebPage\",\"@id\":\"https:\/\/lindegger-optic.ch\/en\/produit\/glacier-pierredar-sunglasses\/\",\"url\":\"https:\/\/lindegger-optic.ch\/en\/produit\/glacier-pierredar-sunglasses\/\",\"name\":\"Glacier Pierredar sunglasses at Lindegger Optique\",\"isPartOf\":{\"@id\":\"https:\/\/lindegger-optic.ch\/#website\"},\"primaryImageOfPage\":{\"@id\":\"https:\/\/lindegger-optic.ch\/en\/produit\/glacier-pierredar-sunglasses\/#primaryimage\"},\"image\":{\"@id\":\"https:\/\/lindegger-optic.ch\/en\/produit\/glacier-pierredar-sunglasses\/#primaryimage\"},\"thumbnailUrl\":\"https:\/\/lindegger-optic.ch\/wp-content\/uploads\/DSCF2543-scaled.jpeg\",\"datePublished\":\"2024-10-08T03:50:53+00:00\",\"dateModified\":\"2024-10-08T03:50:53+00:00\",\"description\":\"Glacier Pierredar sunglasses at Lindegger Optique.\",\"breadcrumb\":{\"@id\":\"https:\/\/lindegger-optic.ch\/en\/produit\/glacier-pierredar-sunglasses\/#breadcrumb\"},\"inLanguage\":\"en-US\",\"potentialAction\":[{\"@type\":\"ReadAction\",\"target\":[\"https:\/\/lindegger-optic.ch\/en\/produit\/glacier-pierredar-sunglasses\/\"]}]},{\"@type\":\"ImageObject\",\"inLanguage\":\"en-US\",\"@id\":\"https:\/\/lindegger-optic.ch\/en\/produit\/glacier-pierredar-sunglasses\/#primaryimage\",\"url\":\"https:\/\/lindegger-optic.ch\/wp-content\/uploads\/DSCF2543-scaled.jpeg\",\"contentUrl\":\"https:\/\/lindegger-optic.ch\/wp-content\/uploads\/DSCF2543-scaled.jpeg\",\"width\":1707,\"height\":2560},{\"@type\":\"BreadcrumbList\",\"@id\":\"https:\/\/lindegger-optic.ch\/en\/produit\/glacier-pierredar-sunglasses\/#breadcrumb\",\"itemListElement\":[{\"@type\":\"ListItem\",\"position\":1,\"name\":\"Accueil\",\"item\":\"https:\/\/lindegger-optic.ch\/en\/home\/\"},{\"@type\":\"ListItem\",\"position\":2,\"name\":\"Shop\",\"item\":\"https:\/\/lindegger-optic.ch\/shop\/\"},{\"@type\":\"ListItem\",\"position\":3,\"name\":\"Glacier Pierredar sunglasses\"}]},{\"@type\":\"WebSite\",\"@id\":\"https:\/\/lindegger-optic.ch\/#website\",\"url\":\"https:\/\/lindegger-optic.ch\/\",\"name\":\"Lindegger Optic, votre opticien \u00e0 Gen\u00e8ve, la meilleure qualit\u00e9 au service de votre vue\",\"description\":\"\",\"potentialAction\":[{\"@type\":\"SearchAction\",\"target\":{\"@type\":\"EntryPoint\",\"urlTemplate\":\"https:\/\/lindegger-optic.ch\/?s={search_term_string}\"},\"query-input\":{\"@type\":\"PropertyValueSpecification\",\"valueRequired\":true,\"valueName\":\"search_term_string\"}}],\"inLanguage\":\"en-US\"}]}<\/script>\n<!-- \/ Yoast SEO plugin. -->","yoast_head_json":{"title":"Glacier Pierredar sunglasses at Lindegger Optique","description":"Glacier Pierredar sunglasses at Lindegger Optique.","robots":{"index":"index","follow":"follow","max-snippet":"max-snippet:-1","max-image-preview":"max-image-preview:large","max-video-preview":"max-video-preview:-1"},"canonical":"https:\/\/lindegger-optic.ch\/en\/produit\/glacier-pierredar-sunglasses\/","og_locale":"en_US","og_type":"article","og_title":"Glacier Pierredar sunglasses at Lindegger Optique","og_description":"Glacier Pierredar sunglasses at Lindegger Optique.","og_url":"https:\/\/lindegger-optic.ch\/en\/produit\/glacier-pierredar-sunglasses\/","og_site_name":"Lindegger Optic, votre opticien \u00e0 Gen\u00e8ve, la meilleure qualit\u00e9 au service de votre vue","og_image":[{"width":1707,"height":2560,"url":"https:\/\/lindegger-optic.ch\/wp-content\/uploads\/DSCF2543-scaled.jpeg","type":"image\/jpeg"}],"twitter_card":"summary_large_image","twitter_misc":{"Est. reading time":"1 minute"},"schema":{"@context":"https:\/\/schema.org","@graph":[{"@type":"WebPage","@id":"https:\/\/lindegger-optic.ch\/en\/produit\/glacier-pierredar-sunglasses\/","url":"https:\/\/lindegger-optic.ch\/en\/produit\/glacier-pierredar-sunglasses\/","name":"Glacier Pierredar sunglasses at Lindegger Optique","isPartOf":{"@id":"https:\/\/lindegger-optic.ch\/#website"},"primaryImageOfPage":{"@id":"https:\/\/lindegger-optic.ch\/en\/produit\/glacier-pierredar-sunglasses\/#primaryimage"},"image":{"@id":"https:\/\/lindegger-optic.ch\/en\/produit\/glacier-pierredar-sunglasses\/#primaryimage"},"thumbnailUrl":"https:\/\/lindegger-optic.ch\/wp-content\/uploads\/DSCF2543-scaled.jpeg","datePublished":"2024-10-08T03:50:53+00:00","dateModified":"2024-10-08T03:50:53+00:00","description":"Glacier Pierredar sunglasses at Lindegger Optique.","breadcrumb":{"@id":"https:\/\/lindegger-optic.ch\/en\/produit\/glacier-pierredar-sunglasses\/#breadcrumb"},"inLanguage":"en-US","potentialAction":[{"@type":"ReadAction","target":["https:\/\/lindegger-optic.ch\/en\/produit\/glacier-pierredar-sunglasses\/"]}]},{"@type":"ImageObject","inLanguage":"en-US","@id":"https:\/\/lindegger-optic.ch\/en\/produit\/glacier-pierredar-sunglasses\/#primaryimage","url":"https:\/\/lindegger-optic.ch\/wp-content\/uploads\/DSCF2543-scaled.jpeg","contentUrl":"https:\/\/lindegger-optic.ch\/wp-content\/uploads\/DSCF2543-scaled.jpeg","width":1707,"height":2560},{"@type":"BreadcrumbList","@id":"https:\/\/lindegger-optic.ch\/en\/produit\/glacier-pierredar-sunglasses\/#breadcrumb","itemListElement":[{"@type":"ListItem","position":1,"name":"Accueil","item":"https:\/\/lindegger-optic.ch\/en\/home\/"},{"@type":"ListItem","position":2,"name":"Shop","item":"https:\/\/lindegger-optic.ch\/shop\/"},{"@type":"ListItem","position":3,"name":"Glacier Pierredar sunglasses"}]},{"@type":"WebSite","@id":"https:\/\/lindegger-optic.ch\/#website","url":"https:\/\/lindegger-optic.ch\/","name":"Lindegger Optic, votre opticien \u00e0 Gen\u00e8ve, la meilleure qualit\u00e9 au service de votre vue","description":"","potentialAction":[{"@type":"SearchAction","target":{"@type":"EntryPoint","urlTemplate":"https:\/\/lindegger-optic.ch\/?s={search_term_string}"},"query-input":{"@type":"PropertyValueSpecification","valueRequired":true,"valueName":"search_term_string"}}],"inLanguage":"en-US"}]}},"_links":{"self":[{"href":"https:\/\/lindegger-optic.ch\/en\/wp-json\/wp\/v2\/product\/16486"}],"collection":[{"href":"https:\/\/lindegger-optic.ch\/en\/wp-json\/wp\/v2\/product"}],"about":[{"href":"https:\/\/lindegger-optic.ch\/en\/wp-json\/wp\/v2\/types\/product"}],"replies":[{"embeddable":true,"href":"https:\/\/lindegger-optic.ch\/en\/wp-json\/wp\/v2\/comments?post=16486"}],"wp:featuredmedia":[{"embeddable":true,"href":"https:\/\/lindegger-optic.ch\/en\/wp-json\/wp\/v2\/media\/16276"}],"wp:attachment":[{"href":"https:\/\/lindegger-optic.ch\/en\/wp-json\/wp\/v2\/media?parent=16486"}],"wp:term":[{"taxonomy":"product_cat","embeddable":true,"href":"https:\/\/lindegger-optic.ch\/en\/wp-json\/wp\/v2\/product_cat?post=16486"},{"taxonomy":"product_tag","embeddable":true,"href":"https:\/\/lindegger-optic.ch\/en\/wp-json\/wp\/v2\/product_tag?post=16486"}],"curies":[{"name":"wp","href":"https:\/\/api.w.org\/{rel}","templated":true}]}}