{"id":16487,"date":"2024-10-08T05:50:53","date_gmt":"2024-10-08T03:50:53","guid":{"rendered":"https:\/\/lindegger-optic.ch\/produit\/softcare-aquaclean\/"},"modified":"2024-10-08T05:50:53","modified_gmt":"2024-10-08T03:50:53","slug":"softcare-aquaclean","status":"publish","type":"product","link":"https:\/\/lindegger-optic.ch\/en\/produit\/softcare-aquaclean\/","title":{"rendered":"Softcare Aquaclean"},"content":{"rendered":"<p><a href=\"https:\/\/www.team93.ch\/fr\/Produits-dentretien\">Purelens Softcare Aquaclean<\/a> is a contact lens <a href=\"https:\/\/lindegger-optic.ch\/cat%C3%A9gorie-de-produit\/produit-de-lentilles-de-contact\/\">cleaning solution<\/a> designed to effectively remove deposits of protein, lipids, bacteria and other contaminants that can accumulate on soft and rigid gas-permeable contact lenses. This solution is particularly suitable for manual cleaning of contact lenses and can be used daily. <a href=\"https:\/\/www.team93.ch\/fr\/Produits-dentretien\">Purelens Softcare Aquaclean<\/a> is alcohol-based. Alcohol is an effective cleaning agent that can remove contaminants quickly and safely. What&#8217;s more, alcohol has antiseptic properties, which means it can kill bacteria and other micro-organisms that may be found on contact lenses. To use <a href=\"https:\/\/www.team93.ch\/fr\/Produits-dentretien\">Purelens Softcare Aquaclean<\/a>, first remove your contact lenses and place them on the palm of your hand. Next, you pour a few drops of the cleaning solution onto the lens and rub it gently with your finger to remove contaminant deposits. It&#8217;s important to rub the lens gently to avoid damaging or scratching it. Once you&#8217;ve cleaned the lens, you should rinse it thoroughly with saline solution or multi-purpose cleaning solution. <a href=\"https:\/\/lindegger-optic.ch\/cat%C3%A9gorie-de-produit\/produit-de-lentilles-de-contact\/solution-saline\/\">Rinsing<\/a> is important because it removes all traces of the cleaning solution, as well as any contaminant residues that may still be left on the lens. Finally, you can replace the contact lens in your eye. By using <a href=\"https:\/\/www.team93.ch\/fr\/Produits-dentretien\">Purelens Softcare Aquaclean<\/a> regularly, you can keep your contact lenses clean and clear, which can help reduce the risk of eye infections and contact lens complications. In short, <a href=\"https:\/\/www.team93.ch\/fr\/Produits-dentretien\">Purelens Softcare Aquaclean<\/a> is an effective alcohol-based contact lens cleaning solution that can quickly and safely remove protein, lipid, bacterial and other contaminant deposits that can build up on gas-permeable soft and rigid contact lenses. With regular use, you can keep your contact lenses clean and clear, which can help protect your eyes from infection and complications.<\/p>\n","protected":false},"excerpt":{"rendered":"<p><a href=\"https:\/\/www.team93.ch\/fr\/Produits-dentretien\">Purelens Softcare Aquaclean<\/a> cleaning solution, a high-performance formula for contact lens care. This alcohol-based solution quickly and safely removes protein deposits, lipids, bacteria and other contaminants that can build up on soft and rigid gas-permeable contact lenses. With regular use of <a href=\"https:\/\/www.team93.ch\/fr\/Produits-dentretien\">Purelens Softcare Aquaclean<\/a>, you can keep your contact lenses clean and clear, helping to protect your eyes from infection and complications. The solution is easy to use and helps extend lens life while maintaining clear, sharp vision. All in all, <a href=\"https:\/\/www.team93.ch\/fr\/Produits-dentretien\">Purelens Softcare Aquaclean<\/a> is a safe, effective, quality cleaning solution that can be used daily with confidence to care for your contact lenses. <\/p>\n","protected":false},"featured_media":15862,"comment_status":"closed","ping_status":"closed","template":"","meta":{"_et_pb_use_builder":"","_et_pb_old_content":"","_et_gb_content_width":""},"product_cat":[1381],"product_tag":[1560,1556,1508,1504,1557,1555,1559,1558],"class_list":{"0":"post-16487","1":"product","2":"type-product","3":"status-publish","4":"has-post-thumbnail","6":"product_cat-contact-lens-product","7":"product_tag-aquaclean-en","8":"product_tag-cleaning-product","9":"product_tag-contact-lens-product","10":"product_tag-product-lens","11":"product_tag-purelens-en","12":"product_tag-rigid-lens-product","13":"product_tag-soft-lens-product","14":"product_tag-softcare-en","16":"first","17":"instock","18":"taxable","19":"shipping-taxable","20":"product-type-simple"},"yoast_head":"<!-- This site is optimized with the Yoast SEO plugin v23.6 - https:\/\/yoast.com\/wordpress\/plugins\/seo\/ -->\n<title>Softcare Aquaclean Contact lens solution<\/title>\n<meta name=\"description\" content=\"Achetez Softcare Aquaclean au meilleur prix chez Lindegger Optique. Livraison gratuite en 48 heures !\" \/>\n<meta name=\"robots\" content=\"index, follow, max-snippet:-1, max-image-preview:large, max-video-preview:-1\" \/>\n<link rel=\"canonical\" href=\"https:\/\/lindegger-optic.ch\/en\/produit\/softcare-aquaclean\/\" \/>\n<meta property=\"og:locale\" content=\"en_US\" \/>\n<meta property=\"og:type\" content=\"article\" \/>\n<meta property=\"og:title\" content=\"Softcare Aquaclean Contact lens solution\" \/>\n<meta property=\"og:description\" content=\"Achetez Softcare Aquaclean au meilleur prix chez Lindegger Optique. Livraison gratuite en 48 heures !\" \/>\n<meta property=\"og:url\" content=\"https:\/\/lindegger-optic.ch\/en\/produit\/softcare-aquaclean\/\" \/>\n<meta property=\"og:site_name\" content=\"Lindegger Optic, votre opticien \u00e0 Gen\u00e8ve, la meilleure qualit\u00e9 au service de votre vue\" \/>\n<meta property=\"og:image\" content=\"https:\/\/lindegger-optic.ch\/wp-content\/uploads\/purelens-aquaclean.jpg\" \/>\n\t<meta property=\"og:image:width\" content=\"1440\" \/>\n\t<meta property=\"og:image:height\" content=\"1440\" \/>\n\t<meta property=\"og:image:type\" content=\"image\/jpeg\" \/>\n<meta name=\"twitter:card\" content=\"summary_large_image\" \/>\n<meta name=\"twitter:label1\" content=\"Est. reading time\" \/>\n\t<meta name=\"twitter:data1\" content=\"1 minute\" \/>\n<script type=\"application\/ld+json\" class=\"yoast-schema-graph\">{\"@context\":\"https:\/\/schema.org\",\"@graph\":[{\"@type\":\"WebPage\",\"@id\":\"https:\/\/lindegger-optic.ch\/en\/produit\/softcare-aquaclean\/\",\"url\":\"https:\/\/lindegger-optic.ch\/en\/produit\/softcare-aquaclean\/\",\"name\":\"Softcare Aquaclean Contact lens solution\",\"isPartOf\":{\"@id\":\"https:\/\/lindegger-optic.ch\/#website\"},\"primaryImageOfPage\":{\"@id\":\"https:\/\/lindegger-optic.ch\/en\/produit\/softcare-aquaclean\/#primaryimage\"},\"image\":{\"@id\":\"https:\/\/lindegger-optic.ch\/en\/produit\/softcare-aquaclean\/#primaryimage\"},\"thumbnailUrl\":\"https:\/\/lindegger-optic.ch\/wp-content\/uploads\/purelens-aquaclean.jpg\",\"datePublished\":\"2024-10-08T03:50:53+00:00\",\"dateModified\":\"2024-10-08T03:50:53+00:00\",\"description\":\"Achetez Softcare Aquaclean au meilleur prix chez Lindegger Optique. Livraison gratuite en 48 heures !\",\"breadcrumb\":{\"@id\":\"https:\/\/lindegger-optic.ch\/en\/produit\/softcare-aquaclean\/#breadcrumb\"},\"inLanguage\":\"en-US\",\"potentialAction\":[{\"@type\":\"ReadAction\",\"target\":[\"https:\/\/lindegger-optic.ch\/en\/produit\/softcare-aquaclean\/\"]}]},{\"@type\":\"ImageObject\",\"inLanguage\":\"en-US\",\"@id\":\"https:\/\/lindegger-optic.ch\/en\/produit\/softcare-aquaclean\/#primaryimage\",\"url\":\"https:\/\/lindegger-optic.ch\/wp-content\/uploads\/purelens-aquaclean.jpg\",\"contentUrl\":\"https:\/\/lindegger-optic.ch\/wp-content\/uploads\/purelens-aquaclean.jpg\",\"width\":1440,\"height\":1440,\"caption\":\"Entretenez vos lentilles de contact avec la solution de nettoyage Softcare Aquaclean, une formule efficace \u00e0 base d'alcool pour \u00e9liminer rapidement les d\u00e9p\u00f4ts de prot\u00e9ines, de lipides et de bact\u00e9ries. Prot\u00e9gez vos yeux et prolongez la dur\u00e9e de vie de vos lentilles gr\u00e2ce \u00e0 Softcare Aquaclean\"},{\"@type\":\"BreadcrumbList\",\"@id\":\"https:\/\/lindegger-optic.ch\/en\/produit\/softcare-aquaclean\/#breadcrumb\",\"itemListElement\":[{\"@type\":\"ListItem\",\"position\":1,\"name\":\"Accueil\",\"item\":\"https:\/\/lindegger-optic.ch\/en\/home\/\"},{\"@type\":\"ListItem\",\"position\":2,\"name\":\"Shop\",\"item\":\"https:\/\/lindegger-optic.ch\/shop\/\"},{\"@type\":\"ListItem\",\"position\":3,\"name\":\"Softcare Aquaclean\"}]},{\"@type\":\"WebSite\",\"@id\":\"https:\/\/lindegger-optic.ch\/#website\",\"url\":\"https:\/\/lindegger-optic.ch\/\",\"name\":\"Lindegger Optic, votre opticien \u00e0 Gen\u00e8ve, la meilleure qualit\u00e9 au service de votre vue\",\"description\":\"\",\"potentialAction\":[{\"@type\":\"SearchAction\",\"target\":{\"@type\":\"EntryPoint\",\"urlTemplate\":\"https:\/\/lindegger-optic.ch\/?s={search_term_string}\"},\"query-input\":{\"@type\":\"PropertyValueSpecification\",\"valueRequired\":true,\"valueName\":\"search_term_string\"}}],\"inLanguage\":\"en-US\"}]}<\/script>\n<!-- \/ Yoast SEO plugin. -->","yoast_head_json":{"title":"Softcare Aquaclean Contact lens solution","description":"Achetez Softcare Aquaclean au meilleur prix chez Lindegger Optique. Livraison gratuite en 48 heures !","robots":{"index":"index","follow":"follow","max-snippet":"max-snippet:-1","max-image-preview":"max-image-preview:large","max-video-preview":"max-video-preview:-1"},"canonical":"https:\/\/lindegger-optic.ch\/en\/produit\/softcare-aquaclean\/","og_locale":"en_US","og_type":"article","og_title":"Softcare Aquaclean Contact lens solution","og_description":"Achetez Softcare Aquaclean au meilleur prix chez Lindegger Optique. Livraison gratuite en 48 heures !","og_url":"https:\/\/lindegger-optic.ch\/en\/produit\/softcare-aquaclean\/","og_site_name":"Lindegger Optic, votre opticien \u00e0 Gen\u00e8ve, la meilleure qualit\u00e9 au service de votre vue","og_image":[{"width":1440,"height":1440,"url":"https:\/\/lindegger-optic.ch\/wp-content\/uploads\/purelens-aquaclean.jpg","type":"image\/jpeg"}],"twitter_card":"summary_large_image","twitter_misc":{"Est. reading time":"1 minute"},"schema":{"@context":"https:\/\/schema.org","@graph":[{"@type":"WebPage","@id":"https:\/\/lindegger-optic.ch\/en\/produit\/softcare-aquaclean\/","url":"https:\/\/lindegger-optic.ch\/en\/produit\/softcare-aquaclean\/","name":"Softcare Aquaclean Contact lens solution","isPartOf":{"@id":"https:\/\/lindegger-optic.ch\/#website"},"primaryImageOfPage":{"@id":"https:\/\/lindegger-optic.ch\/en\/produit\/softcare-aquaclean\/#primaryimage"},"image":{"@id":"https:\/\/lindegger-optic.ch\/en\/produit\/softcare-aquaclean\/#primaryimage"},"thumbnailUrl":"https:\/\/lindegger-optic.ch\/wp-content\/uploads\/purelens-aquaclean.jpg","datePublished":"2024-10-08T03:50:53+00:00","dateModified":"2024-10-08T03:50:53+00:00","description":"Achetez Softcare Aquaclean au meilleur prix chez Lindegger Optique. Livraison gratuite en 48 heures !","breadcrumb":{"@id":"https:\/\/lindegger-optic.ch\/en\/produit\/softcare-aquaclean\/#breadcrumb"},"inLanguage":"en-US","potentialAction":[{"@type":"ReadAction","target":["https:\/\/lindegger-optic.ch\/en\/produit\/softcare-aquaclean\/"]}]},{"@type":"ImageObject","inLanguage":"en-US","@id":"https:\/\/lindegger-optic.ch\/en\/produit\/softcare-aquaclean\/#primaryimage","url":"https:\/\/lindegger-optic.ch\/wp-content\/uploads\/purelens-aquaclean.jpg","contentUrl":"https:\/\/lindegger-optic.ch\/wp-content\/uploads\/purelens-aquaclean.jpg","width":1440,"height":1440,"caption":"Entretenez vos lentilles de contact avec la solution de nettoyage Softcare Aquaclean, une formule efficace \u00e0 base d'alcool pour \u00e9liminer rapidement les d\u00e9p\u00f4ts de prot\u00e9ines, de lipides et de bact\u00e9ries. Prot\u00e9gez vos yeux et prolongez la dur\u00e9e de vie de vos lentilles gr\u00e2ce \u00e0 Softcare Aquaclean"},{"@type":"BreadcrumbList","@id":"https:\/\/lindegger-optic.ch\/en\/produit\/softcare-aquaclean\/#breadcrumb","itemListElement":[{"@type":"ListItem","position":1,"name":"Accueil","item":"https:\/\/lindegger-optic.ch\/en\/home\/"},{"@type":"ListItem","position":2,"name":"Shop","item":"https:\/\/lindegger-optic.ch\/shop\/"},{"@type":"ListItem","position":3,"name":"Softcare Aquaclean"}]},{"@type":"WebSite","@id":"https:\/\/lindegger-optic.ch\/#website","url":"https:\/\/lindegger-optic.ch\/","name":"Lindegger Optic, votre opticien \u00e0 Gen\u00e8ve, la meilleure qualit\u00e9 au service de votre vue","description":"","potentialAction":[{"@type":"SearchAction","target":{"@type":"EntryPoint","urlTemplate":"https:\/\/lindegger-optic.ch\/?s={search_term_string}"},"query-input":{"@type":"PropertyValueSpecification","valueRequired":true,"valueName":"search_term_string"}}],"inLanguage":"en-US"}]}},"_links":{"self":[{"href":"https:\/\/lindegger-optic.ch\/en\/wp-json\/wp\/v2\/product\/16487"}],"collection":[{"href":"https:\/\/lindegger-optic.ch\/en\/wp-json\/wp\/v2\/product"}],"about":[{"href":"https:\/\/lindegger-optic.ch\/en\/wp-json\/wp\/v2\/types\/product"}],"replies":[{"embeddable":true,"href":"https:\/\/lindegger-optic.ch\/en\/wp-json\/wp\/v2\/comments?post=16487"}],"wp:featuredmedia":[{"embeddable":true,"href":"https:\/\/lindegger-optic.ch\/en\/wp-json\/wp\/v2\/media\/15862"}],"wp:attachment":[{"href":"https:\/\/lindegger-optic.ch\/en\/wp-json\/wp\/v2\/media?parent=16487"}],"wp:term":[{"taxonomy":"product_cat","embeddable":true,"href":"https:\/\/lindegger-optic.ch\/en\/wp-json\/wp\/v2\/product_cat?post=16487"},{"taxonomy":"product_tag","embeddable":true,"href":"https:\/\/lindegger-optic.ch\/en\/wp-json\/wp\/v2\/product_tag?post=16487"}],"curies":[{"name":"wp","href":"https:\/\/api.w.org\/{rel}","templated":true}]}}