{"id":16492,"date":"2024-10-08T05:50:55","date_gmt":"2024-10-08T03:50:55","guid":{"rendered":"https:\/\/lindegger-optic.ch\/produit\/glacier\/"},"modified":"2024-10-08T05:50:55","modified_gmt":"2024-10-08T03:50:55","slug":"glacier","status":"publish","type":"product","link":"https:\/\/lindegger-optic.ch\/en\/produit\/glacier\/","title":{"rendered":"Glacier"},"content":{"rendered":"<p><a href=\"https:\/\/glacieroptics.com\/pages\/made-in-the-alps\">Glacier sun<\/a> glasses are a product inspired by the Alps. Glacier Optics founders <a href=\"https:\/\/cdn.shopify.com\/s\/files\/1\/0250\/0162\/3631\/files\/2022-05-18_02.38.41_5ba81cf0-1514-4db2-97cd-3ead37cadcd3_600x600.jpg?v=1652982646\">Beno\u00eet Goncerut and Arnaud Cottet, <\/a>professional skiers and snowboarders, have developed sunglasses that meet their expectations: exclusively made in the Alps, affordable, simple, effective and high quality, with the smallest possible carbon footprint.They created this model, Moiry, in honor of the majestic glacier at the bottom of the Val d&#8217;Anniviers. The <em>Moiry <\/em>model is unisex and made of ultra-light titanium. Based in Morges, the company works with local artisans. The lenses are from <a href=\"https:\/\/www.zeiss.fr\/vision-care\/produits-zeiss\/verres-solaires.html\">CARL ZEISS<\/a> in Italy.<br \/>\nThe frames are from <a href=\"https:\/\/grosfilley.com\/\">GROSFILLEY<\/a> in France.<br \/>\nThe cases are made in <a href=\"https:\/\/gerberei-zeller.ch\/\">Jurg Zeller<\/a>&#8216;s tannery <a href=\"https:\/\/gerberei-zeller.ch\/\">in Steffisburg, Bern<\/a>.<\/p>\n","protected":false},"excerpt":{"rendered":"<p>Glacier Moiry goggles, a unisex winter sports goggle in titanium with Zeiss sun lenses.<\/p>\n","protected":false},"featured_media":0,"comment_status":"closed","ping_status":"closed","template":"","meta":{"_et_pb_use_builder":"","_et_pb_old_content":"","_et_gb_content_width":""},"product_cat":[1398,1389],"product_tag":[1423,1552,1561,1422,1400,1563,1562],"class_list":{"0":"post-16492","1":"product","2":"type-product","3":"status-publish","5":"product_cat-selection-sunglasses-of-the-month","6":"product_cat-sunglasses","7":"product_tag-eyeglasses","8":"product_tag-glacier-en","9":"product_tag-glacier-glasses","10":"product_tag-sport-glasses","11":"product_tag-sunglasses-en","12":"product_tag-switzerland","13":"product_tag-winter-sport","15":"first","16":"instock","17":"taxable","18":"shipping-taxable","19":"product-type-variable"},"yoast_head":"<!-- This site is optimized with the Yoast SEO plugin v23.6 - https:\/\/yoast.com\/wordpress\/plugins\/seo\/ -->\n<title>Achetez Glacier chez Lindegger Optique<\/title>\n<meta name=\"description\" content=\"Glacier sunglasses from Lindegger Optique, ideal for winter sports. Sunglasses that protect you from harmful rays.\" \/>\n<meta name=\"robots\" content=\"index, follow, max-snippet:-1, max-image-preview:large, max-video-preview:-1\" \/>\n<link rel=\"canonical\" href=\"https:\/\/lindegger-optic.ch\/en\/produit\/glacier\/\" \/>\n<meta property=\"og:locale\" content=\"en_US\" \/>\n<meta property=\"og:type\" content=\"article\" \/>\n<meta property=\"og:title\" content=\"Achetez Glacier chez Lindegger Optique\" \/>\n<meta property=\"og:description\" content=\"Glacier sunglasses from Lindegger Optique, ideal for winter sports. Sunglasses that protect you from harmful rays.\" \/>\n<meta property=\"og:url\" content=\"https:\/\/lindegger-optic.ch\/en\/produit\/glacier\/\" \/>\n<meta property=\"og:site_name\" content=\"Lindegger Optic, votre opticien \u00e0 Gen\u00e8ve, la meilleure qualit\u00e9 au service de votre vue\" \/>\n<meta name=\"twitter:card\" content=\"summary_large_image\" \/>\n<meta name=\"twitter:label1\" content=\"Est. reading time\" \/>\n\t<meta name=\"twitter:data1\" content=\"1 minute\" \/>\n<script type=\"application\/ld+json\" class=\"yoast-schema-graph\">{\"@context\":\"https:\/\/schema.org\",\"@graph\":[{\"@type\":\"WebPage\",\"@id\":\"https:\/\/lindegger-optic.ch\/en\/produit\/glacier\/\",\"url\":\"https:\/\/lindegger-optic.ch\/en\/produit\/glacier\/\",\"name\":\"Achetez Glacier chez Lindegger Optique\",\"isPartOf\":{\"@id\":\"https:\/\/lindegger-optic.ch\/#website\"},\"datePublished\":\"2024-10-08T03:50:55+00:00\",\"dateModified\":\"2024-10-08T03:50:55+00:00\",\"description\":\"Glacier sunglasses from Lindegger Optique, ideal for winter sports. Sunglasses that protect you from harmful rays.\",\"breadcrumb\":{\"@id\":\"https:\/\/lindegger-optic.ch\/en\/produit\/glacier\/#breadcrumb\"},\"inLanguage\":\"en-US\",\"potentialAction\":[{\"@type\":\"ReadAction\",\"target\":[\"https:\/\/lindegger-optic.ch\/en\/produit\/glacier\/\"]}]},{\"@type\":\"BreadcrumbList\",\"@id\":\"https:\/\/lindegger-optic.ch\/en\/produit\/glacier\/#breadcrumb\",\"itemListElement\":[{\"@type\":\"ListItem\",\"position\":1,\"name\":\"Accueil\",\"item\":\"https:\/\/lindegger-optic.ch\/en\/home\/\"},{\"@type\":\"ListItem\",\"position\":2,\"name\":\"Shop\",\"item\":\"https:\/\/lindegger-optic.ch\/shop\/\"},{\"@type\":\"ListItem\",\"position\":3,\"name\":\"Glacier\"}]},{\"@type\":\"WebSite\",\"@id\":\"https:\/\/lindegger-optic.ch\/#website\",\"url\":\"https:\/\/lindegger-optic.ch\/\",\"name\":\"Lindegger Optic, votre opticien \u00e0 Gen\u00e8ve, la meilleure qualit\u00e9 au service de votre vue\",\"description\":\"\",\"potentialAction\":[{\"@type\":\"SearchAction\",\"target\":{\"@type\":\"EntryPoint\",\"urlTemplate\":\"https:\/\/lindegger-optic.ch\/?s={search_term_string}\"},\"query-input\":{\"@type\":\"PropertyValueSpecification\",\"valueRequired\":true,\"valueName\":\"search_term_string\"}}],\"inLanguage\":\"en-US\"}]}<\/script>\n<!-- \/ Yoast SEO plugin. -->","yoast_head_json":{"title":"Achetez Glacier chez Lindegger Optique","description":"Glacier sunglasses from Lindegger Optique, ideal for winter sports. Sunglasses that protect you from harmful rays.","robots":{"index":"index","follow":"follow","max-snippet":"max-snippet:-1","max-image-preview":"max-image-preview:large","max-video-preview":"max-video-preview:-1"},"canonical":"https:\/\/lindegger-optic.ch\/en\/produit\/glacier\/","og_locale":"en_US","og_type":"article","og_title":"Achetez Glacier chez Lindegger Optique","og_description":"Glacier sunglasses from Lindegger Optique, ideal for winter sports. Sunglasses that protect you from harmful rays.","og_url":"https:\/\/lindegger-optic.ch\/en\/produit\/glacier\/","og_site_name":"Lindegger Optic, votre opticien \u00e0 Gen\u00e8ve, la meilleure qualit\u00e9 au service de votre vue","twitter_card":"summary_large_image","twitter_misc":{"Est. reading time":"1 minute"},"schema":{"@context":"https:\/\/schema.org","@graph":[{"@type":"WebPage","@id":"https:\/\/lindegger-optic.ch\/en\/produit\/glacier\/","url":"https:\/\/lindegger-optic.ch\/en\/produit\/glacier\/","name":"Achetez Glacier chez Lindegger Optique","isPartOf":{"@id":"https:\/\/lindegger-optic.ch\/#website"},"datePublished":"2024-10-08T03:50:55+00:00","dateModified":"2024-10-08T03:50:55+00:00","description":"Glacier sunglasses from Lindegger Optique, ideal for winter sports. Sunglasses that protect you from harmful rays.","breadcrumb":{"@id":"https:\/\/lindegger-optic.ch\/en\/produit\/glacier\/#breadcrumb"},"inLanguage":"en-US","potentialAction":[{"@type":"ReadAction","target":["https:\/\/lindegger-optic.ch\/en\/produit\/glacier\/"]}]},{"@type":"BreadcrumbList","@id":"https:\/\/lindegger-optic.ch\/en\/produit\/glacier\/#breadcrumb","itemListElement":[{"@type":"ListItem","position":1,"name":"Accueil","item":"https:\/\/lindegger-optic.ch\/en\/home\/"},{"@type":"ListItem","position":2,"name":"Shop","item":"https:\/\/lindegger-optic.ch\/shop\/"},{"@type":"ListItem","position":3,"name":"Glacier"}]},{"@type":"WebSite","@id":"https:\/\/lindegger-optic.ch\/#website","url":"https:\/\/lindegger-optic.ch\/","name":"Lindegger Optic, votre opticien \u00e0 Gen\u00e8ve, la meilleure qualit\u00e9 au service de votre vue","description":"","potentialAction":[{"@type":"SearchAction","target":{"@type":"EntryPoint","urlTemplate":"https:\/\/lindegger-optic.ch\/?s={search_term_string}"},"query-input":{"@type":"PropertyValueSpecification","valueRequired":true,"valueName":"search_term_string"}}],"inLanguage":"en-US"}]}},"_links":{"self":[{"href":"https:\/\/lindegger-optic.ch\/en\/wp-json\/wp\/v2\/product\/16492"}],"collection":[{"href":"https:\/\/lindegger-optic.ch\/en\/wp-json\/wp\/v2\/product"}],"about":[{"href":"https:\/\/lindegger-optic.ch\/en\/wp-json\/wp\/v2\/types\/product"}],"replies":[{"embeddable":true,"href":"https:\/\/lindegger-optic.ch\/en\/wp-json\/wp\/v2\/comments?post=16492"}],"wp:attachment":[{"href":"https:\/\/lindegger-optic.ch\/en\/wp-json\/wp\/v2\/media?parent=16492"}],"wp:term":[{"taxonomy":"product_cat","embeddable":true,"href":"https:\/\/lindegger-optic.ch\/en\/wp-json\/wp\/v2\/product_cat?post=16492"},{"taxonomy":"product_tag","embeddable":true,"href":"https:\/\/lindegger-optic.ch\/en\/wp-json\/wp\/v2\/product_tag?post=16492"}],"curies":[{"name":"wp","href":"https:\/\/api.w.org\/{rel}","templated":true}]}}