{"id":16493,"date":"2024-10-08T05:50:55","date_gmt":"2024-10-08T03:50:55","guid":{"rendered":"https:\/\/lindegger-optic.ch\/produit\/avizor-unica-sensitive-travel-kit\/"},"modified":"2024-10-08T05:50:55","modified_gmt":"2024-10-08T03:50:55","slug":"avizor-unica-sensitive-travel-kit","status":"publish","type":"product","link":"https:\/\/lindegger-optic.ch\/en\/produit\/avizor-unica-sensitive-travel-kit\/","title":{"rendered":"Avizor Unica sensitive Travel Kit"},"content":{"rendered":"<p>The <a href=\"https:\/\/www.avizor.com\/fr\/product\/unica-sensitive\/\">Avizor Unica sensitive<\/a> travel kit provides a complete solution for contact lens wearers who are often on the move. It includes a 60 ml <a href=\"https:\/\/www.avizor.com\/fr\/product\/unica-sensitive\/\">Avizor Unica sensitive<\/a> cleaning solution, a contact lens case and lens handling forceps. <a href=\"https:\/\/www.avizor.com\/fr\/product\/unica-sensitive\/\">Avizor Unica sensitive<\/a> cleaning solution is specially formulated to effectively clean soft contact lenses, while being gentle on sensitive eyes. It quickly removes protein, lipid and bacterial deposits that can build up on lenses, without containing preservatives or parabens that could cause irritation or allergies. The small carrying case is designed to store contact lenses safely while on the move. It also features a handy mirror for easy lens handling, and its compact size makes it easy to carry in a handbag or pocket. The lens clip is an essential tool for handling contact lenses safely and avoiding contamination. It facilitates insertion and removal of contact lenses with great precision, helping to maintain clear, sharp vision. All in all, the <a href=\"https:\/\/www.avizor.com\/fr\/product\/unica-sensitive\/\">Avizor Unica sensitive<\/a> travel kit is a complete <a href=\"https:\/\/lindegger-optic.ch\/cat%C3%A9gorie-de-produit\/produit-de-lentilles-de-contact\/\">contact lens care<\/a> solution, ideal for people on the move. With its gentle cleaning solution for sensitive eyes, compact case and practical clip, it helps maintain clear, sharp vision wherever you are. With this kit, you can travel with complete peace of mind, knowing you have a complete set to care for your contact lenses.<\/p>\n","protected":false},"excerpt":{"rendered":"<p>The <a href=\"https:\/\/www.avizor.com\/fr\/product\/unica-sensitive\/\">Avizor Unica sensitive<\/a> travel kit is a complete solution for <a href=\"https:\/\/lindegger-optic.ch\/cat%C3%A9gorie-de-produit\/produit-de-lentilles-de-contact\/\">contact lens care<\/a>, including a gentle cleaning solution for sensitive eyes, a compact contact lens case and convenient lens handling pliers. This kit is ideal for people on the move who want to maintain clear, sharp vision. <\/p>\n","protected":false},"featured_media":15865,"comment_status":"closed","ping_status":"closed","template":"","meta":{"_et_pb_use_builder":"","_et_pb_old_content":"","_et_gb_content_width":""},"product_cat":[1394],"product_tag":[1579,1567,1571,1564,1576,1580,1565,1568,1578,1575,1572,1573,1570,1569,1574,1577,1566],"class_list":{"0":"post-16493","1":"product","2":"type-product","3":"status-publish","4":"has-post-thumbnail","6":"product_cat-soft-contact-lenses-product","7":"product_tag-allergies-en","8":"product_tag-avizor-unica-sensitive-en","9":"product_tag-bacterial-deposits","10":"product_tag-cleaning-solution","11":"product_tag-clear-sharp-vision","12":"product_tag-complete-solution","13":"product_tag-contact-lenses","14":"product_tag-gentle-on-sensitive-eyes","15":"product_tag-irritation-en","16":"product_tag-lens-care","17":"product_tag-lens-case","18":"product_tag-lens-tweezers","19":"product_tag-lipid-deposits","20":"product_tag-protein-deposits","21":"product_tag-safe-handling","22":"product_tag-travel","23":"product_tag-travel-kit","25":"first","26":"instock","27":"taxable","28":"shipping-taxable","29":"product-type-simple"},"yoast_head":"<!-- This site is optimized with the Yoast SEO plugin v23.6 - https:\/\/yoast.com\/wordpress\/plugins\/seo\/ -->\n<title>Avizor Unica sensitive Travel Kit travel kit for contact lenses<\/title>\n<meta name=\"description\" content=\"The travel kit Avizor Unica sensitive Travel Kit The practical, gentle way to care for your contact lenses on the move.\" \/>\n<meta name=\"robots\" content=\"index, follow, max-snippet:-1, max-image-preview:large, max-video-preview:-1\" \/>\n<link rel=\"canonical\" href=\"https:\/\/lindegger-optic.ch\/produit\/avizor-unica-sensitive-travel-kit\/\" \/>\n<meta property=\"og:locale\" content=\"en_US\" \/>\n<meta property=\"og:type\" content=\"article\" \/>\n<meta property=\"og:title\" content=\"Avizor Unica sensitive Travel Kit travel kit for contact lenses\" \/>\n<meta property=\"og:description\" content=\"The travel kit Avizor Unica sensitive Travel Kit The practical, gentle way to care for your contact lenses on the move.\" \/>\n<meta property=\"og:url\" content=\"https:\/\/lindegger-optic.ch\/produit\/avizor-unica-sensitive-travel-kit\/\" \/>\n<meta property=\"og:site_name\" content=\"Lindegger Optic, votre opticien \u00e0 Gen\u00e8ve, la meilleure qualit\u00e9 au service de votre vue\" \/>\n<meta property=\"og:image\" content=\"https:\/\/lindegger-optic.ch\/wp-content\/uploads\/Avizor-unica-sensitive-travel-kit.jpg\" \/>\n\t<meta property=\"og:image:width\" content=\"1024\" \/>\n\t<meta property=\"og:image:height\" content=\"683\" \/>\n\t<meta property=\"og:image:type\" content=\"image\/jpeg\" \/>\n<meta name=\"twitter:card\" content=\"summary_large_image\" \/>\n<meta name=\"twitter:label1\" content=\"Est. reading time\" \/>\n\t<meta name=\"twitter:data1\" content=\"1 minute\" \/>\n<script type=\"application\/ld+json\" class=\"yoast-schema-graph\">{\"@context\":\"https:\/\/schema.org\",\"@graph\":[{\"@type\":\"WebPage\",\"@id\":\"https:\/\/lindegger-optic.ch\/produit\/avizor-unica-sensitive-travel-kit\/\",\"url\":\"https:\/\/lindegger-optic.ch\/produit\/avizor-unica-sensitive-travel-kit\/\",\"name\":\"Avizor Unica sensitive Travel Kit travel kit for contact lenses\",\"isPartOf\":{\"@id\":\"https:\/\/lindegger-optic.ch\/#website\"},\"primaryImageOfPage\":{\"@id\":\"https:\/\/lindegger-optic.ch\/produit\/avizor-unica-sensitive-travel-kit\/#primaryimage\"},\"image\":{\"@id\":\"https:\/\/lindegger-optic.ch\/produit\/avizor-unica-sensitive-travel-kit\/#primaryimage\"},\"thumbnailUrl\":\"https:\/\/lindegger-optic.ch\/wp-content\/uploads\/Avizor-unica-sensitive-travel-kit.jpg\",\"datePublished\":\"2024-10-08T03:50:55+00:00\",\"dateModified\":\"2024-10-08T03:50:55+00:00\",\"description\":\"The travel kit Avizor Unica sensitive Travel Kit The practical, gentle way to care for your contact lenses on the move.\",\"breadcrumb\":{\"@id\":\"https:\/\/lindegger-optic.ch\/produit\/avizor-unica-sensitive-travel-kit\/#breadcrumb\"},\"inLanguage\":\"en-US\",\"potentialAction\":[{\"@type\":\"ReadAction\",\"target\":[\"https:\/\/lindegger-optic.ch\/produit\/avizor-unica-sensitive-travel-kit\/\"]}]},{\"@type\":\"ImageObject\",\"inLanguage\":\"en-US\",\"@id\":\"https:\/\/lindegger-optic.ch\/produit\/avizor-unica-sensitive-travel-kit\/#primaryimage\",\"url\":\"https:\/\/lindegger-optic.ch\/wp-content\/uploads\/Avizor-unica-sensitive-travel-kit.jpg\",\"contentUrl\":\"https:\/\/lindegger-optic.ch\/wp-content\/uploads\/Avizor-unica-sensitive-travel-kit.jpg\",\"width\":1024,\"height\":683,\"caption\":\"Le kit de voyage Avizor Unica sensitive : votre compagnon de voyage pour des lentilles de contact propres et confortables, o\u00f9 que vous soyez.\"},{\"@type\":\"BreadcrumbList\",\"@id\":\"https:\/\/lindegger-optic.ch\/produit\/avizor-unica-sensitive-travel-kit\/#breadcrumb\",\"itemListElement\":[{\"@type\":\"ListItem\",\"position\":1,\"name\":\"Accueil\",\"item\":\"https:\/\/lindegger-optic.ch\/en\/home\/\"},{\"@type\":\"ListItem\",\"position\":2,\"name\":\"Shop\",\"item\":\"https:\/\/lindegger-optic.ch\/shop\/\"},{\"@type\":\"ListItem\",\"position\":3,\"name\":\"Avizor Unica sensitive Travel Kit\"}]},{\"@type\":\"WebSite\",\"@id\":\"https:\/\/lindegger-optic.ch\/#website\",\"url\":\"https:\/\/lindegger-optic.ch\/\",\"name\":\"Lindegger Optic, votre opticien \u00e0 Gen\u00e8ve, la meilleure qualit\u00e9 au service de votre vue\",\"description\":\"\",\"potentialAction\":[{\"@type\":\"SearchAction\",\"target\":{\"@type\":\"EntryPoint\",\"urlTemplate\":\"https:\/\/lindegger-optic.ch\/?s={search_term_string}\"},\"query-input\":{\"@type\":\"PropertyValueSpecification\",\"valueRequired\":true,\"valueName\":\"search_term_string\"}}],\"inLanguage\":\"en-US\"}]}<\/script>\n<!-- \/ Yoast SEO plugin. -->","yoast_head_json":{"title":"Avizor Unica sensitive Travel Kit travel kit for contact lenses","description":"The travel kit Avizor Unica sensitive Travel Kit The practical, gentle way to care for your contact lenses on the move.","robots":{"index":"index","follow":"follow","max-snippet":"max-snippet:-1","max-image-preview":"max-image-preview:large","max-video-preview":"max-video-preview:-1"},"canonical":"https:\/\/lindegger-optic.ch\/produit\/avizor-unica-sensitive-travel-kit\/","og_locale":"en_US","og_type":"article","og_title":"Avizor Unica sensitive Travel Kit travel kit for contact lenses","og_description":"The travel kit Avizor Unica sensitive Travel Kit The practical, gentle way to care for your contact lenses on the move.","og_url":"https:\/\/lindegger-optic.ch\/produit\/avizor-unica-sensitive-travel-kit\/","og_site_name":"Lindegger Optic, votre opticien \u00e0 Gen\u00e8ve, la meilleure qualit\u00e9 au service de votre vue","og_image":[{"width":1024,"height":683,"url":"https:\/\/lindegger-optic.ch\/wp-content\/uploads\/Avizor-unica-sensitive-travel-kit.jpg","type":"image\/jpeg"}],"twitter_card":"summary_large_image","twitter_misc":{"Est. reading time":"1 minute"},"schema":{"@context":"https:\/\/schema.org","@graph":[{"@type":"WebPage","@id":"https:\/\/lindegger-optic.ch\/produit\/avizor-unica-sensitive-travel-kit\/","url":"https:\/\/lindegger-optic.ch\/produit\/avizor-unica-sensitive-travel-kit\/","name":"Avizor Unica sensitive Travel Kit travel kit for contact lenses","isPartOf":{"@id":"https:\/\/lindegger-optic.ch\/#website"},"primaryImageOfPage":{"@id":"https:\/\/lindegger-optic.ch\/produit\/avizor-unica-sensitive-travel-kit\/#primaryimage"},"image":{"@id":"https:\/\/lindegger-optic.ch\/produit\/avizor-unica-sensitive-travel-kit\/#primaryimage"},"thumbnailUrl":"https:\/\/lindegger-optic.ch\/wp-content\/uploads\/Avizor-unica-sensitive-travel-kit.jpg","datePublished":"2024-10-08T03:50:55+00:00","dateModified":"2024-10-08T03:50:55+00:00","description":"The travel kit Avizor Unica sensitive Travel Kit The practical, gentle way to care for your contact lenses on the move.","breadcrumb":{"@id":"https:\/\/lindegger-optic.ch\/produit\/avizor-unica-sensitive-travel-kit\/#breadcrumb"},"inLanguage":"en-US","potentialAction":[{"@type":"ReadAction","target":["https:\/\/lindegger-optic.ch\/produit\/avizor-unica-sensitive-travel-kit\/"]}]},{"@type":"ImageObject","inLanguage":"en-US","@id":"https:\/\/lindegger-optic.ch\/produit\/avizor-unica-sensitive-travel-kit\/#primaryimage","url":"https:\/\/lindegger-optic.ch\/wp-content\/uploads\/Avizor-unica-sensitive-travel-kit.jpg","contentUrl":"https:\/\/lindegger-optic.ch\/wp-content\/uploads\/Avizor-unica-sensitive-travel-kit.jpg","width":1024,"height":683,"caption":"Le kit de voyage Avizor Unica sensitive : votre compagnon de voyage pour des lentilles de contact propres et confortables, o\u00f9 que vous soyez."},{"@type":"BreadcrumbList","@id":"https:\/\/lindegger-optic.ch\/produit\/avizor-unica-sensitive-travel-kit\/#breadcrumb","itemListElement":[{"@type":"ListItem","position":1,"name":"Accueil","item":"https:\/\/lindegger-optic.ch\/en\/home\/"},{"@type":"ListItem","position":2,"name":"Shop","item":"https:\/\/lindegger-optic.ch\/shop\/"},{"@type":"ListItem","position":3,"name":"Avizor Unica sensitive Travel Kit"}]},{"@type":"WebSite","@id":"https:\/\/lindegger-optic.ch\/#website","url":"https:\/\/lindegger-optic.ch\/","name":"Lindegger Optic, votre opticien \u00e0 Gen\u00e8ve, la meilleure qualit\u00e9 au service de votre vue","description":"","potentialAction":[{"@type":"SearchAction","target":{"@type":"EntryPoint","urlTemplate":"https:\/\/lindegger-optic.ch\/?s={search_term_string}"},"query-input":{"@type":"PropertyValueSpecification","valueRequired":true,"valueName":"search_term_string"}}],"inLanguage":"en-US"}]}},"_links":{"self":[{"href":"https:\/\/lindegger-optic.ch\/en\/wp-json\/wp\/v2\/product\/16493"}],"collection":[{"href":"https:\/\/lindegger-optic.ch\/en\/wp-json\/wp\/v2\/product"}],"about":[{"href":"https:\/\/lindegger-optic.ch\/en\/wp-json\/wp\/v2\/types\/product"}],"replies":[{"embeddable":true,"href":"https:\/\/lindegger-optic.ch\/en\/wp-json\/wp\/v2\/comments?post=16493"}],"wp:featuredmedia":[{"embeddable":true,"href":"https:\/\/lindegger-optic.ch\/en\/wp-json\/wp\/v2\/media\/15865"}],"wp:attachment":[{"href":"https:\/\/lindegger-optic.ch\/en\/wp-json\/wp\/v2\/media?parent=16493"}],"wp:term":[{"taxonomy":"product_cat","embeddable":true,"href":"https:\/\/lindegger-optic.ch\/en\/wp-json\/wp\/v2\/product_cat?post=16493"},{"taxonomy":"product_tag","embeddable":true,"href":"https:\/\/lindegger-optic.ch\/en\/wp-json\/wp\/v2\/product_tag?post=16493"}],"curies":[{"name":"wp","href":"https:\/\/api.w.org\/{rel}","templated":true}]}}