{"id":16495,"date":"2024-10-08T05:50:56","date_gmt":"2024-10-08T03:50:56","guid":{"rendered":"https:\/\/lindegger-optic.ch\/produit\/soprattutto-mondelliani-coupe-collection\/"},"modified":"2024-10-08T05:50:56","modified_gmt":"2024-10-08T03:50:56","slug":"soprattutto-mondelliani-coupe-collection","status":"publish","type":"product","link":"https:\/\/lindegger-optic.ch\/en\/produit\/soprattutto-mondelliani-coupe-collection\/","title":{"rendered":"Soprattutto Mondelliani Coupe Collection"},"content":{"rendered":"<p>Italian eyewear brand <a href=\"https:\/\/mondelliani.com\/\">Mondelliani<\/a> introduces the<a href=\"https:\/\/soprattutto.com\/collections\/coupe\/\">&#8220;Mondelliani Coupe Light<\/a>&#8221; collection, offering a modern, lightweight interpretation of classic frames. Italian craftsmen use high-quality materials to design each pair of glasses by hand, guaranteeing an exceptional finish. Inspired by modern architecture, the<a href=\"https:\/\/soprattutto.com\/collections\/coupe\/\">&#8220;Mondelliani Coupe Light<\/a>&#8221; collection features sleek, elegant designs. Asymmetrical frames and contrasting colors add a touch of originality to each pair of glasses. The lightness of the frames makes them comfortable to wear all day long. The<a href=\"https:\/\/soprattutto.com\/collections\/coupe\/\">&#8220;Mondelliani Coupe Light<\/a>&#8221; collection offers a wide variety of shapes, colors and patterns to suit every taste. Rectangular frames are perfect for angular faces, while rounder shapes are more suited to oval faces. The acetate frames in the<a href=\"https:\/\/soprattutto.com\/collections\/coupe\/\">&#8220;Mondelliani Coupe Light<\/a>&#8221; collection are available in a variety of soft, elegant colors, such as powder pink, pastel blue and water green. Metal frames are available in rose gold, silver or stainless steel.<\/p>\n","protected":false},"excerpt":{"rendered":"<p>The<a href=\"https:\/\/soprattutto.com\/collections\/coupe\/\">&#8220;Mondelliani Coupe<\/a>&#8221; collection from Italian eyewear brand <a href=\"https:\/\/mondelliani.com\/\">Mondelliani<\/a> is known for its asymmetrical frames and contrasting colors. The eyewear is handcrafted in Italy from high-quality materials. The collection offers a variety of colors and patterns, and is designed to be lightweight and comfortable. It&#8217;s perfect for people looking to express their unique style and individuality.   <\/p>\n","protected":false},"featured_media":0,"comment_status":"closed","ping_status":"closed","template":"","meta":{"_et_pb_use_builder":"","_et_pb_old_content":"","_et_gb_content_width":""},"product_cat":[1397],"product_tag":[],"class_list":{"0":"post-16495","1":"product","2":"type-product","3":"status-publish","5":"product_cat-selection-of-the-month-glasses","7":"first","8":"instock","9":"taxable","10":"shipping-taxable","11":"product-type-simple"},"yoast_head":"<!-- This site is optimized with the Yoast SEO plugin v23.6 - https:\/\/yoast.com\/wordpress\/plugins\/seo\/ -->\n<title>Soprattutto Mondelliani Coupe Collection at Lindegger Optique<\/title>\n<meta name=\"description\" content=\"Discover the collection Handcrafted from high-quality materials, these glasses are perfect for adding a touch of style.\" \/>\n<meta name=\"robots\" content=\"index, follow, max-snippet:-1, max-image-preview:large, max-video-preview:-1\" \/>\n<link rel=\"canonical\" href=\"https:\/\/lindegger-optic.ch\/en\/produit\/soprattutto-mondelliani-coupe-collection\/\" \/>\n<meta property=\"og:locale\" content=\"en_US\" \/>\n<meta property=\"og:type\" content=\"article\" \/>\n<meta property=\"og:title\" content=\"Soprattutto Mondelliani Coupe Collection at Lindegger Optique\" \/>\n<meta property=\"og:description\" content=\"Discover the collection Handcrafted from high-quality materials, these glasses are perfect for adding a touch of style.\" \/>\n<meta property=\"og:url\" content=\"https:\/\/lindegger-optic.ch\/en\/produit\/soprattutto-mondelliani-coupe-collection\/\" \/>\n<meta property=\"og:site_name\" content=\"Lindegger Optic, votre opticien \u00e0 Gen\u00e8ve, la meilleure qualit\u00e9 au service de votre vue\" \/>\n<meta name=\"twitter:card\" content=\"summary_large_image\" \/>\n<meta name=\"twitter:label1\" content=\"Est. reading time\" \/>\n\t<meta name=\"twitter:data1\" content=\"1 minute\" \/>\n<script type=\"application\/ld+json\" class=\"yoast-schema-graph\">{\"@context\":\"https:\/\/schema.org\",\"@graph\":[{\"@type\":\"WebPage\",\"@id\":\"https:\/\/lindegger-optic.ch\/en\/produit\/soprattutto-mondelliani-coupe-collection\/\",\"url\":\"https:\/\/lindegger-optic.ch\/en\/produit\/soprattutto-mondelliani-coupe-collection\/\",\"name\":\"Soprattutto Mondelliani Coupe Collection at Lindegger Optique\",\"isPartOf\":{\"@id\":\"https:\/\/lindegger-optic.ch\/#website\"},\"datePublished\":\"2024-10-08T03:50:56+00:00\",\"dateModified\":\"2024-10-08T03:50:56+00:00\",\"description\":\"Discover the collection Handcrafted from high-quality materials, these glasses are perfect for adding a touch of style.\",\"breadcrumb\":{\"@id\":\"https:\/\/lindegger-optic.ch\/en\/produit\/soprattutto-mondelliani-coupe-collection\/#breadcrumb\"},\"inLanguage\":\"en-US\",\"potentialAction\":[{\"@type\":\"ReadAction\",\"target\":[\"https:\/\/lindegger-optic.ch\/en\/produit\/soprattutto-mondelliani-coupe-collection\/\"]}]},{\"@type\":\"BreadcrumbList\",\"@id\":\"https:\/\/lindegger-optic.ch\/en\/produit\/soprattutto-mondelliani-coupe-collection\/#breadcrumb\",\"itemListElement\":[{\"@type\":\"ListItem\",\"position\":1,\"name\":\"Accueil\",\"item\":\"https:\/\/lindegger-optic.ch\/en\/home\/\"},{\"@type\":\"ListItem\",\"position\":2,\"name\":\"Shop\",\"item\":\"https:\/\/lindegger-optic.ch\/shop\/\"},{\"@type\":\"ListItem\",\"position\":3,\"name\":\"Soprattutto Mondelliani Coupe Collection\"}]},{\"@type\":\"WebSite\",\"@id\":\"https:\/\/lindegger-optic.ch\/#website\",\"url\":\"https:\/\/lindegger-optic.ch\/\",\"name\":\"Lindegger Optic, votre opticien \u00e0 Gen\u00e8ve, la meilleure qualit\u00e9 au service de votre vue\",\"description\":\"\",\"potentialAction\":[{\"@type\":\"SearchAction\",\"target\":{\"@type\":\"EntryPoint\",\"urlTemplate\":\"https:\/\/lindegger-optic.ch\/?s={search_term_string}\"},\"query-input\":{\"@type\":\"PropertyValueSpecification\",\"valueRequired\":true,\"valueName\":\"search_term_string\"}}],\"inLanguage\":\"en-US\"}]}<\/script>\n<!-- \/ Yoast SEO plugin. -->","yoast_head_json":{"title":"Soprattutto Mondelliani Coupe Collection at Lindegger Optique","description":"Discover the collection Handcrafted from high-quality materials, these glasses are perfect for adding a touch of style.","robots":{"index":"index","follow":"follow","max-snippet":"max-snippet:-1","max-image-preview":"max-image-preview:large","max-video-preview":"max-video-preview:-1"},"canonical":"https:\/\/lindegger-optic.ch\/en\/produit\/soprattutto-mondelliani-coupe-collection\/","og_locale":"en_US","og_type":"article","og_title":"Soprattutto Mondelliani Coupe Collection at Lindegger Optique","og_description":"Discover the collection Handcrafted from high-quality materials, these glasses are perfect for adding a touch of style.","og_url":"https:\/\/lindegger-optic.ch\/en\/produit\/soprattutto-mondelliani-coupe-collection\/","og_site_name":"Lindegger Optic, votre opticien \u00e0 Gen\u00e8ve, la meilleure qualit\u00e9 au service de votre vue","twitter_card":"summary_large_image","twitter_misc":{"Est. reading time":"1 minute"},"schema":{"@context":"https:\/\/schema.org","@graph":[{"@type":"WebPage","@id":"https:\/\/lindegger-optic.ch\/en\/produit\/soprattutto-mondelliani-coupe-collection\/","url":"https:\/\/lindegger-optic.ch\/en\/produit\/soprattutto-mondelliani-coupe-collection\/","name":"Soprattutto Mondelliani Coupe Collection at Lindegger Optique","isPartOf":{"@id":"https:\/\/lindegger-optic.ch\/#website"},"datePublished":"2024-10-08T03:50:56+00:00","dateModified":"2024-10-08T03:50:56+00:00","description":"Discover the collection Handcrafted from high-quality materials, these glasses are perfect for adding a touch of style.","breadcrumb":{"@id":"https:\/\/lindegger-optic.ch\/en\/produit\/soprattutto-mondelliani-coupe-collection\/#breadcrumb"},"inLanguage":"en-US","potentialAction":[{"@type":"ReadAction","target":["https:\/\/lindegger-optic.ch\/en\/produit\/soprattutto-mondelliani-coupe-collection\/"]}]},{"@type":"BreadcrumbList","@id":"https:\/\/lindegger-optic.ch\/en\/produit\/soprattutto-mondelliani-coupe-collection\/#breadcrumb","itemListElement":[{"@type":"ListItem","position":1,"name":"Accueil","item":"https:\/\/lindegger-optic.ch\/en\/home\/"},{"@type":"ListItem","position":2,"name":"Shop","item":"https:\/\/lindegger-optic.ch\/shop\/"},{"@type":"ListItem","position":3,"name":"Soprattutto Mondelliani Coupe Collection"}]},{"@type":"WebSite","@id":"https:\/\/lindegger-optic.ch\/#website","url":"https:\/\/lindegger-optic.ch\/","name":"Lindegger Optic, votre opticien \u00e0 Gen\u00e8ve, la meilleure qualit\u00e9 au service de votre vue","description":"","potentialAction":[{"@type":"SearchAction","target":{"@type":"EntryPoint","urlTemplate":"https:\/\/lindegger-optic.ch\/?s={search_term_string}"},"query-input":{"@type":"PropertyValueSpecification","valueRequired":true,"valueName":"search_term_string"}}],"inLanguage":"en-US"}]}},"_links":{"self":[{"href":"https:\/\/lindegger-optic.ch\/en\/wp-json\/wp\/v2\/product\/16495"}],"collection":[{"href":"https:\/\/lindegger-optic.ch\/en\/wp-json\/wp\/v2\/product"}],"about":[{"href":"https:\/\/lindegger-optic.ch\/en\/wp-json\/wp\/v2\/types\/product"}],"replies":[{"embeddable":true,"href":"https:\/\/lindegger-optic.ch\/en\/wp-json\/wp\/v2\/comments?post=16495"}],"wp:attachment":[{"href":"https:\/\/lindegger-optic.ch\/en\/wp-json\/wp\/v2\/media?parent=16495"}],"wp:term":[{"taxonomy":"product_cat","embeddable":true,"href":"https:\/\/lindegger-optic.ch\/en\/wp-json\/wp\/v2\/product_cat?post=16495"},{"taxonomy":"product_tag","embeddable":true,"href":"https:\/\/lindegger-optic.ch\/en\/wp-json\/wp\/v2\/product_tag?post=16495"}],"curies":[{"name":"wp","href":"https:\/\/api.w.org\/{rel}","templated":true}]}}