{"id":16600,"date":"2024-10-08T05:56:44","date_gmt":"2024-10-08T03:56:44","guid":{"rendered":"https:\/\/lindegger-optic.ch\/produit\/lipo-nit-sensitiv-liposomales-spray-10ml\/"},"modified":"2024-10-08T05:56:44","modified_gmt":"2024-10-08T03:56:44","slug":"lipo-nit-sensitiv-liposomales-spray-10ml","status":"publish","type":"product","link":"https:\/\/lindegger-optic.ch\/en\/produit\/lipo-nit-sensitiv-liposomales-spray-10ml\/","title":{"rendered":"Lipo Nit Sensitiv Liposomales Spray 10ml"},"content":{"rendered":"<p><span style=\"vertical-align: inherit;\"><span style=\"vertical-align: inherit;\">Humectant solution<\/span><\/span><\/p>\n","protected":false},"excerpt":{"rendered":"<p><span style=\"vertical-align: inherit;\"><span style=\"vertical-align: inherit;\">The liposomal eye spray regulates and improves the moistening of the surface of the eyes and eyelids.  <\/span><span style=\"vertical-align: inherit;\">You can then freely enjoy the healthy eyes to feel relaxed.<\/span><\/span><\/p>\n","protected":false},"featured_media":12956,"comment_status":"closed","ping_status":"closed","template":"","meta":{"_et_pb_use_builder":"","_et_pb_old_content":"","_et_gb_content_width":""},"product_cat":[1382,1381],"product_tag":[1374,1367,1581,1582],"class_list":{"0":"post-16600","1":"product","2":"type-product","3":"status-publish","4":"has-post-thumbnail","6":"product_cat-artificial-tears","7":"product_cat-contact-lens-product","8":"product_tag-artificial-tear","9":"product_tag-lens-product","10":"product_tag-lipo-nit-sensitiv-en","11":"product_tag-liposomal","13":"first","14":"instock","15":"taxable","16":"shipping-taxable","17":"product-type-simple"},"yoast_head":"<!-- This site is optimized with the Yoast SEO plugin v23.6 - https:\/\/yoast.com\/wordpress\/plugins\/seo\/ -->\n<title>Achetez Lipo Nit Sensitiv Liposomales Spray 10ml chez Lindegger Optique<\/title>\n<meta name=\"description\" content=\"Achetez Lipo Nit Sensitiv Liposomales Spray 10ml au meilleur prix chez Lindegger Optique. Livraison gratuite en 48 heures !\" \/>\n<meta name=\"robots\" content=\"index, follow, max-snippet:-1, max-image-preview:large, max-video-preview:-1\" \/>\n<link rel=\"canonical\" href=\"https:\/\/lindegger-optic.ch\/produit\/lipo-nit-sensitiv-liposomales-spray-10ml\/\" \/>\n<meta property=\"og:locale\" content=\"en_US\" \/>\n<meta property=\"og:type\" content=\"article\" \/>\n<meta property=\"og:title\" content=\"Achetez Lipo Nit Sensitiv Liposomales Spray 10ml chez Lindegger Optique\" \/>\n<meta property=\"og:description\" content=\"Achetez Lipo Nit Sensitiv Liposomales Spray 10ml au meilleur prix chez Lindegger Optique. Livraison gratuite en 48 heures !\" \/>\n<meta property=\"og:url\" content=\"https:\/\/lindegger-optic.ch\/produit\/lipo-nit-sensitiv-liposomales-spray-10ml\/\" \/>\n<meta property=\"og:site_name\" content=\"Lindegger Optic, votre opticien \u00e0 Gen\u00e8ve, la meilleure qualit\u00e9 au service de votre vue\" \/>\n<meta name=\"twitter:card\" content=\"summary_large_image\" \/>\n<script type=\"application\/ld+json\" class=\"yoast-schema-graph\">{\"@context\":\"https:\/\/schema.org\",\"@graph\":[{\"@type\":\"WebPage\",\"@id\":\"https:\/\/lindegger-optic.ch\/produit\/lipo-nit-sensitiv-liposomales-spray-10ml\/\",\"url\":\"https:\/\/lindegger-optic.ch\/produit\/lipo-nit-sensitiv-liposomales-spray-10ml\/\",\"name\":\"Achetez Lipo Nit Sensitiv Liposomales Spray 10ml chez Lindegger Optique\",\"isPartOf\":{\"@id\":\"https:\/\/lindegger-optic.ch\/#website\"},\"primaryImageOfPage\":{\"@id\":\"https:\/\/lindegger-optic.ch\/produit\/lipo-nit-sensitiv-liposomales-spray-10ml\/#primaryimage\"},\"image\":{\"@id\":\"https:\/\/lindegger-optic.ch\/produit\/lipo-nit-sensitiv-liposomales-spray-10ml\/#primaryimage\"},\"thumbnailUrl\":\"https:\/\/lindegger-optic.ch\/wp-content\/uploads\/2017\/04\/Lipo-Nit-Sensitiv-Liposomales-Spray.jpg\",\"datePublished\":\"2024-10-08T03:56:44+00:00\",\"dateModified\":\"2024-10-08T03:56:44+00:00\",\"description\":\"Achetez Lipo Nit Sensitiv Liposomales Spray 10ml au meilleur prix chez Lindegger Optique. Livraison gratuite en 48 heures !\",\"breadcrumb\":{\"@id\":\"https:\/\/lindegger-optic.ch\/produit\/lipo-nit-sensitiv-liposomales-spray-10ml\/#breadcrumb\"},\"inLanguage\":\"en-US\",\"potentialAction\":[{\"@type\":\"ReadAction\",\"target\":[\"https:\/\/lindegger-optic.ch\/produit\/lipo-nit-sensitiv-liposomales-spray-10ml\/\"]}]},{\"@type\":\"ImageObject\",\"inLanguage\":\"en-US\",\"@id\":\"https:\/\/lindegger-optic.ch\/produit\/lipo-nit-sensitiv-liposomales-spray-10ml\/#primaryimage\",\"url\":\"https:\/\/lindegger-optic.ch\/wp-content\/uploads\/2017\/04\/Lipo-Nit-Sensitiv-Liposomales-Spray.jpg\",\"contentUrl\":\"https:\/\/lindegger-optic.ch\/wp-content\/uploads\/2017\/04\/Lipo-Nit-Sensitiv-Liposomales-Spray.jpg\",\"width\":1000,\"height\":700},{\"@type\":\"BreadcrumbList\",\"@id\":\"https:\/\/lindegger-optic.ch\/produit\/lipo-nit-sensitiv-liposomales-spray-10ml\/#breadcrumb\",\"itemListElement\":[{\"@type\":\"ListItem\",\"position\":1,\"name\":\"Accueil\",\"item\":\"https:\/\/lindegger-optic.ch\/en\/home\/\"},{\"@type\":\"ListItem\",\"position\":2,\"name\":\"Shop\",\"item\":\"https:\/\/lindegger-optic.ch\/shop\/\"},{\"@type\":\"ListItem\",\"position\":3,\"name\":\"Lipo Nit Sensitiv Liposomales Spray 10ml\"}]},{\"@type\":\"WebSite\",\"@id\":\"https:\/\/lindegger-optic.ch\/#website\",\"url\":\"https:\/\/lindegger-optic.ch\/\",\"name\":\"Lindegger Optic, votre opticien \u00e0 Gen\u00e8ve, la meilleure qualit\u00e9 au service de votre vue\",\"description\":\"\",\"potentialAction\":[{\"@type\":\"SearchAction\",\"target\":{\"@type\":\"EntryPoint\",\"urlTemplate\":\"https:\/\/lindegger-optic.ch\/?s={search_term_string}\"},\"query-input\":{\"@type\":\"PropertyValueSpecification\",\"valueRequired\":true,\"valueName\":\"search_term_string\"}}],\"inLanguage\":\"en-US\"}]}<\/script>\n<!-- \/ Yoast SEO plugin. -->","yoast_head_json":{"title":"Achetez Lipo Nit Sensitiv Liposomales Spray 10ml chez Lindegger Optique","description":"Achetez Lipo Nit Sensitiv Liposomales Spray 10ml au meilleur prix chez Lindegger Optique. Livraison gratuite en 48 heures !","robots":{"index":"index","follow":"follow","max-snippet":"max-snippet:-1","max-image-preview":"max-image-preview:large","max-video-preview":"max-video-preview:-1"},"canonical":"https:\/\/lindegger-optic.ch\/produit\/lipo-nit-sensitiv-liposomales-spray-10ml\/","og_locale":"en_US","og_type":"article","og_title":"Achetez Lipo Nit Sensitiv Liposomales Spray 10ml chez Lindegger Optique","og_description":"Achetez Lipo Nit Sensitiv Liposomales Spray 10ml au meilleur prix chez Lindegger Optique. Livraison gratuite en 48 heures !","og_url":"https:\/\/lindegger-optic.ch\/produit\/lipo-nit-sensitiv-liposomales-spray-10ml\/","og_site_name":"Lindegger Optic, votre opticien \u00e0 Gen\u00e8ve, la meilleure qualit\u00e9 au service de votre vue","twitter_card":"summary_large_image","schema":{"@context":"https:\/\/schema.org","@graph":[{"@type":"WebPage","@id":"https:\/\/lindegger-optic.ch\/produit\/lipo-nit-sensitiv-liposomales-spray-10ml\/","url":"https:\/\/lindegger-optic.ch\/produit\/lipo-nit-sensitiv-liposomales-spray-10ml\/","name":"Achetez Lipo Nit Sensitiv Liposomales Spray 10ml chez Lindegger Optique","isPartOf":{"@id":"https:\/\/lindegger-optic.ch\/#website"},"primaryImageOfPage":{"@id":"https:\/\/lindegger-optic.ch\/produit\/lipo-nit-sensitiv-liposomales-spray-10ml\/#primaryimage"},"image":{"@id":"https:\/\/lindegger-optic.ch\/produit\/lipo-nit-sensitiv-liposomales-spray-10ml\/#primaryimage"},"thumbnailUrl":"https:\/\/lindegger-optic.ch\/wp-content\/uploads\/2017\/04\/Lipo-Nit-Sensitiv-Liposomales-Spray.jpg","datePublished":"2024-10-08T03:56:44+00:00","dateModified":"2024-10-08T03:56:44+00:00","description":"Achetez Lipo Nit Sensitiv Liposomales Spray 10ml au meilleur prix chez Lindegger Optique. Livraison gratuite en 48 heures !","breadcrumb":{"@id":"https:\/\/lindegger-optic.ch\/produit\/lipo-nit-sensitiv-liposomales-spray-10ml\/#breadcrumb"},"inLanguage":"en-US","potentialAction":[{"@type":"ReadAction","target":["https:\/\/lindegger-optic.ch\/produit\/lipo-nit-sensitiv-liposomales-spray-10ml\/"]}]},{"@type":"ImageObject","inLanguage":"en-US","@id":"https:\/\/lindegger-optic.ch\/produit\/lipo-nit-sensitiv-liposomales-spray-10ml\/#primaryimage","url":"https:\/\/lindegger-optic.ch\/wp-content\/uploads\/2017\/04\/Lipo-Nit-Sensitiv-Liposomales-Spray.jpg","contentUrl":"https:\/\/lindegger-optic.ch\/wp-content\/uploads\/2017\/04\/Lipo-Nit-Sensitiv-Liposomales-Spray.jpg","width":1000,"height":700},{"@type":"BreadcrumbList","@id":"https:\/\/lindegger-optic.ch\/produit\/lipo-nit-sensitiv-liposomales-spray-10ml\/#breadcrumb","itemListElement":[{"@type":"ListItem","position":1,"name":"Accueil","item":"https:\/\/lindegger-optic.ch\/en\/home\/"},{"@type":"ListItem","position":2,"name":"Shop","item":"https:\/\/lindegger-optic.ch\/shop\/"},{"@type":"ListItem","position":3,"name":"Lipo Nit Sensitiv Liposomales Spray 10ml"}]},{"@type":"WebSite","@id":"https:\/\/lindegger-optic.ch\/#website","url":"https:\/\/lindegger-optic.ch\/","name":"Lindegger Optic, votre opticien \u00e0 Gen\u00e8ve, la meilleure qualit\u00e9 au service de votre vue","description":"","potentialAction":[{"@type":"SearchAction","target":{"@type":"EntryPoint","urlTemplate":"https:\/\/lindegger-optic.ch\/?s={search_term_string}"},"query-input":{"@type":"PropertyValueSpecification","valueRequired":true,"valueName":"search_term_string"}}],"inLanguage":"en-US"}]}},"_links":{"self":[{"href":"https:\/\/lindegger-optic.ch\/en\/wp-json\/wp\/v2\/product\/16600"}],"collection":[{"href":"https:\/\/lindegger-optic.ch\/en\/wp-json\/wp\/v2\/product"}],"about":[{"href":"https:\/\/lindegger-optic.ch\/en\/wp-json\/wp\/v2\/types\/product"}],"replies":[{"embeddable":true,"href":"https:\/\/lindegger-optic.ch\/en\/wp-json\/wp\/v2\/comments?post=16600"}],"wp:featuredmedia":[{"embeddable":true,"href":"https:\/\/lindegger-optic.ch\/en\/wp-json\/wp\/v2\/media\/12956"}],"wp:attachment":[{"href":"https:\/\/lindegger-optic.ch\/en\/wp-json\/wp\/v2\/media?parent=16600"}],"wp:term":[{"taxonomy":"product_cat","embeddable":true,"href":"https:\/\/lindegger-optic.ch\/en\/wp-json\/wp\/v2\/product_cat?post=16600"},{"taxonomy":"product_tag","embeddable":true,"href":"https:\/\/lindegger-optic.ch\/en\/wp-json\/wp\/v2\/product_tag?post=16600"}],"curies":[{"name":"wp","href":"https:\/\/api.w.org\/{rel}","templated":true}]}}