{"id":16601,"date":"2024-10-08T05:56:44","date_gmt":"2024-10-08T03:56:44","guid":{"rendered":"https:\/\/lindegger-optic.ch\/produit\/iclean-10ml\/"},"modified":"2024-10-08T05:56:44","modified_gmt":"2024-10-08T03:56:44","slug":"iclean-10ml","status":"publish","type":"product","link":"https:\/\/lindegger-optic.ch\/en\/produit\/iclean-10ml\/","title":{"rendered":"IClean 10ml."},"content":{"rendered":"<p>The ideal cleaning solution for all types of contact lenses.<\/p>\n","protected":false},"excerpt":{"rendered":"<p>The ideal cleaning solution for all types of contact lenses. The &#8220;i-clean!&#8221; cleaning solution must be thoroughly rinsed and preserved with a suitable solution before the lens is placed on the eye. <\/p>\n","protected":false},"featured_media":12945,"comment_status":"closed","ping_status":"closed","template":"","meta":{"_et_pb_use_builder":"","_et_pb_old_content":"","_et_gb_content_width":""},"product_cat":[1393],"product_tag":[1583,1584,1367],"class_list":{"0":"post-16601","1":"product","2":"type-product","3":"status-publish","4":"has-post-thumbnail","6":"product_cat-rigid-contact-lens-product","7":"product_tag-i-clean-en","8":"product_tag-iclean-en","9":"product_tag-lens-product","11":"first","12":"instock","13":"taxable","14":"shipping-taxable","15":"product-type-simple"},"yoast_head":"<!-- This site is optimized with the Yoast SEO plugin v23.6 - https:\/\/yoast.com\/wordpress\/plugins\/seo\/ -->\n<title>IClean 10ml.<\/title>\n<meta name=\"description\" content=\"The ideal cleaning solution for all types of contact lenses. The &quot;i-clean!&quot; cleaning solution must be thoroughly rinsed and preserved with a suitable solution before the lens is placed on the eye.\" \/>\n<meta name=\"robots\" content=\"index, follow, max-snippet:-1, max-image-preview:large, max-video-preview:-1\" \/>\n<link rel=\"canonical\" href=\"https:\/\/lindegger-optic.ch\/en\/produit\/iclean-10ml\/\" \/>\n<meta property=\"og:locale\" content=\"en_US\" \/>\n<meta property=\"og:type\" content=\"article\" \/>\n<meta property=\"og:title\" content=\"IClean 10ml.\" \/>\n<meta property=\"og:description\" content=\"The ideal cleaning solution for all types of contact lenses. The &quot;i-clean!&quot; cleaning solution must be thoroughly rinsed and preserved with a suitable solution before the lens is placed on the eye.\" \/>\n<meta property=\"og:url\" content=\"https:\/\/lindegger-optic.ch\/en\/produit\/iclean-10ml\/\" \/>\n<meta property=\"og:site_name\" content=\"Lindegger Optic, votre opticien \u00e0 Gen\u00e8ve, la meilleure qualit\u00e9 au service de votre vue\" \/>\n<meta property=\"og:image\" content=\"https:\/\/lindegger-optic.ch\/wp-content\/uploads\/2017\/04\/IClean-10ml..jpg\" \/>\n\t<meta property=\"og:image:width\" content=\"1000\" \/>\n\t<meta property=\"og:image:height\" content=\"700\" \/>\n\t<meta property=\"og:image:type\" content=\"image\/jpeg\" \/>\n<meta name=\"twitter:card\" content=\"summary_large_image\" \/>\n<script type=\"application\/ld+json\" class=\"yoast-schema-graph\">{\"@context\":\"https:\/\/schema.org\",\"@graph\":[{\"@type\":\"WebPage\",\"@id\":\"https:\/\/lindegger-optic.ch\/en\/produit\/iclean-10ml\/\",\"url\":\"https:\/\/lindegger-optic.ch\/en\/produit\/iclean-10ml\/\",\"name\":\"IClean 10ml.\",\"isPartOf\":{\"@id\":\"https:\/\/lindegger-optic.ch\/#website\"},\"primaryImageOfPage\":{\"@id\":\"https:\/\/lindegger-optic.ch\/en\/produit\/iclean-10ml\/#primaryimage\"},\"image\":{\"@id\":\"https:\/\/lindegger-optic.ch\/en\/produit\/iclean-10ml\/#primaryimage\"},\"thumbnailUrl\":\"https:\/\/lindegger-optic.ch\/wp-content\/uploads\/2017\/04\/IClean-10ml..jpg\",\"datePublished\":\"2024-10-08T03:56:44+00:00\",\"dateModified\":\"2024-10-08T03:56:44+00:00\",\"description\":\"The ideal cleaning solution for all types of contact lenses. The \\\"i-clean!\\\" cleaning solution must be thoroughly rinsed and preserved with a suitable solution before the lens is placed on the eye.\",\"breadcrumb\":{\"@id\":\"https:\/\/lindegger-optic.ch\/en\/produit\/iclean-10ml\/#breadcrumb\"},\"inLanguage\":\"en-US\",\"potentialAction\":[{\"@type\":\"ReadAction\",\"target\":[\"https:\/\/lindegger-optic.ch\/en\/produit\/iclean-10ml\/\"]}]},{\"@type\":\"ImageObject\",\"inLanguage\":\"en-US\",\"@id\":\"https:\/\/lindegger-optic.ch\/en\/produit\/iclean-10ml\/#primaryimage\",\"url\":\"https:\/\/lindegger-optic.ch\/wp-content\/uploads\/2017\/04\/IClean-10ml..jpg\",\"contentUrl\":\"https:\/\/lindegger-optic.ch\/wp-content\/uploads\/2017\/04\/IClean-10ml..jpg\",\"width\":1000,\"height\":700},{\"@type\":\"BreadcrumbList\",\"@id\":\"https:\/\/lindegger-optic.ch\/en\/produit\/iclean-10ml\/#breadcrumb\",\"itemListElement\":[{\"@type\":\"ListItem\",\"position\":1,\"name\":\"Accueil\",\"item\":\"https:\/\/lindegger-optic.ch\/en\/home\/\"},{\"@type\":\"ListItem\",\"position\":2,\"name\":\"Shop\",\"item\":\"https:\/\/lindegger-optic.ch\/shop\/\"},{\"@type\":\"ListItem\",\"position\":3,\"name\":\"IClean 10ml.\"}]},{\"@type\":\"WebSite\",\"@id\":\"https:\/\/lindegger-optic.ch\/#website\",\"url\":\"https:\/\/lindegger-optic.ch\/\",\"name\":\"Lindegger Optic, votre opticien \u00e0 Gen\u00e8ve, la meilleure qualit\u00e9 au service de votre vue\",\"description\":\"\",\"potentialAction\":[{\"@type\":\"SearchAction\",\"target\":{\"@type\":\"EntryPoint\",\"urlTemplate\":\"https:\/\/lindegger-optic.ch\/?s={search_term_string}\"},\"query-input\":{\"@type\":\"PropertyValueSpecification\",\"valueRequired\":true,\"valueName\":\"search_term_string\"}}],\"inLanguage\":\"en-US\"}]}<\/script>\n<!-- \/ Yoast SEO plugin. -->","yoast_head_json":{"title":"IClean 10ml.","description":"The ideal cleaning solution for all types of contact lenses. The \"i-clean!\" cleaning solution must be thoroughly rinsed and preserved with a suitable solution before the lens is placed on the eye.","robots":{"index":"index","follow":"follow","max-snippet":"max-snippet:-1","max-image-preview":"max-image-preview:large","max-video-preview":"max-video-preview:-1"},"canonical":"https:\/\/lindegger-optic.ch\/en\/produit\/iclean-10ml\/","og_locale":"en_US","og_type":"article","og_title":"IClean 10ml.","og_description":"The ideal cleaning solution for all types of contact lenses. The \"i-clean!\" cleaning solution must be thoroughly rinsed and preserved with a suitable solution before the lens is placed on the eye.","og_url":"https:\/\/lindegger-optic.ch\/en\/produit\/iclean-10ml\/","og_site_name":"Lindegger Optic, votre opticien \u00e0 Gen\u00e8ve, la meilleure qualit\u00e9 au service de votre vue","og_image":[{"width":1000,"height":700,"url":"https:\/\/lindegger-optic.ch\/wp-content\/uploads\/2017\/04\/IClean-10ml..jpg","type":"image\/jpeg"}],"twitter_card":"summary_large_image","schema":{"@context":"https:\/\/schema.org","@graph":[{"@type":"WebPage","@id":"https:\/\/lindegger-optic.ch\/en\/produit\/iclean-10ml\/","url":"https:\/\/lindegger-optic.ch\/en\/produit\/iclean-10ml\/","name":"IClean 10ml.","isPartOf":{"@id":"https:\/\/lindegger-optic.ch\/#website"},"primaryImageOfPage":{"@id":"https:\/\/lindegger-optic.ch\/en\/produit\/iclean-10ml\/#primaryimage"},"image":{"@id":"https:\/\/lindegger-optic.ch\/en\/produit\/iclean-10ml\/#primaryimage"},"thumbnailUrl":"https:\/\/lindegger-optic.ch\/wp-content\/uploads\/2017\/04\/IClean-10ml..jpg","datePublished":"2024-10-08T03:56:44+00:00","dateModified":"2024-10-08T03:56:44+00:00","description":"The ideal cleaning solution for all types of contact lenses. The \"i-clean!\" cleaning solution must be thoroughly rinsed and preserved with a suitable solution before the lens is placed on the eye.","breadcrumb":{"@id":"https:\/\/lindegger-optic.ch\/en\/produit\/iclean-10ml\/#breadcrumb"},"inLanguage":"en-US","potentialAction":[{"@type":"ReadAction","target":["https:\/\/lindegger-optic.ch\/en\/produit\/iclean-10ml\/"]}]},{"@type":"ImageObject","inLanguage":"en-US","@id":"https:\/\/lindegger-optic.ch\/en\/produit\/iclean-10ml\/#primaryimage","url":"https:\/\/lindegger-optic.ch\/wp-content\/uploads\/2017\/04\/IClean-10ml..jpg","contentUrl":"https:\/\/lindegger-optic.ch\/wp-content\/uploads\/2017\/04\/IClean-10ml..jpg","width":1000,"height":700},{"@type":"BreadcrumbList","@id":"https:\/\/lindegger-optic.ch\/en\/produit\/iclean-10ml\/#breadcrumb","itemListElement":[{"@type":"ListItem","position":1,"name":"Accueil","item":"https:\/\/lindegger-optic.ch\/en\/home\/"},{"@type":"ListItem","position":2,"name":"Shop","item":"https:\/\/lindegger-optic.ch\/shop\/"},{"@type":"ListItem","position":3,"name":"IClean 10ml."}]},{"@type":"WebSite","@id":"https:\/\/lindegger-optic.ch\/#website","url":"https:\/\/lindegger-optic.ch\/","name":"Lindegger Optic, votre opticien \u00e0 Gen\u00e8ve, la meilleure qualit\u00e9 au service de votre vue","description":"","potentialAction":[{"@type":"SearchAction","target":{"@type":"EntryPoint","urlTemplate":"https:\/\/lindegger-optic.ch\/?s={search_term_string}"},"query-input":{"@type":"PropertyValueSpecification","valueRequired":true,"valueName":"search_term_string"}}],"inLanguage":"en-US"}]}},"_links":{"self":[{"href":"https:\/\/lindegger-optic.ch\/en\/wp-json\/wp\/v2\/product\/16601"}],"collection":[{"href":"https:\/\/lindegger-optic.ch\/en\/wp-json\/wp\/v2\/product"}],"about":[{"href":"https:\/\/lindegger-optic.ch\/en\/wp-json\/wp\/v2\/types\/product"}],"replies":[{"embeddable":true,"href":"https:\/\/lindegger-optic.ch\/en\/wp-json\/wp\/v2\/comments?post=16601"}],"wp:featuredmedia":[{"embeddable":true,"href":"https:\/\/lindegger-optic.ch\/en\/wp-json\/wp\/v2\/media\/12945"}],"wp:attachment":[{"href":"https:\/\/lindegger-optic.ch\/en\/wp-json\/wp\/v2\/media?parent=16601"}],"wp:term":[{"taxonomy":"product_cat","embeddable":true,"href":"https:\/\/lindegger-optic.ch\/en\/wp-json\/wp\/v2\/product_cat?post=16601"},{"taxonomy":"product_tag","embeddable":true,"href":"https:\/\/lindegger-optic.ch\/en\/wp-json\/wp\/v2\/product_tag?post=16601"}],"curies":[{"name":"wp","href":"https:\/\/api.w.org\/{rel}","templated":true}]}}