{"id":16602,"date":"2024-10-08T05:56:44","date_gmt":"2024-10-08T03:56:44","guid":{"rendered":"https:\/\/lindegger-optic.ch\/produit\/disop-hidro-health-enzyme-10-tablets\/"},"modified":"2025-05-08T12:21:23","modified_gmt":"2025-05-08T10:21:23","slug":"disop-hidro-health-enzyme-10-tablets","status":"publish","type":"product","link":"https:\/\/lindegger-optic.ch\/en\/produit\/disop-hidro-health-enzyme-10-tablets\/","title":{"rendered":"DISOP Hidro Health Enzyme 10 tablets"},"content":{"rendered":"<p>Deproteinization tablets for soft and rigid lenses, dissolve in your peroxide care product and remove proteins.<\/p>\n","protected":false},"excerpt":{"rendered":"<p>Deproteinization tablets for soft and rigid lenses, dissolve in your peroxide care product and remove proteins.<\/p>\n","protected":false},"featured_media":15775,"comment_status":"closed","ping_status":"closed","template":"","meta":{"_et_pb_use_builder":"","_et_pb_old_content":"","_et_gb_content_width":""},"product_cat":[1381,1392],"product_tag":[1507,1508,1585,1368,1586,1522,1372,1435,1434,1521,1369,1373,1371,1370],"class_list":{"0":"post-16602","1":"product","2":"type-product","3":"status-publish","4":"has-post-thumbnail","6":"product_cat-contact-lens-product","7":"product_cat-deproteinisation-tablets","8":"product_tag-contact-lens","9":"product_tag-contact-lens-product","10":"product_tag-deproteinization","11":"product_tag-dry-eyes","12":"product_tag-effect-of-en-2","13":"product_tag-for-co-lens-wearers","14":"product_tag-for-dry-eyes","15":"product_tag-lens-preservative","16":"product_tag-lens-solution","17":"product_tag-lens-solution-en","18":"product_tag-red-eyes","19":"product_tag-stressed-eyes","20":"product_tag-tear","21":"product_tag-tired-eyes","23":"first","24":"instock","25":"taxable","26":"shipping-taxable","27":"product-type-simple"},"yoast_head":"<!-- This site is optimized with the Yoast SEO plugin v23.6 - https:\/\/yoast.com\/wordpress\/plugins\/seo\/ -->\n<title>Avizor Enzyme 10 tablets<\/title>\n<meta name=\"description\" content=\"Deproteinization tablets for soft and rigid lenses, dissolve in your peroxide care product and remove proteins.\" \/>\n<meta name=\"robots\" content=\"index, follow, max-snippet:-1, max-image-preview:large, max-video-preview:-1\" \/>\n<link rel=\"canonical\" href=\"https:\/\/lindegger-optic.ch\/en\/produit\/disop-hidro-health-enzyme-10-tablets\/\" \/>\n<meta property=\"og:locale\" content=\"en_US\" \/>\n<meta property=\"og:type\" content=\"article\" \/>\n<meta property=\"og:title\" content=\"Avizor Enzyme 10 tablets\" \/>\n<meta property=\"og:description\" content=\"Deproteinization tablets for soft and rigid lenses, dissolve in your peroxide care product and remove proteins.\" \/>\n<meta property=\"og:url\" content=\"https:\/\/lindegger-optic.ch\/en\/produit\/disop-hidro-health-enzyme-10-tablets\/\" \/>\n<meta property=\"og:site_name\" content=\"Lindegger Optic, votre opticien \u00e0 Gen\u00e8ve, la meilleure qualit\u00e9 au service de votre vue\" \/>\n<meta property=\"article:modified_time\" content=\"2025-05-08T10:21:23+00:00\" \/>\n<meta property=\"og:image\" content=\"https:\/\/lindegger-optic.ch\/wp-content\/uploads\/DISOP-hidro_health_enzyme.jpg\" \/>\n\t<meta property=\"og:image:width\" content=\"800\" \/>\n\t<meta property=\"og:image:height\" content=\"800\" \/>\n\t<meta property=\"og:image:type\" content=\"image\/jpeg\" \/>\n<meta name=\"twitter:card\" content=\"summary_large_image\" \/>\n<script type=\"application\/ld+json\" class=\"yoast-schema-graph\">{\"@context\":\"https:\/\/schema.org\",\"@graph\":[{\"@type\":\"WebPage\",\"@id\":\"https:\/\/lindegger-optic.ch\/en\/produit\/disop-hidro-health-enzyme-10-tablets\/\",\"url\":\"https:\/\/lindegger-optic.ch\/en\/produit\/disop-hidro-health-enzyme-10-tablets\/\",\"name\":\"Avizor Enzyme 10 tablets\",\"isPartOf\":{\"@id\":\"https:\/\/lindegger-optic.ch\/#website\"},\"primaryImageOfPage\":{\"@id\":\"https:\/\/lindegger-optic.ch\/en\/produit\/disop-hidro-health-enzyme-10-tablets\/#primaryimage\"},\"image\":{\"@id\":\"https:\/\/lindegger-optic.ch\/en\/produit\/disop-hidro-health-enzyme-10-tablets\/#primaryimage\"},\"thumbnailUrl\":\"https:\/\/lindegger-optic.ch\/wp-content\/uploads\/DISOP-hidro_health_enzyme.jpg\",\"datePublished\":\"2024-10-08T03:56:44+00:00\",\"dateModified\":\"2025-05-08T10:21:23+00:00\",\"description\":\"Deproteinization tablets for soft and rigid lenses, dissolve in your peroxide care product and remove proteins.\",\"breadcrumb\":{\"@id\":\"https:\/\/lindegger-optic.ch\/en\/produit\/disop-hidro-health-enzyme-10-tablets\/#breadcrumb\"},\"inLanguage\":\"en-US\",\"potentialAction\":[{\"@type\":\"ReadAction\",\"target\":[\"https:\/\/lindegger-optic.ch\/en\/produit\/disop-hidro-health-enzyme-10-tablets\/\"]}]},{\"@type\":\"ImageObject\",\"inLanguage\":\"en-US\",\"@id\":\"https:\/\/lindegger-optic.ch\/en\/produit\/disop-hidro-health-enzyme-10-tablets\/#primaryimage\",\"url\":\"https:\/\/lindegger-optic.ch\/wp-content\/uploads\/DISOP-hidro_health_enzyme.jpg\",\"contentUrl\":\"https:\/\/lindegger-optic.ch\/wp-content\/uploads\/DISOP-hidro_health_enzyme.jpg\",\"width\":800,\"height\":800,\"caption\":\"comprim\u00e9 anti enzyme\"},{\"@type\":\"BreadcrumbList\",\"@id\":\"https:\/\/lindegger-optic.ch\/en\/produit\/disop-hidro-health-enzyme-10-tablets\/#breadcrumb\",\"itemListElement\":[{\"@type\":\"ListItem\",\"position\":1,\"name\":\"Accueil\",\"item\":\"https:\/\/lindegger-optic.ch\/en\/home\/\"},{\"@type\":\"ListItem\",\"position\":2,\"name\":\"Shop\",\"item\":\"https:\/\/lindegger-optic.ch\/shop\/\"},{\"@type\":\"ListItem\",\"position\":3,\"name\":\"DISOP Hidro Health Enzyme 10 tablets\"}]},{\"@type\":\"WebSite\",\"@id\":\"https:\/\/lindegger-optic.ch\/#website\",\"url\":\"https:\/\/lindegger-optic.ch\/\",\"name\":\"Lindegger Optic, votre opticien \u00e0 Gen\u00e8ve, la meilleure qualit\u00e9 au service de votre vue\",\"description\":\"\",\"potentialAction\":[{\"@type\":\"SearchAction\",\"target\":{\"@type\":\"EntryPoint\",\"urlTemplate\":\"https:\/\/lindegger-optic.ch\/?s={search_term_string}\"},\"query-input\":{\"@type\":\"PropertyValueSpecification\",\"valueRequired\":true,\"valueName\":\"search_term_string\"}}],\"inLanguage\":\"en-US\"}]}<\/script>\n<!-- \/ Yoast SEO plugin. -->","yoast_head_json":{"title":"Avizor Enzyme 10 tablets","description":"Deproteinization tablets for soft and rigid lenses, dissolve in your peroxide care product and remove proteins.","robots":{"index":"index","follow":"follow","max-snippet":"max-snippet:-1","max-image-preview":"max-image-preview:large","max-video-preview":"max-video-preview:-1"},"canonical":"https:\/\/lindegger-optic.ch\/en\/produit\/disop-hidro-health-enzyme-10-tablets\/","og_locale":"en_US","og_type":"article","og_title":"Avizor Enzyme 10 tablets","og_description":"Deproteinization tablets for soft and rigid lenses, dissolve in your peroxide care product and remove proteins.","og_url":"https:\/\/lindegger-optic.ch\/en\/produit\/disop-hidro-health-enzyme-10-tablets\/","og_site_name":"Lindegger Optic, votre opticien \u00e0 Gen\u00e8ve, la meilleure qualit\u00e9 au service de votre vue","article_modified_time":"2025-05-08T10:21:23+00:00","og_image":[{"width":800,"height":800,"url":"https:\/\/lindegger-optic.ch\/wp-content\/uploads\/DISOP-hidro_health_enzyme.jpg","type":"image\/jpeg"}],"twitter_card":"summary_large_image","schema":{"@context":"https:\/\/schema.org","@graph":[{"@type":"WebPage","@id":"https:\/\/lindegger-optic.ch\/en\/produit\/disop-hidro-health-enzyme-10-tablets\/","url":"https:\/\/lindegger-optic.ch\/en\/produit\/disop-hidro-health-enzyme-10-tablets\/","name":"Avizor Enzyme 10 tablets","isPartOf":{"@id":"https:\/\/lindegger-optic.ch\/#website"},"primaryImageOfPage":{"@id":"https:\/\/lindegger-optic.ch\/en\/produit\/disop-hidro-health-enzyme-10-tablets\/#primaryimage"},"image":{"@id":"https:\/\/lindegger-optic.ch\/en\/produit\/disop-hidro-health-enzyme-10-tablets\/#primaryimage"},"thumbnailUrl":"https:\/\/lindegger-optic.ch\/wp-content\/uploads\/DISOP-hidro_health_enzyme.jpg","datePublished":"2024-10-08T03:56:44+00:00","dateModified":"2025-05-08T10:21:23+00:00","description":"Deproteinization tablets for soft and rigid lenses, dissolve in your peroxide care product and remove proteins.","breadcrumb":{"@id":"https:\/\/lindegger-optic.ch\/en\/produit\/disop-hidro-health-enzyme-10-tablets\/#breadcrumb"},"inLanguage":"en-US","potentialAction":[{"@type":"ReadAction","target":["https:\/\/lindegger-optic.ch\/en\/produit\/disop-hidro-health-enzyme-10-tablets\/"]}]},{"@type":"ImageObject","inLanguage":"en-US","@id":"https:\/\/lindegger-optic.ch\/en\/produit\/disop-hidro-health-enzyme-10-tablets\/#primaryimage","url":"https:\/\/lindegger-optic.ch\/wp-content\/uploads\/DISOP-hidro_health_enzyme.jpg","contentUrl":"https:\/\/lindegger-optic.ch\/wp-content\/uploads\/DISOP-hidro_health_enzyme.jpg","width":800,"height":800,"caption":"comprim\u00e9 anti enzyme"},{"@type":"BreadcrumbList","@id":"https:\/\/lindegger-optic.ch\/en\/produit\/disop-hidro-health-enzyme-10-tablets\/#breadcrumb","itemListElement":[{"@type":"ListItem","position":1,"name":"Accueil","item":"https:\/\/lindegger-optic.ch\/en\/home\/"},{"@type":"ListItem","position":2,"name":"Shop","item":"https:\/\/lindegger-optic.ch\/shop\/"},{"@type":"ListItem","position":3,"name":"DISOP Hidro Health Enzyme 10 tablets"}]},{"@type":"WebSite","@id":"https:\/\/lindegger-optic.ch\/#website","url":"https:\/\/lindegger-optic.ch\/","name":"Lindegger Optic, votre opticien \u00e0 Gen\u00e8ve, la meilleure qualit\u00e9 au service de votre vue","description":"","potentialAction":[{"@type":"SearchAction","target":{"@type":"EntryPoint","urlTemplate":"https:\/\/lindegger-optic.ch\/?s={search_term_string}"},"query-input":{"@type":"PropertyValueSpecification","valueRequired":true,"valueName":"search_term_string"}}],"inLanguage":"en-US"}]}},"_links":{"self":[{"href":"https:\/\/lindegger-optic.ch\/en\/wp-json\/wp\/v2\/product\/16602"}],"collection":[{"href":"https:\/\/lindegger-optic.ch\/en\/wp-json\/wp\/v2\/product"}],"about":[{"href":"https:\/\/lindegger-optic.ch\/en\/wp-json\/wp\/v2\/types\/product"}],"replies":[{"embeddable":true,"href":"https:\/\/lindegger-optic.ch\/en\/wp-json\/wp\/v2\/comments?post=16602"}],"wp:featuredmedia":[{"embeddable":true,"href":"https:\/\/lindegger-optic.ch\/en\/wp-json\/wp\/v2\/media\/15775"}],"wp:attachment":[{"href":"https:\/\/lindegger-optic.ch\/en\/wp-json\/wp\/v2\/media?parent=16602"}],"wp:term":[{"taxonomy":"product_cat","embeddable":true,"href":"https:\/\/lindegger-optic.ch\/en\/wp-json\/wp\/v2\/product_cat?post=16602"},{"taxonomy":"product_tag","embeddable":true,"href":"https:\/\/lindegger-optic.ch\/en\/wp-json\/wp\/v2\/product_tag?post=16602"}],"curies":[{"name":"wp","href":"https:\/\/api.w.org\/{rel}","templated":true}]}}