{"id":16605,"date":"2024-10-08T05:56:46","date_gmt":"2024-10-08T03:56:46","guid":{"rendered":"https:\/\/lindegger-optic.ch\/produit\/boston-advance-cleaner\/"},"modified":"2024-10-08T05:56:46","modified_gmt":"2024-10-08T03:56:46","slug":"boston-advance-cleaner","status":"publish","type":"product","link":"https:\/\/lindegger-optic.ch\/en\/produit\/boston-advance-cleaner\/","title":{"rendered":"Boston Advance Cleaner"},"content":{"rendered":"<p>Boston Advance Cleaner is a cleaning solution for rigid lenses.<\/p>\n","protected":false},"excerpt":{"rendered":"<p>Boston Advance Cleaner is a cleaning solution for rigid lenses.<\/p>\n","protected":false},"featured_media":12875,"comment_status":"closed","ping_status":"closed","template":"","meta":{"_et_pb_use_builder":"","_et_pb_old_content":"","_et_gb_content_width":""},"product_cat":[1393],"product_tag":[1433,1507,1508,1368,1372,1590,1435,1437,1434,1369,1440,1439,1373,1371,1370],"class_list":{"0":"post-16605","1":"product","2":"type-product","3":"status-publish","4":"has-post-thumbnail","6":"product_cat-rigid-contact-lens-product","7":"product_tag-cleaning-product-for-lenses","8":"product_tag-contact-lens","9":"product_tag-contact-lens-product","10":"product_tag-dry-eyes","11":"product_tag-for-dry-eyes","12":"product_tag-in","13":"product_tag-lens-preservative","14":"product_tag-lens-product-en","15":"product_tag-lens-solution","16":"product_tag-red-eyes","17":"product_tag-rigid-gas-permeable","18":"product_tag-rpg-en","19":"product_tag-stressed-eyes","20":"product_tag-tear","21":"product_tag-tired-eyes","23":"first","24":"instock","25":"taxable","26":"shipping-taxable","27":"product-type-simple"},"yoast_head":"<!-- This site is optimized with the Yoast SEO plugin v23.6 - https:\/\/yoast.com\/wordpress\/plugins\/seo\/ -->\n<title>Boston Advance Cleaner<\/title>\n<meta name=\"description\" content=\"Boston Advance Cleaner is a cleaning solution for rigid lenses.\" \/>\n<meta name=\"robots\" content=\"index, follow, max-snippet:-1, max-image-preview:large, max-video-preview:-1\" \/>\n<link rel=\"canonical\" href=\"https:\/\/lindegger-optic.ch\/en\/produit\/boston-advance-cleaner\/\" \/>\n<meta property=\"og:locale\" content=\"en_US\" \/>\n<meta property=\"og:type\" content=\"article\" \/>\n<meta property=\"og:title\" content=\"Boston Advance Cleaner\" \/>\n<meta property=\"og:description\" content=\"Boston Advance Cleaner is a cleaning solution for rigid lenses.\" \/>\n<meta property=\"og:url\" content=\"https:\/\/lindegger-optic.ch\/en\/produit\/boston-advance-cleaner\/\" \/>\n<meta property=\"og:site_name\" content=\"Lindegger Optic, votre opticien \u00e0 Gen\u00e8ve, la meilleure qualit\u00e9 au service de votre vue\" \/>\n<meta property=\"og:image\" content=\"https:\/\/lindegger-optic.ch\/wp-content\/uploads\/2017\/11\/Boston-Advance-Cleaner.jpg\" \/>\n\t<meta property=\"og:image:width\" content=\"1000\" \/>\n\t<meta property=\"og:image:height\" content=\"700\" \/>\n\t<meta property=\"og:image:type\" content=\"image\/jpeg\" \/>\n<meta name=\"twitter:card\" content=\"summary_large_image\" \/>\n<script type=\"application\/ld+json\" class=\"yoast-schema-graph\">{\"@context\":\"https:\/\/schema.org\",\"@graph\":[{\"@type\":\"WebPage\",\"@id\":\"https:\/\/lindegger-optic.ch\/en\/produit\/boston-advance-cleaner\/\",\"url\":\"https:\/\/lindegger-optic.ch\/en\/produit\/boston-advance-cleaner\/\",\"name\":\"Boston Advance Cleaner\",\"isPartOf\":{\"@id\":\"https:\/\/lindegger-optic.ch\/#website\"},\"primaryImageOfPage\":{\"@id\":\"https:\/\/lindegger-optic.ch\/en\/produit\/boston-advance-cleaner\/#primaryimage\"},\"image\":{\"@id\":\"https:\/\/lindegger-optic.ch\/en\/produit\/boston-advance-cleaner\/#primaryimage\"},\"thumbnailUrl\":\"https:\/\/lindegger-optic.ch\/wp-content\/uploads\/2017\/11\/Boston-Advance-Cleaner.jpg\",\"datePublished\":\"2024-10-08T03:56:46+00:00\",\"dateModified\":\"2024-10-08T03:56:46+00:00\",\"description\":\"Boston Advance Cleaner is a cleaning solution for rigid lenses.\",\"breadcrumb\":{\"@id\":\"https:\/\/lindegger-optic.ch\/en\/produit\/boston-advance-cleaner\/#breadcrumb\"},\"inLanguage\":\"en-US\",\"potentialAction\":[{\"@type\":\"ReadAction\",\"target\":[\"https:\/\/lindegger-optic.ch\/en\/produit\/boston-advance-cleaner\/\"]}]},{\"@type\":\"ImageObject\",\"inLanguage\":\"en-US\",\"@id\":\"https:\/\/lindegger-optic.ch\/en\/produit\/boston-advance-cleaner\/#primaryimage\",\"url\":\"https:\/\/lindegger-optic.ch\/wp-content\/uploads\/2017\/11\/Boston-Advance-Cleaner.jpg\",\"contentUrl\":\"https:\/\/lindegger-optic.ch\/wp-content\/uploads\/2017\/11\/Boston-Advance-Cleaner.jpg\",\"width\":1000,\"height\":700},{\"@type\":\"BreadcrumbList\",\"@id\":\"https:\/\/lindegger-optic.ch\/en\/produit\/boston-advance-cleaner\/#breadcrumb\",\"itemListElement\":[{\"@type\":\"ListItem\",\"position\":1,\"name\":\"Accueil\",\"item\":\"https:\/\/lindegger-optic.ch\/en\/home\/\"},{\"@type\":\"ListItem\",\"position\":2,\"name\":\"Shop\",\"item\":\"https:\/\/lindegger-optic.ch\/shop\/\"},{\"@type\":\"ListItem\",\"position\":3,\"name\":\"Boston Advance Cleaner\"}]},{\"@type\":\"WebSite\",\"@id\":\"https:\/\/lindegger-optic.ch\/#website\",\"url\":\"https:\/\/lindegger-optic.ch\/\",\"name\":\"Lindegger Optic, votre opticien \u00e0 Gen\u00e8ve, la meilleure qualit\u00e9 au service de votre vue\",\"description\":\"\",\"potentialAction\":[{\"@type\":\"SearchAction\",\"target\":{\"@type\":\"EntryPoint\",\"urlTemplate\":\"https:\/\/lindegger-optic.ch\/?s={search_term_string}\"},\"query-input\":{\"@type\":\"PropertyValueSpecification\",\"valueRequired\":true,\"valueName\":\"search_term_string\"}}],\"inLanguage\":\"en-US\"}]}<\/script>\n<!-- \/ Yoast SEO plugin. -->","yoast_head_json":{"title":"Boston Advance Cleaner","description":"Boston Advance Cleaner is a cleaning solution for rigid lenses.","robots":{"index":"index","follow":"follow","max-snippet":"max-snippet:-1","max-image-preview":"max-image-preview:large","max-video-preview":"max-video-preview:-1"},"canonical":"https:\/\/lindegger-optic.ch\/en\/produit\/boston-advance-cleaner\/","og_locale":"en_US","og_type":"article","og_title":"Boston Advance Cleaner","og_description":"Boston Advance Cleaner is a cleaning solution for rigid lenses.","og_url":"https:\/\/lindegger-optic.ch\/en\/produit\/boston-advance-cleaner\/","og_site_name":"Lindegger Optic, votre opticien \u00e0 Gen\u00e8ve, la meilleure qualit\u00e9 au service de votre vue","og_image":[{"width":1000,"height":700,"url":"https:\/\/lindegger-optic.ch\/wp-content\/uploads\/2017\/11\/Boston-Advance-Cleaner.jpg","type":"image\/jpeg"}],"twitter_card":"summary_large_image","schema":{"@context":"https:\/\/schema.org","@graph":[{"@type":"WebPage","@id":"https:\/\/lindegger-optic.ch\/en\/produit\/boston-advance-cleaner\/","url":"https:\/\/lindegger-optic.ch\/en\/produit\/boston-advance-cleaner\/","name":"Boston Advance Cleaner","isPartOf":{"@id":"https:\/\/lindegger-optic.ch\/#website"},"primaryImageOfPage":{"@id":"https:\/\/lindegger-optic.ch\/en\/produit\/boston-advance-cleaner\/#primaryimage"},"image":{"@id":"https:\/\/lindegger-optic.ch\/en\/produit\/boston-advance-cleaner\/#primaryimage"},"thumbnailUrl":"https:\/\/lindegger-optic.ch\/wp-content\/uploads\/2017\/11\/Boston-Advance-Cleaner.jpg","datePublished":"2024-10-08T03:56:46+00:00","dateModified":"2024-10-08T03:56:46+00:00","description":"Boston Advance Cleaner is a cleaning solution for rigid lenses.","breadcrumb":{"@id":"https:\/\/lindegger-optic.ch\/en\/produit\/boston-advance-cleaner\/#breadcrumb"},"inLanguage":"en-US","potentialAction":[{"@type":"ReadAction","target":["https:\/\/lindegger-optic.ch\/en\/produit\/boston-advance-cleaner\/"]}]},{"@type":"ImageObject","inLanguage":"en-US","@id":"https:\/\/lindegger-optic.ch\/en\/produit\/boston-advance-cleaner\/#primaryimage","url":"https:\/\/lindegger-optic.ch\/wp-content\/uploads\/2017\/11\/Boston-Advance-Cleaner.jpg","contentUrl":"https:\/\/lindegger-optic.ch\/wp-content\/uploads\/2017\/11\/Boston-Advance-Cleaner.jpg","width":1000,"height":700},{"@type":"BreadcrumbList","@id":"https:\/\/lindegger-optic.ch\/en\/produit\/boston-advance-cleaner\/#breadcrumb","itemListElement":[{"@type":"ListItem","position":1,"name":"Accueil","item":"https:\/\/lindegger-optic.ch\/en\/home\/"},{"@type":"ListItem","position":2,"name":"Shop","item":"https:\/\/lindegger-optic.ch\/shop\/"},{"@type":"ListItem","position":3,"name":"Boston Advance Cleaner"}]},{"@type":"WebSite","@id":"https:\/\/lindegger-optic.ch\/#website","url":"https:\/\/lindegger-optic.ch\/","name":"Lindegger Optic, votre opticien \u00e0 Gen\u00e8ve, la meilleure qualit\u00e9 au service de votre vue","description":"","potentialAction":[{"@type":"SearchAction","target":{"@type":"EntryPoint","urlTemplate":"https:\/\/lindegger-optic.ch\/?s={search_term_string}"},"query-input":{"@type":"PropertyValueSpecification","valueRequired":true,"valueName":"search_term_string"}}],"inLanguage":"en-US"}]}},"_links":{"self":[{"href":"https:\/\/lindegger-optic.ch\/en\/wp-json\/wp\/v2\/product\/16605"}],"collection":[{"href":"https:\/\/lindegger-optic.ch\/en\/wp-json\/wp\/v2\/product"}],"about":[{"href":"https:\/\/lindegger-optic.ch\/en\/wp-json\/wp\/v2\/types\/product"}],"replies":[{"embeddable":true,"href":"https:\/\/lindegger-optic.ch\/en\/wp-json\/wp\/v2\/comments?post=16605"}],"wp:featuredmedia":[{"embeddable":true,"href":"https:\/\/lindegger-optic.ch\/en\/wp-json\/wp\/v2\/media\/12875"}],"wp:attachment":[{"href":"https:\/\/lindegger-optic.ch\/en\/wp-json\/wp\/v2\/media?parent=16605"}],"wp:term":[{"taxonomy":"product_cat","embeddable":true,"href":"https:\/\/lindegger-optic.ch\/en\/wp-json\/wp\/v2\/product_cat?post=16605"},{"taxonomy":"product_tag","embeddable":true,"href":"https:\/\/lindegger-optic.ch\/en\/wp-json\/wp\/v2\/product_tag?post=16605"}],"curies":[{"name":"wp","href":"https:\/\/api.w.org\/{rel}","templated":true}]}}