{"id":16610,"date":"2024-10-08T05:56:49","date_gmt":"2024-10-08T03:56:49","guid":{"rendered":"https:\/\/lindegger-optic.ch\/produit\/lens-plus-ocupure\/"},"modified":"2024-10-08T05:56:49","modified_gmt":"2024-10-08T03:56:49","slug":"lens-plus-ocupure","status":"publish","type":"product","link":"https:\/\/lindegger-optic.ch\/en\/produit\/lens-plus-ocupure\/","title":{"rendered":"Lens Plus Ocupure"},"content":{"rendered":"<p>Lens Plus Ocupure is a saline solution for cleaning and storing soft contact lenses. It&#8217;s top-quality and keeps lenses moisturized, for comfortable all-day wear. This solution contains no chemical preservatives and is suitable for people with sensitive eyes. Lens Plus Ocupure saline solution is pH-balanced and contains mineral salts to help prevent bacterial infections. It is suitable for all brands of soft contact lenses, including those made from silicone-hydrogel. Lens Plus Ocupure saline solution is very easy to use. Simply rinse the contact lenses with the solution before storing them in a case filled with clean solution. The saline solution is available in a range of sizes to suit all consumer needs. In short, Ocupure Lens Plus Saline is a cleaning and storage solution for soft contact lenses. It&#8217;s high quality, keeps lenses hydrated and is suitable for sensitive eyes. It contains mineral salts to help prevent bacterial infections, and is suitable for all brands of soft contact lenses.<\/p>\n","protected":false},"excerpt":{"rendered":"<p>Ocupure Lens Plus Saline Solution is a quality solution for cleaning and storing soft contact lenses. It is suitable for all brands of lenses, is easy to use, pH-balanced and contains mineral salts to prevent bacterial infections. It is also suitable for people with sensitive eyes.  <\/p>\n","protected":false},"featured_media":12949,"comment_status":"closed","ping_status":"closed","template":"","meta":{"_et_pb_use_builder":"","_et_pb_old_content":"","_et_gb_content_width":""},"product_cat":[1381,1395],"product_tag":[1597,1598,1367],"class_list":{"0":"post-16610","1":"product","2":"type-product","3":"status-publish","4":"has-post-thumbnail","6":"product_cat-contact-lens-product","7":"product_cat-saline-solution","8":"product_tag-lens-plus-en","9":"product_tag-lens-plus-ocupure-en","10":"product_tag-lens-product","12":"first","13":"instock","14":"taxable","15":"shipping-taxable","16":"product-type-variable"},"yoast_head":"<!-- This site is optimized with the Yoast SEO plugin v23.6 - https:\/\/yoast.com\/wordpress\/plugins\/seo\/ -->\n<title>Lens Plus Ocupure 360ml<\/title>\n<meta name=\"description\" content=\"Lens Plus Ocupure saline rinse solution for all types of soft and rigid contact lenses. Ocupure preservative is light-neutral.\" \/>\n<meta name=\"robots\" content=\"index, follow, max-snippet:-1, max-image-preview:large, max-video-preview:-1\" \/>\n<link rel=\"canonical\" href=\"https:\/\/lindegger-optic.ch\/en\/produit\/lens-plus-ocupure\/\" \/>\n<meta property=\"og:locale\" content=\"en_US\" \/>\n<meta property=\"og:type\" content=\"article\" \/>\n<meta property=\"og:title\" content=\"Lens Plus Ocupure 360ml\" \/>\n<meta property=\"og:description\" content=\"Lens Plus Ocupure saline rinse solution for all types of soft and rigid contact lenses. Ocupure preservative is light-neutral.\" \/>\n<meta property=\"og:url\" content=\"https:\/\/lindegger-optic.ch\/en\/produit\/lens-plus-ocupure\/\" \/>\n<meta property=\"og:site_name\" content=\"Lindegger Optic, votre opticien \u00e0 Gen\u00e8ve, la meilleure qualit\u00e9 au service de votre vue\" \/>\n<meta property=\"og:image\" content=\"https:\/\/lindegger-optic.ch\/wp-content\/uploads\/2017\/04\/Lens-Plus-Ocupure.jpg\" \/>\n\t<meta property=\"og:image:width\" content=\"1000\" \/>\n\t<meta property=\"og:image:height\" content=\"700\" \/>\n\t<meta property=\"og:image:type\" content=\"image\/jpeg\" \/>\n<meta name=\"twitter:card\" content=\"summary_large_image\" \/>\n<meta name=\"twitter:label1\" content=\"Est. reading time\" \/>\n\t<meta name=\"twitter:data1\" content=\"1 minute\" \/>\n<script type=\"application\/ld+json\" class=\"yoast-schema-graph\">{\"@context\":\"https:\/\/schema.org\",\"@graph\":[{\"@type\":\"WebPage\",\"@id\":\"https:\/\/lindegger-optic.ch\/en\/produit\/lens-plus-ocupure\/\",\"url\":\"https:\/\/lindegger-optic.ch\/en\/produit\/lens-plus-ocupure\/\",\"name\":\"Lens Plus Ocupure 360ml\",\"isPartOf\":{\"@id\":\"https:\/\/lindegger-optic.ch\/#website\"},\"primaryImageOfPage\":{\"@id\":\"https:\/\/lindegger-optic.ch\/en\/produit\/lens-plus-ocupure\/#primaryimage\"},\"image\":{\"@id\":\"https:\/\/lindegger-optic.ch\/en\/produit\/lens-plus-ocupure\/#primaryimage\"},\"thumbnailUrl\":\"https:\/\/lindegger-optic.ch\/wp-content\/uploads\/2017\/04\/Lens-Plus-Ocupure.jpg\",\"datePublished\":\"2024-10-08T03:56:49+00:00\",\"dateModified\":\"2024-10-08T03:56:49+00:00\",\"description\":\"Lens Plus Ocupure saline rinse solution for all types of soft and rigid contact lenses. Ocupure preservative is light-neutral.\",\"breadcrumb\":{\"@id\":\"https:\/\/lindegger-optic.ch\/en\/produit\/lens-plus-ocupure\/#breadcrumb\"},\"inLanguage\":\"en-US\",\"potentialAction\":[{\"@type\":\"ReadAction\",\"target\":[\"https:\/\/lindegger-optic.ch\/en\/produit\/lens-plus-ocupure\/\"]}]},{\"@type\":\"ImageObject\",\"inLanguage\":\"en-US\",\"@id\":\"https:\/\/lindegger-optic.ch\/en\/produit\/lens-plus-ocupure\/#primaryimage\",\"url\":\"https:\/\/lindegger-optic.ch\/wp-content\/uploads\/2017\/04\/Lens-Plus-Ocupure.jpg\",\"contentUrl\":\"https:\/\/lindegger-optic.ch\/wp-content\/uploads\/2017\/04\/Lens-Plus-Ocupure.jpg\",\"width\":1000,\"height\":700,\"caption\":\"La solution saline Lens Plus Ocupur est une solution de qualit\u00e9 pour nettoyer et stocker des lentilles de contact souples, formul\u00e9e avec des sels min\u00e9raux pour nettoyer en profondeur les lentilles, \u00e9liminer les d\u00e9p\u00f4ts de prot\u00e9ines et garder les lentilles hydrat\u00e9es et confortables. Elle convient \u00e0 toutes les marques de lentilles, a un pH \u00e9quilibr\u00e9 pour pr\u00e9venir les infections bact\u00e9riennes et est facile \u00e0 utiliser. Livr\u00e9e dans un flacon pratique pour un usage quotidien, elle offre une vision claire et confortable tout au long de la journ\u00e9e et convient aux personnes ayant des yeux sensibles.\"},{\"@type\":\"BreadcrumbList\",\"@id\":\"https:\/\/lindegger-optic.ch\/en\/produit\/lens-plus-ocupure\/#breadcrumb\",\"itemListElement\":[{\"@type\":\"ListItem\",\"position\":1,\"name\":\"Accueil\",\"item\":\"https:\/\/lindegger-optic.ch\/en\/home\/\"},{\"@type\":\"ListItem\",\"position\":2,\"name\":\"Shop\",\"item\":\"https:\/\/lindegger-optic.ch\/shop\/\"},{\"@type\":\"ListItem\",\"position\":3,\"name\":\"Lens Plus Ocupure\"}]},{\"@type\":\"WebSite\",\"@id\":\"https:\/\/lindegger-optic.ch\/#website\",\"url\":\"https:\/\/lindegger-optic.ch\/\",\"name\":\"Lindegger Optic, votre opticien \u00e0 Gen\u00e8ve, la meilleure qualit\u00e9 au service de votre vue\",\"description\":\"\",\"potentialAction\":[{\"@type\":\"SearchAction\",\"target\":{\"@type\":\"EntryPoint\",\"urlTemplate\":\"https:\/\/lindegger-optic.ch\/?s={search_term_string}\"},\"query-input\":{\"@type\":\"PropertyValueSpecification\",\"valueRequired\":true,\"valueName\":\"search_term_string\"}}],\"inLanguage\":\"en-US\"}]}<\/script>\n<!-- \/ Yoast SEO plugin. -->","yoast_head_json":{"title":"Lens Plus Ocupure 360ml","description":"Lens Plus Ocupure saline rinse solution for all types of soft and rigid contact lenses. Ocupure preservative is light-neutral.","robots":{"index":"index","follow":"follow","max-snippet":"max-snippet:-1","max-image-preview":"max-image-preview:large","max-video-preview":"max-video-preview:-1"},"canonical":"https:\/\/lindegger-optic.ch\/en\/produit\/lens-plus-ocupure\/","og_locale":"en_US","og_type":"article","og_title":"Lens Plus Ocupure 360ml","og_description":"Lens Plus Ocupure saline rinse solution for all types of soft and rigid contact lenses. Ocupure preservative is light-neutral.","og_url":"https:\/\/lindegger-optic.ch\/en\/produit\/lens-plus-ocupure\/","og_site_name":"Lindegger Optic, votre opticien \u00e0 Gen\u00e8ve, la meilleure qualit\u00e9 au service de votre vue","og_image":[{"width":1000,"height":700,"url":"https:\/\/lindegger-optic.ch\/wp-content\/uploads\/2017\/04\/Lens-Plus-Ocupure.jpg","type":"image\/jpeg"}],"twitter_card":"summary_large_image","twitter_misc":{"Est. reading time":"1 minute"},"schema":{"@context":"https:\/\/schema.org","@graph":[{"@type":"WebPage","@id":"https:\/\/lindegger-optic.ch\/en\/produit\/lens-plus-ocupure\/","url":"https:\/\/lindegger-optic.ch\/en\/produit\/lens-plus-ocupure\/","name":"Lens Plus Ocupure 360ml","isPartOf":{"@id":"https:\/\/lindegger-optic.ch\/#website"},"primaryImageOfPage":{"@id":"https:\/\/lindegger-optic.ch\/en\/produit\/lens-plus-ocupure\/#primaryimage"},"image":{"@id":"https:\/\/lindegger-optic.ch\/en\/produit\/lens-plus-ocupure\/#primaryimage"},"thumbnailUrl":"https:\/\/lindegger-optic.ch\/wp-content\/uploads\/2017\/04\/Lens-Plus-Ocupure.jpg","datePublished":"2024-10-08T03:56:49+00:00","dateModified":"2024-10-08T03:56:49+00:00","description":"Lens Plus Ocupure saline rinse solution for all types of soft and rigid contact lenses. Ocupure preservative is light-neutral.","breadcrumb":{"@id":"https:\/\/lindegger-optic.ch\/en\/produit\/lens-plus-ocupure\/#breadcrumb"},"inLanguage":"en-US","potentialAction":[{"@type":"ReadAction","target":["https:\/\/lindegger-optic.ch\/en\/produit\/lens-plus-ocupure\/"]}]},{"@type":"ImageObject","inLanguage":"en-US","@id":"https:\/\/lindegger-optic.ch\/en\/produit\/lens-plus-ocupure\/#primaryimage","url":"https:\/\/lindegger-optic.ch\/wp-content\/uploads\/2017\/04\/Lens-Plus-Ocupure.jpg","contentUrl":"https:\/\/lindegger-optic.ch\/wp-content\/uploads\/2017\/04\/Lens-Plus-Ocupure.jpg","width":1000,"height":700,"caption":"La solution saline Lens Plus Ocupur est une solution de qualit\u00e9 pour nettoyer et stocker des lentilles de contact souples, formul\u00e9e avec des sels min\u00e9raux pour nettoyer en profondeur les lentilles, \u00e9liminer les d\u00e9p\u00f4ts de prot\u00e9ines et garder les lentilles hydrat\u00e9es et confortables. Elle convient \u00e0 toutes les marques de lentilles, a un pH \u00e9quilibr\u00e9 pour pr\u00e9venir les infections bact\u00e9riennes et est facile \u00e0 utiliser. Livr\u00e9e dans un flacon pratique pour un usage quotidien, elle offre une vision claire et confortable tout au long de la journ\u00e9e et convient aux personnes ayant des yeux sensibles."},{"@type":"BreadcrumbList","@id":"https:\/\/lindegger-optic.ch\/en\/produit\/lens-plus-ocupure\/#breadcrumb","itemListElement":[{"@type":"ListItem","position":1,"name":"Accueil","item":"https:\/\/lindegger-optic.ch\/en\/home\/"},{"@type":"ListItem","position":2,"name":"Shop","item":"https:\/\/lindegger-optic.ch\/shop\/"},{"@type":"ListItem","position":3,"name":"Lens Plus Ocupure"}]},{"@type":"WebSite","@id":"https:\/\/lindegger-optic.ch\/#website","url":"https:\/\/lindegger-optic.ch\/","name":"Lindegger Optic, votre opticien \u00e0 Gen\u00e8ve, la meilleure qualit\u00e9 au service de votre vue","description":"","potentialAction":[{"@type":"SearchAction","target":{"@type":"EntryPoint","urlTemplate":"https:\/\/lindegger-optic.ch\/?s={search_term_string}"},"query-input":{"@type":"PropertyValueSpecification","valueRequired":true,"valueName":"search_term_string"}}],"inLanguage":"en-US"}]}},"_links":{"self":[{"href":"https:\/\/lindegger-optic.ch\/en\/wp-json\/wp\/v2\/product\/16610"}],"collection":[{"href":"https:\/\/lindegger-optic.ch\/en\/wp-json\/wp\/v2\/product"}],"about":[{"href":"https:\/\/lindegger-optic.ch\/en\/wp-json\/wp\/v2\/types\/product"}],"replies":[{"embeddable":true,"href":"https:\/\/lindegger-optic.ch\/en\/wp-json\/wp\/v2\/comments?post=16610"}],"wp:featuredmedia":[{"embeddable":true,"href":"https:\/\/lindegger-optic.ch\/en\/wp-json\/wp\/v2\/media\/12949"}],"wp:attachment":[{"href":"https:\/\/lindegger-optic.ch\/en\/wp-json\/wp\/v2\/media?parent=16610"}],"wp:term":[{"taxonomy":"product_cat","embeddable":true,"href":"https:\/\/lindegger-optic.ch\/en\/wp-json\/wp\/v2\/product_cat?post=16610"},{"taxonomy":"product_tag","embeddable":true,"href":"https:\/\/lindegger-optic.ch\/en\/wp-json\/wp\/v2\/product_tag?post=16610"}],"curies":[{"name":"wp","href":"https:\/\/api.w.org\/{rel}","templated":true}]}}