{"id":16611,"date":"2024-10-08T05:56:49","date_gmt":"2024-10-08T03:56:49","guid":{"rendered":"https:\/\/lindegger-optic.ch\/produit\/boston-simplus\/"},"modified":"2024-10-08T05:56:49","modified_gmt":"2024-10-08T03:56:49","slug":"boston-simplus","status":"publish","type":"product","link":"https:\/\/lindegger-optic.ch\/en\/produit\/boston-simplus\/","title":{"rendered":"Boston Simplus"},"content":{"rendered":"<p><a href=\"https:\/\/www.bausch-lomb.de\/produkte\/kontaktlinsenpflegemittel\/bostonr-simplus\/\">Boston Simplus<\/a> is a multifunctional solution (cleaning, storing, decontaminating and rinsing) for your <a href=\"https:\/\/lindegger-optic.ch\/comment-choisir-entre-les-differents-types-de-lentilles-de-contact\/\">hard contact lenses<\/a>. Although <a href=\"https:\/\/www.bausch-lomb.de\/produkte\/kontaktlinsenpflegemittel\/bostonr-simplus\/\">Boston Simplus<\/a> removes protein build-up from the surface of your lenses, we recommend that you use <a href=\"https:\/\/lindegger-optic.ch\/conseils-pour-lutilisation-des-lentilles-de-contact-pendant-le-covid-19-2\/\">mechanical cleaning<\/a> to properly clean your lenses. <\/p>\n<ul>\n<li>Multifunctional product for <a href=\"https:\/\/lindegger-optic.ch\/le-port-des-lentilles-de-contact-en-hiver\/\">contact lenses<\/a>.<\/li>\n<li>Ideal for daily cleaning, cleans, disinfects and preserves your lenses.<\/li>\n<li>It&#8217;s so simple, you don&#8217;t need two products for your lenses.<\/li>\n<\/ul>\n<p>Recommendations:<\/p>\n<p>Before handling your lenses, be sure to wash and dry your hands thoroughly. Remember to work in a clean, dry space.<\/p>\n","protected":false},"excerpt":{"rendered":"<p><a href=\"https:\/\/www.bausch-lomb.de\/produkte\/kontaktlinsenpflegemittel\/bostonr-simplus\/\">Boston Simplus<\/a> is a multifunctional solution (cleaning, storage, decontamination and rinsing) for your <a href=\"https:\/\/lindegger-optic.ch\/comment-choisir-entre-les-differents-types-de-lentilles-de-contact\/\">rigid contact lenses<\/a>.<\/p>\n","protected":false},"featured_media":12878,"comment_status":"closed","ping_status":"closed","template":"","meta":{"_et_pb_use_builder":"","_et_pb_old_content":"","_et_gb_content_width":""},"product_cat":[1393],"product_tag":[1433,1512,1438,1511,1513,1435,1437,1434,1440,1514,1439],"class_list":{"0":"post-16611","1":"product","2":"type-product","3":"status-publish","4":"has-post-thumbnail","6":"product_cat-rigid-contact-lens-product","7":"product_tag-cleaning-product-for-lenses","8":"product_tag-conserving-lens","9":"product_tag-decontamination-for-lens","10":"product_tag-lens","11":"product_tag-lens-deproteinizer","12":"product_tag-lens-preservative","13":"product_tag-lens-product-en","14":"product_tag-lens-solution","15":"product_tag-rigid-gas-permeable","16":"product_tag-rigid-ox-permeable-lens","17":"product_tag-rpg-en","19":"first","20":"instock","21":"taxable","22":"shipping-taxable","23":"product-type-simple"},"yoast_head":"<!-- This site is optimized with the Yoast SEO plugin v23.6 - https:\/\/yoast.com\/wordpress\/plugins\/seo\/ -->\n<title>Achetez Boston Simplus chez Lindegger Optique<\/title>\n<meta name=\"description\" content=\"Boston Simplus is a multifunctional solution (cleaning, storing, decontaminating and rinsing) for your rigid contact lenses.\" \/>\n<meta name=\"robots\" content=\"index, follow, max-snippet:-1, max-image-preview:large, max-video-preview:-1\" \/>\n<link rel=\"canonical\" href=\"https:\/\/lindegger-optic.ch\/en\/produit\/boston-simplus\/\" \/>\n<meta property=\"og:locale\" content=\"en_US\" \/>\n<meta property=\"og:type\" content=\"article\" \/>\n<meta property=\"og:title\" content=\"Achetez Boston Simplus chez Lindegger Optique\" \/>\n<meta property=\"og:description\" content=\"Boston Simplus is a multifunctional solution (cleaning, storing, decontaminating and rinsing) for your rigid contact lenses.\" \/>\n<meta property=\"og:url\" content=\"https:\/\/lindegger-optic.ch\/en\/produit\/boston-simplus\/\" \/>\n<meta property=\"og:site_name\" content=\"Lindegger Optic, votre opticien \u00e0 Gen\u00e8ve, la meilleure qualit\u00e9 au service de votre vue\" \/>\n<meta property=\"og:image\" content=\"https:\/\/lindegger-optic.ch\/wp-content\/uploads\/2017\/11\/Boston-Simplus.jpg\" \/>\n\t<meta property=\"og:image:width\" content=\"1000\" \/>\n\t<meta property=\"og:image:height\" content=\"700\" \/>\n\t<meta property=\"og:image:type\" content=\"image\/jpeg\" \/>\n<meta name=\"twitter:card\" content=\"summary_large_image\" \/>\n<script type=\"application\/ld+json\" class=\"yoast-schema-graph\">{\"@context\":\"https:\/\/schema.org\",\"@graph\":[{\"@type\":\"WebPage\",\"@id\":\"https:\/\/lindegger-optic.ch\/en\/produit\/boston-simplus\/\",\"url\":\"https:\/\/lindegger-optic.ch\/en\/produit\/boston-simplus\/\",\"name\":\"Achetez Boston Simplus chez Lindegger Optique\",\"isPartOf\":{\"@id\":\"https:\/\/lindegger-optic.ch\/#website\"},\"primaryImageOfPage\":{\"@id\":\"https:\/\/lindegger-optic.ch\/en\/produit\/boston-simplus\/#primaryimage\"},\"image\":{\"@id\":\"https:\/\/lindegger-optic.ch\/en\/produit\/boston-simplus\/#primaryimage\"},\"thumbnailUrl\":\"https:\/\/lindegger-optic.ch\/wp-content\/uploads\/2017\/11\/Boston-Simplus.jpg\",\"datePublished\":\"2024-10-08T03:56:49+00:00\",\"dateModified\":\"2024-10-08T03:56:49+00:00\",\"description\":\"Boston Simplus is a multifunctional solution (cleaning, storing, decontaminating and rinsing) for your rigid contact lenses.\",\"breadcrumb\":{\"@id\":\"https:\/\/lindegger-optic.ch\/en\/produit\/boston-simplus\/#breadcrumb\"},\"inLanguage\":\"en-US\",\"potentialAction\":[{\"@type\":\"ReadAction\",\"target\":[\"https:\/\/lindegger-optic.ch\/en\/produit\/boston-simplus\/\"]}]},{\"@type\":\"ImageObject\",\"inLanguage\":\"en-US\",\"@id\":\"https:\/\/lindegger-optic.ch\/en\/produit\/boston-simplus\/#primaryimage\",\"url\":\"https:\/\/lindegger-optic.ch\/wp-content\/uploads\/2017\/11\/Boston-Simplus.jpg\",\"contentUrl\":\"https:\/\/lindegger-optic.ch\/wp-content\/uploads\/2017\/11\/Boston-Simplus.jpg\",\"width\":1000,\"height\":700,\"caption\":\"Boston Simplus 120ml\"},{\"@type\":\"BreadcrumbList\",\"@id\":\"https:\/\/lindegger-optic.ch\/en\/produit\/boston-simplus\/#breadcrumb\",\"itemListElement\":[{\"@type\":\"ListItem\",\"position\":1,\"name\":\"Accueil\",\"item\":\"https:\/\/lindegger-optic.ch\/en\/home\/\"},{\"@type\":\"ListItem\",\"position\":2,\"name\":\"Shop\",\"item\":\"https:\/\/lindegger-optic.ch\/shop\/\"},{\"@type\":\"ListItem\",\"position\":3,\"name\":\"Boston Simplus\"}]},{\"@type\":\"WebSite\",\"@id\":\"https:\/\/lindegger-optic.ch\/#website\",\"url\":\"https:\/\/lindegger-optic.ch\/\",\"name\":\"Lindegger Optic, votre opticien \u00e0 Gen\u00e8ve, la meilleure qualit\u00e9 au service de votre vue\",\"description\":\"\",\"potentialAction\":[{\"@type\":\"SearchAction\",\"target\":{\"@type\":\"EntryPoint\",\"urlTemplate\":\"https:\/\/lindegger-optic.ch\/?s={search_term_string}\"},\"query-input\":{\"@type\":\"PropertyValueSpecification\",\"valueRequired\":true,\"valueName\":\"search_term_string\"}}],\"inLanguage\":\"en-US\"}]}<\/script>\n<!-- \/ Yoast SEO plugin. -->","yoast_head_json":{"title":"Achetez Boston Simplus chez Lindegger Optique","description":"Boston Simplus is a multifunctional solution (cleaning, storing, decontaminating and rinsing) for your rigid contact lenses.","robots":{"index":"index","follow":"follow","max-snippet":"max-snippet:-1","max-image-preview":"max-image-preview:large","max-video-preview":"max-video-preview:-1"},"canonical":"https:\/\/lindegger-optic.ch\/en\/produit\/boston-simplus\/","og_locale":"en_US","og_type":"article","og_title":"Achetez Boston Simplus chez Lindegger Optique","og_description":"Boston Simplus is a multifunctional solution (cleaning, storing, decontaminating and rinsing) for your rigid contact lenses.","og_url":"https:\/\/lindegger-optic.ch\/en\/produit\/boston-simplus\/","og_site_name":"Lindegger Optic, votre opticien \u00e0 Gen\u00e8ve, la meilleure qualit\u00e9 au service de votre vue","og_image":[{"width":1000,"height":700,"url":"https:\/\/lindegger-optic.ch\/wp-content\/uploads\/2017\/11\/Boston-Simplus.jpg","type":"image\/jpeg"}],"twitter_card":"summary_large_image","schema":{"@context":"https:\/\/schema.org","@graph":[{"@type":"WebPage","@id":"https:\/\/lindegger-optic.ch\/en\/produit\/boston-simplus\/","url":"https:\/\/lindegger-optic.ch\/en\/produit\/boston-simplus\/","name":"Achetez Boston Simplus chez Lindegger Optique","isPartOf":{"@id":"https:\/\/lindegger-optic.ch\/#website"},"primaryImageOfPage":{"@id":"https:\/\/lindegger-optic.ch\/en\/produit\/boston-simplus\/#primaryimage"},"image":{"@id":"https:\/\/lindegger-optic.ch\/en\/produit\/boston-simplus\/#primaryimage"},"thumbnailUrl":"https:\/\/lindegger-optic.ch\/wp-content\/uploads\/2017\/11\/Boston-Simplus.jpg","datePublished":"2024-10-08T03:56:49+00:00","dateModified":"2024-10-08T03:56:49+00:00","description":"Boston Simplus is a multifunctional solution (cleaning, storing, decontaminating and rinsing) for your rigid contact lenses.","breadcrumb":{"@id":"https:\/\/lindegger-optic.ch\/en\/produit\/boston-simplus\/#breadcrumb"},"inLanguage":"en-US","potentialAction":[{"@type":"ReadAction","target":["https:\/\/lindegger-optic.ch\/en\/produit\/boston-simplus\/"]}]},{"@type":"ImageObject","inLanguage":"en-US","@id":"https:\/\/lindegger-optic.ch\/en\/produit\/boston-simplus\/#primaryimage","url":"https:\/\/lindegger-optic.ch\/wp-content\/uploads\/2017\/11\/Boston-Simplus.jpg","contentUrl":"https:\/\/lindegger-optic.ch\/wp-content\/uploads\/2017\/11\/Boston-Simplus.jpg","width":1000,"height":700,"caption":"Boston Simplus 120ml"},{"@type":"BreadcrumbList","@id":"https:\/\/lindegger-optic.ch\/en\/produit\/boston-simplus\/#breadcrumb","itemListElement":[{"@type":"ListItem","position":1,"name":"Accueil","item":"https:\/\/lindegger-optic.ch\/en\/home\/"},{"@type":"ListItem","position":2,"name":"Shop","item":"https:\/\/lindegger-optic.ch\/shop\/"},{"@type":"ListItem","position":3,"name":"Boston Simplus"}]},{"@type":"WebSite","@id":"https:\/\/lindegger-optic.ch\/#website","url":"https:\/\/lindegger-optic.ch\/","name":"Lindegger Optic, votre opticien \u00e0 Gen\u00e8ve, la meilleure qualit\u00e9 au service de votre vue","description":"","potentialAction":[{"@type":"SearchAction","target":{"@type":"EntryPoint","urlTemplate":"https:\/\/lindegger-optic.ch\/?s={search_term_string}"},"query-input":{"@type":"PropertyValueSpecification","valueRequired":true,"valueName":"search_term_string"}}],"inLanguage":"en-US"}]}},"_links":{"self":[{"href":"https:\/\/lindegger-optic.ch\/en\/wp-json\/wp\/v2\/product\/16611"}],"collection":[{"href":"https:\/\/lindegger-optic.ch\/en\/wp-json\/wp\/v2\/product"}],"about":[{"href":"https:\/\/lindegger-optic.ch\/en\/wp-json\/wp\/v2\/types\/product"}],"replies":[{"embeddable":true,"href":"https:\/\/lindegger-optic.ch\/en\/wp-json\/wp\/v2\/comments?post=16611"}],"wp:featuredmedia":[{"embeddable":true,"href":"https:\/\/lindegger-optic.ch\/en\/wp-json\/wp\/v2\/media\/12878"}],"wp:attachment":[{"href":"https:\/\/lindegger-optic.ch\/en\/wp-json\/wp\/v2\/media?parent=16611"}],"wp:term":[{"taxonomy":"product_cat","embeddable":true,"href":"https:\/\/lindegger-optic.ch\/en\/wp-json\/wp\/v2\/product_cat?post=16611"},{"taxonomy":"product_tag","embeddable":true,"href":"https:\/\/lindegger-optic.ch\/en\/wp-json\/wp\/v2\/product_tag?post=16611"}],"curies":[{"name":"wp","href":"https:\/\/api.w.org\/{rel}","templated":true}]}}