{"id":16614,"date":"2024-10-08T05:56:51","date_gmt":"2024-10-08T03:56:51","guid":{"rendered":"https:\/\/lindegger-optic.ch\/produit\/i-clean\/"},"modified":"2024-10-08T05:56:51","modified_gmt":"2024-10-08T03:56:51","slug":"i-clean","status":"publish","type":"product","link":"https:\/\/lindegger-optic.ch\/en\/produit\/i-clean\/","title":{"rendered":"i-clean"},"content":{"rendered":"<p>I-Clean is a cleaning solution for contact lenses that effectively removes deposits of foreign substances. It is recommended for all types of lenses, as its special components remove deposits even where there is heavy build-up. Deposits of proteins, oils and other substances can make lenses blurred and uncomfortable. I-Clean prevents the build-up of these deposits and improves the comfort and quality of vision. Clear, long-lasting vision with I-Clean cleaning solution. Using I-Clean is simple: remove the lens, place it in the palm of your hand, add enough I-Clean to cover the lens, rub gently for around 20 seconds, then rinse thoroughly with saline solution or sterile water. Hydrophilic soft lenses cleaned with I-Clean should be stored in an appropriate I-Comfort storage solution for 1-2 hours or overnight. It is important to follow the instructions on the packaging and consult an eye care professional if necessary. Finally, it&#8217;s crucial not to reuse the cleaning solution, and to replace it frequently to avoid any risk of infection. In short, I-Clean is an effective cleaning solution for all types of contact lenses. Its special components remove deposits effectively and sustainably, improving comfort and quality of vision for lens wearers.<\/p>\n","protected":false},"excerpt":{"rendered":"<p>The ideal cleaning solution for all types of contact lenses. The special components contained in the solution remove deposits from the lens surface, particularly in the case of heavy deposits of foreign substances, in an extremely effective and long-lasting way. The &#8220;<a href=\"https:\/\/www.contopharma.ch\/fran%C3%A7ais\/solutions\/contopharma-solution-de-nettoyage-i-clean\/\">I-Clean<\/a>&#8221; 30ml cleaning solution should be thoroughly rinsed with a suitable solution before the lens is placed on the eye.  <\/p>\n","protected":false},"featured_media":15905,"comment_status":"closed","ping_status":"closed","template":"","meta":{"_et_pb_use_builder":"","_et_pb_old_content":"","_et_gb_content_width":""},"product_cat":[1393],"product_tag":[1607,1608,1433,1512,1438,1583,1609,1513,1435,1437,1434],"class_list":{"0":"post-16614","1":"product","2":"type-product","3":"status-publish","4":"has-post-thumbnail","6":"product_cat-rigid-contact-lens-product","7":"product_tag-all-in-one-en","8":"product_tag-all-in-one-en-2","9":"product_tag-cleaning-product-for-lenses","10":"product_tag-conserving-lens","11":"product_tag-decontamination-for-lens","12":"product_tag-i-clean-en","13":"product_tag-intensive-cleaner","14":"product_tag-lens-deproteinizer","15":"product_tag-lens-preservative","16":"product_tag-lens-product-en","17":"product_tag-lens-solution","19":"first","20":"instock","21":"taxable","22":"shipping-taxable","23":"product-type-simple"},"yoast_head":"<!-- This site is optimized with the Yoast SEO plugin v23.6 - https:\/\/yoast.com\/wordpress\/plugins\/seo\/ -->\n<title>i-clean | Lindegger Optique | Geneve<\/title>\n<meta name=\"description\" content=\"I-Clean is a premium cleaning solution for contact lenses. Order now for clear vision and lasting comfort\" \/>\n<meta name=\"robots\" content=\"index, follow, max-snippet:-1, max-image-preview:large, max-video-preview:-1\" \/>\n<link rel=\"canonical\" href=\"https:\/\/lindegger-optic.ch\/en\/produit\/i-clean\/\" \/>\n<meta property=\"og:locale\" content=\"en_US\" \/>\n<meta property=\"og:type\" content=\"article\" \/>\n<meta property=\"og:title\" content=\"i-clean | Lindegger Optique | Geneve\" \/>\n<meta property=\"og:description\" content=\"I-Clean is a premium cleaning solution for contact lenses. Order now for clear vision and lasting comfort\" \/>\n<meta property=\"og:url\" content=\"https:\/\/lindegger-optic.ch\/en\/produit\/i-clean\/\" \/>\n<meta property=\"og:site_name\" content=\"Lindegger Optic, votre opticien \u00e0 Gen\u00e8ve, la meilleure qualit\u00e9 au service de votre vue\" \/>\n<meta property=\"og:image\" content=\"https:\/\/lindegger-optic.ch\/wp-content\/uploads\/I-clean-30ml.jpg\" \/>\n\t<meta property=\"og:image:width\" content=\"600\" \/>\n\t<meta property=\"og:image:height\" content=\"400\" \/>\n\t<meta property=\"og:image:type\" content=\"image\/jpeg\" \/>\n<meta name=\"twitter:card\" content=\"summary_large_image\" \/>\n<meta name=\"twitter:label1\" content=\"Est. reading time\" \/>\n\t<meta name=\"twitter:data1\" content=\"1 minute\" \/>\n<script type=\"application\/ld+json\" class=\"yoast-schema-graph\">{\"@context\":\"https:\/\/schema.org\",\"@graph\":[{\"@type\":\"WebPage\",\"@id\":\"https:\/\/lindegger-optic.ch\/en\/produit\/i-clean\/\",\"url\":\"https:\/\/lindegger-optic.ch\/en\/produit\/i-clean\/\",\"name\":\"i-clean | Lindegger Optique | Geneve\",\"isPartOf\":{\"@id\":\"https:\/\/lindegger-optic.ch\/#website\"},\"primaryImageOfPage\":{\"@id\":\"https:\/\/lindegger-optic.ch\/en\/produit\/i-clean\/#primaryimage\"},\"image\":{\"@id\":\"https:\/\/lindegger-optic.ch\/en\/produit\/i-clean\/#primaryimage\"},\"thumbnailUrl\":\"https:\/\/lindegger-optic.ch\/wp-content\/uploads\/I-clean-30ml.jpg\",\"datePublished\":\"2024-10-08T03:56:51+00:00\",\"dateModified\":\"2024-10-08T03:56:51+00:00\",\"description\":\"I-Clean is a premium cleaning solution for contact lenses. Order now for clear vision and lasting comfort\",\"breadcrumb\":{\"@id\":\"https:\/\/lindegger-optic.ch\/en\/produit\/i-clean\/#breadcrumb\"},\"inLanguage\":\"en-US\",\"potentialAction\":[{\"@type\":\"ReadAction\",\"target\":[\"https:\/\/lindegger-optic.ch\/en\/produit\/i-clean\/\"]}]},{\"@type\":\"ImageObject\",\"inLanguage\":\"en-US\",\"@id\":\"https:\/\/lindegger-optic.ch\/en\/produit\/i-clean\/#primaryimage\",\"url\":\"https:\/\/lindegger-optic.ch\/wp-content\/uploads\/I-clean-30ml.jpg\",\"contentUrl\":\"https:\/\/lindegger-optic.ch\/wp-content\/uploads\/I-clean-30ml.jpg\",\"width\":600,\"height\":400,\"caption\":\"La solution de nettoyage pour lentilles de contact I-Clean : une formule avanc\u00e9e pour des lentilles propres et confortables. Compatible avec tous les types de lentilles de contact, cette solution de nettoyage est facile \u00e0 utiliser et efficace pour \u00e9liminer les d\u00e9p\u00f4ts de prot\u00e9ines et autres impuret\u00e9s. Recommand\u00e9e par les professionnels de la vue, la solution de nettoyage I-Clean est pr\u00e9sent\u00e9e ici dans un flacon transparent, \u00e9tiquet\u00e9 avec des instructions claires pour une utilisation optimale.\"},{\"@type\":\"BreadcrumbList\",\"@id\":\"https:\/\/lindegger-optic.ch\/en\/produit\/i-clean\/#breadcrumb\",\"itemListElement\":[{\"@type\":\"ListItem\",\"position\":1,\"name\":\"Accueil\",\"item\":\"https:\/\/lindegger-optic.ch\/en\/home\/\"},{\"@type\":\"ListItem\",\"position\":2,\"name\":\"Shop\",\"item\":\"https:\/\/lindegger-optic.ch\/shop\/\"},{\"@type\":\"ListItem\",\"position\":3,\"name\":\"i-clean\"}]},{\"@type\":\"WebSite\",\"@id\":\"https:\/\/lindegger-optic.ch\/#website\",\"url\":\"https:\/\/lindegger-optic.ch\/\",\"name\":\"Lindegger Optic, votre opticien \u00e0 Gen\u00e8ve, la meilleure qualit\u00e9 au service de votre vue\",\"description\":\"\",\"potentialAction\":[{\"@type\":\"SearchAction\",\"target\":{\"@type\":\"EntryPoint\",\"urlTemplate\":\"https:\/\/lindegger-optic.ch\/?s={search_term_string}\"},\"query-input\":{\"@type\":\"PropertyValueSpecification\",\"valueRequired\":true,\"valueName\":\"search_term_string\"}}],\"inLanguage\":\"en-US\"}]}<\/script>\n<!-- \/ Yoast SEO plugin. -->","yoast_head_json":{"title":"i-clean | Lindegger Optique | Geneve","description":"I-Clean is a premium cleaning solution for contact lenses. Order now for clear vision and lasting comfort","robots":{"index":"index","follow":"follow","max-snippet":"max-snippet:-1","max-image-preview":"max-image-preview:large","max-video-preview":"max-video-preview:-1"},"canonical":"https:\/\/lindegger-optic.ch\/en\/produit\/i-clean\/","og_locale":"en_US","og_type":"article","og_title":"i-clean | Lindegger Optique | Geneve","og_description":"I-Clean is a premium cleaning solution for contact lenses. Order now for clear vision and lasting comfort","og_url":"https:\/\/lindegger-optic.ch\/en\/produit\/i-clean\/","og_site_name":"Lindegger Optic, votre opticien \u00e0 Gen\u00e8ve, la meilleure qualit\u00e9 au service de votre vue","og_image":[{"width":600,"height":400,"url":"https:\/\/lindegger-optic.ch\/wp-content\/uploads\/I-clean-30ml.jpg","type":"image\/jpeg"}],"twitter_card":"summary_large_image","twitter_misc":{"Est. reading time":"1 minute"},"schema":{"@context":"https:\/\/schema.org","@graph":[{"@type":"WebPage","@id":"https:\/\/lindegger-optic.ch\/en\/produit\/i-clean\/","url":"https:\/\/lindegger-optic.ch\/en\/produit\/i-clean\/","name":"i-clean | Lindegger Optique | Geneve","isPartOf":{"@id":"https:\/\/lindegger-optic.ch\/#website"},"primaryImageOfPage":{"@id":"https:\/\/lindegger-optic.ch\/en\/produit\/i-clean\/#primaryimage"},"image":{"@id":"https:\/\/lindegger-optic.ch\/en\/produit\/i-clean\/#primaryimage"},"thumbnailUrl":"https:\/\/lindegger-optic.ch\/wp-content\/uploads\/I-clean-30ml.jpg","datePublished":"2024-10-08T03:56:51+00:00","dateModified":"2024-10-08T03:56:51+00:00","description":"I-Clean is a premium cleaning solution for contact lenses. Order now for clear vision and lasting comfort","breadcrumb":{"@id":"https:\/\/lindegger-optic.ch\/en\/produit\/i-clean\/#breadcrumb"},"inLanguage":"en-US","potentialAction":[{"@type":"ReadAction","target":["https:\/\/lindegger-optic.ch\/en\/produit\/i-clean\/"]}]},{"@type":"ImageObject","inLanguage":"en-US","@id":"https:\/\/lindegger-optic.ch\/en\/produit\/i-clean\/#primaryimage","url":"https:\/\/lindegger-optic.ch\/wp-content\/uploads\/I-clean-30ml.jpg","contentUrl":"https:\/\/lindegger-optic.ch\/wp-content\/uploads\/I-clean-30ml.jpg","width":600,"height":400,"caption":"La solution de nettoyage pour lentilles de contact I-Clean : une formule avanc\u00e9e pour des lentilles propres et confortables. Compatible avec tous les types de lentilles de contact, cette solution de nettoyage est facile \u00e0 utiliser et efficace pour \u00e9liminer les d\u00e9p\u00f4ts de prot\u00e9ines et autres impuret\u00e9s. Recommand\u00e9e par les professionnels de la vue, la solution de nettoyage I-Clean est pr\u00e9sent\u00e9e ici dans un flacon transparent, \u00e9tiquet\u00e9 avec des instructions claires pour une utilisation optimale."},{"@type":"BreadcrumbList","@id":"https:\/\/lindegger-optic.ch\/en\/produit\/i-clean\/#breadcrumb","itemListElement":[{"@type":"ListItem","position":1,"name":"Accueil","item":"https:\/\/lindegger-optic.ch\/en\/home\/"},{"@type":"ListItem","position":2,"name":"Shop","item":"https:\/\/lindegger-optic.ch\/shop\/"},{"@type":"ListItem","position":3,"name":"i-clean"}]},{"@type":"WebSite","@id":"https:\/\/lindegger-optic.ch\/#website","url":"https:\/\/lindegger-optic.ch\/","name":"Lindegger Optic, votre opticien \u00e0 Gen\u00e8ve, la meilleure qualit\u00e9 au service de votre vue","description":"","potentialAction":[{"@type":"SearchAction","target":{"@type":"EntryPoint","urlTemplate":"https:\/\/lindegger-optic.ch\/?s={search_term_string}"},"query-input":{"@type":"PropertyValueSpecification","valueRequired":true,"valueName":"search_term_string"}}],"inLanguage":"en-US"}]}},"_links":{"self":[{"href":"https:\/\/lindegger-optic.ch\/en\/wp-json\/wp\/v2\/product\/16614"}],"collection":[{"href":"https:\/\/lindegger-optic.ch\/en\/wp-json\/wp\/v2\/product"}],"about":[{"href":"https:\/\/lindegger-optic.ch\/en\/wp-json\/wp\/v2\/types\/product"}],"replies":[{"embeddable":true,"href":"https:\/\/lindegger-optic.ch\/en\/wp-json\/wp\/v2\/comments?post=16614"}],"wp:featuredmedia":[{"embeddable":true,"href":"https:\/\/lindegger-optic.ch\/en\/wp-json\/wp\/v2\/media\/15905"}],"wp:attachment":[{"href":"https:\/\/lindegger-optic.ch\/en\/wp-json\/wp\/v2\/media?parent=16614"}],"wp:term":[{"taxonomy":"product_cat","embeddable":true,"href":"https:\/\/lindegger-optic.ch\/en\/wp-json\/wp\/v2\/product_cat?post=16614"},{"taxonomy":"product_tag","embeddable":true,"href":"https:\/\/lindegger-optic.ch\/en\/wp-json\/wp\/v2\/product_tag?post=16614"}],"curies":[{"name":"wp","href":"https:\/\/api.w.org\/{rel}","templated":true}]}}